{"id":1014939,"date":"2024-06-17T14:43:17","date_gmt":"2024-06-17T06:43:17","guid":{"rendered":"https:\/\/vimaterial.de\/product\/sulfure-de-fer-2\/"},"modified":"2025-04-16T14:27:11","modified_gmt":"2025-04-16T06:27:11","slug":"sulfure-de-fer-2","status":"publish","type":"product","link":"https:\/\/vimaterial.de\/fr\/product\/sulfure-de-fer-2\/","title":{"rendered":"Sulfure de fer"},"content":{"rendered":"<p>La cible de pulv\u00e9risation de <span style=\"color: #0000ff;\"><a style=\"color: #0000ff;\" href=\"https:\/\/vimaterial.de\/en\/product\/iron-sulfide-3\/\">sulfure de fer<\/a> <\/span>est une cible compos\u00e9e de fer et de soufre, utilis\u00e9e dans le processus de d\u00e9p\u00f4t physique en phase vapeur, dans lequel des atomes de fer et de soufre sont d\u00e9pos\u00e9s sur le substrat pendant la pulv\u00e9risation pour former des films minces avec une certaine stabilit\u00e9 chimique et des propri\u00e9t\u00e9s photovolta\u00efques sp\u00e9ciales, qui sont utilis\u00e9s dans les domaines des mat\u00e9riaux photovolta\u00efques, de la recherche min\u00e9rale, etc.<\/p>\n<p>VIMATERIAL fournit des cibles de pulv\u00e9risation de sulfure de fer, nos cibles de pulv\u00e9risation de sulfure de fer ont les avantages d\u2019une grande puret\u00e9, d\u2019une bonne densit\u00e9, d\u2019une bonne structure cristalline, d\u2019excellentes propri\u00e9t\u00e9s de couche mince, d\u2019une pr\u00e9cision dimensionnelle \u00e9lev\u00e9e et d\u2019une efficacit\u00e9 de pulv\u00e9risation \u00e9lev\u00e9e et nous pouvons fournir le service de liaison, nous pouvons accepter la personnalisation des produits et des exp\u00e9riences, veuillez <span style=\"color: #0000ff;\"><a style=\"color: #0000ff;\" href=\"https:\/\/vimaterial.de\/en\/contact-us\/\">nous contacter<\/a><\/span> bient\u00f4t.<\/p>\n<h2><span style=\"font-size: 14pt;\">Propri\u00e9t\u00e9s physiques<\/span><\/h2>\n<p>Formule mol\u00e9culaire : FeS\u2082<\/p>\n<p>Poids mol\u00e9culaire : environ 119,98 g\/mol<\/p>\n<p>Apparence&nbsp;: Cible g\u00e9n\u00e9ralement brun-noir ou jaune cuivr\u00e9 avec un \u00e9clat m\u00e9tallique.<\/p>\n<p>Densit\u00e9 : environ 4,8 &#8211; 5,0 g\/cm\u00b3.<\/p>\n<p>Point de fusion : environ 742 \u00b0C (sous isolation \u00e0 l\u2019air) <\/p>\n<p>Point d\u2019\u00e9bullition : temp\u00e9rature de d\u00e9composition d\u2019environ 640 \u00b0C <\/p>\n<p>Structure cristalline : syst\u00e8me cristallin cubique<\/p>\n<h2><span style=\"font-size: 14pt;\">Applications<\/span><\/h2>\n<p>Champ de batterie : utilis\u00e9 dans la pr\u00e9paration de nouveaux mat\u00e9riaux d\u2019\u00e9lectrode de batterie pour am\u00e9liorer les performances de stockage et de conversion d\u2019\u00e9nergie de la batterie.<\/p>\n<p>Champ des dispositifs opto\u00e9lectroniques : utilis\u00e9 comme mat\u00e9riau de couche active pour stimuler l\u2019absorption de la lumi\u00e8re et la transmission de charge dans les dispositifs opto\u00e9lectroniques.<\/p>\n<p>Champ catalytique : utilis\u00e9 comme catalyseur ou support de catalyseur pour acc\u00e9l\u00e9rer le processus de r\u00e9action chimique et am\u00e9liorer l\u2019efficacit\u00e9 de la r\u00e9action.<\/p>\n<h2><span style=\"font-size: 14pt;\">Contr\u00f4le qualit\u00e9<\/span><\/h2>\n<p><span style=\"color: #0000ff;\"><a style=\"color: #0000ff;\" href=\"https:\/\/vimaterial.de\/en\/quality-control\/\">Le contr\u00f4le de la qualit\u00e9<\/a><\/span> de nos produits est tr\u00e8s strict, de la s\u00e9lection de mati\u00e8res premi\u00e8res de haute puret\u00e9 et stables, \u00e0 l\u2019utilisation d\u2019\u00e9quipements de pr\u00e9cision avanc\u00e9s et d\u2019une technologie rigoureuse tout au long du contr\u00f4le pr\u00e9cis du processus de production, \u00e0 l\u2019utilisation de m\u00e9thodes d\u2019essai professionnelles sur les propri\u00e9t\u00e9s physiques, chimiques, microstructurelles et autres du produit de la gamme compl\u00e8te d\u2019essais approfondis,  Chaque maillon est strictement suivi des normes internationales \u00e9lev\u00e9es, afin de garantir que chaque lot de mat\u00e9riaux livr\u00e9 avec une excellente qualit\u00e9 et stabilit\u00e9, afin de fournir aux clients une assurance qualit\u00e9 solide et fiable. Nous nous engageons \u00e0 ce que chaque lot de mat\u00e9riaux livr\u00e9s ait une excellente qualit\u00e9 et stabilit\u00e9, offrant ainsi aux clients une assurance qualit\u00e9 solide et fiable. <\/p>\n<h2><span style=\"font-size: 14pt;\">Emballage et stockage<\/span><\/h2>\n<p>Les cibles de pulv\u00e9risation de sulfure de fer sont emball\u00e9es dans des sacs et des bo\u00eetes sous vide \u00e0 double couche, et l\u2019ext\u00e9rieur est emball\u00e9 dans des cartons.<\/p>\n<p>Les cibles de pulv\u00e9risation de sulfure de fer doivent \u00eatre stock\u00e9es dans un environnement sec, frais et bien ventil\u00e9, en \u00e9vitant l\u2019humidit\u00e9, en pr\u00e9venant l\u2019oxydation, en isolant de l\u2019acide et d\u2019autres substances corrosives et en \u00e9vitant les chocs physiques violents et l\u00e9gers.<\/p>\n","protected":false},"excerpt":{"rendered":"<p>La cible de pulv\u00e9risation de <span style=\"color: #0000ff;\"><a style=\"color: #0000ff;\" href=\"https:\/\/vimaterial.de\/en\/product\/iron-sulfide-3\/\">sulfure de fer<\/a> <\/span>est une cible compos\u00e9e de fer et de soufre, utilis\u00e9e dans le processus de d\u00e9p\u00f4t physique en phase vapeur, dans lequel des atomes de fer et de soufre sont d\u00e9pos\u00e9s sur le substrat pendant la pulv\u00e9risation pour former des films minces avec une certaine stabilit\u00e9 chimique et des propri\u00e9t\u00e9s photovolta\u00efques sp\u00e9ciales, qui sont utilis\u00e9s dans les domaines des mat\u00e9riaux photovolta\u00efques, de la recherche min\u00e9rale, etc.<\/p>\n","protected":false},"featured_media":1001979,"comment_status":"open","ping_status":"closed","template":"","meta":{"_acf_changed":false},"product_brand":[],"product_cat":[235],"product_tag":[],"class_list":{"0":"post-1014939","1":"product","2":"type-product","3":"status-publish","4":"has-post-thumbnail","6":"product_cat-cibles-de-pulverisation-planaire","8":"first","9":"instock","10":"shipping-taxable","11":"product-type-variable"},"acf":[],"_links":{"self":[{"href":"https:\/\/vimaterial.de\/fr\/wp-json\/wp\/v2\/product\/1014939","targetHints":{"allow":["GET"]}}],"collection":[{"href":"https:\/\/vimaterial.de\/fr\/wp-json\/wp\/v2\/product"}],"about":[{"href":"https:\/\/vimaterial.de\/fr\/wp-json\/wp\/v2\/types\/product"}],"replies":[{"embeddable":true,"href":"https:\/\/vimaterial.de\/fr\/wp-json\/wp\/v2\/comments?post=1014939"}],"wp:featuredmedia":[{"embeddable":true,"href":"https:\/\/vimaterial.de\/fr\/wp-json\/wp\/v2\/media\/1001979"}],"wp:attachment":[{"href":"https:\/\/vimaterial.de\/fr\/wp-json\/wp\/v2\/media?parent=1014939"}],"wp:term":[{"taxonomy":"product_brand","embeddable":true,"href":"https:\/\/vimaterial.de\/fr\/wp-json\/wp\/v2\/product_brand?post=1014939"},{"taxonomy":"product_cat","embeddable":true,"href":"https:\/\/vimaterial.de\/fr\/wp-json\/wp\/v2\/product_cat?post=1014939"},{"taxonomy":"product_tag","embeddable":true,"href":"https:\/\/vimaterial.de\/fr\/wp-json\/wp\/v2\/product_tag?post=1014939"}],"curies":[{"name":"wp","href":"https:\/\/api.w.org\/{rel}","templated":true}]}}