{"id":1014932,"date":"2024-06-17T14:43:17","date_gmt":"2024-06-17T06:43:17","guid":{"rendered":"https:\/\/vimaterial.de\/product\/sulfure-de-fer\/"},"modified":"2025-04-16T14:29:52","modified_gmt":"2025-04-16T06:29:52","slug":"sulfure-de-fer","status":"publish","type":"product","link":"https:\/\/vimaterial.de\/fr\/product\/sulfure-de-fer\/","title":{"rendered":"Sulfure de fer"},"content":{"rendered":"<p><span style=\"color: #0000ff;\"><a style=\"color: #0000ff;\" href=\"https:\/\/vimaterial.de\/en\/product\/iron-sulfide-6\/\">La poudre de sulfure de fer<\/a><\/span> est une poudre de couleur jaune ou laiton clair, le composant principal est le disulfure ferreux, avec un \u00e9clat m\u00e9tallique, insoluble dans l\u2019eau, et a des applications importantes dans le raffinage du minerai, les mat\u00e9riaux de batterie, les catalyseurs et d\u2019autres domaines.<\/p>\n<p>Poudre de sulfure de fer, notre poudre pr\u00e9sente les caract\u00e9ristiques d\u2019une grande puret\u00e9, d\u2019une taille de particule uniforme, d\u2019une bonne fluidit\u00e9, de propri\u00e9t\u00e9s chimiques stables, etc. Nous prenons \u00e9galement en charge l\u2019emballage et la commande de petits lots. Nous avons une \u00e9quipe technique professionnelle de recherche et d\u00e9veloppement, acceptons la personnalisation et l\u2019exp\u00e9rimentation du produit, veuillez <span style=\"color: #0000ff;\"><a style=\"color: #0000ff;\" href=\"https:\/\/vimaterial.de\/en\/contact-us\/\">nous contacter<\/a><\/span>.  <\/p>\n<h2><span style=\"font-size: 14pt;\">Propri\u00e9t\u00e9s physiques<\/span><\/h2>\n<p>Formule mol\u00e9culaire : FeS2<\/p>\n<p>Poids mol\u00e9culaire : 120,97<\/p>\n<p>Apparence&nbsp;: G\u00e9n\u00e9ralement jaune d\u2019or ou poudre de couleur laiton clair avec un \u00e9clat m\u00e9tallique.<\/p>\n<p>Densit\u00e9 : environ 4,8 &#8211; 5,0 g\/cm\u00b3.<\/p>\n<p>Point de fusion : environ 742\u00b0C <\/p>\n<p>Structure cristalline : Il appartient au syst\u00e8me cristallin cubique. Cette structure cristalline lui conf\u00e8re certaines propri\u00e9t\u00e9s physiques et chimiques, telles qu\u2019un comportement particulier en \u00e9lectricit\u00e9 et en magn\u00e9tisme. <\/p>\n<h2><span style=\"font-size: 14pt;\">Applications<\/span><\/h2>\n<p>Domaine de l\u2019industrie de l\u2019acide sulfurique : La poudre de sulfure de fer est utilis\u00e9e comme mati\u00e8re premi\u00e8re pour la fabrication de l\u2019acide sulfurique. Gr\u00e2ce au grillage et \u00e0 d\u2019autres processus, du dioxyde de soufre est lib\u00e9r\u00e9, et le dioxyde de soufre est davantage oxyd\u00e9 et hydrat\u00e9 pour g\u00e9n\u00e9rer de l\u2019acide sulfurique, qui fournit une mati\u00e8re premi\u00e8re de base importante pour l\u2019industrie chimique et r\u00e9pond \u00e0 la demande d\u2019acide sulfurique dans de nombreuses industries. <\/p>\n<p>Dans les batteries lithium-soufre et d\u2019autres syst\u00e8mes, la poudre de sulfure de fer peut \u00eatre utilis\u00e9e comme mat\u00e9riau d\u2019anode, en utilisant sa capacit\u00e9 sp\u00e9cifique th\u00e9orique plus \u00e9lev\u00e9e pour r\u00e9aliser le stockage et la lib\u00e9ration d\u2019\u00e9nergie \u00e9lectrique, pour am\u00e9liorer les performances de la batterie, promouvoir le d\u00e9veloppement de v\u00e9hicules \u00e0 \u00e9nergie nouvelle et d\u2019\u00e9quipements \u00e9lectroniques portables pour fournir un soutien.<\/p>\n<p>Champ agricole : Une petite quantit\u00e9 de poudre de sulfure de fer peut reconstituer les \u00e9l\u00e9ments soufr\u00e9s et ferreux du sol, am\u00e9liorer les conditions de fertilit\u00e9 du sol, favoriser la croissance des cultures, am\u00e9liorer la photosynth\u00e8se et la r\u00e9sistance des plantes et aider \u00e0 am\u00e9liorer le rendement et la qualit\u00e9 des produits agricoles.<\/p>\n<h2><span style=\"font-size: 14pt;\">Contr\u00f4le de la qualit\u00e9<\/span><\/h2>\n<p><span style=\"color: #0000ff;\"><a style=\"color: #0000ff;\" href=\"https:\/\/vimaterial.de\/en\/quality-control\/\">Le contr\u00f4le de la qualit\u00e9<\/a><\/span> de chaque lot de produits est effectu\u00e9 tout au long du processus d\u2019approvisionnement en mati\u00e8res premi\u00e8res, de production et de traitement, de test et d\u2019inspection, et d\u2019emballage, en suivant strictement les normes internationales et les normes industrielles. Nous disposons d\u2019un \u00e9quipement de test avanc\u00e9, d\u2019une \u00e9quipe de contr\u00f4le qualit\u00e9 professionnelle et d\u2019un syst\u00e8me de contr\u00f4le de qualit\u00e9 strict pour garantir la qualit\u00e9 du produit. <\/p>\n<h2><span style=\"font-size: 14pt;\">Emballage et stockage<\/span><\/h2>\n<p>La poudre de sulfure de fer est emball\u00e9e dans un sac sous vide \u00e0 double couche ou une bouteille sous vide \u00e0 double couche, et l\u2019emballage ext\u00e9rieur est emball\u00e9 dans une bo\u00eete en carton.<\/p>\n<p>La poudre de sulfure de fer doit \u00eatre stock\u00e9e dans un endroit sec, frais et bien ventil\u00e9, scell\u00e9e, en \u00e9vitant tout contact avec des agents oxydants forts et des acides, et en pr\u00e9venant l\u2019humidit\u00e9 et l\u2019oxydation, et doit \u00eatre correctement plac\u00e9e conform\u00e9ment aux r\u00e9glementations de stockage des produits chimiques, \u00e0 l\u2019abri du feu et des sources de chaleur.<\/p>\n","protected":false},"excerpt":{"rendered":"<p><span style=\"color: #0000ff;\"><a style=\"color: #0000ff;\" href=\"https:\/\/vimaterial.de\/en\/product\/iron-sulfide-6\/\">La poudre de sulfure de fer<\/a><\/span> est une poudre de couleur jaune ou laiton clair, le composant principal est le disulfure ferreux, avec un \u00e9clat m\u00e9tallique, insoluble dans l\u2019eau, et a des applications importantes dans le raffinage du minerai, les mat\u00e9riaux de batterie, les catalyseurs et d\u2019autres domaines.<\/p>\n","protected":false},"featured_media":1001972,"comment_status":"open","ping_status":"closed","template":"","meta":{"_acf_changed":false},"product_brand":[],"product_cat":[238],"product_tag":[],"class_list":{"0":"post-1014932","1":"product","2":"type-product","3":"status-publish","4":"has-post-thumbnail","6":"product_cat-materiaux-de-chalcogenure","8":"first","9":"instock","10":"shipping-taxable","11":"product-type-variable"},"acf":[],"_links":{"self":[{"href":"https:\/\/vimaterial.de\/fr\/wp-json\/wp\/v2\/product\/1014932","targetHints":{"allow":["GET"]}}],"collection":[{"href":"https:\/\/vimaterial.de\/fr\/wp-json\/wp\/v2\/product"}],"about":[{"href":"https:\/\/vimaterial.de\/fr\/wp-json\/wp\/v2\/types\/product"}],"replies":[{"embeddable":true,"href":"https:\/\/vimaterial.de\/fr\/wp-json\/wp\/v2\/comments?post=1014932"}],"wp:featuredmedia":[{"embeddable":true,"href":"https:\/\/vimaterial.de\/fr\/wp-json\/wp\/v2\/media\/1001972"}],"wp:attachment":[{"href":"https:\/\/vimaterial.de\/fr\/wp-json\/wp\/v2\/media?parent=1014932"}],"wp:term":[{"taxonomy":"product_brand","embeddable":true,"href":"https:\/\/vimaterial.de\/fr\/wp-json\/wp\/v2\/product_brand?post=1014932"},{"taxonomy":"product_cat","embeddable":true,"href":"https:\/\/vimaterial.de\/fr\/wp-json\/wp\/v2\/product_cat?post=1014932"},{"taxonomy":"product_tag","embeddable":true,"href":"https:\/\/vimaterial.de\/fr\/wp-json\/wp\/v2\/product_tag?post=1014932"}],"curies":[{"name":"wp","href":"https:\/\/api.w.org\/{rel}","templated":true}]}}