{"id":1014908,"date":"2024-06-17T14:43:24","date_gmt":"2024-06-17T06:43:24","guid":{"rendered":"https:\/\/vimaterial.de\/product\/siliciure-de-fer-2\/"},"modified":"2025-04-16T14:22:51","modified_gmt":"2025-04-16T06:22:51","slug":"siliciure-de-fer-2","status":"publish","type":"product","link":"https:\/\/vimaterial.de\/fr\/product\/siliciure-de-fer-2\/","title":{"rendered":"Siliciure de fer"},"content":{"rendered":"<p><span style=\"color: #0000ff;\"><a style=\"color: #0000ff;\" href=\"https:\/\/vimaterial.de\/en\/product\/iron-silicide-2\/\">Siliciure de fer<\/a> <\/span>La poudre est une poudre grise compos\u00e9e de fer et de silicium avec des propri\u00e9t\u00e9s semi-conductrices et une bonne stabilit\u00e9 chimique, qui joue un r\u00f4le important dans l\u2019\u00e9lectronique, les mat\u00e9riaux thermo\u00e9lectriques et l\u2019industrie sid\u00e9rurgique.<\/p>\n<p>VIAMTERIAL fournit de la poudre de siliciure de fer. Nos poudres se caract\u00e9risent par une grande puret\u00e9, une taille de particule homog\u00e8ne, une bonne fluidit\u00e9 et une stabilit\u00e9 chimique, et nous prenons en charge l\u2019emballage et la commande de petits lots. Nous avons une \u00e9quipe technique professionnelle de recherche et d\u00e9veloppement, acceptons la personnalisation et l\u2019exp\u00e9rimentation du produit, veuillez <span style=\"color: #0000ff;\"><a style=\"color: #0000ff;\" href=\"https:\/\/vimaterial.de\/en\/contact-us\/\">nous contacter.<\/a><\/span>  <\/p>\n<h2><span style=\"font-size: 14pt;\">Propri\u00e9t\u00e9s physiques<\/span><\/h2>\n<p>Formule mol\u00e9culaire : FeSi2<\/p>\n<p>Poids mol\u00e9culaire : environ 112,015<\/p>\n<p>Aspect : poudre grise, de couleur fonc\u00e9e.<\/p>\n<p>Densit\u00e9 : environ 4,79<\/p>\n<p>Point de fusion : environ 1220\u00b0C<\/p>\n<p>Structure cristalline : Structure orthorhombique, qui a une influence importante sur ses propri\u00e9t\u00e9s.<\/p>\n<h2><span style=\"font-size: 14pt;\">Applications<\/span><\/h2>\n<p>M\u00e9tallurgie du fer et de l\u2019acier&nbsp;: La poudre de siliciure de fer, en tant qu\u2019agent d\u00e9soxydant et d\u2019alliage important ajout\u00e9 \u00e0 l\u2019acier, peut \u00e9liminer efficacement l\u2019oxyg\u00e8ne dans l\u2019acier, am\u00e9liorer la qualit\u00e9 de l\u2019acier et ajuster la composition et les propri\u00e9t\u00e9s de l\u2019acier, am\u00e9liorer la r\u00e9sistance et la duret\u00e9 et d\u2019autres propri\u00e9t\u00e9s m\u00e9caniques de l\u2019acier, largement utilis\u00e9 dans le processus de production de divers types d\u2019acier.<\/p>\n<p>Industrie \u00e9lectronique&nbsp;: Avec ses propri\u00e9t\u00e9s semi-conductrices, la poudre de siliciure de fer est utilis\u00e9e dans la fabrication de composants \u00e9lectroniques, tels que les thermistances, les varistances, etc., r\u00e9ponse sensible aux signaux \u00e9lectroniques et \u00e0 la r\u00e9gulation, jouant un r\u00f4le cl\u00e9 dans le contr\u00f4le de circuit et le traitement du signal des \u00e9quipements \u00e9lectroniques, pour r\u00e9pondre \u00e0 la demande de miniaturisation et de haute performance des produits \u00e9lectroniques.<\/p>\n<p>Champ solaire photovolta\u00efque&nbsp;: La poudre de siliciure de fer a des applications potentielles dans les cellules solaires, ses propri\u00e9t\u00e9s photo\u00e9lectriques uniques aident \u00e0 am\u00e9liorer l\u2019efficacit\u00e9 de conversion de l\u2019\u00e9nergie solaire, l\u2019\u00e9nergie lumineuse du soleil en \u00e9nergie \u00e9lectrique, pour le d\u00e9veloppement et l\u2019utilisation d\u2019\u00e9nergie propre offre une nouvelle fa\u00e7on et possibilit\u00e9 de promouvoir le d\u00e9veloppement de l\u2019industrie solaire photovolta\u00efque.<\/p>\n<h2><span style=\"font-size: 14pt;\">Contr\u00f4le de la qualit\u00e9<\/span><\/h2>\n<p><span style=\"color: #0000ff;\"><a style=\"color: #0000ff;\" href=\"https:\/\/vimaterial.de\/en\/quality-control\/\">Le contr\u00f4le de la qualit\u00e9<\/a><\/span> de chaque lot de produits est effectu\u00e9 tout au long du processus d\u2019approvisionnement en mati\u00e8res premi\u00e8res, de production et de traitement, de test et d\u2019inspection, et d\u2019emballage, en suivant strictement les normes internationales et les normes industrielles. Nous disposons d\u2019un \u00e9quipement de test avanc\u00e9, d\u2019une \u00e9quipe de contr\u00f4le qualit\u00e9 professionnelle et d\u2019un syst\u00e8me de contr\u00f4le de qualit\u00e9 strict pour garantir la qualit\u00e9 du produit. <\/p>\n<h2><span style=\"font-size: 14pt;\">Emballage et stockage<\/span><\/h2>\n<p>La poudre de siliciure de fer est emball\u00e9e dans un sac sous vide \u00e0 double couche ou une bouteille sous vide \u00e0 double couche, et l\u2019emballage ext\u00e9rieur est emball\u00e9 dans une bo\u00eete en carton.<\/p>\n<p>La poudre de siliciure de fer doit \u00eatre stock\u00e9e dans un environnement sec, frais et bien ventil\u00e9, scell\u00e9e, en \u00e9vitant le contact avec l\u2019eau, les acides forts, les bases fortes et les oxydants forts, et en \u00e9vitant l\u2019humidit\u00e9 et les impuret\u00e9s, et doit \u00eatre correctement plac\u00e9e conform\u00e9ment aux dispositions pertinentes pour le stockage des produits chimiques dangereux.<\/p>\n","protected":false},"excerpt":{"rendered":"<p><span style=\"color: #0000ff;\"><a style=\"color: #0000ff;\" href=\"https:\/\/vimaterial.de\/en\/product\/iron-silicide-2\/\">Siliciure de fer<\/a> <\/span>La poudre est une poudre grise compos\u00e9e de fer et de silicium avec des propri\u00e9t\u00e9s semi-conductrices et une bonne stabilit\u00e9 chimique, qui joue un r\u00f4le important dans l\u2019\u00e9lectronique, les mat\u00e9riaux thermo\u00e9lectriques et l\u2019industrie sid\u00e9rurgique.<\/p>\n","protected":false},"featured_media":1002001,"comment_status":"open","ping_status":"closed","template":"","meta":{"_acf_changed":false},"product_brand":[],"product_cat":[240],"product_tag":[],"class_list":{"0":"post-1014908","1":"product","2":"type-product","3":"status-publish","4":"has-post-thumbnail","6":"product_cat-materiaux-c-n-b-si","8":"first","9":"instock","10":"shipping-taxable","11":"purchasable","12":"product-type-variable"},"acf":[],"_links":{"self":[{"href":"https:\/\/vimaterial.de\/fr\/wp-json\/wp\/v2\/product\/1014908","targetHints":{"allow":["GET"]}}],"collection":[{"href":"https:\/\/vimaterial.de\/fr\/wp-json\/wp\/v2\/product"}],"about":[{"href":"https:\/\/vimaterial.de\/fr\/wp-json\/wp\/v2\/types\/product"}],"replies":[{"embeddable":true,"href":"https:\/\/vimaterial.de\/fr\/wp-json\/wp\/v2\/comments?post=1014908"}],"wp:featuredmedia":[{"embeddable":true,"href":"https:\/\/vimaterial.de\/fr\/wp-json\/wp\/v2\/media\/1002001"}],"wp:attachment":[{"href":"https:\/\/vimaterial.de\/fr\/wp-json\/wp\/v2\/media?parent=1014908"}],"wp:term":[{"taxonomy":"product_brand","embeddable":true,"href":"https:\/\/vimaterial.de\/fr\/wp-json\/wp\/v2\/product_brand?post=1014908"},{"taxonomy":"product_cat","embeddable":true,"href":"https:\/\/vimaterial.de\/fr\/wp-json\/wp\/v2\/product_cat?post=1014908"},{"taxonomy":"product_tag","embeddable":true,"href":"https:\/\/vimaterial.de\/fr\/wp-json\/wp\/v2\/product_tag?post=1014908"}],"curies":[{"name":"wp","href":"https:\/\/api.w.org\/{rel}","templated":true}]}}