{"id":1014894,"date":"2024-06-17T14:44:10","date_gmt":"2024-06-17T06:44:10","guid":{"rendered":"https:\/\/vimaterial.de\/product\/fer-silicium-bore\/"},"modified":"2025-04-16T14:18:44","modified_gmt":"2025-04-16T06:18:44","slug":"fer-silicium-bore","status":"publish","type":"product","link":"https:\/\/vimaterial.de\/fr\/product\/fer-silicium-bore\/","title":{"rendered":"Fer Silicium Bore"},"content":{"rendered":"<p>La cible de pulv\u00e9risation de fer silicium bore est une sorte de cible d\u2019alliage compos\u00e9e de fer, de silicium et de bore, qui est utilis\u00e9e dans le processus de d\u00e9p\u00f4t physique en phase vapeur, lors de la pulv\u00e9risation, elle peut faire se d\u00e9poser les atomes de fer, de silicium et de bore sur le substrat pour former un film mince avec une perm\u00e9abilit\u00e9 \u00e9lev\u00e9e, une faible coercivit\u00e9, de bonnes propri\u00e9t\u00e9s magn\u00e9tiques douces et une stabilit\u00e9 thermique,  qui a \u00e9t\u00e9 largement utilis\u00e9 dans les domaines des mat\u00e9riaux magn\u00e9tiques, des composants \u00e9lectroniques, etc.<\/p>\n<p>VIMATERIAL fournit des cibles de pulv\u00e9risation de fer silicium bore, nos cibles de pulv\u00e9risation de fer silicium bore ont les avantages d\u2019une grande puret\u00e9, d\u2019une bonne densit\u00e9, d\u2019une bonne structure cristalline, d\u2019excellentes propri\u00e9t\u00e9s de couche mince, d\u2019une pr\u00e9cision dimensionnelle \u00e9lev\u00e9e, d\u2019une efficacit\u00e9 de pulv\u00e9risation \u00e9lev\u00e9e et nous pouvons fournir un service de liaison, nous pouvons accepter la personnalisation des produits et des exp\u00e9riences. N\u2019h\u00e9sitez pas <span style=\"color: #0000ff;\"><a style=\"color: #0000ff;\" href=\"https:\/\/vimaterial.de\/en\/contact-us\/\">\u00e0 nous contacter<\/a><\/span> pour plus d\u2019informations. <\/p>\n<h2><span style=\"font-size: 14pt;\">Propri\u00e9t\u00e9s physiques<\/span><\/h2>\n<p>Formule mol\u00e9culaire : FeSiB<\/p>\n<p>Apparence&nbsp;: lustre m\u00e9tallis\u00e9 gris argent\u00e9, mat\u00e9riau cible \u00e0 surface lisse.<\/p>\n<p>Densit\u00e9 : environ 7 \u00e0 8 g\/cm\u00b3.<\/p>\n<p>Point de fusion : environ dans la plage de 1200 \u00e0 1400\u00b0C<\/p>\n<h2><span style=\"font-size: 14pt;\">Applications<\/span><\/h2>\n<p>Domaine \u00e9lectronique : utilis\u00e9 dans la fabrication de noyaux de transformateurs, d\u2019inductances et d\u2019autres composants \u00e9lectroniques, pour am\u00e9liorer l\u2019efficacit\u00e9 de la conversion \u00e9lectromagn\u00e9tique.<\/p>\n<p>Champ de puissance : utilis\u00e9 dans les transformateurs de puissance pour r\u00e9duire la perte de noyau et am\u00e9liorer l\u2019efficacit\u00e9 de la transmission de puissance.<\/p>\n<p>Champ de communication : en tant que composant magn\u00e9tique dans les \u00e9quipements de communication, pour assurer la stabilit\u00e9 et la qualit\u00e9 de la transmission du signal.<\/p>\n<h2><span style=\"font-size: 14pt;\">Contr\u00f4le qualit\u00e9<\/span><\/h2>\n<p><span style=\"color: #0000ff;\"><a style=\"color: #0000ff;\" href=\"https:\/\/vimaterial.de\/en\/quality-control\/\">Le contr\u00f4le de la qualit\u00e9<\/a><\/span> de nos produits est tr\u00e8s strict, de la s\u00e9lection de mati\u00e8res premi\u00e8res de haute puret\u00e9 et stables, \u00e0 l\u2019utilisation d\u2019\u00e9quipements de pr\u00e9cision avanc\u00e9s et d\u2019une technologie rigoureuse tout au long du contr\u00f4le pr\u00e9cis du processus de production, \u00e0 l\u2019utilisation de m\u00e9thodes d\u2019essai professionnelles sur les propri\u00e9t\u00e9s physiques, chimiques, microstructurelles et autres du produit de la gamme compl\u00e8te d\u2019essais approfondis,  Chaque maillon est strictement suivi des normes internationales \u00e9lev\u00e9es, afin de garantir que chaque lot de mat\u00e9riaux livr\u00e9 avec une excellente qualit\u00e9 et stabilit\u00e9, afin de fournir aux clients une assurance qualit\u00e9 solide et fiable. Nous nous engageons \u00e0 ce que chaque lot de mat\u00e9riaux livr\u00e9s ait une excellente qualit\u00e9 et stabilit\u00e9, offrant ainsi aux clients une assurance qualit\u00e9 solide et fiable. <\/p>\n<h2><span style=\"font-size: 14pt;\">Emballage et stockage<\/span><\/h2>\n<p>Les cibles de pulv\u00e9risation cathodique fer silicium bore sont emball\u00e9es dans des sacs et des bo\u00eetes sous vide doubles, et l\u2019ext\u00e9rieur est emball\u00e9 dans des cartons.<\/p>\n<p>Les cibles de pulv\u00e9risation cathodique de fer-silicium doivent \u00eatre stock\u00e9es dans un environnement sec et bien ventil\u00e9 \u00e0 une temp\u00e9rature stable, prot\u00e9g\u00e9es de l\u2019humidit\u00e9 et des substances corrosives, et prot\u00e9g\u00e9es des chocs physiques violents pour maintenir la stabilit\u00e9 de leurs propri\u00e9t\u00e9s physiques et chimiques.<\/p>\n","protected":false},"excerpt":{"rendered":"<p>La cible de pulv\u00e9risation de fer silicium bore est une sorte de cible d\u2019alliage compos\u00e9e de fer, de silicium et de bore, qui est utilis\u00e9e dans le processus de d\u00e9p\u00f4t physique en phase vapeur, lors de la pulv\u00e9risation, elle peut faire se d\u00e9poser les atomes de fer, de silicium et de bore sur le substrat pour former un film mince avec une perm\u00e9abilit\u00e9 \u00e9lev\u00e9e, une faible coercivit\u00e9, de bonnes propri\u00e9t\u00e9s magn\u00e9tiques douces et une stabilit\u00e9 thermique,  qui a \u00e9t\u00e9 largement utilis\u00e9 dans les domaines des mat\u00e9riaux magn\u00e9tiques, des composants \u00e9lectroniques, etc.<\/p>\n","protected":false},"featured_media":1002008,"comment_status":"open","ping_status":"closed","template":"","meta":{"_acf_changed":false},"product_brand":[],"product_cat":[235],"product_tag":[],"class_list":{"0":"post-1014894","1":"product","2":"type-product","3":"status-publish","4":"has-post-thumbnail","6":"product_cat-cibles-de-pulverisation-planaire","8":"first","9":"instock","10":"shipping-taxable","11":"product-type-variable"},"acf":[],"_links":{"self":[{"href":"https:\/\/vimaterial.de\/fr\/wp-json\/wp\/v2\/product\/1014894","targetHints":{"allow":["GET"]}}],"collection":[{"href":"https:\/\/vimaterial.de\/fr\/wp-json\/wp\/v2\/product"}],"about":[{"href":"https:\/\/vimaterial.de\/fr\/wp-json\/wp\/v2\/types\/product"}],"replies":[{"embeddable":true,"href":"https:\/\/vimaterial.de\/fr\/wp-json\/wp\/v2\/comments?post=1014894"}],"wp:featuredmedia":[{"embeddable":true,"href":"https:\/\/vimaterial.de\/fr\/wp-json\/wp\/v2\/media\/1002008"}],"wp:attachment":[{"href":"https:\/\/vimaterial.de\/fr\/wp-json\/wp\/v2\/media?parent=1014894"}],"wp:term":[{"taxonomy":"product_brand","embeddable":true,"href":"https:\/\/vimaterial.de\/fr\/wp-json\/wp\/v2\/product_brand?post=1014894"},{"taxonomy":"product_cat","embeddable":true,"href":"https:\/\/vimaterial.de\/fr\/wp-json\/wp\/v2\/product_cat?post=1014894"},{"taxonomy":"product_tag","embeddable":true,"href":"https:\/\/vimaterial.de\/fr\/wp-json\/wp\/v2\/product_tag?post=1014894"}],"curies":[{"name":"wp","href":"https:\/\/api.w.org\/{rel}","templated":true}]}}