{"id":1014887,"date":"2024-06-17T14:43:25","date_gmt":"2024-06-17T06:43:25","guid":{"rendered":"https:\/\/vimaterial.de\/product\/siliciure-de-fer\/"},"modified":"2025-04-16T14:20:31","modified_gmt":"2025-04-16T06:20:31","slug":"siliciure-de-fer","status":"publish","type":"product","link":"https:\/\/vimaterial.de\/fr\/product\/siliciure-de-fer\/","title":{"rendered":"Siliciure de fer"},"content":{"rendered":"<p>La cible de pulv\u00e9risation de <span style=\"color: #0000ff;\"><a style=\"color: #0000ff;\" href=\"https:\/\/vimaterial.de\/en\/product\/iron-silicide\/\">siliciure de fer<\/a> <\/span>est une cible compos\u00e9e principalement compos\u00e9e de fer et de silicium, qui est utilis\u00e9e pour le d\u00e9p\u00f4t physique en phase vapeur. Au cours du processus de pulv\u00e9risation, des atomes de fer et de silicium sont d\u00e9pos\u00e9s sur le substrat pour former des films minces avec un point de fusion \u00e9lev\u00e9, une bonne stabilit\u00e9 chimique et des propri\u00e9t\u00e9s \u00e9lectriques sp\u00e9cifiques, qui sont importantes dans les domaines des semi-conducteurs et des dispositifs \u00e9lectroniques. <\/p>\n<p>VIMATERIAL fournit des cibles de pulv\u00e9risation de siliciure de fer, nos cibles de pulv\u00e9risation de siliciure de fer ont les avantages d\u2019une grande puret\u00e9, d\u2019une bonne densit\u00e9, d\u2019une bonne structure cristalline, d\u2019excellentes propri\u00e9t\u00e9s de film mince, d\u2019une pr\u00e9cision dimensionnelle \u00e9lev\u00e9e et d\u2019une efficacit\u00e9 de pulv\u00e9risation \u00e9lev\u00e9e et nous pouvons fournir un service de liaison, nous pouvons accepter la personnalisation et les exp\u00e9riences du produit, s\u2019il vous pla\u00eet <span style=\"color: #0000ff;\"><a style=\"color: #0000ff;\" href=\"https:\/\/vimaterial.de\/en\/contact-us\/\">contactez-nous.<\/a><\/span><\/p>\n<h2><span style=\"font-size: 14pt;\">Propri\u00e9t\u00e9s physiques<\/span><\/h2>\n<p>Formule mol\u00e9culaire : FeSi\u2082<\/p>\n<p>Poids mol\u00e9culaire : 119,975<\/p>\n<p>Apparence : poudre grise ou cible argent\u00e9e<\/p>\n<p>Densit\u00e9 : environ 4,79 g\/cm\u00b3<\/p>\n<p>Point de fusion : environ 1410\u00b0C<\/p>\n<p>Structure cristalline : Syst\u00e8me cristallin t\u00e9tragonal<\/p>\n<h2><span style=\"font-size: 14pt;\">Applications<\/span><\/h2>\n<p>Domaine des semi-conducteurs : Utilis\u00e9 comme \u00e9lectrodes de contact dans la fabrication de transistors \u00e0 base de silicium dans des circuits int\u00e9gr\u00e9s pour am\u00e9liorer les performances \u00e9lectriques et la stabilit\u00e9 des dispositifs.<\/p>\n<p>Champ photovolta\u00efque : utilis\u00e9 comme mat\u00e9riau de couche de contact pour les cellules solaires \u00e0 base de silicium afin de r\u00e9duire la r\u00e9sistance et d\u2019am\u00e9liorer l\u2019efficacit\u00e9 de conversion des cellules.<\/p>\n<p>Champ des dispositifs \u00e9lectroniques : utilis\u00e9 dans la couche de contact ohmique des composants \u00e9lectroniques pour assurer la haute efficacit\u00e9 et la fiabilit\u00e9 de la transmission \u00e9lectronique.<\/p>\n<h2><span style=\"font-size: 14pt;\">Contr\u00f4le qualit\u00e9<\/span><\/h2>\n<p><span style=\"color: #0000ff;\"><a style=\"color: #0000ff;\" href=\"https:\/\/vimaterial.de\/en\/quality-control\/\">Le contr\u00f4le de la qualit\u00e9<\/a><\/span> de nos produits est tr\u00e8s strict, de la s\u00e9lection de mati\u00e8res premi\u00e8res de haute puret\u00e9 et stables, \u00e0 l\u2019utilisation d\u2019\u00e9quipements de pr\u00e9cision avanc\u00e9s et d\u2019une technologie rigoureuse tout au long du contr\u00f4le pr\u00e9cis du processus de production, \u00e0 l\u2019utilisation de m\u00e9thodes d\u2019essai professionnelles sur les propri\u00e9t\u00e9s physiques, chimiques, microstructurelles et autres du produit de la gamme compl\u00e8te d\u2019essais approfondis,  Chaque maillon est strictement suivi des normes internationales \u00e9lev\u00e9es, afin de garantir que chaque lot de mat\u00e9riaux livr\u00e9 avec une excellente qualit\u00e9 et stabilit\u00e9, afin de fournir aux clients une assurance qualit\u00e9 solide et fiable. Nous nous engageons \u00e0 ce que chaque lot de mat\u00e9riaux livr\u00e9s ait une excellente qualit\u00e9 et stabilit\u00e9, offrant ainsi aux clients une assurance qualit\u00e9 solide et fiable. <\/p>\n<h2><span style=\"font-size: 14pt;\">Emballage et stockage<\/span><\/h2>\n<p>Les cibles de pulv\u00e9risation de siliciure de fer sont emball\u00e9es dans des sacs et des bo\u00eetes sous vide \u00e0 double couche, et l\u2019ext\u00e9rieur est emball\u00e9 dans des bo\u00eetes en carton.<\/p>\n<p>Les cibles de pulv\u00e9risation de siliciure de fer doivent \u00eatre stock\u00e9es dans un environnement sec, frais et bien ventil\u00e9, en \u00e9vitant l\u2019humidit\u00e9 et le contact avec des produits chimiques corrosifs, ainsi qu\u2019en \u00e9vitant que les cibles ne soient soumises \u00e0 des chocs violents et \u00e0 des changements rapides de temp\u00e9rature.<\/p>\n","protected":false},"excerpt":{"rendered":"<p>La cible de pulv\u00e9risation de <span style=\"color: #0000ff;\"><a style=\"color: #0000ff;\" href=\"https:\/\/vimaterial.de\/en\/product\/iron-silicide\/\">siliciure de fer<\/a> <\/span>est une cible compos\u00e9e principalement compos\u00e9e de fer et de silicium, qui est utilis\u00e9e pour le d\u00e9p\u00f4t physique en phase vapeur. Au cours du processus de pulv\u00e9risation, des atomes de fer et de silicium sont d\u00e9pos\u00e9s sur le substrat pour former des films minces avec un point de fusion \u00e9lev\u00e9, une bonne stabilit\u00e9 chimique et des propri\u00e9t\u00e9s \u00e9lectriques sp\u00e9cifiques, qui sont importantes dans les domaines des semi-conducteurs et des dispositifs \u00e9lectroniques. <\/p>\n","protected":false},"featured_media":1040843,"comment_status":"open","ping_status":"closed","template":"","meta":{"_acf_changed":false},"product_brand":[],"product_cat":[235],"product_tag":[],"class_list":{"0":"post-1014887","1":"product","2":"type-product","3":"status-publish","4":"has-post-thumbnail","6":"product_cat-cibles-de-pulverisation-planaire","8":"first","9":"instock","10":"shipping-taxable","11":"product-type-variable"},"acf":[],"_links":{"self":[{"href":"https:\/\/vimaterial.de\/fr\/wp-json\/wp\/v2\/product\/1014887","targetHints":{"allow":["GET"]}}],"collection":[{"href":"https:\/\/vimaterial.de\/fr\/wp-json\/wp\/v2\/product"}],"about":[{"href":"https:\/\/vimaterial.de\/fr\/wp-json\/wp\/v2\/types\/product"}],"replies":[{"embeddable":true,"href":"https:\/\/vimaterial.de\/fr\/wp-json\/wp\/v2\/comments?post=1014887"}],"wp:featuredmedia":[{"embeddable":true,"href":"https:\/\/vimaterial.de\/fr\/wp-json\/wp\/v2\/media\/1040843"}],"wp:attachment":[{"href":"https:\/\/vimaterial.de\/fr\/wp-json\/wp\/v2\/media?parent=1014887"}],"wp:term":[{"taxonomy":"product_brand","embeddable":true,"href":"https:\/\/vimaterial.de\/fr\/wp-json\/wp\/v2\/product_brand?post=1014887"},{"taxonomy":"product_cat","embeddable":true,"href":"https:\/\/vimaterial.de\/fr\/wp-json\/wp\/v2\/product_cat?post=1014887"},{"taxonomy":"product_tag","embeddable":true,"href":"https:\/\/vimaterial.de\/fr\/wp-json\/wp\/v2\/product_tag?post=1014887"}],"curies":[{"name":"wp","href":"https:\/\/api.w.org\/{rel}","templated":true}]}}