{"id":1014859,"date":"2024-06-17T14:40:46","date_gmt":"2024-06-17T06:40:46","guid":{"rendered":"https:\/\/vimaterial.de\/product\/oxyde-de-fer-et-de-titane-ilemnite-2\/"},"modified":"2025-04-17T09:50:04","modified_gmt":"2025-04-17T01:50:04","slug":"oxyde-de-fer-et-de-titane-ilemnite-2","status":"publish","type":"product","link":"https:\/\/vimaterial.de\/fr\/product\/oxyde-de-fer-et-de-titane-ilemnite-2\/","title":{"rendered":"Oxyde de fer et de titane (ilemnite)"},"content":{"rendered":"<p><span style=\"color: #0000ff;\"><a style=\"color: #0000ff;\" href=\"https:\/\/vimaterial.de\/en\/product\/iron-titanium-oxide-ilemnite\/\">La poudre d\u2019oxyde de fer et de titane<\/a> <\/span>est un compos\u00e9 de fer, de titane et d\u2019oxyg\u00e8ne dans une large gamme de couleurs avec une bonne stabilit\u00e9 chimique, des propri\u00e9t\u00e9s photocatalytiques et certaines propri\u00e9t\u00e9s magn\u00e9tiques, qui ont des applications potentielles dans les pigments, les photocatalyseurs et les mat\u00e9riaux magn\u00e9tiques.<\/p>\n<p>VIMATERIAl propose des poudres d\u2019Oxyde de Fer et de Titane. Nos poudres d\u2019oxyde de fer et de titane pr\u00e9sentent les avantages d\u2019une taille de particule uniforme, d\u2019une faible teneur en impuret\u00e9s, d\u2019une stabilit\u00e9 chimique \u00e9lev\u00e9e et de bonnes performances dans les applications. Nous avons une \u00e9quipe professionnelle de recherche et de d\u00e9veloppement technologique, acceptons les personnalis\u00e9s et exp\u00e9rimentaux, si vous en avez besoin, veuillez<span style=\"color: #0000ff;\"> <a style=\"color: #0000ff;\" href=\"https:\/\/vimaterial.de\/en\/contact-us\/\">nous contacter<\/a><\/span>.  <\/p>\n<h2><span style=\"font-size: 14pt;\">Propri\u00e9t\u00e9s physiques<\/span><\/h2>\n<p>Formule mol\u00e9culaire : FeTiO\u2083<\/p>\n<p>Poids mol\u00e9culaire : 151,7102<\/p>\n<p>Apparence&nbsp;: poudre grise<\/p>\n<p>Densit\u00e9 : 4,784 g\/mL (25 \u00b0C)<\/p>\n<h2><span style=\"font-size: 14pt;\">Application<\/span><\/h2>\n<p>Pigment : Les poudres d\u2019oxyde de fer et de titane sont largement utilis\u00e9es comme pigments dans les peintures, les plastiques, le papier et d\u2019autres produits pour fournir des couleurs durables et \u00e9clatantes en raison de leurs propri\u00e9t\u00e9s chimiques stables et de leur couleur unique.<\/p>\n<p>Photocatalyse : Gr\u00e2ce \u00e0 leurs propri\u00e9t\u00e9s photocatalytiques, les poudres sont capables de d\u00e9composer les polluants organiques et de tuer les bact\u00e9ries dans des conditions de luminosit\u00e9, et peuvent \u00eatre utilis\u00e9es dans le traitement des eaux us\u00e9es, la purification de l\u2019air et la pr\u00e9paration de mat\u00e9riaux autonettoyants.<\/p>\n<p>Mat\u00e9riaux magn\u00e9tiques : En raison de leurs propri\u00e9t\u00e9s magn\u00e9tiques, les poudres d\u2019oxyde de fer et de titane peuvent \u00eatre utilis\u00e9es dans la pr\u00e9paration de mat\u00e9riaux d\u2019enregistrement magn\u00e9tique, de capteurs magn\u00e9tiques et d\u2019autres applications magn\u00e9tiques telles que le stockage et la d\u00e9tection d\u2019informations.<\/p>\n<p>C\u00e9ramique&nbsp;: En tant qu\u2019additif c\u00e9ramique, il peut am\u00e9liorer les propri\u00e9t\u00e9s m\u00e9caniques, la r\u00e9sistance \u00e0 la chaleur et la stabilit\u00e9 chimique des c\u00e9ramiques, de sorte que les produits c\u00e9ramiques peuvent maintenir de bonnes performances \u00e0 haute temp\u00e9rature, \u00e0 la corrosion et dans d\u2019autres environnements difficiles, couramment utilis\u00e9s dans la production de c\u00e9ramiques industrielles et de c\u00e9ramiques sp\u00e9ciales.<\/p>\n<h2><span style=\"font-size: 14pt;\">Contr\u00f4le de la qualit\u00e9<\/span><\/h2>\n<p><span style=\"color: #0000ff;\"><a style=\"color: #0000ff;\" href=\"https:\/\/vimaterial.de\/en\/quality-control\/\">Chaque lot<\/a><\/span> de nos produits commence par une s\u00e9lection minutieuse des mati\u00e8res premi\u00e8res et passe par plusieurs processus avanc\u00e9s, avec un contr\u00f4le strict des param\u00e8tres et un suivi en temps r\u00e9el \u00e0 chaque \u00e9tape. L\u2019ensemble du processus de production suit le syst\u00e8me international de gestion de la qualit\u00e9, et l\u2019utilisation d\u2019\u00e9quipements d\u2019essai de haute pr\u00e9cision effectue des tests de pr\u00e9cision complets de la distribution granulom\u00e9trique, de la puret\u00e9, de la teneur en impuret\u00e9s et d\u2019autres indicateurs cl\u00e9s, sans \u00e9pargner les d\u00e9fauts mineurs, afin de garantir la qualit\u00e9 de chaque lot de produits. <\/p>\n<h2><span style=\"font-size: 14pt;\">Emballage et stockage<\/span><\/h2>\n<p>Les poudres d\u2019oxyde de fer et de titane sont emball\u00e9es dans des sacs sous vide doubles ou des bouteilles et des cartons.<\/p>\n<p>La poudre d\u2019oxyde de fer et de titane doit \u00eatre stock\u00e9e dans un environnement sec, frais et bien ventil\u00e9, en \u00e9vitant l\u2019humidit\u00e9, les temp\u00e9ratures \u00e9lev\u00e9es et la lumi\u00e8re forte, et doit \u00eatre scell\u00e9e pour \u00e9viter tout contact avec des substances corrosives telles que les acides et les alcalis, afin de maintenir la stabilit\u00e9 de ses propri\u00e9t\u00e9s chimiques et physiques.<\/p>\n","protected":false},"excerpt":{"rendered":"<p><span style=\"color: #0000ff;\"><a style=\"color: #0000ff;\" href=\"https:\/\/vimaterial.de\/en\/product\/iron-titanium-oxide-ilemnite\/\">La poudre d\u2019oxyde de fer et de titane<\/a> <\/span>est un compos\u00e9 de fer, de titane et d\u2019oxyg\u00e8ne dans une large gamme de couleurs avec une bonne stabilit\u00e9 chimique, des propri\u00e9t\u00e9s photocatalytiques et certaines propri\u00e9t\u00e9s magn\u00e9tiques, qui ont des applications potentielles dans les pigments, les photocatalyseurs et les mat\u00e9riaux magn\u00e9tiques.<\/p>\n","protected":false},"featured_media":1002021,"comment_status":"open","ping_status":"closed","template":"","meta":{"_acf_changed":false},"product_brand":[],"product_cat":[244],"product_tag":[],"class_list":{"0":"post-1014859","1":"product","2":"type-product","3":"status-publish","4":"has-post-thumbnail","6":"product_cat-autres-materiaux","8":"first","9":"instock","10":"shipping-taxable","11":"product-type-variable"},"acf":[],"_links":{"self":[{"href":"https:\/\/vimaterial.de\/fr\/wp-json\/wp\/v2\/product\/1014859","targetHints":{"allow":["GET"]}}],"collection":[{"href":"https:\/\/vimaterial.de\/fr\/wp-json\/wp\/v2\/product"}],"about":[{"href":"https:\/\/vimaterial.de\/fr\/wp-json\/wp\/v2\/types\/product"}],"replies":[{"embeddable":true,"href":"https:\/\/vimaterial.de\/fr\/wp-json\/wp\/v2\/comments?post=1014859"}],"wp:featuredmedia":[{"embeddable":true,"href":"https:\/\/vimaterial.de\/fr\/wp-json\/wp\/v2\/media\/1002021"}],"wp:attachment":[{"href":"https:\/\/vimaterial.de\/fr\/wp-json\/wp\/v2\/media?parent=1014859"}],"wp:term":[{"taxonomy":"product_brand","embeddable":true,"href":"https:\/\/vimaterial.de\/fr\/wp-json\/wp\/v2\/product_brand?post=1014859"},{"taxonomy":"product_cat","embeddable":true,"href":"https:\/\/vimaterial.de\/fr\/wp-json\/wp\/v2\/product_cat?post=1014859"},{"taxonomy":"product_tag","embeddable":true,"href":"https:\/\/vimaterial.de\/fr\/wp-json\/wp\/v2\/product_tag?post=1014859"}],"curies":[{"name":"wp","href":"https:\/\/api.w.org\/{rel}","templated":true}]}}