{"id":1014846,"date":"2024-06-17T14:44:14","date_gmt":"2024-06-17T06:44:14","guid":{"rendered":"https:\/\/vimaterial.de\/product\/alliage-de-fer-et-de-zirconium\/"},"modified":"2025-04-16T14:14:50","modified_gmt":"2025-04-16T06:14:50","slug":"alliage-de-fer-et-de-zirconium","status":"publish","type":"product","link":"https:\/\/vimaterial.de\/fr\/product\/alliage-de-fer-et-de-zirconium\/","title":{"rendered":"Alliage de fer et de zirconium"},"content":{"rendered":"<p>La cible de pulv\u00e9risation en alliage de fer et de zirconium est une sorte de mat\u00e9riau d\u2019alliage compos\u00e9 de fer et de zirconium, qui est utilis\u00e9 pour le d\u00e9p\u00f4t physique en phase vapeur. Au cours du processus de pulv\u00e9risation, les atomes de fer et de zirconium peuvent \u00eatre d\u00e9pos\u00e9s sur le substrat pour former un film mince avec de nombreuses excellentes propri\u00e9t\u00e9s telles qu\u2019une bonne r\u00e9sistance \u00e0 la corrosion, une duret\u00e9 \u00e9lev\u00e9e et des propri\u00e9t\u00e9s magn\u00e9tiques sp\u00e9ciales, etc. Il a \u00e9t\u00e9 utilis\u00e9 dans les domaines de l\u2019\u00e9lectronique, des machines, des mat\u00e9riaux magn\u00e9tiques, etc.  <\/p>\n<p>VIMATERIAL fournit des cibles de pulv\u00e9risation en alliage de fer et de zirconium, nos cibles de pulv\u00e9risation en alliage de fer et de zirconium pr\u00e9sentent les avantages d\u2019une grande puret\u00e9, d\u2019une bonne densit\u00e9, d\u2019une bonne structure cristalline, d\u2019excellentes propri\u00e9t\u00e9s de film mince, d\u2019une pr\u00e9cision dimensionnelle \u00e9lev\u00e9e, d\u2019une efficacit\u00e9 de pulv\u00e9risation \u00e9lev\u00e9e, et nous pouvons fournir un service de collage, nous pouvons accepter des produits et des exp\u00e9riences personnalis\u00e9s. Nous pouvons accepter la personnalisation et les exp\u00e9riences, veuillez <span style=\"color: #0000ff;\"><a style=\"color: #0000ff;\" href=\"https:\/\/vimaterial.de\/en\/contact-us\/\">nous contacter<\/a> <\/span>bient\u00f4t. <\/p>\n<h2><span style=\"font-size: 14pt;\">Propri\u00e9t\u00e9s physiques<\/span><\/h2>\n<p>Formule mol\u00e9culaire : FeZr<\/p>\n<p>Poids mol\u00e9culaire : environ 67,5 g\/mol<\/p>\n<p>Apparence&nbsp;: lustre m\u00e9tallis\u00e9 gris argent\u00e9, mat\u00e9riau cible \u00e0 surface lisse.<\/p>\n<p>Densit\u00e9 : g\u00e9n\u00e9ralement autour de 7,0 &#8211; 7,5 g\/cm\u00b3.<\/p>\n<p>Point de fusion : g\u00e9n\u00e9ralement entre 1500 et 1800\u00b0C<\/p>\n<h2><span style=\"font-size: 14pt;\">Applications<\/span><\/h2>\n<p>Domaine \u00e9lectronique : Utilis\u00e9 dans la fabrication de puces pour former des interconnexions et des couches barri\u00e8res afin d\u2019am\u00e9liorer la conductivit\u00e9 et la stabilit\u00e9.<\/p>\n<p>Champ optique : Rev\u00eatement des verres optiques pour am\u00e9liorer la r\u00e9sistance \u00e0 l\u2019usure et les propri\u00e9t\u00e9s antireflets.<\/p>\n<p>Champ magn\u00e9tique : Pr\u00e9paration de la couche d\u2019enregistrement magn\u00e9tique pour les disques durs afin d\u2019am\u00e9liorer la densit\u00e9 de stockage des donn\u00e9es et la vitesse de lecture\/\u00e9criture.<\/p>\n<p>Champ d\u2019\u00e9nergie&nbsp;: comme l\u2019\u00e9lectrode de la cellule solaire ou le film de r\u00e9duction de la r\u00e9flexion, pour am\u00e9liorer l\u2019efficacit\u00e9 de la conversion photo\u00e9lectrique.<\/p>\n<p>Champ d\u00e9coratif : rev\u00eatement \u00e0 la surface des mat\u00e9riaux pour leur donner un \u00e9clat m\u00e9tallique et un effet d\u00e9coratif.<\/p>\n<h2><span style=\"font-size: 14pt;\">Contr\u00f4le qualit\u00e9<\/span><\/h2>\n<p><span style=\"color: #0000ff;\"><a style=\"color: #0000ff;\" href=\"https:\/\/vimaterial.de\/en\/quality-control\/\">Le contr\u00f4le de la qualit\u00e9<\/a><\/span> de nos produits est tr\u00e8s strict, de la s\u00e9lection de mati\u00e8res premi\u00e8res de haute puret\u00e9 et stables, \u00e0 l\u2019utilisation d\u2019\u00e9quipements de pr\u00e9cision avanc\u00e9s et d\u2019une technologie rigoureuse tout au long du contr\u00f4le pr\u00e9cis du processus de production, \u00e0 l\u2019utilisation de m\u00e9thodes d\u2019essai professionnelles sur les propri\u00e9t\u00e9s physiques, chimiques, microstructurelles et autres du produit de la gamme compl\u00e8te d\u2019essais approfondis,  Chaque maillon est strictement suivi des normes internationales \u00e9lev\u00e9es, afin de garantir que chaque lot de mat\u00e9riaux livr\u00e9 avec une excellente qualit\u00e9 et stabilit\u00e9, afin de fournir aux clients une assurance qualit\u00e9 solide et fiable. Nous nous engageons \u00e0 ce que chaque lot de mat\u00e9riaux livr\u00e9s ait une excellente qualit\u00e9 et stabilit\u00e9, offrant ainsi aux clients une assurance qualit\u00e9 solide et fiable. <\/p>\n<h2><span style=\"font-size: 14pt;\">Emballage et stockage<\/span><\/h2>\n<p>Les cibles de pulv\u00e9risation en alliage de fer et de zirconium sont emball\u00e9es dans des sacs sous vide \u00e0 double couche, puis emball\u00e9es, et l\u2019ext\u00e9rieur est emball\u00e9 dans des bo\u00eetes en carton.<\/p>\n<p>Les cibles de pulv\u00e9risation en alliage fer-zirconium doivent \u00eatre stock\u00e9es dans un environnement sec, frais, bien ventil\u00e9 et stable \u00e0 la temp\u00e9rature, prot\u00e9g\u00e9es de l\u2019humidit\u00e9 et des substances corrosives, et prot\u00e9g\u00e9es des impacts physiques violents et des environnements oxydants.<\/p>\n","protected":false},"excerpt":{"rendered":"<p>La cible de pulv\u00e9risation en alliage de fer et de zirconium est une sorte de mat\u00e9riau d\u2019alliage compos\u00e9 de fer et de zirconium, qui est utilis\u00e9 pour le d\u00e9p\u00f4t physique en phase vapeur. Au cours du processus de pulv\u00e9risation, les atomes de fer et de zirconium peuvent \u00eatre d\u00e9pos\u00e9s sur le substrat pour former un film mince avec de nombreuses excellentes propri\u00e9t\u00e9s telles qu\u2019une bonne r\u00e9sistance \u00e0 la corrosion, une duret\u00e9 \u00e9lev\u00e9e et des propri\u00e9t\u00e9s magn\u00e9tiques sp\u00e9ciales, etc. Il a \u00e9t\u00e9 utilis\u00e9 dans les domaines de l\u2019\u00e9lectronique, des machines, des mat\u00e9riaux magn\u00e9tiques, etc.  <\/p>\n","protected":false},"featured_media":1002030,"comment_status":"open","ping_status":"closed","template":"","meta":{"_acf_changed":false},"product_brand":[],"product_cat":[235],"product_tag":[],"class_list":{"0":"post-1014846","1":"product","2":"type-product","3":"status-publish","4":"has-post-thumbnail","6":"product_cat-cibles-de-pulverisation-planaire","8":"first","9":"instock","10":"shipping-taxable","11":"product-type-variable"},"acf":[],"_links":{"self":[{"href":"https:\/\/vimaterial.de\/fr\/wp-json\/wp\/v2\/product\/1014846","targetHints":{"allow":["GET"]}}],"collection":[{"href":"https:\/\/vimaterial.de\/fr\/wp-json\/wp\/v2\/product"}],"about":[{"href":"https:\/\/vimaterial.de\/fr\/wp-json\/wp\/v2\/types\/product"}],"replies":[{"embeddable":true,"href":"https:\/\/vimaterial.de\/fr\/wp-json\/wp\/v2\/comments?post=1014846"}],"wp:featuredmedia":[{"embeddable":true,"href":"https:\/\/vimaterial.de\/fr\/wp-json\/wp\/v2\/media\/1002030"}],"wp:attachment":[{"href":"https:\/\/vimaterial.de\/fr\/wp-json\/wp\/v2\/media?parent=1014846"}],"wp:term":[{"taxonomy":"product_brand","embeddable":true,"href":"https:\/\/vimaterial.de\/fr\/wp-json\/wp\/v2\/product_brand?post=1014846"},{"taxonomy":"product_cat","embeddable":true,"href":"https:\/\/vimaterial.de\/fr\/wp-json\/wp\/v2\/product_cat?post=1014846"},{"taxonomy":"product_tag","embeddable":true,"href":"https:\/\/vimaterial.de\/fr\/wp-json\/wp\/v2\/product_tag?post=1014846"}],"curies":[{"name":"wp","href":"https:\/\/api.w.org\/{rel}","templated":true}]}}