{"id":1014842,"date":"2024-06-17T14:44:14","date_gmt":"2024-06-17T06:44:14","guid":{"rendered":"https:\/\/vimaterial.de\/product\/oxyde-de-fer-et-de-titane-ilemnite\/"},"modified":"2025-04-16T14:17:00","modified_gmt":"2025-04-16T06:17:00","slug":"oxyde-de-fer-et-de-titane-ilemnite","status":"publish","type":"product","link":"https:\/\/vimaterial.de\/fr\/product\/oxyde-de-fer-et-de-titane-ilemnite\/","title":{"rendered":"Oxyde de fer et de titane (ilemnite)"},"content":{"rendered":"<p><span style=\"color: #0000ff;\"><a style=\"color: #0000ff;\" href=\"https:\/\/vimaterial.de\/en\/product\/iron-titanate\/\">La cible de pulv\u00e9risation d\u2019oxyde de fer et de titane <\/a><\/span>est un mat\u00e9riau compos\u00e9 de fer, de titane et d\u2019oxyg\u00e8ne, principalement utilis\u00e9 dans le d\u00e9p\u00f4t physique en phase vapeur, dans le processus de pulv\u00e9risation peut \u00eatre des particules de fer, de titane et d\u2019oxyg\u00e8ne d\u00e9pos\u00e9es sur le substrat pour former un film mince, cette cible a de bonnes propri\u00e9t\u00e9s optiques, \u00e9lectriques et magn\u00e9tiques, dans le domaine des dispositifs optiques,  Les \u00e9quipements \u00e9lectroniques et les mat\u00e9riaux magn\u00e9tiques et d\u2019autres domaines ont un large \u00e9ventail d\u2019applications.<\/p>\n<p>VIMATERIAL fournit des cibles de pulv\u00e9risation d\u2019oxyde de fer et de titane, nos cibles de pulv\u00e9risation d\u2019oxyde de fer et de titane ont les avantages d\u2019une grande puret\u00e9, d\u2019une bonne densit\u00e9, d\u2019une bonne structure cristalline, d\u2019excellentes propri\u00e9t\u00e9s de couche mince, d\u2019une pr\u00e9cision dimensionnelle \u00e9lev\u00e9e, d\u2019une efficacit\u00e9 de pulv\u00e9risation \u00e9lev\u00e9e et nous pouvons fournir le service de liaison, nous pouvons accepter la personnalisation des produits et des exp\u00e9riences, veuillez nous contacter bient\u00f4t. Nous pouvons accepter des produits et des exp\u00e9riences personnalis\u00e9s, veuillez <span style=\"color: #0000ff;\"><a style=\"color: #0000ff;\" href=\"https:\/\/vimaterial.de\/en\/contact-us\/\">nous contacter<\/a><\/span> bient\u00f4t. <\/p>\n<h2><span style=\"font-size: 14pt;\">Propri\u00e9t\u00e9s physiques<\/span><\/h2>\n<p>Formule mol\u00e9culaire : FeTiO\u2083<\/p>\n<p>Poids mol\u00e9culaire : environ 152 g\/mol<\/p>\n<p>Aspect : g\u00e9n\u00e9ralement gris fonc\u00e9 ou mat\u00e9riau cible noir<\/p>\n<p>Densit\u00e9 : environ 4 \u00e0 5 g\/cm\u00b3.<\/p>\n<p>Point de fusion : \u00c9lev\u00e9, environ 1300 &#8211; 1500\u00b0C<\/p>\n<p>Structure cristalline&nbsp;: La structure commune de type ilm\u00e9nite, appartient au syst\u00e8me cristallin tripartite, dans lequel les ions de fer et de titane ont un arrangement sp\u00e9cifique dans la position du cristal, cette structure a une influence importante sur ses propri\u00e9t\u00e9s physiques et chimiques.<\/p>\n<h2><span style=\"font-size: 14pt;\">Applications<\/span><\/h2>\n<p>Champ optique : Utilis\u00e9 dans la fabrication de rev\u00eatements de lentilles optiques pour am\u00e9liorer la transmission de la lumi\u00e8re et la r\u00e9sistance \u00e0 l\u2019usure des lentilles afin de r\u00e9pondre aux besoins des instruments optiques.<\/p>\n<p>\u00c9lectronique : Utilis\u00e9 comme mat\u00e9riau d\u2019\u00e9lectrode dans les appareils \u00e9lectroniques pour assurer le fonctionnement stable des circuits en raison de ses propri\u00e9t\u00e9s \u00e9lectriques.<\/p>\n<p>Champ d\u2019enregistrement magn\u00e9tique : utilis\u00e9 dans les disques magn\u00e9tiques et autres supports de stockage, utilisant ses propri\u00e9t\u00e9s magn\u00e9tiques pour am\u00e9liorer la densit\u00e9 et la fiabilit\u00e9 du stockage des donn\u00e9es.<\/p>\n<h2><span style=\"font-size: 14pt;\">Contr\u00f4le qualit\u00e9<\/span><\/h2>\n<p><span style=\"color: #0000ff;\"><a style=\"color: #0000ff;\" href=\"https:\/\/vimaterial.de\/en\/quality-control\/\">Le contr\u00f4le de la qualit\u00e9<\/a><\/span> de nos produits est tr\u00e8s strict, de la s\u00e9lection de mati\u00e8res premi\u00e8res de haute puret\u00e9 et stables, \u00e0 l\u2019utilisation d\u2019\u00e9quipements de pr\u00e9cision avanc\u00e9s et d\u2019une technologie rigoureuse tout au long du contr\u00f4le pr\u00e9cis du processus de production, \u00e0 l\u2019utilisation de m\u00e9thodes d\u2019essai professionnelles sur les propri\u00e9t\u00e9s physiques, chimiques, microstructurelles et autres du produit de la gamme compl\u00e8te d\u2019essais approfondis,  Chaque maillon est strictement suivi des normes internationales \u00e9lev\u00e9es, afin de garantir que chaque lot de mat\u00e9riaux livr\u00e9 avec une excellente qualit\u00e9 et stabilit\u00e9, afin de fournir aux clients une assurance qualit\u00e9 solide et fiable. Nous nous engageons \u00e0 ce que chaque lot de mat\u00e9riaux livr\u00e9s ait une excellente qualit\u00e9 et stabilit\u00e9, offrant ainsi aux clients une assurance qualit\u00e9 solide et fiable. <\/p>\n<h2><span style=\"font-size: 14pt;\">Emballage et stockage<\/span><\/h2>\n<p>Les cibles de pulv\u00e9risation \u00e0 l\u2019oxyde de fer et de titane sont emball\u00e9es dans des sacs et des bo\u00eetes sous vide \u00e0 double couche, et l\u2019ext\u00e9rieur est emball\u00e9 dans des cartons.<\/p>\n<p>Les cibles de pulv\u00e9risation d\u2019oxyde de fer et de titane doivent \u00eatre stock\u00e9es dans un environnement sec, frais et bien ventil\u00e9 pour \u00e9viter l\u2019humidit\u00e9 et le contact avec des substances corrosives fortes, et en m\u00eame temps pour s\u2019assurer que la temp\u00e9rature de l\u2019environnement de stockage est relativement stable, pour \u00e9viter d\u2019endommager la cible en raison de changements de temp\u00e9rature excessifs.<\/p>\n","protected":false},"excerpt":{"rendered":"<p><span style=\"color: #0000ff;\"><a style=\"color: #0000ff;\" href=\"https:\/\/vimaterial.de\/en\/product\/iron-titanate\/\">La cible de pulv\u00e9risation d\u2019oxyde de fer et de titane <\/a><\/span>est un mat\u00e9riau compos\u00e9 de fer, de titane et d\u2019oxyg\u00e8ne, principalement utilis\u00e9 dans le d\u00e9p\u00f4t physique en phase vapeur, dans le processus de pulv\u00e9risation peut \u00eatre des particules de fer, de titane et d\u2019oxyg\u00e8ne d\u00e9pos\u00e9es sur le substrat pour former un film mince, cette cible a de bonnes propri\u00e9t\u00e9s optiques, \u00e9lectriques et magn\u00e9tiques, dans le domaine des dispositifs optiques,  Les \u00e9quipements \u00e9lectroniques et les mat\u00e9riaux magn\u00e9tiques et d\u2019autres domaines ont un large \u00e9ventail d\u2019applications.<\/p>\n","protected":false},"featured_media":1002021,"comment_status":"open","ping_status":"closed","template":"","meta":{"_acf_changed":false},"product_brand":[],"product_cat":[235],"product_tag":[],"class_list":{"0":"post-1014842","1":"product","2":"type-product","3":"status-publish","4":"has-post-thumbnail","6":"product_cat-cibles-de-pulverisation-planaire","8":"first","9":"instock","10":"shipping-taxable","11":"product-type-variable"},"acf":[],"_links":{"self":[{"href":"https:\/\/vimaterial.de\/fr\/wp-json\/wp\/v2\/product\/1014842","targetHints":{"allow":["GET"]}}],"collection":[{"href":"https:\/\/vimaterial.de\/fr\/wp-json\/wp\/v2\/product"}],"about":[{"href":"https:\/\/vimaterial.de\/fr\/wp-json\/wp\/v2\/types\/product"}],"replies":[{"embeddable":true,"href":"https:\/\/vimaterial.de\/fr\/wp-json\/wp\/v2\/comments?post=1014842"}],"wp:featuredmedia":[{"embeddable":true,"href":"https:\/\/vimaterial.de\/fr\/wp-json\/wp\/v2\/media\/1002021"}],"wp:attachment":[{"href":"https:\/\/vimaterial.de\/fr\/wp-json\/wp\/v2\/media?parent=1014842"}],"wp:term":[{"taxonomy":"product_brand","embeddable":true,"href":"https:\/\/vimaterial.de\/fr\/wp-json\/wp\/v2\/product_brand?post=1014842"},{"taxonomy":"product_cat","embeddable":true,"href":"https:\/\/vimaterial.de\/fr\/wp-json\/wp\/v2\/product_cat?post=1014842"},{"taxonomy":"product_tag","embeddable":true,"href":"https:\/\/vimaterial.de\/fr\/wp-json\/wp\/v2\/product_tag?post=1014842"}],"curies":[{"name":"wp","href":"https:\/\/api.w.org\/{rel}","templated":true}]}}