{"id":1014833,"date":"2024-06-17T14:44:15","date_gmt":"2024-06-17T06:44:15","guid":{"rendered":"https:\/\/vimaterial.de\/product\/metal-cobalt-8\/"},"modified":"2025-04-16T14:12:43","modified_gmt":"2025-04-16T06:12:43","slug":"metal-cobalt-8","status":"publish","type":"product","link":"https:\/\/vimaterial.de\/fr\/product\/metal-cobalt-8\/","title":{"rendered":"Cobalt m\u00e9tal"},"content":{"rendered":"<p>Les granul\u00e9s de <span style=\"color: #0000ff;\"><a style=\"color: #0000ff;\" href=\"https:\/\/vimaterial.de\/en\/product\/cobalt-metal-4\/\">cobalt m\u00e9tallique<\/a><\/span> sont des granul\u00e9s de cobalt m\u00e9tal solides, de forme irr\u00e9guli\u00e8re ou grossi\u00e8rement grumeleux, qui sont durs, brillants, gris argent\u00e9 et magn\u00e9tiques, et sont couramment utilis\u00e9s dans une vari\u00e9t\u00e9 d\u2019applications industrielles, telles que la production d\u2019alliages, la fabrication de batteries et la fabrication d\u2019aimants.<\/p>\n<p>VIMATERIAL fournit des granul\u00e9s de cobalt m\u00e9tallique, nos morceaux ont une composition uniforme et stable, une puret\u00e9 \u00e9lev\u00e9e, une forte duret\u00e9, une taille de particule contr\u00f4lable, etc. Et nous pouvons accepter des produits et des exp\u00e9riences personnalis\u00e9s, nous avons une \u00e9quipe professionnelle de recherche et d\u00e9veloppement technique, <span style=\"color: #0000ff;\"><a style=\"color: #0000ff;\" href=\"https:\/\/vimaterial.de\/en\/contact-us\/\">contactez-nous.<\/a><\/span> <\/p>\n<h2><span style=\"font-size: 14pt;\">Propri\u00e9t\u00e9s physiques<\/span><\/h2>\n<p>Formule mol\u00e9culaire : Co<\/p>\n<p>Poids mol\u00e9culaire : 58,933<\/p>\n<p>Aspect : particules m\u00e9talliques gris argent\u00e9<\/p>\n<p>Densit\u00e9 : 8,9 g\/cm\u00b3<\/p>\n<p>Point de fusion : 1495\u00b0C<\/p>\n<p>Point d\u2019\u00e9bullition : 2927\u00b0C<\/p>\n<p>Structure cristalline&nbsp;: Structure cristalline hexagonale dense, cette structure fait que le m\u00e9tal cobalt a une meilleure r\u00e9sistance et t\u00e9nacit\u00e9 et d\u2019autres propri\u00e9t\u00e9s m\u00e9caniques.<\/p>\n<h2><span style=\"font-size: 14pt;\">Applications<\/span><\/h2>\n<p>Domaine de la batterie&nbsp;: utilis\u00e9 dans la fabrication de mat\u00e9riaux de cathode de batterie lithium-ion, am\u00e9liore les performances de la batterie, couramment utilis\u00e9 dans les produits \u00e9lectroniques et les v\u00e9hicules \u00e9lectriques.<\/p>\n<p>Fabrication d\u2019alliages&nbsp;: et d\u2019autres m\u00e9taux en carbure c\u00e9ment\u00e9 \u00e0 haute temp\u00e9rature, utilis\u00e9s dans les pales de moteur d\u2019avion et les outils de coupe, etc., pour am\u00e9liorer la r\u00e9sistance aux hautes temp\u00e9ratures et d\u2019autres propri\u00e9t\u00e9s.<\/p>\n<p>Mat\u00e9riaux magn\u00e9tiques : en tant que mati\u00e8re premi\u00e8re cl\u00e9 pour les aimants permanents, l\u2019alliage d\u2019aimant permanent est utilis\u00e9 dans les pi\u00e8ces magn\u00e9tiques des \u00e9quipements \u00e9lectroniques, m\u00e9dicaux et a\u00e9rospatiaux, avec des propri\u00e9t\u00e9s magn\u00e9tiques \u00e9lev\u00e9es.<\/p>\n<p>Industrie chimique : utilis\u00e9 comme catalyseur pour l\u2019hydrog\u00e9nation p\u00e9trochimique, la r\u00e9action de polym\u00e9risation du caoutchouc, pour am\u00e9liorer l\u2019efficacit\u00e9 et la s\u00e9lectivit\u00e9 de la r\u00e9action, r\u00e9duire les co\u00fbts.<\/p>\n<p>Industrie de la c\u00e9ramique et du verre&nbsp;: transform\u00e9 en pigment bleu de cobalt pour la teinture, augmenter la duret\u00e9 et le lustre, am\u00e9liorer la d\u00e9coration et la qualit\u00e9 du produit.<\/p>\n<p>Domaine m\u00e9dical : Sa biocompatibilit\u00e9 est utilis\u00e9e dans la fabrication d\u2019articulations artificielles et d\u2019autres dispositifs, et son isotope est utilis\u00e9 dans la radioth\u00e9rapie du cancer.<\/p>\n<h2><span style=\"font-size: 14pt;\">Contr\u00f4le de la qualit\u00e9<\/span><\/h2>\n<p><span style=\"color: #0000ff;\"><a style=\"color: #0000ff;\" href=\"https:\/\/vimaterial.de\/en\/quality-control\/\">Chaque lot<\/a> <\/span>de produits garantit strictement la qualit\u00e9, de la s\u00e9lection des fournisseurs de mati\u00e8res premi\u00e8res \u00e0 l\u2019utilisation d\u2019\u00e9quipements de test avanc\u00e9s pour surveiller avec pr\u00e9cision l\u2019ensemble du processus de production, jusqu\u2019au produit fini \u00e0 travers de nombreuses s\u00e9ries d\u2019\u00e9chantillonnage rigoureux et de certification par une tierce partie faisant autorit\u00e9, jusqu\u2019\u00e0 un syst\u00e8me de contr\u00f4le de la qualit\u00e9 complet et \u00e0 tol\u00e9rance z\u00e9ro pour garantir que chaque lot de produits respecte et d\u00e9passe les normes \u00e9lev\u00e9es de l\u2019industrie.  Fournir \u00e0 nos clients la meilleure qualit\u00e9 et les produits les plus stables.<\/p>\n<h2><span style=\"font-size: 14pt;\">Emballage et stockage<\/span><\/h2>\n<p>Les granul\u00e9s de cobalt m\u00e9tallique sont emball\u00e9s dans des sacs sous vide ou des bouteilles sous vide avec des cartons ext\u00e9rieurs.<\/p>\n<p>Les granul\u00e9s de cobalt m\u00e9tallique doivent \u00eatre stock\u00e9s dans un environnement sec et bien ventil\u00e9, \u00e0 l\u2019\u00e9cart des sources d\u2019inflammation et des mat\u00e9riaux inflammables, en \u00e9vitant tout contact avec des acides, des alcalis et d\u2019autres substances corrosives, tout en pr\u00e9venant l\u2019humidit\u00e9 et l\u2019oxydation, et peuvent \u00eatre emball\u00e9s dans des emballages scell\u00e9s ou stock\u00e9s dans des r\u00e9cipients prot\u00e9g\u00e9s par un gaz inerte.<\/p>\n","protected":false},"excerpt":{"rendered":"<p>Les granul\u00e9s de <span style=\"color: #0000ff;\"><a style=\"color: #0000ff;\" href=\"https:\/\/vimaterial.de\/en\/product\/cobalt-metal-4\/\">cobalt m\u00e9tallique<\/a><\/span> sont des granul\u00e9s de cobalt m\u00e9tal solides, de forme irr\u00e9guli\u00e8re ou grossi\u00e8rement grumeleux, qui sont durs, brillants, gris argent\u00e9 et magn\u00e9tiques, et sont couramment utilis\u00e9s dans une vari\u00e9t\u00e9 d\u2019applications industrielles, telles que la production d\u2019alliages, la fabrication de batteries et la fabrication d\u2019aimants.<\/p>\n","protected":false},"featured_media":1002046,"comment_status":"open","ping_status":"closed","template":"","meta":{"_acf_changed":false},"product_brand":[],"product_cat":[236],"product_tag":[],"class_list":{"0":"post-1014833","1":"product","2":"type-product","3":"status-publish","4":"has-post-thumbnail","6":"product_cat-materiaux-devaporation","8":"first","9":"instock","10":"shipping-taxable","11":"purchasable","12":"product-type-variable"},"acf":[],"_links":{"self":[{"href":"https:\/\/vimaterial.de\/fr\/wp-json\/wp\/v2\/product\/1014833","targetHints":{"allow":["GET"]}}],"collection":[{"href":"https:\/\/vimaterial.de\/fr\/wp-json\/wp\/v2\/product"}],"about":[{"href":"https:\/\/vimaterial.de\/fr\/wp-json\/wp\/v2\/types\/product"}],"replies":[{"embeddable":true,"href":"https:\/\/vimaterial.de\/fr\/wp-json\/wp\/v2\/comments?post=1014833"}],"wp:featuredmedia":[{"embeddable":true,"href":"https:\/\/vimaterial.de\/fr\/wp-json\/wp\/v2\/media\/1002046"}],"wp:attachment":[{"href":"https:\/\/vimaterial.de\/fr\/wp-json\/wp\/v2\/media?parent=1014833"}],"wp:term":[{"taxonomy":"product_brand","embeddable":true,"href":"https:\/\/vimaterial.de\/fr\/wp-json\/wp\/v2\/product_brand?post=1014833"},{"taxonomy":"product_cat","embeddable":true,"href":"https:\/\/vimaterial.de\/fr\/wp-json\/wp\/v2\/product_cat?post=1014833"},{"taxonomy":"product_tag","embeddable":true,"href":"https:\/\/vimaterial.de\/fr\/wp-json\/wp\/v2\/product_tag?post=1014833"}],"curies":[{"name":"wp","href":"https:\/\/api.w.org\/{rel}","templated":true}]}}