{"id":1014829,"date":"2024-06-17T14:44:14","date_gmt":"2024-06-17T06:44:14","guid":{"rendered":"https:\/\/vimaterial.de\/product\/metal-cobalt-7\/"},"modified":"2024-07-17T12:46:05","modified_gmt":"2024-07-17T04:46:05","slug":"metal-cobalt-7","status":"publish","type":"product","link":"https:\/\/vimaterial.de\/fr\/product\/metal-cobalt-7\/","title":{"rendered":"Cobalt m\u00e9tal"},"content":{"rendered":"<p>Caract\u00e9ristiqueLe cobalt est un m\u00e9tal ferromagn\u00e9tique avec un blanc argent\u00e9 la surface est blanc argent\u00e9, l\u00e9g\u00e8rement rose p\u00e2le, est situ\u00e9 dans le quatri\u00e8me cycle du tableau p\u00e9riodique, le premier VIII., num\u00e9ro atomique 27, fermez les cristaux \u00e0 six parties, la valence commune est + 2, + 3.Le cobalt est un m\u00e9tal gris acier brillant, dur et cassant, ferromagn\u00e9tique, lorsqu\u2019il est chauff\u00e9 \u00e0 1150\u00b0C magn\u00e9tique disparaissent. Le cobalt a des valences de +2 et +3.At temp\u00e9rature normale, il ne fonctionne ni avec de l\u2019eau ni de l\u2019air et est similaire au fer et au nickel. Phase \u00e0 STP :solideAspect :m\u00e9tal gris bleu\u00e2tre dur et brillantPoint de fusion :1768 K (1495 \u00b0C, 2723 \u00b0F)Point d\u2019\u00e9bullition :3200 K (2927 \u00b0C, 5301 \u00b0F)Densit\u00e9 (pr\u00e8s de r.t.) :8,90 g\/cm3lorsqu\u2019il est liquide (\u00e0 m.p.) :8,86 g\/cm3Chaleur de fusion :16,06 kJ\/molChaleur de vaporisation :377 kJ\/molCapacit\u00e9 calorifique molaire :24,81 J\/(mol\u00b7 K) ApplicationLe cobalt est principalement utilis\u00e9 dans les batteries lithium-ion et dans la fabrication d\u2019alliages magn\u00e9tiques, r\u00e9sistants \u00e0 l\u2019usure et \u00e0 haute r\u00e9sistance. Les compos\u00e9s silicate de cobalt et aluminate de cobalt(II) (CoAl2O4, bleu de cobalt) donnent une couleur bleu profond distinctive au verre, \u00e0 la c\u00e9ramique, aux encres, aux peintures et aux vernis. Le cobalt est naturellement pr\u00e9sent sous la forme d\u2019un seul isotope stable, le cobalt 59. Le cobalt 60 est un radio-isotope d\u2019importance commerciale, utilis\u00e9 comme traceur radioactif et pour la production de rayons gamma de haute \u00e9nergie.<\/p>\n","protected":false},"excerpt":{"rendered":"<p>Caract\u00e9ristiqueLe cobalt est un m\u00e9tal ferromagn\u00e9tique avec un blanc argent\u00e9 la surface est blanc argent\u00e9, l\u00e9g\u00e8rement rose p\u00e2le, est situ\u00e9 dans le quatri\u00e8me cycle du tableau p\u00e9riodique, le premier VIII., num\u00e9ro atomique 27, fermez les cristaux \u00e0 six parties, la valence commune est + 2, + 3.Le cobalt est un m\u00e9tal gris acier brillant, dur [&hellip;]<\/p>\n","protected":false},"featured_media":1002037,"comment_status":"open","ping_status":"closed","template":"","meta":{"_acf_changed":false},"product_brand":[],"product_cat":[245],"product_tag":[],"class_list":{"0":"post-1014829","1":"product","2":"type-product","3":"status-publish","4":"has-post-thumbnail","6":"product_cat-profil-fr","8":"first","9":"instock","10":"shipping-taxable","11":"purchasable","12":"product-type-variable"},"acf":[],"_links":{"self":[{"href":"https:\/\/vimaterial.de\/fr\/wp-json\/wp\/v2\/product\/1014829","targetHints":{"allow":["GET"]}}],"collection":[{"href":"https:\/\/vimaterial.de\/fr\/wp-json\/wp\/v2\/product"}],"about":[{"href":"https:\/\/vimaterial.de\/fr\/wp-json\/wp\/v2\/types\/product"}],"replies":[{"embeddable":true,"href":"https:\/\/vimaterial.de\/fr\/wp-json\/wp\/v2\/comments?post=1014829"}],"wp:featuredmedia":[{"embeddable":true,"href":"https:\/\/vimaterial.de\/fr\/wp-json\/wp\/v2\/media\/1002037"}],"wp:attachment":[{"href":"https:\/\/vimaterial.de\/fr\/wp-json\/wp\/v2\/media?parent=1014829"}],"wp:term":[{"taxonomy":"product_brand","embeddable":true,"href":"https:\/\/vimaterial.de\/fr\/wp-json\/wp\/v2\/product_brand?post=1014829"},{"taxonomy":"product_cat","embeddable":true,"href":"https:\/\/vimaterial.de\/fr\/wp-json\/wp\/v2\/product_cat?post=1014829"},{"taxonomy":"product_tag","embeddable":true,"href":"https:\/\/vimaterial.de\/fr\/wp-json\/wp\/v2\/product_tag?post=1014829"}],"curies":[{"name":"wp","href":"https:\/\/api.w.org\/{rel}","templated":true}]}}