{"id":1014802,"date":"2024-06-17T14:44:16","date_gmt":"2024-06-17T06:44:16","guid":{"rendered":"https:\/\/vimaterial.de\/product\/metal-cobalt-5\/"},"modified":"2025-04-16T14:06:24","modified_gmt":"2025-04-16T06:06:24","slug":"metal-cobalt-5","status":"publish","type":"product","link":"https:\/\/vimaterial.de\/fr\/product\/metal-cobalt-5\/","title":{"rendered":"Cobalt m\u00e9tal"},"content":{"rendered":"<p>Les granules m\u00e9talliques de <span style=\"color: #0000ff;\"><a style=\"color: #0000ff;\" href=\"https:\/\/vimaterial.de\/en\/product\/cobalt-metal-4\/\">cobalt<\/a><\/span> sont une sorte de mat\u00e9riau granulaire gris argent\u00e9 avec un \u00e9clat m\u00e9tallique, une texture dure, une bonne conductivit\u00e9 \u00e9lectrique, une conductivit\u00e9 thermique et une ductilit\u00e9, largement utilis\u00e9 dans les mat\u00e9riaux magn\u00e9tiques, les alliages \u00e0 haute temp\u00e9rature, les catalyseurs et d\u2019autres domaines.<\/p>\n<p>VIMATERIAL fournit des particules de cobalt m\u00e9tallique, nos particules sont uniformes et stables dans leur composition, leur puret\u00e9 \u00e9lev\u00e9e, leur duret\u00e9, leur taille de particule contr\u00f4lable, etc. et nous pouvons accepter des produits et des exp\u00e9riences personnalis\u00e9s, nous avons une \u00e9quipe de recherche et d\u00e9veloppement technique professionnelle, <span style=\"color: #0000ff;\"><a style=\"color: #0000ff;\" href=\"https:\/\/vimaterial.de\/en\/contact-us\/\">contactez-nous.<\/a><\/span><\/p>\n<h2><span style=\"font-size: 14pt;\">Propri\u00e9t\u00e9s physiques<\/span><\/h2>\n<p>Formule mol\u00e9culaire : Co<\/p>\n<p>Poids mol\u00e9culaire : 58,933<\/p>\n<p>Aspect : particules m\u00e9talliques gris argent\u00e9<\/p>\n<p>Densit\u00e9 : 8,9 g\/cm\u00b3<\/p>\n<p>Point de fusion : 1495\u00b0C<\/p>\n<p>Point d\u2019\u00e9bullition : 2927\u00b0C<\/p>\n<p>Structure cristalline : Structure hexagonale compacte<\/p>\n<h2><span style=\"font-size: 14pt;\">Application<\/span><\/h2>\n<p>Mat\u00e9riaux magn\u00e9tiques : Les granules m\u00e9talliques de cobalt sont utilis\u00e9s dans la fabrication de puissants aimants permanents pour r\u00e9pondre \u00e0 la demande de produits \u00e0 haute \u00e9nergie magn\u00e9tique pour la miniaturisation des appareils \u00e9lectroniques.<\/p>\n<p>Alliages \u00e0 haute temp\u00e9rature : Des granul\u00e9s de cobalt m\u00e9tallique sont ajout\u00e9s aux alliages en tant que composant cl\u00e9 pour am\u00e9liorer leurs propri\u00e9t\u00e9s de r\u00e9sistance aux hautes temp\u00e9ratures et \u00e0 l\u2019usure, et sont utilis\u00e9s dans des composants cl\u00e9s tels que les aubes de moteur d\u2019avion.<\/p>\n<p>Domaine des mat\u00e9riaux de la batterie&nbsp;: impliqu\u00e9 dans la pr\u00e9paration de l\u2019\u00e9lectrode de batterie au lithium cobalt, fournissant une plate-forme haute tension pour assurer la densit\u00e9 d\u2019\u00e9nergie et les performances de charge \/ d\u00e9charge de la batterie.<\/p>\n<p>Champ catalytique : agir comme catalyseur dans la r\u00e9action de synth\u00e8se chimique, acc\u00e9l\u00e9rer le processus de r\u00e9action, am\u00e9liorer l\u2019efficacit\u00e9 de la production et la s\u00e9lectivit\u00e9 du produit.<\/p>\n<p>Champ de pigments c\u00e9ramiques&nbsp;: ajoutez un pigment bleu unique \u00e0 la c\u00e9ramique apr\u00e8s le traitement, am\u00e9liorez la richesse des couleurs et la valeur artistique des produits c\u00e9ramiques.<\/p>\n<h2><span style=\"font-size: 14pt;\">Contr\u00f4le de la qualit\u00e9<\/span><\/h2>\n<p><span style=\"color: #0000ff;\"><a style=\"color: #0000ff;\" href=\"https:\/\/vimaterial.de\/en\/quality-control\/\">Chaque lot<\/a><\/span> de produits garantit strictement la qualit\u00e9, de la s\u00e9lection des fournisseurs de mati\u00e8res premi\u00e8res \u00e0 l\u2019utilisation d\u2019\u00e9quipements de test avanc\u00e9s pour surveiller avec pr\u00e9cision l\u2019ensemble du processus de production, jusqu\u2019au produit fini \u00e0 travers de nombreuses s\u00e9ries d\u2019\u00e9chantillonnage rigoureux et de certification par une tierce partie faisant autorit\u00e9, jusqu\u2019\u00e0 un syst\u00e8me de contr\u00f4le de la qualit\u00e9 complet et \u00e0 tol\u00e9rance z\u00e9ro pour garantir que chaque lot de produits respecte et d\u00e9passe les normes \u00e9lev\u00e9es de l\u2019industrie.  Fournir \u00e0 nos clients la meilleure qualit\u00e9 et les produits les plus stables.<\/p>\n<h2><span style=\"font-size: 14pt;\">Emballage et stockage<\/span><\/h2>\n<p>Les granul\u00e9s de cobalt m\u00e9tallique sont emball\u00e9s dans des sacs ou des bouteilles sous vide et emball\u00e9s dans des cartons.<\/p>\n<p>Les granul\u00e9s de cobalt m\u00e9tallique doivent \u00eatre stock\u00e9s dans un endroit sec, ventil\u00e9 et frais, en \u00e9vitant tout contact avec des acides forts, des alcalis et des agents oxydants, et \u00e0 l\u2019abri du feu et des sources de chaleur.<\/p>\n","protected":false},"excerpt":{"rendered":"<p>Les granules m\u00e9talliques de <span style=\"color: #0000ff;\"><a style=\"color: #0000ff;\" href=\"https:\/\/vimaterial.de\/en\/product\/cobalt-metal-4\/\">cobalt<\/a><\/span> sont une sorte de mat\u00e9riau granulaire gris argent\u00e9 avec un \u00e9clat m\u00e9tallique, une texture dure, une bonne conductivit\u00e9 \u00e9lectrique, une conductivit\u00e9 thermique et une ductilit\u00e9, largement utilis\u00e9 dans les mat\u00e9riaux magn\u00e9tiques, les alliages \u00e0 haute temp\u00e9rature, les catalyseurs et d\u2019autres domaines.<\/p>\n","protected":false},"featured_media":1002061,"comment_status":"open","ping_status":"closed","template":"","meta":{"_acf_changed":false},"product_brand":[],"product_cat":[236],"product_tag":[],"class_list":{"0":"post-1014802","1":"product","2":"type-product","3":"status-publish","4":"has-post-thumbnail","6":"product_cat-materiaux-devaporation","8":"first","9":"instock","10":"shipping-taxable","11":"purchasable","12":"product-type-variable"},"acf":[],"_links":{"self":[{"href":"https:\/\/vimaterial.de\/fr\/wp-json\/wp\/v2\/product\/1014802","targetHints":{"allow":["GET"]}}],"collection":[{"href":"https:\/\/vimaterial.de\/fr\/wp-json\/wp\/v2\/product"}],"about":[{"href":"https:\/\/vimaterial.de\/fr\/wp-json\/wp\/v2\/types\/product"}],"replies":[{"embeddable":true,"href":"https:\/\/vimaterial.de\/fr\/wp-json\/wp\/v2\/comments?post=1014802"}],"wp:featuredmedia":[{"embeddable":true,"href":"https:\/\/vimaterial.de\/fr\/wp-json\/wp\/v2\/media\/1002061"}],"wp:attachment":[{"href":"https:\/\/vimaterial.de\/fr\/wp-json\/wp\/v2\/media?parent=1014802"}],"wp:term":[{"taxonomy":"product_brand","embeddable":true,"href":"https:\/\/vimaterial.de\/fr\/wp-json\/wp\/v2\/product_brand?post=1014802"},{"taxonomy":"product_cat","embeddable":true,"href":"https:\/\/vimaterial.de\/fr\/wp-json\/wp\/v2\/product_cat?post=1014802"},{"taxonomy":"product_tag","embeddable":true,"href":"https:\/\/vimaterial.de\/fr\/wp-json\/wp\/v2\/product_tag?post=1014802"}],"curies":[{"name":"wp","href":"https:\/\/api.w.org\/{rel}","templated":true}]}}