{"id":1014769,"date":"2024-06-17T14:44:17","date_gmt":"2024-06-17T06:44:17","guid":{"rendered":"https:\/\/vimaterial.de\/product\/metal-cobalt-2\/"},"modified":"2025-04-16T13:49:11","modified_gmt":"2025-04-16T05:49:11","slug":"metal-cobalt-2","status":"publish","type":"product","link":"https:\/\/vimaterial.de\/fr\/product\/metal-cobalt-2\/","title":{"rendered":"Cobalt m\u00e9tal"},"content":{"rendered":"<p><span style=\"color: #0000ff;\"><a style=\"color: #0000ff;\" href=\"https:\/\/vimaterial.de\/en\/product\/cobalt-metal-8\/\">La poudre de cobalt m\u00e9tallique<\/a><\/span> est une poudre de lustre m\u00e9tallique gris argent\u00e9, principalement compos\u00e9e de cobalt \u00e9l\u00e9mentaire, avec une texture fine, certaines propri\u00e9t\u00e9s magn\u00e9tiques, chimiquement active, jouant un r\u00f4le cl\u00e9 dans la fabrication d\u2019alliages, de mat\u00e9riaux magn\u00e9tiques, de catalyseurs et de nombreux autres domaines.<\/p>\n<p>VIAMTERIAL fournit une large gamme de poudres m\u00e9talliques de cobalt. Nos poudres se caract\u00e9risent par une grande puret\u00e9, une taille de particule uniforme, une bonne fluidit\u00e9, des propri\u00e9t\u00e9s chimiques stables, etc. Nous prenons \u00e9galement en charge l\u2019emballage et la commande en petits lots. Nous avons une \u00e9quipe technique professionnelle de recherche et d\u00e9veloppement, acceptons la personnalisation et l\u2019exp\u00e9rimentation du produit, veuillez<span style=\"color: #0000ff;\"><a style=\"color: #0000ff;\" href=\"https:\/\/vimaterial.de\/en\/contact-us\/\"> nous contacter.<\/a><\/span>   <\/p>\n<h2><span style=\"font-size: 14pt;\">Propri\u00e9t\u00e9s physiques<\/span><\/h2>\n<p>Formule mol\u00e9culaire : Co<\/p>\n<p>Poids mol\u00e9culaire : 58,93<\/p>\n<p>Aspect : poudre m\u00e9tallis\u00e9e gris argent\u00e9 avec \u00e9clat m\u00e9tallique sur la surface<\/p>\n<p>Densit\u00e9 : environ 8,9 g\/cm\u00b3<\/p>\n<p>Point de fusion : environ 1495\u00b0C<\/p>\n<p>Point d\u2019\u00e9bullition : environ 2927\u00b0C<\/p>\n<p>Structure cristalline&nbsp;: structure hexagonale \u00e0 emballage serr\u00e9 (hcp), qui conf\u00e8re au cobalt une r\u00e9sistance et une t\u00e9nacit\u00e9 \u00e9lev\u00e9es et d\u2019autres propri\u00e9t\u00e9s physiques.<\/p>\n<h2><span style=\"font-size: 14pt;\">Applications<\/span><\/h2>\n<p>Domaine a\u00e9rospatial&nbsp;: utilis\u00e9 dans la fabrication de composants en alliage \u00e0 haute temp\u00e9rature des moteurs d\u2019avion, avec son excellente r\u00e9sistance aux hautes temp\u00e9ratures, sa r\u00e9sistance \u00e0 l\u2019usure, pour assurer un fonctionnement stable du moteur dans des conditions de travail extr\u00eames, pour am\u00e9liorer les performances et la s\u00e9curit\u00e9 de l\u2019avion.<\/p>\n<p>Dans le domaine de l\u2019\u00e9lectronique et des appareils \u00e9lectriques, les poudres m\u00e9talliques de cobalt sont utilis\u00e9es comme composant cl\u00e9 des mat\u00e9riaux magn\u00e9tiques dans la production de noyaux magn\u00e9tiques haute performance, d\u2019inductances et d\u2019autres composants, pour obtenir une conversion efficace de l\u2019\u00e9nergie \u00e9lectrique et une transmission pr\u00e9cise des signaux, et pour r\u00e9pondre \u00e0 la demande de miniaturisation et de haute performance des \u00e9quipements \u00e9lectroniques.<\/p>\n<p>Dispositifs m\u00e9dicaux : Les poudres de cobalt m\u00e9tal sont largement utilis\u00e9es dans la fabrication d\u2019articulations artificielles et d\u2019autres dispositifs implantables, utilisant leur bonne biocompatibilit\u00e9 et leur r\u00e9sistance m\u00e9canique pour fournir aux patients des solutions fiables de remplacement articulaire, prolongeant la dur\u00e9e de vie des dispositifs et am\u00e9liorant la qualit\u00e9 de vie des patients.<\/p>\n<h2><span style=\"font-size: 14pt;\">Contr\u00f4le de la qualit\u00e9<\/span><\/h2>\n<p><span style=\"color: #0000ff;\"><a style=\"color: #0000ff;\" href=\"https:\/\/vimaterial.de\/en\/quality-control\/\">Le contr\u00f4le de la qualit\u00e9<\/a><\/span> de chaque lot de produits est effectu\u00e9 tout au long du processus d\u2019approvisionnement en mati\u00e8res premi\u00e8res, de production et de traitement, de test et d\u2019inspection, et d\u2019emballage, en suivant strictement les normes internationales et les normes industrielles. Nous disposons d\u2019un \u00e9quipement de test avanc\u00e9, d\u2019une \u00e9quipe de contr\u00f4le qualit\u00e9 professionnelle et d\u2019un syst\u00e8me de contr\u00f4le de qualit\u00e9 strict pour garantir la qualit\u00e9 du produit. <\/p>\n<h2><span style=\"font-size: 14pt;\">Emballage et stockage<\/span><\/h2>\n<p>La poudre de cobalt m\u00e9tallique est emball\u00e9e dans des sacs sous vide doubles ou des bouteilles sous vide dans des bo\u00eetes en carton.<\/p>\n<p>Les poudres de cobalt m\u00e9tal doivent \u00eatre stock\u00e9es dans un environnement sec, frais et bien ventil\u00e9, scell\u00e9es, \u00e0 l\u2019abri du feu, des acides, des alcalis et des agents oxydants puissants, et prot\u00e9g\u00e9es de l\u2019humidit\u00e9 et de l\u2019oxydation, et plac\u00e9es conform\u00e9ment aux exigences de stockage en toute s\u00e9curit\u00e9 des poudres m\u00e9talliques.<\/p>\n","protected":false},"excerpt":{"rendered":"<p><span style=\"color: #0000ff;\"><a style=\"color: #0000ff;\" href=\"https:\/\/vimaterial.de\/en\/product\/cobalt-metal-8\/\">La poudre de cobalt m\u00e9tallique<\/a><\/span> est une poudre de lustre m\u00e9tallique gris argent\u00e9, principalement compos\u00e9e de cobalt \u00e9l\u00e9mentaire, avec une texture fine, certaines propri\u00e9t\u00e9s magn\u00e9tiques, chimiquement active, jouant un r\u00f4le cl\u00e9 dans la fabrication d\u2019alliages, de mat\u00e9riaux magn\u00e9tiques, de catalyseurs et de nombreux autres domaines.<\/p>\n","protected":false},"featured_media":1002082,"comment_status":"open","ping_status":"closed","template":"","meta":{"_acf_changed":false},"product_brand":[],"product_cat":[250],"product_tag":[],"class_list":{"0":"post-1014769","1":"product","2":"type-product","3":"status-publish","4":"has-post-thumbnail","6":"product_cat-poudre-de-metal-pur-et-dalliage","8":"first","9":"instock","10":"shipping-taxable","11":"purchasable","12":"product-type-variable"},"acf":[],"_links":{"self":[{"href":"https:\/\/vimaterial.de\/fr\/wp-json\/wp\/v2\/product\/1014769","targetHints":{"allow":["GET"]}}],"collection":[{"href":"https:\/\/vimaterial.de\/fr\/wp-json\/wp\/v2\/product"}],"about":[{"href":"https:\/\/vimaterial.de\/fr\/wp-json\/wp\/v2\/types\/product"}],"replies":[{"embeddable":true,"href":"https:\/\/vimaterial.de\/fr\/wp-json\/wp\/v2\/comments?post=1014769"}],"wp:featuredmedia":[{"embeddable":true,"href":"https:\/\/vimaterial.de\/fr\/wp-json\/wp\/v2\/media\/1002082"}],"wp:attachment":[{"href":"https:\/\/vimaterial.de\/fr\/wp-json\/wp\/v2\/media?parent=1014769"}],"wp:term":[{"taxonomy":"product_brand","embeddable":true,"href":"https:\/\/vimaterial.de\/fr\/wp-json\/wp\/v2\/product_brand?post=1014769"},{"taxonomy":"product_cat","embeddable":true,"href":"https:\/\/vimaterial.de\/fr\/wp-json\/wp\/v2\/product_cat?post=1014769"},{"taxonomy":"product_tag","embeddable":true,"href":"https:\/\/vimaterial.de\/fr\/wp-json\/wp\/v2\/product_tag?post=1014769"}],"curies":[{"name":"wp","href":"https:\/\/api.w.org\/{rel}","templated":true}]}}