{"id":1014738,"date":"2024-06-17T14:44:18","date_gmt":"2024-06-17T06:44:18","guid":{"rendered":"https:\/\/vimaterial.de\/product\/nitrate-de-cobaltii-hexahydrate\/"},"modified":"2025-04-16T13:45:56","modified_gmt":"2025-04-16T05:45:56","slug":"nitrate-de-cobaltii-hexahydrate","status":"publish","type":"product","link":"https:\/\/vimaterial.de\/fr\/product\/nitrate-de-cobaltii-hexahydrate\/","title":{"rendered":"Hexahydrate de nitrate de cobalt(II)"},"content":{"rendered":"<p>La poudre hexahydrat\u00e9e de nitrate de cobalt(II) est une poudre cristalline rose contenant des ions cobalt, des ions nitrate et de l\u2019eau de cristallisation, qui est soluble dans l\u2019eau et joue un r\u00f4le dans la synth\u00e8se chimique, la coloration de la c\u00e9ramique et la pr\u00e9paration du catalyseur.<\/p>\n<p>VIAMTERIAL fournit de la poudre hexahydrat\u00e9e de nitrate de cobalt (II), nos poudres se caract\u00e9risent par une grande puret\u00e9, une taille de particule homog\u00e8ne et des propri\u00e9t\u00e9s chimiques stables, et nous prenons en charge l\u2019emballage et la commande de petits lots. Nous avons une \u00e9quipe technique professionnelle de recherche et d\u00e9veloppement, acceptons la personnalisation et l\u2019exp\u00e9rimentation du produit, veuillez <span style=\"color: #0000ff;\"><a style=\"color: #0000ff;\" href=\"https:\/\/vimaterial.de\/en\/contact-us\/\">nous contacter.<\/a><\/span> <\/p>\n<h2><span style=\"font-size: 14pt;\">Propri\u00e9t\u00e9s physiques<\/span><\/h2>\n<p>Formule mol\u00e9culaire : Co(NO3)2. 6H2O<\/p>\n<p>Poids mol\u00e9culaire : environ 291,03<\/p>\n<p>Aspect : poudre cristalline rose, couleur vive, fines particules de poudre, brillant.<\/p>\n<p>Densit\u00e9 : environ 1,87 g\/cm\u00b3.<\/p>\n<p>Point de fusion : environ 55 &#8211; 56 \u00b0C entre<\/p>\n<p>Point d\u2019\u00e9bullition : se d\u00e9compose lorsqu\u2019il est chauff\u00e9 \u00e0 environ 100 &#8211; 105\u00b0C.<\/p>\n<p>Structure cristalline : syst\u00e8me cristallin monoclinique, dans lequel les ions cobalt interagissent avec les ions nitrate et les mol\u00e9cules d\u2019eau par des liaisons ioniques et de coordination.<\/p>\n<h2><span style=\"font-size: 14pt;\">Applications<\/span><\/h2>\n<p>Synth\u00e8se chimique&nbsp;: La poudre d\u2019hexahydrate de nitrate de cobalt (II) est largement utilis\u00e9e comme source de cobalt dans la pr\u00e9paration de divers compos\u00e9s de cobalt, tels que les oxydes de cobalt, etc. Il fournit des mati\u00e8res premi\u00e8res de base pour la recherche et le d\u00e9veloppement de nouveaux mat\u00e9riaux et promeut le d\u00e9veloppement de la technologie de synth\u00e8se chimique. <\/p>\n<p>Industrie c\u00e9ramique&nbsp;: Dans la production de c\u00e9ramique, la poudre est utilis\u00e9e pour m\u00e9langer les pigments c\u00e9ramiques. Le cobalt contenu dans la poudre peut donner \u00e0 la c\u00e9ramique des couleurs uniques et lumineuses, et mettre en valeur la valeur d\u00e9corative et artistique des produits c\u00e9ramiques. <\/p>\n<p>Champ agricole : Il peut \u00eatre utilis\u00e9 comme additif d\u2019engrais d\u2019oligo-\u00e9l\u00e9ments pour compl\u00e9ter le cobalt des plantes, favoriser l\u2019activit\u00e9 de certaines enzymes dans les plantes, aider \u00e0 la croissance et au d\u00e9veloppement des plantes et am\u00e9liorer le rendement et la qualit\u00e9 des cultures.<\/p>\n<h2><span style=\"font-size: 14pt;\">Contr\u00f4le de la qualit\u00e9<\/span><\/h2>\n<p><span style=\"color: #0000ff;\"><a style=\"color: #0000ff;\" href=\"https:\/\/vimaterial.de\/en\/quality-control\/\">Le contr\u00f4le de la qualit\u00e9<\/a><\/span> de chaque lot de produits est effectu\u00e9 tout au long du processus d\u2019approvisionnement en mati\u00e8res premi\u00e8res, de production et de traitement, de test et d\u2019inspection, et d\u2019emballage, en suivant strictement les normes internationales et les normes industrielles. Nous disposons d\u2019un \u00e9quipement de test avanc\u00e9, d\u2019une \u00e9quipe de contr\u00f4le qualit\u00e9 professionnelle et d\u2019un syst\u00e8me de contr\u00f4le de qualit\u00e9 strict pour garantir la qualit\u00e9 du produit. <\/p>\n<h2><span style=\"font-size: 14pt;\">Emballage et stockage<\/span><\/h2>\n<p>Les poudres d\u2019hexahydrate de nitrate de cobalt(II) sont emball\u00e9es dans des bouteilles sous vide doubles et emball\u00e9es dans des cartons.<\/p>\n<p>Les poudres d\u2019hexahydrate de nitrate de cobalt(II) doivent \u00eatre stock\u00e9es dans un environnement frais, sec et bien ventil\u00e9, scell\u00e9es, \u00e0 l\u2019abri du feu, de la chaleur et des mat\u00e9riaux inflammables, et stock\u00e9es s\u00e9par\u00e9ment des agents r\u00e9ducteurs, des mati\u00e8res organiques, etc., pour \u00e9viter l\u2019humidit\u00e9 et la lumi\u00e8re directe du soleil.<\/p>\n","protected":false},"excerpt":{"rendered":"<p>La poudre hexahydrat\u00e9e de nitrate de cobalt(II) est une poudre cristalline rose contenant des ions cobalt, des ions nitrate et de l\u2019eau de cristallisation, qui est soluble dans l\u2019eau et joue un r\u00f4le dans la synth\u00e8se chimique, la coloration de la c\u00e9ramique et la pr\u00e9paration du catalyseur.<\/p>\n","protected":false},"featured_media":1002103,"comment_status":"open","ping_status":"closed","template":"","meta":{"_acf_changed":false},"product_brand":[],"product_cat":[244],"product_tag":[],"class_list":{"0":"post-1014738","1":"product","2":"type-product","3":"status-publish","4":"has-post-thumbnail","6":"product_cat-autres-materiaux","8":"first","9":"instock","10":"shipping-taxable","11":"purchasable","12":"product-type-variable"},"acf":[],"_links":{"self":[{"href":"https:\/\/vimaterial.de\/fr\/wp-json\/wp\/v2\/product\/1014738","targetHints":{"allow":["GET"]}}],"collection":[{"href":"https:\/\/vimaterial.de\/fr\/wp-json\/wp\/v2\/product"}],"about":[{"href":"https:\/\/vimaterial.de\/fr\/wp-json\/wp\/v2\/types\/product"}],"replies":[{"embeddable":true,"href":"https:\/\/vimaterial.de\/fr\/wp-json\/wp\/v2\/comments?post=1014738"}],"wp:featuredmedia":[{"embeddable":true,"href":"https:\/\/vimaterial.de\/fr\/wp-json\/wp\/v2\/media\/1002103"}],"wp:attachment":[{"href":"https:\/\/vimaterial.de\/fr\/wp-json\/wp\/v2\/media?parent=1014738"}],"wp:term":[{"taxonomy":"product_brand","embeddable":true,"href":"https:\/\/vimaterial.de\/fr\/wp-json\/wp\/v2\/product_brand?post=1014738"},{"taxonomy":"product_cat","embeddable":true,"href":"https:\/\/vimaterial.de\/fr\/wp-json\/wp\/v2\/product_cat?post=1014738"},{"taxonomy":"product_tag","embeddable":true,"href":"https:\/\/vimaterial.de\/fr\/wp-json\/wp\/v2\/product_tag?post=1014738"}],"curies":[{"name":"wp","href":"https:\/\/api.w.org\/{rel}","templated":true}]}}