{"id":1014731,"date":"2024-06-17T14:44:18","date_gmt":"2024-06-17T06:44:18","guid":{"rendered":"https:\/\/vimaterial.de\/product\/metal-cobalt\/"},"modified":"2025-04-16T13:47:27","modified_gmt":"2025-04-16T05:47:27","slug":"metal-cobalt","status":"publish","type":"product","link":"https:\/\/vimaterial.de\/fr\/product\/metal-cobalt\/","title":{"rendered":"Cobalt m\u00e9tal"},"content":{"rendered":"<p>La cible de pulv\u00e9risation <span style=\"color: #0000ff;\"><a style=\"color: #0000ff;\" href=\"https:\/\/vimaterial.de\/en\/product\/cobalt-metal-8\/\">de cobalt m\u00e9tallique<\/a> <\/span>est une sorte de mat\u00e9riau avec du cobalt m\u00e9tallique comme composant principal, qui est utilis\u00e9 dans le processus de d\u00e9p\u00f4t physique en phase vapeur, sous le bombardement de particules \u00e0 haute \u00e9nergie, les atomes de cobalt peuvent \u00eatre pulv\u00e9ris\u00e9s et d\u00e9pos\u00e9s sur le substrat pour former un film mince de haute duret\u00e9, de bon magn\u00e9tisme et de r\u00e9sistance \u00e0 la corrosion, qui a \u00e9t\u00e9 largement utilis\u00e9 dans les domaines de l\u2019\u00e9lectronique,  machines, stockage magn\u00e9tique, etc.<\/p>\n<p>VIMATERIAL fournit des cibles de pulv\u00e9risation de cobalt m\u00e9tallique, nos cibles de pulv\u00e9risation de cobalt m\u00e9tal ont les avantages d\u2019une grande puret\u00e9, d\u2019une bonne densit\u00e9, d\u2019une bonne structure cristalline, d\u2019excellentes propri\u00e9t\u00e9s de couche mince, d\u2019une pr\u00e9cision dimensionnelle \u00e9lev\u00e9e et d\u2019une efficacit\u00e9 de pulv\u00e9risation \u00e9lev\u00e9e et nous pouvons fournir un service de liaison, nous pouvons accepter la personnalisation et l\u2019exp\u00e9rimentation de produits, veuillez <span style=\"color: #0000ff;\"><a style=\"color: #0000ff;\" href=\"https:\/\/vimaterial.de\/en\/contact-us\/\">nous contacter<\/a><\/span> rapidement.<\/p>\n<h2><span style=\"font-size: 14pt;\">Propri\u00e9t\u00e9s physiques<\/span><\/h2>\n<p>Formule mol\u00e9culaire : Co<\/p>\n<p>Poids mol\u00e9culaire : 58,933 g\/mol<\/p>\n<p>Apparence&nbsp;: M\u00e9tal gris argent\u00e9, mat\u00e9riau cible \u00e0 surface brillante et lisse.<\/p>\n<p>Densit\u00e9 : 8,9 g\/cm\u00b3<\/p>\n<p>Point de fusion : 1495\u00b0C<\/p>\n<p>Point d\u2019\u00e9bullition : 2927\u00b0C<\/p>\n<p>Structure cristalline : Structure d\u2019emballage hexagonale la plus dense<\/p>\n<h2><span style=\"font-size: 14pt;\">Applications<\/span><\/h2>\n<p>Champ \u00e9lectronique : utilis\u00e9 dans la fabrication de composants magn\u00e9tiques dans les composants \u00e9lectroniques, avec ses bonnes propri\u00e9t\u00e9s magn\u00e9tiques pour r\u00e9aliser des fonctions de stockage et de transmission de donn\u00e9es.<\/p>\n<p>Domaine m\u00e9canique : Dans le rev\u00eatement des outils d\u2019usinage, il am\u00e9liore la duret\u00e9 et la r\u00e9sistance \u00e0 l\u2019usure des outils et prolonge leur dur\u00e9e de vie.<\/p>\n<p>Domaine m\u00e9dical : utilis\u00e9 comme mat\u00e9riau de rev\u00eatement pour les implants m\u00e9dicaux afin d\u2019am\u00e9liorer les performances des implants en profitant de sa biocompatibilit\u00e9 et de sa r\u00e9sistance \u00e0 la corrosion.<\/p>\n<h2><span style=\"font-size: 14pt;\">Contr\u00f4le qualit\u00e9<\/span><\/h2>\n<p><span style=\"color: #0000ff;\"><a style=\"color: #0000ff;\" href=\"https:\/\/vimaterial.de\/en\/quality-control\/\">Le contr\u00f4le de la qualit\u00e9<\/a><\/span> de nos produits est tr\u00e8s strict, de la s\u00e9lection de mati\u00e8res premi\u00e8res de haute puret\u00e9 et stables, \u00e0 l\u2019utilisation d\u2019\u00e9quipements de pr\u00e9cision avanc\u00e9s et d\u2019une technologie rigoureuse tout au long du contr\u00f4le pr\u00e9cis du processus de production, \u00e0 l\u2019utilisation de m\u00e9thodes d\u2019essai professionnelles sur les propri\u00e9t\u00e9s physiques, chimiques, microstructurelles et autres du produit de la gamme compl\u00e8te d\u2019essais approfondis,  Chaque maillon est strictement suivi des normes internationales \u00e9lev\u00e9es, afin de garantir que chaque lot de mat\u00e9riaux livr\u00e9 avec une excellente qualit\u00e9 et stabilit\u00e9, afin de fournir aux clients une assurance qualit\u00e9 solide et fiable. Nous nous engageons \u00e0 ce que chaque lot de mat\u00e9riaux livr\u00e9s ait une excellente qualit\u00e9 et stabilit\u00e9, offrant ainsi aux clients une assurance qualit\u00e9 solide et fiable. <\/p>\n<h2><span style=\"font-size: 14pt;\">Emballage et stockage<\/span><\/h2>\n<p>Les cibles de pulv\u00e9risation en cobalt sont emball\u00e9es dans des sacs et des bo\u00eetes sous vide \u00e0 double couche, et l\u2019ext\u00e9rieur est emball\u00e9 dans des cartons.<\/p>\n<p>Les cibles de pulv\u00e9risation de cobalt m\u00e9tallique doivent \u00eatre stock\u00e9es dans un environnement sec, frais et bien ventil\u00e9, en \u00e9vitant l\u2019humidit\u00e9, en \u00e9vitant le contact avec des acides forts et d\u2019autres substances corrosives, tout en les emp\u00eachant d\u2019\u00eatre affect\u00e9es par des collisions violentes et un environnement oxydant.<\/p>\n","protected":false},"excerpt":{"rendered":"<p>La cible de pulv\u00e9risation <span style=\"color: #0000ff;\"><a style=\"color: #0000ff;\" href=\"https:\/\/vimaterial.de\/en\/product\/cobalt-metal-8\/\">de cobalt m\u00e9tallique<\/a> <\/span>est une sorte de mat\u00e9riau avec du cobalt m\u00e9tallique comme composant principal, qui est utilis\u00e9 dans le processus de d\u00e9p\u00f4t physique en phase vapeur, sous le bombardement de particules \u00e0 haute \u00e9nergie, les atomes de cobalt peuvent \u00eatre pulv\u00e9ris\u00e9s et d\u00e9pos\u00e9s sur le substrat pour former un film mince de haute duret\u00e9, de bon magn\u00e9tisme et de r\u00e9sistance \u00e0 la corrosion, qui a \u00e9t\u00e9 largement utilis\u00e9 dans les domaines de l\u2019\u00e9lectronique,  machines, stockage magn\u00e9tique, etc.<\/p>\n","protected":false},"featured_media":1002092,"comment_status":"open","ping_status":"closed","template":"","meta":{"_acf_changed":false},"product_brand":[],"product_cat":[235],"product_tag":[],"class_list":{"0":"post-1014731","1":"product","2":"type-product","3":"status-publish","4":"has-post-thumbnail","6":"product_cat-cibles-de-pulverisation-planaire","8":"first","9":"instock","10":"shipping-taxable","11":"purchasable","12":"product-type-variable"},"acf":[],"_links":{"self":[{"href":"https:\/\/vimaterial.de\/fr\/wp-json\/wp\/v2\/product\/1014731","targetHints":{"allow":["GET"]}}],"collection":[{"href":"https:\/\/vimaterial.de\/fr\/wp-json\/wp\/v2\/product"}],"about":[{"href":"https:\/\/vimaterial.de\/fr\/wp-json\/wp\/v2\/types\/product"}],"replies":[{"embeddable":true,"href":"https:\/\/vimaterial.de\/fr\/wp-json\/wp\/v2\/comments?post=1014731"}],"wp:featuredmedia":[{"embeddable":true,"href":"https:\/\/vimaterial.de\/fr\/wp-json\/wp\/v2\/media\/1002092"}],"wp:attachment":[{"href":"https:\/\/vimaterial.de\/fr\/wp-json\/wp\/v2\/media?parent=1014731"}],"wp:term":[{"taxonomy":"product_brand","embeddable":true,"href":"https:\/\/vimaterial.de\/fr\/wp-json\/wp\/v2\/product_brand?post=1014731"},{"taxonomy":"product_cat","embeddable":true,"href":"https:\/\/vimaterial.de\/fr\/wp-json\/wp\/v2\/product_cat?post=1014731"},{"taxonomy":"product_tag","embeddable":true,"href":"https:\/\/vimaterial.de\/fr\/wp-json\/wp\/v2\/product_tag?post=1014731"}],"curies":[{"name":"wp","href":"https:\/\/api.w.org\/{rel}","templated":true}]}}