{"id":1014719,"date":"2024-06-17T14:45:36","date_gmt":"2024-06-17T06:45:36","guid":{"rendered":"https:\/\/vimaterial.de\/product\/tetroxyde-de-tricobalt-oxyde-de-cobalt-2\/"},"modified":"2025-04-16T13:42:41","modified_gmt":"2025-04-16T05:42:41","slug":"tetroxyde-de-tricobalt-oxyde-de-cobalt-2","status":"publish","type":"product","link":"https:\/\/vimaterial.de\/fr\/product\/tetroxyde-de-tricobalt-oxyde-de-cobalt-2\/","title":{"rendered":"T\u00e9troxyde de tricobalt (oxyde de cobalt)"},"content":{"rendered":"<p><span style=\"color: #0000ff;\"><a style=\"color: #0000ff;\" href=\"https:\/\/vimaterial.de\/en\/product\/tricobalt-tetroxide-cobalt-oxide-2\/\">Les granules de tr\u00e9troxyde de tricobalt<\/a><\/span> sont des substances granulaires noires ou gris-noir compos\u00e9es de cobalt et d\u2019oxyg\u00e8ne, avec une stabilit\u00e9 chimique \u00e9lev\u00e9e, de bonnes propri\u00e9t\u00e9s magn\u00e9tiques et catalytiques, et des applications importantes dans les mat\u00e9riaux magn\u00e9tiques, les catalyseurs, les batteries et d\u2019autres domaines.<\/p>\n<p>VIMATERIAL fournit des granul\u00e9s de t\u00e9troxyde de tricobalt, nos particules sont uniformes et stables en composition, haute puret\u00e9, duret\u00e9 \u00e9lev\u00e9e, contr\u00f4lables en taille de particules, etc. Et nous pouvons accepter des produits et des exp\u00e9riences personnalis\u00e9s, nous avons une \u00e9quipe professionnelle de recherche et d\u00e9veloppement technique, <span style=\"color: #0000ff;\"><a style=\"color: #0000ff;\" href=\"https:\/\/vimaterial.de\/en\/contact-us\/\">contactez-nous<\/a><\/span> maintenant. <\/p>\n<h2><span style=\"font-size: 14pt;\">Propri\u00e9t\u00e9s physiques<\/span><\/h2>\n<p>Formule mol\u00e9culaire : Co3O4<\/p>\n<p>Poids mol\u00e9culaire : environ 240,8<\/p>\n<p>Aspect : particules noires ou gris-noir<\/p>\n<p>Densit\u00e9 : environ 6,11 g\/cm\u00b3.<\/p>\n<p>Point de fusion : environ 895\u00b0C<\/p>\n<p>Point d\u2019\u00e9bullition : environ 3800\u00b0C<\/p>\n<p>Structure cristalline : structure cristalline de type spinelle.<\/p>\n<h2><span style=\"font-size: 14pt;\">Applications<\/span><\/h2>\n<p>Mat\u00e9riaux magn\u00e9tiques : Les granules de t\u00e9troxyde de tricobalt, avec leurs propri\u00e9t\u00e9s magn\u00e9tiques uniques, peuvent \u00eatre utilis\u00e9s pour pr\u00e9parer des aimants permanents haute performance et des mat\u00e9riaux d\u2019enregistrement magn\u00e9tique afin d\u2019am\u00e9liorer l\u2019efficacit\u00e9 du stockage et du fonctionnement des appareils \u00e9lectroniques.<\/p>\n<p>Catalyseurs : Les granules de t\u00e9troxyde de tricobalt sont utilis\u00e9s comme catalyseurs dans un large \u00e9ventail de r\u00e9actions chimiques, telles que la purification des gaz d\u2019\u00e9chappement des automobiles, pour faciliter la conversion des gaz nocifs et r\u00e9duire les \u00e9missions polluantes.<\/p>\n<p>Mat\u00e9riaux de la batterie : ses bonnes propri\u00e9t\u00e9s \u00e9lectrochimiques lui permettent d\u2019\u00eatre utilis\u00e9 dans la pr\u00e9paration des mat\u00e9riaux d\u2019\u00e9lectrode pour les batteries lithium-ion, am\u00e9liorant ainsi les performances de charge et de d\u00e9charge et la dur\u00e9e de vie de la batterie.<\/p>\n<p>Champ de pigments c\u00e9ramiques&nbsp;: en tant que composant pigmentaire important, il peut fournir aux produits c\u00e9ramiques une teinte noire stable et vive, am\u00e9liorant la valeur d\u00e9corative et artistique des produits c\u00e9ramiques.<\/p>\n<h2><span style=\"font-size: 14pt;\">Contr\u00f4le de la qualit\u00e9<\/span><\/h2>\n<p><span style=\"color: #0000ff;\"><a style=\"color: #0000ff;\" href=\"https:\/\/vimaterial.de\/en\/quality-control\/\">Chaque lot<\/a><\/span> de produits garantit strictement la qualit\u00e9, de la s\u00e9lection des fournisseurs de mati\u00e8res premi\u00e8res \u00e0 l\u2019utilisation d\u2019\u00e9quipements de test avanc\u00e9s pour surveiller avec pr\u00e9cision l\u2019ensemble du processus de production, jusqu\u2019au produit fini \u00e0 travers de nombreuses s\u00e9ries d\u2019\u00e9chantillonnage rigoureux et de certification par une tierce partie faisant autorit\u00e9, jusqu\u2019\u00e0 un syst\u00e8me de contr\u00f4le de la qualit\u00e9 complet et \u00e0 tol\u00e9rance z\u00e9ro pour garantir que chaque lot de produits respecte et d\u00e9passe les normes \u00e9lev\u00e9es de l\u2019industrie.  Fournir \u00e0 nos clients la meilleure qualit\u00e9 et les produits les plus stables.<\/p>\n<h2><span style=\"font-size: 14pt;\">Emballage et stockage<\/span><\/h2>\n<p>Les granul\u00e9s de t\u00e9troxyde de tricobalt sont emball\u00e9s dans des sacs ou des bouteilles sous vide et emball\u00e9s dans des cartons ext\u00e9rieurs.<\/p>\n<p>Les granules de t\u00e9troxyde de tricobalt doivent \u00eatre entrepos\u00e9s dans un environnement sec, frais et bien ventil\u00e9, \u00e0 l\u2019abri du feu, de la chaleur et des mat\u00e9riaux inflammables, ainsi que de l\u2019humidit\u00e9 et des substances corrosives telles que les acides et les alcalis.<\/p>\n","protected":false},"excerpt":{"rendered":"<p><span style=\"color: #0000ff;\"><a style=\"color: #0000ff;\" href=\"https:\/\/vimaterial.de\/en\/product\/tricobalt-tetroxide-cobalt-oxide-2\/\">Les granules de tr\u00e9troxyde de tricobalt<\/a><\/span> sont des substances granulaires noires ou gris-noir compos\u00e9es de cobalt et d\u2019oxyg\u00e8ne, avec une stabilit\u00e9 chimique \u00e9lev\u00e9e, de bonnes propri\u00e9t\u00e9s magn\u00e9tiques et catalytiques, et des applications importantes dans les mat\u00e9riaux magn\u00e9tiques, les catalyseurs, les batteries et d\u2019autres domaines.<\/p>\n","protected":false},"featured_media":1002119,"comment_status":"open","ping_status":"closed","template":"","meta":{"_acf_changed":false},"product_brand":[],"product_cat":[236],"product_tag":[],"class_list":{"0":"post-1014719","1":"product","2":"type-product","3":"status-publish","4":"has-post-thumbnail","6":"product_cat-materiaux-devaporation","8":"first","9":"instock","10":"shipping-taxable","11":"product-type-variable"},"acf":[],"_links":{"self":[{"href":"https:\/\/vimaterial.de\/fr\/wp-json\/wp\/v2\/product\/1014719","targetHints":{"allow":["GET"]}}],"collection":[{"href":"https:\/\/vimaterial.de\/fr\/wp-json\/wp\/v2\/product"}],"about":[{"href":"https:\/\/vimaterial.de\/fr\/wp-json\/wp\/v2\/types\/product"}],"replies":[{"embeddable":true,"href":"https:\/\/vimaterial.de\/fr\/wp-json\/wp\/v2\/comments?post=1014719"}],"wp:featuredmedia":[{"embeddable":true,"href":"https:\/\/vimaterial.de\/fr\/wp-json\/wp\/v2\/media\/1002119"}],"wp:attachment":[{"href":"https:\/\/vimaterial.de\/fr\/wp-json\/wp\/v2\/media?parent=1014719"}],"wp:term":[{"taxonomy":"product_brand","embeddable":true,"href":"https:\/\/vimaterial.de\/fr\/wp-json\/wp\/v2\/product_brand?post=1014719"},{"taxonomy":"product_cat","embeddable":true,"href":"https:\/\/vimaterial.de\/fr\/wp-json\/wp\/v2\/product_cat?post=1014719"},{"taxonomy":"product_tag","embeddable":true,"href":"https:\/\/vimaterial.de\/fr\/wp-json\/wp\/v2\/product_tag?post=1014719"}],"curies":[{"name":"wp","href":"https:\/\/api.w.org\/{rel}","templated":true}]}}