{"id":1014712,"date":"2024-06-17T14:44:19","date_gmt":"2024-06-17T06:44:19","guid":{"rendered":"https:\/\/vimaterial.de\/product\/phosphure-de-cobalt\/"},"modified":"2025-04-16T13:44:17","modified_gmt":"2025-04-16T05:44:17","slug":"phosphure-de-cobalt","status":"publish","type":"product","link":"https:\/\/vimaterial.de\/fr\/product\/phosphure-de-cobalt\/","title":{"rendered":"Phosphure de cobalt"},"content":{"rendered":"<p>La poudre de phosphure de cobalt est une poudre compos\u00e9e de cobalt et de phosphore, g\u00e9n\u00e9ralement de couleur fonc\u00e9e, avec de bonnes propri\u00e9t\u00e9s \u00e9lectriques, des propri\u00e9t\u00e9s catalytiques et des applications potentielles dans les semi-conducteurs, l\u2019\u00e9lectrocatalyse et d\u2019autres domaines.<\/p>\n<p>VIAMTERIAL fournit de la poudre de phosphure de cobalt. Nos poudres se caract\u00e9risent par une grande puret\u00e9, une taille de particule uniforme, une bonne fluidit\u00e9, un bon compactage, des propri\u00e9t\u00e9s chimiques stables, etc. Nous prenons \u00e9galement en charge l\u2019emballage et la commande en petits lots. Nous avons une \u00e9quipe technique professionnelle de recherche et d\u00e9veloppement, acceptons la personnalisation et l\u2019exp\u00e9rimentation du produit, veuillez <span style=\"color: #0000ff;\"><a style=\"color: #0000ff;\" href=\"https:\/\/vimaterial.de\/en\/contact-us\/\">nous contacter.<\/a><\/span>   <\/p>\n<h2><span style=\"font-size: 14pt; color: #000000;\">Propri\u00e9t\u00e9s physiques<\/span><\/h2>\n<p>Formule mol\u00e9culaire : Co\u2082P<\/p>\n<p>Poids mol\u00e9culaire : 140,83<\/p>\n<p>Apparence&nbsp;: poudre gris-noir<\/p>\n<p>Densit\u00e9 : environ 6,4 &#8211; 6,6 g\/cm\u00b3.<\/p>\n<p>Point de fusion : environ 1386\u00b0C<\/p>\n<p>Structure cristalline : Structure hexagonale, qui a une influence importante sur ses propri\u00e9t\u00e9s physiques.<\/p>\n<h2><span style=\"font-size: 14pt;\">Applications<\/span><\/h2>\n<p>\u00c9lectrocatalyse : En raison de sa structure \u00e9lectronique unique et de son activit\u00e9 catalytique, la poudre de phosphure de cobalt est largement utilis\u00e9e dans la r\u00e9action de production d\u2019hydrog\u00e8ne de l\u2019eau \u00e9lectrolytique, ce qui peut r\u00e9duire efficacement le surpotentiel de pr\u00e9cipitation de l\u2019hydrog\u00e8ne, am\u00e9liorer l\u2019efficacit\u00e9 de la r\u00e9action et fournir un soutien solide au d\u00e9veloppement de l\u2019\u00e9nergie propre.<\/p>\n<p>Mat\u00e9riaux d\u2019\u00e9lectrode de batterie : Dans les batteries lithium-ion, il peut \u00eatre utilis\u00e9 comme mat\u00e9riau d\u2019\u00e9lectrode, et avec sa capacit\u00e9 sp\u00e9cifique th\u00e9orique \u00e9lev\u00e9e et sa bonne conductivit\u00e9, il peut aider \u00e0 am\u00e9liorer la densit\u00e9 d\u2019\u00e9nergie et les performances de charge\/d\u00e9charge de la batterie, et satisfaire la demande de longue endurance des appareils \u00e9lectroniques.<\/p>\n<p>Hydrog\u00e9nation catalytique : Les poudres de phosphure de cobalt sont excellentes dans l\u2019hydrog\u00e9nation catalytique des compos\u00e9s organiques et peuvent favoriser s\u00e9lectivement l\u2019hydrog\u00e9nation des liaisons insatur\u00e9es, am\u00e9liorer le rendement de r\u00e9action et la s\u00e9lectivit\u00e9, et promouvoir le d\u00e9veloppement de l\u2019industrie chimique fine.<\/p>\n<h2><span style=\"font-size: 14pt;\">Contr\u00f4le de la qualit\u00e9<\/span><\/h2>\n<p><span style=\"color: #0000ff;\"><a style=\"color: #0000ff;\" href=\"https:\/\/vimaterial.de\/en\/quality-control\/\">Le contr\u00f4le de la qualit\u00e9<\/a> <\/span>de chaque lot de produits est effectu\u00e9 tout au long du processus d\u2019approvisionnement en mati\u00e8res premi\u00e8res, de production et de traitement, de test et d\u2019inspection, et d\u2019emballage, en suivant strictement les normes internationales et les normes industrielles. Nous disposons d\u2019un \u00e9quipement de test avanc\u00e9, d\u2019une \u00e9quipe de contr\u00f4le qualit\u00e9 professionnelle et d\u2019un syst\u00e8me de contr\u00f4le de qualit\u00e9 strict pour garantir la qualit\u00e9 du produit. <\/p>\n<h2><span style=\"font-size: 14pt;\">Emballage et stockage<\/span><\/h2>\n<p>La poudre de phosphure de cobalt est emball\u00e9e dans des sacs ou des bouteilles sous vide doubles, et l\u2019emballage ext\u00e9rieur est emball\u00e9 dans des bo\u00eetes en carton.<\/p>\n<p>La poudre de phosphure de cobalt doit \u00eatre stock\u00e9e dans un environnement sec, frais et bien ventil\u00e9, scell\u00e9e et \u00e9vitant tout contact avec l\u2019eau, l\u2019air, les acides et les agents oxydants puissants, et plac\u00e9e dans un endroit appropri\u00e9 pour la conservation conform\u00e9ment aux r\u00e9glementations et exigences pertinentes pour le stockage de produits chimiques dangereux.<\/p>\n","protected":false},"excerpt":{"rendered":"<p>La poudre de phosphure de cobalt est une poudre compos\u00e9e de cobalt et de phosphore, g\u00e9n\u00e9ralement de couleur fonc\u00e9e, avec de bonnes propri\u00e9t\u00e9s \u00e9lectriques, des propri\u00e9t\u00e9s catalytiques et des applications potentielles dans les semi-conducteurs, l\u2019\u00e9lectrocatalyse et d\u2019autres domaines.<\/p>\n","protected":false},"featured_media":1002110,"comment_status":"open","ping_status":"closed","template":"","meta":{"_acf_changed":false},"product_brand":[],"product_cat":[251],"product_tag":[],"class_list":{"0":"post-1014712","1":"product","2":"type-product","3":"status-publish","4":"has-post-thumbnail","6":"product_cat-materiaux-phosphores","8":"first","9":"instock","10":"shipping-taxable","11":"product-type-variable"},"acf":[],"_links":{"self":[{"href":"https:\/\/vimaterial.de\/fr\/wp-json\/wp\/v2\/product\/1014712","targetHints":{"allow":["GET"]}}],"collection":[{"href":"https:\/\/vimaterial.de\/fr\/wp-json\/wp\/v2\/product"}],"about":[{"href":"https:\/\/vimaterial.de\/fr\/wp-json\/wp\/v2\/types\/product"}],"replies":[{"embeddable":true,"href":"https:\/\/vimaterial.de\/fr\/wp-json\/wp\/v2\/comments?post=1014712"}],"wp:featuredmedia":[{"embeddable":true,"href":"https:\/\/vimaterial.de\/fr\/wp-json\/wp\/v2\/media\/1002110"}],"wp:attachment":[{"href":"https:\/\/vimaterial.de\/fr\/wp-json\/wp\/v2\/media?parent=1014712"}],"wp:term":[{"taxonomy":"product_brand","embeddable":true,"href":"https:\/\/vimaterial.de\/fr\/wp-json\/wp\/v2\/product_brand?post=1014712"},{"taxonomy":"product_cat","embeddable":true,"href":"https:\/\/vimaterial.de\/fr\/wp-json\/wp\/v2\/product_cat?post=1014712"},{"taxonomy":"product_tag","embeddable":true,"href":"https:\/\/vimaterial.de\/fr\/wp-json\/wp\/v2\/product_tag?post=1014712"}],"curies":[{"name":"wp","href":"https:\/\/api.w.org\/{rel}","templated":true}]}}