{"id":1014695,"date":"2024-06-17T14:45:38","date_gmt":"2024-06-17T06:45:38","guid":{"rendered":"https:\/\/vimaterial.de\/product\/tetroxyde-de-tricobalt-oxyde-de-cobalt\/"},"modified":"2025-04-16T13:38:40","modified_gmt":"2025-04-16T05:38:40","slug":"tetroxyde-de-tricobalt-oxyde-de-cobalt","status":"publish","type":"product","link":"https:\/\/vimaterial.de\/fr\/product\/tetroxyde-de-tricobalt-oxyde-de-cobalt\/","title":{"rendered":"T\u00e9troxyde de tricobalt (oxyde de cobalt)"},"content":{"rendered":"<p>La cible de pulv\u00e9risation de <span style=\"color: #0000ff;\"><a style=\"color: #0000ff;\" href=\"https:\/\/vimaterial.de\/en\/product\/tricobalt-tetroxide-cobalt-oxide-2\/\">tr\u00e9troxyde de tricobalt<\/a> <\/span>est un mat\u00e9riau dont le composant principal est le t\u00e9troxyde de cobalt, qui est utilis\u00e9 dans le processus de d\u00e9p\u00f4t physique en phase vapeur pour d\u00e9poser des films minces avec de bonnes propri\u00e9t\u00e9s \u00e9lectrochimiques, magn\u00e9tiques et catalytiques sur le substrat, qui est largement utilis\u00e9 dans les domaines de l\u2019\u00e9lectronique, de l\u2019\u00e9nergie, de la catalyse, etc.<\/p>\n<p>VIMATERIAL fournit des cibles de pulv\u00e9risation de tricobalt t\u00e9troxyde, nos cibles de pulv\u00e9risation de tricobalt t\u00e9troxyde ont les avantages d\u2019une grande puret\u00e9, d\u2019une bonne densit\u00e9, d\u2019une bonne structure cristalline, d\u2019excellentes propri\u00e9t\u00e9s de couche mince, d\u2019une pr\u00e9cision dimensionnelle \u00e9lev\u00e9e et d\u2019une efficacit\u00e9 de pulv\u00e9risation \u00e9lev\u00e9e. Nous pouvons accepter la personnalisation et les exp\u00e9riences, veuillez <span style=\"color: #000080;\"><a style=\"color: #000080;\" href=\"https:\/\/vimaterial.de\/en\/contact-us\/\"><span style=\"color: #0000ff;\">nous contacter<\/span><\/a><\/span> bient\u00f4t. <\/p>\n<h2><span style=\"font-size: 14pt;\">Propri\u00e9t\u00e9s physiques<\/span><\/h2>\n<p>Formule mol\u00e9culaire : Co3O4<\/p>\n<p>Poids mol\u00e9culaire : environ 241 g\/mol<\/p>\n<p>Apparence&nbsp;: Noir ou gris fonc\u00e9 solide, avec mat\u00e9riau cible \u00e0 lustre m\u00e9tallique.<\/p>\n<p>Densit\u00e9 : environ 6,11 g\/cm\u00b3<\/p>\n<p>Point de fusion : environ 895\u00b0C<\/p>\n<p>Point d\u2019\u00e9bullition : environ 900 &#8211; 950 \u00b0C (d\u00e9composition) <\/p>\n<p>Structure cristalline : syst\u00e8me cristallin cubique, structure spinelle.<\/p>\n<h2><span style=\"font-size: 14pt;\">Applications<\/span><\/h2>\n<p>\u00c9lectronique : Les cibles de pulv\u00e9risation de t\u00e9troxyde de tricobalt sont utilis\u00e9es pour la pr\u00e9paration de couches minces magn\u00e9tiques dans la fabrication de dispositifs \u00e9lectroniques, pour am\u00e9liorer les propri\u00e9t\u00e9s magn\u00e9tiques des composants \u00e9lectroniques et pour r\u00e9pondre \u00e0 la demande de produits \u00e9lectroniques miniaturis\u00e9s et performants.<\/p>\n<p>\u00c9nergie : Utilis\u00e9 dans la pr\u00e9paration des mat\u00e9riaux d\u2019\u00e9lectrode pour les batteries lithium-ion, le rev\u00eatement form\u00e9 par pulv\u00e9risation cathodique peut am\u00e9liorer l\u2019efficacit\u00e9 de la charge et de la d\u00e9charge et la dur\u00e9e de vie de la batterie, favorisant ainsi le d\u00e9veloppement de nouvelles technologies \u00e9nerg\u00e9tiques.<\/p>\n<p>Champ catalytique : en tant que mat\u00e9riau catalytique, son film de pulv\u00e9risation peut r\u00e9duire efficacement l\u2019\u00e9nergie d\u2019activation de la r\u00e9action dans certaines r\u00e9actions chimiques, acc\u00e9l\u00e9rer le processus de r\u00e9action et am\u00e9liorer l\u2019efficacit\u00e9 de la production chimique.<\/p>\n<h2><span style=\"font-size: 14pt;\">Contr\u00f4le qualit\u00e9<\/span><\/h2>\n<p><span style=\"color: #0000ff;\"><a style=\"color: #0000ff;\" href=\"https:\/\/vimaterial.de\/en\/quality-control\/\">Le contr\u00f4le de la qualit\u00e9<\/a><\/span> de nos produits est tr\u00e8s strict, de la s\u00e9lection de mati\u00e8res premi\u00e8res de haute puret\u00e9 et stables, \u00e0 l\u2019utilisation d\u2019\u00e9quipements de pr\u00e9cision avanc\u00e9s et d\u2019une technologie rigoureuse tout au long du contr\u00f4le pr\u00e9cis du processus de production, \u00e0 l\u2019utilisation de m\u00e9thodes d\u2019essai professionnelles sur les propri\u00e9t\u00e9s physiques, chimiques, microstructurelles et autres du produit de la gamme compl\u00e8te d\u2019essais approfondis,  Chaque maillon est strictement suivi des normes internationales \u00e9lev\u00e9es, afin de garantir que chaque lot de mat\u00e9riaux livr\u00e9 avec une excellente qualit\u00e9 et stabilit\u00e9, afin de fournir aux clients une assurance qualit\u00e9 solide et fiable. Nous nous engageons \u00e0 ce que chaque lot de mat\u00e9riaux livr\u00e9s ait une excellente qualit\u00e9 et stabilit\u00e9, offrant ainsi aux clients une assurance qualit\u00e9 solide et fiable. <\/p>\n<h2><span style=\"font-size: 14pt;\">Emballage et stockage<\/span><\/h2>\n<p>Les cibles de pulv\u00e9risation de t\u00e9troxyde de tricobalt sont emball\u00e9es dans des sacs sous vide doubles, puis emball\u00e9es, et l\u2019ext\u00e9rieur est emball\u00e9 dans des bo\u00eetes en carton.<\/p>\n<p>Les cibles de pulv\u00e9risation de tricobalt t\u00e9troxyde doivent \u00eatre stock\u00e9es dans un environnement sec et bien ventil\u00e9 \u00e0 une temp\u00e9rature stable, prot\u00e9g\u00e9es de l\u2019humidit\u00e9 et du contact avec des substances r\u00e9ductrices et des acides forts, et prot\u00e9g\u00e9es des chocs physiques violents.<\/p>\n","protected":false},"excerpt":{"rendered":"<p>La cible de pulv\u00e9risation de <span style=\"color: #0000ff;\"><a style=\"color: #0000ff;\" href=\"https:\/\/vimaterial.de\/en\/product\/tricobalt-tetroxide-cobalt-oxide-2\/\">tr\u00e9troxyde de tricobalt<\/a> <\/span>est un mat\u00e9riau dont le composant principal est le t\u00e9troxyde de cobalt, qui est utilis\u00e9 dans le processus de d\u00e9p\u00f4t physique en phase vapeur pour d\u00e9poser des films minces avec de bonnes propri\u00e9t\u00e9s \u00e9lectrochimiques, magn\u00e9tiques et catalytiques sur le substrat, qui est largement utilis\u00e9 dans les domaines de l\u2019\u00e9lectronique, de l\u2019\u00e9nergie, de la catalyse, etc.<\/p>\n","protected":false},"featured_media":1040828,"comment_status":"open","ping_status":"closed","template":"","meta":{"_acf_changed":false},"product_brand":[],"product_cat":[235],"product_tag":[],"class_list":{"0":"post-1014695","1":"product","2":"type-product","3":"status-publish","4":"has-post-thumbnail","6":"product_cat-cibles-de-pulverisation-planaire","8":"first","9":"instock","10":"shipping-taxable","11":"product-type-variable"},"acf":[],"_links":{"self":[{"href":"https:\/\/vimaterial.de\/fr\/wp-json\/wp\/v2\/product\/1014695","targetHints":{"allow":["GET"]}}],"collection":[{"href":"https:\/\/vimaterial.de\/fr\/wp-json\/wp\/v2\/product"}],"about":[{"href":"https:\/\/vimaterial.de\/fr\/wp-json\/wp\/v2\/types\/product"}],"replies":[{"embeddable":true,"href":"https:\/\/vimaterial.de\/fr\/wp-json\/wp\/v2\/comments?post=1014695"}],"wp:featuredmedia":[{"embeddable":true,"href":"https:\/\/vimaterial.de\/fr\/wp-json\/wp\/v2\/media\/1040828"}],"wp:attachment":[{"href":"https:\/\/vimaterial.de\/fr\/wp-json\/wp\/v2\/media?parent=1014695"}],"wp:term":[{"taxonomy":"product_brand","embeddable":true,"href":"https:\/\/vimaterial.de\/fr\/wp-json\/wp\/v2\/product_brand?post=1014695"},{"taxonomy":"product_cat","embeddable":true,"href":"https:\/\/vimaterial.de\/fr\/wp-json\/wp\/v2\/product_cat?post=1014695"},{"taxonomy":"product_tag","embeddable":true,"href":"https:\/\/vimaterial.de\/fr\/wp-json\/wp\/v2\/product_tag?post=1014695"}],"curies":[{"name":"wp","href":"https:\/\/api.w.org\/{rel}","templated":true}]}}