{"id":1014670,"date":"2024-06-17T14:45:39","date_gmt":"2024-06-17T06:45:39","guid":{"rendered":"https:\/\/vimaterial.de\/product\/aluminate-de-cobalt-2\/"},"modified":"2025-04-16T13:35:06","modified_gmt":"2025-04-16T05:35:06","slug":"aluminate-de-cobalt-2","status":"publish","type":"product","link":"https:\/\/vimaterial.de\/fr\/product\/aluminate-de-cobalt-2\/","title":{"rendered":"Cobalt Aluminate"},"content":{"rendered":"<p>La cible de pulv\u00e9risation <a href=\"https:\/\/vimaterial.de\/en\/product\/cobalt-aluminate\/\"><span style=\"color: #0000ff;\">cathodique d\u2019aluminate de cobalt <\/span><\/a>est un mat\u00e9riau principalement compos\u00e9 d\u2019oxydes de cobalt et d\u2019aluminium, utilis\u00e9 dans le d\u00e9p\u00f4t physique en phase vapeur, dans le processus de pulv\u00e9risation cathodique, le cobalt, l\u2019aluminium et d\u2019autres ions ou atomes connexes d\u00e9pos\u00e9s sur le substrat pour former un film mince, ce type de cible a une bonne stabilit\u00e9 chimique, une stabilit\u00e9 thermique et des propri\u00e9t\u00e9s optiques, il existe de nombreuses applications dans le domaine de l\u2019optique,  l\u2019\u00e9lectronique et d\u2019autres domaines.<\/p>\n<p>VIMATERIAL fournit des cibles de pulv\u00e9risation en aluminate de cobalt, nos cibles de pulv\u00e9risation en aluminate de cobalt ont les avantages d\u2019une grande puret\u00e9, d\u2019une bonne densit\u00e9, d\u2019une bonne structure cristalline, d\u2019excellentes propri\u00e9t\u00e9s de couche mince, d\u2019une pr\u00e9cision dimensionnelle \u00e9lev\u00e9e et d\u2019une efficacit\u00e9 de pulv\u00e9risation \u00e9lev\u00e9e, et nous pouvons fournir un service de liaison, veuillez <span style=\"color: #0000ff;\"><a style=\"color: #0000ff;\" href=\"https:\/\/vimaterial.de\/en\/contact-us\/\">nous contacter<\/a><\/span> rapidement.<\/p>\n<h2><span style=\"font-size: 14pt;\">Propri\u00e9t\u00e9s physiques<\/span><\/h2>\n<p>Formule mol\u00e9culaire : CoAl2O4<\/p>\n<p>Poids mol\u00e9culaire : environ 177g\/mol<\/p>\n<p>Apparence : Cibles solides g\u00e9n\u00e9ralement bleues ou bleu-vert<\/p>\n<p>Densit\u00e9 : environ 4-5g\/cm\u00b3<\/p>\n<p>Point de fusion : environ 1800-2000\u00b0C<\/p>\n<p>Structure cristalline : Commun\u00e9ment la structure du spinelle, appartient au syst\u00e8me cristallin cubique.<\/p>\n<h2><span style=\"font-size: 14pt;\">Applications<\/span><\/h2>\n<p>Champ optique : Les cibles de pulv\u00e9risation en aluminate de cobalt sont utilis\u00e9es pour fabriquer des filtres optiques et des rev\u00eatements miroirs, et gr\u00e2ce \u00e0 leurs propri\u00e9t\u00e9s optiques uniques, elles peuvent r\u00e9guler avec pr\u00e9cision la propagation et la r\u00e9flexion de la lumi\u00e8re, et am\u00e9liorer la qualit\u00e9 de l\u2019image et la capacit\u00e9 de traitement du signal optique des \u00e9quipements optiques.<\/p>\n<p>Domaine \u00e9lectronique&nbsp;: dans la fabrication de dispositifs \u00e9lectroniques, il peut \u00eatre utilis\u00e9 pour pr\u00e9parer la couche de stockage magn\u00e9tique et la couche barri\u00e8re de dispositif semi-conducteur, en utilisant sa stabilit\u00e9 et son magn\u00e9tisme, pour prot\u00e9ger la fonction de stockage de donn\u00e9es des composants \u00e9lectroniques et emp\u00eacher la diffusion atomique, pour am\u00e9liorer les performances et la fiabilit\u00e9 du dispositif.<\/p>\n<p>Champ catalytique : en tant que support de catalyseur ou directement impliqu\u00e9 dans les r\u00e9actions catalytiques, sa grande surface sp\u00e9cifique et son activit\u00e9 chimique appropri\u00e9e, pour fournir un environnement catalytique efficace pour les r\u00e9actions chimiques, acc\u00e9l\u00e9rer le processus de r\u00e9action, am\u00e9liorer l\u2019efficacit\u00e9 et la s\u00e9lectivit\u00e9 de la r\u00e9action.<\/p>\n<h2><span style=\"font-size: 14pt;\">Contr\u00f4le qualit\u00e9<\/span><\/h2>\n<p><span style=\"color: #0000ff;\"><a style=\"color: #0000ff;\" href=\"https:\/\/vimaterial.de\/en\/quality-control\/\">Le contr\u00f4le de la qualit\u00e9<\/a><\/span> de nos produits est tr\u00e8s strict, de la s\u00e9lection de mati\u00e8res premi\u00e8res de haute puret\u00e9 et stables, \u00e0 l\u2019utilisation d\u2019\u00e9quipements de pr\u00e9cision avanc\u00e9s et d\u2019une technologie rigoureuse tout au long du contr\u00f4le pr\u00e9cis du processus de production, \u00e0 l\u2019utilisation de m\u00e9thodes d\u2019essai professionnelles sur les propri\u00e9t\u00e9s physiques, chimiques, microstructurelles et autres du produit de la gamme compl\u00e8te d\u2019essais approfondis,  Chaque maillon est strictement suivi des normes internationales \u00e9lev\u00e9es, afin de garantir que chaque lot de mat\u00e9riaux livr\u00e9 avec une excellente qualit\u00e9 et stabilit\u00e9, afin de fournir aux clients une assurance qualit\u00e9 solide et fiable. Nous nous engageons \u00e0 ce que chaque lot de mat\u00e9riaux livr\u00e9s ait une excellente qualit\u00e9 et stabilit\u00e9, offrant ainsi aux clients une assurance qualit\u00e9 solide et fiable. <\/p>\n<h2><span style=\"font-size: 14pt;\">Emballage et stockage<\/span><\/h2>\n<p>Les cibles de pulv\u00e9risation cathodique \u00e0 l\u2019aluminate de cobalt sont emball\u00e9es dans des sacs et des bo\u00eetes sous vide doubles, l\u2019ext\u00e9rieur \u00e9tant emball\u00e9 dans des bo\u00eetes en carton.<\/p>\n<p>Les cibles de pulv\u00e9risation \u00e0 l\u2019aluminate de cobalt doivent \u00eatre stock\u00e9es dans un environnement sec, frais et bien ventil\u00e9, \u00e0 l\u2019abri de l\u2019humidit\u00e9, des substances corrosives et des impacts physiques violents, et avec une temp\u00e9rature et une humidit\u00e9 ambiantes relativement stables.<\/p>\n","protected":false},"excerpt":{"rendered":"<p>La cible de pulv\u00e9risation <a href=\"https:\/\/vimaterial.de\/en\/product\/cobalt-aluminate\/\"><span style=\"color: #0000ff;\">cathodique d\u2019aluminate de cobalt <\/span><\/a>est un mat\u00e9riau principalement compos\u00e9 d\u2019oxydes de cobalt et d\u2019aluminium, utilis\u00e9 dans le d\u00e9p\u00f4t physique en phase vapeur, dans le processus de pulv\u00e9risation cathodique, le cobalt, l\u2019aluminium et d\u2019autres ions ou atomes connexes d\u00e9pos\u00e9s sur le substrat pour former un film mince, ce type de cible a une bonne stabilit\u00e9 chimique, une stabilit\u00e9 thermique et des propri\u00e9t\u00e9s optiques, il existe de nombreuses applications dans le domaine de l\u2019optique,  l\u2019\u00e9lectronique et d\u2019autres domaines.<\/p>\n","protected":false},"featured_media":1002156,"comment_status":"open","ping_status":"closed","template":"","meta":{"_acf_changed":false},"product_brand":[],"product_cat":[235],"product_tag":[],"class_list":{"0":"post-1014670","1":"product","2":"type-product","3":"status-publish","4":"has-post-thumbnail","6":"product_cat-cibles-de-pulverisation-planaire","8":"first","9":"instock","10":"shipping-taxable","11":"product-type-variable"},"acf":[],"_links":{"self":[{"href":"https:\/\/vimaterial.de\/fr\/wp-json\/wp\/v2\/product\/1014670","targetHints":{"allow":["GET"]}}],"collection":[{"href":"https:\/\/vimaterial.de\/fr\/wp-json\/wp\/v2\/product"}],"about":[{"href":"https:\/\/vimaterial.de\/fr\/wp-json\/wp\/v2\/types\/product"}],"replies":[{"embeddable":true,"href":"https:\/\/vimaterial.de\/fr\/wp-json\/wp\/v2\/comments?post=1014670"}],"wp:featuredmedia":[{"embeddable":true,"href":"https:\/\/vimaterial.de\/fr\/wp-json\/wp\/v2\/media\/1002156"}],"wp:attachment":[{"href":"https:\/\/vimaterial.de\/fr\/wp-json\/wp\/v2\/media?parent=1014670"}],"wp:term":[{"taxonomy":"product_brand","embeddable":true,"href":"https:\/\/vimaterial.de\/fr\/wp-json\/wp\/v2\/product_brand?post=1014670"},{"taxonomy":"product_cat","embeddable":true,"href":"https:\/\/vimaterial.de\/fr\/wp-json\/wp\/v2\/product_cat?post=1014670"},{"taxonomy":"product_tag","embeddable":true,"href":"https:\/\/vimaterial.de\/fr\/wp-json\/wp\/v2\/product_tag?post=1014670"}],"curies":[{"name":"wp","href":"https:\/\/api.w.org\/{rel}","templated":true}]}}