{"id":1014667,"date":"2024-06-17T14:45:39","date_gmt":"2024-06-17T06:45:39","guid":{"rendered":"https:\/\/vimaterial.de\/product\/aluminate-de-cobalt\/"},"modified":"2025-04-16T13:36:58","modified_gmt":"2025-04-16T05:36:58","slug":"aluminate-de-cobalt","status":"publish","type":"product","link":"https:\/\/vimaterial.de\/fr\/product\/aluminate-de-cobalt\/","title":{"rendered":"Cobalt Aluminate"},"content":{"rendered":"<p><span style=\"color: #0000ff;\"><a style=\"color: #0000ff;\" href=\"https:\/\/vimaterial.de\/en\/product\/cobalt-aluminate-2\/\">La poudre d\u2019aluminate de cobalt<\/a> <\/span>est une poudre compos\u00e9e avec une structure de spinelle, une couleur vive (souvent bleue), une bonne stabilit\u00e9 chimique, une r\u00e9sistance aux temp\u00e9ratures \u00e9lev\u00e9es et des propri\u00e9t\u00e9s optiques, qui a des applications importantes dans les domaines des pigments, des c\u00e9ramiques et des mat\u00e9riaux optiques.<\/p>\n<p>VIAMTERIAL fournit de la poudre d\u2019aluminate de cobalt, notre poudre pr\u00e9sente les caract\u00e9ristiques d\u2019une grande puret\u00e9, d\u2019une taille de particule uniforme, d\u2019une bonne fluidit\u00e9, d\u2019un bon compactage, de propri\u00e9t\u00e9s chimiques stables, etc. Nous prenons \u00e9galement en charge l\u2019emballage et la commande de petits lots. Nous avons une \u00e9quipe technique professionnelle de recherche et d\u00e9veloppement, acceptons la personnalisation et l\u2019exp\u00e9rimentation du produit, veuillez <span style=\"color: #0000ff;\"><a style=\"color: #0000ff;\" href=\"https:\/\/vimaterial.de\/en\/contact-us\/\">nous contacter.<\/a><\/span>  <\/p>\n<h2><span style=\"font-size: 14pt;\">Propri\u00e9t\u00e9s physiques<\/span><\/h2>\n<p>Formule mol\u00e9culaire : CoAl\u2082O\u2084<\/p>\n<p>Poids mol\u00e9culaire : environ 176,89<\/p>\n<p>Apparence&nbsp;: g\u00e9n\u00e9ralement poudre bleue, couleur vive et uniforme<\/p>\n<p>Densit\u00e9 : environ 4,37 g\/cm\u00b3.<\/p>\n<p>Point de fusion : environ 1900 &#8211; 2000\u00b0C.<\/p>\n<p>Structure cristalline : Il appartient \u00e0 la structure du spinelle, dans laquelle les ions cobalt (Co\u00b2\u207a) et les ions aluminium (Al\u00b3\u207a) sont r\u00e9partis de mani\u00e8re ordonn\u00e9e dans le r\u00e9seau cubique compos\u00e9 d\u2019ions oxyg\u00e8ne (O\u00b2-), et cette structure lui conf\u00e8re une bonne stabilit\u00e9 chimique et des propri\u00e9t\u00e9s physiques telles que l\u2019optique.<\/p>\n<h2><span style=\"font-size: 14pt;\">Applications<\/span><\/h2>\n<p>Champ pigmentaire&nbsp;: La poudre d\u2019aluminate de cobalt est largement utilis\u00e9e comme pigment pour la c\u00e9ramique, le verre et d\u2019autres mat\u00e9riaux en raison de sa teinte bleue brillante et stable, qui donne aux produits un effet d\u00e9coratif durable et magnifique et r\u00e9pond aux besoins de la cr\u00e9ation artistique et de la production industrielle.<\/p>\n<p>Domaine de la c\u00e9ramique : Dans l\u2019industrie c\u00e9ramique, la poudre CoAl\u2082O\u2084 est utilis\u00e9e comme un additif important pour am\u00e9liorer la duret\u00e9, la r\u00e9sistance \u00e0 l\u2019abrasion et la r\u00e9sistance aux hautes temp\u00e9ratures de la c\u00e9ramique, et en m\u00eame temps, donner \u00e0 la c\u00e9ramique une couleur et un lustre uniques, ce qui \u00e9largit son application dans la vaisselle haut de gamme et la c\u00e9ramique d\u00e9corative architecturale.<\/p>\n<p>Mat\u00e9riaux optiques : La poudre d\u2019aluminate de cobalt est utilis\u00e9e dans la pr\u00e9paration de mat\u00e9riaux luminescents, de filtres optiques et d\u2019autres dispositifs optiques en raison de ses propri\u00e9t\u00e9s optiques particuli\u00e8res, telles que les caract\u00e9ristiques d\u2019absorption et d\u2019\u00e9mission de longueurs d\u2019onde sp\u00e9cifiques de la lumi\u00e8re, contribuant \u00e0 am\u00e9liorer les performances et la diversit\u00e9 fonctionnelle des instruments optiques.<\/p>\n<h2><span style=\"font-size: 14pt;\">Contr\u00f4le de la qualit\u00e9<\/span><\/h2>\n<p><span style=\"color: #0000ff;\"><a style=\"color: #0000ff;\" href=\"https:\/\/vimaterial.de\/en\/quality-control\/\">Le contr\u00f4le de la qualit\u00e9<\/a><\/span> de chaque lot de produits est effectu\u00e9 tout au long du processus d\u2019approvisionnement en mati\u00e8res premi\u00e8res, de production et de traitement, de test et d\u2019inspection, et d\u2019emballage, en suivant strictement les normes internationales et les normes industrielles. Nous disposons d\u2019un \u00e9quipement de test avanc\u00e9, d\u2019une \u00e9quipe de contr\u00f4le qualit\u00e9 professionnelle et d\u2019un syst\u00e8me de contr\u00f4le de qualit\u00e9 strict pour garantir la qualit\u00e9 du produit. <\/p>\n<h2><span style=\"font-size: 14pt;\">Emballage et stockage<\/span><\/h2>\n<p>Les poudres d\u2019aluminate de cobalt sont emball\u00e9es dans des sacs ou des bouteilles sous vide doubles et emball\u00e9es dans des cartons.<\/p>\n<p>Les poudres d\u2019aluminate de cobalt doivent \u00eatre stock\u00e9es dans un environnement sec, frais et bien ventil\u00e9, herm\u00e9tiquement scell\u00e9es, \u00e0 l\u2019abri de l\u2019humidit\u00e9, des substances acides ou alcalines, \u00e0 l\u2019abri des sources d\u2019inflammation et des agents oxydants puissants, et stock\u00e9es conform\u00e9ment \u00e0 la r\u00e9glementation r\u00e9gissant le stockage des poudres inorganiques.<\/p>\n","protected":false},"excerpt":{"rendered":"<p><span style=\"color: #0000ff;\"><a style=\"color: #0000ff;\" href=\"https:\/\/vimaterial.de\/en\/product\/cobalt-aluminate-2\/\">La poudre d\u2019aluminate de cobalt<\/a> <\/span>est une poudre compos\u00e9e avec une structure de spinelle, une couleur vive (souvent bleue), une bonne stabilit\u00e9 chimique, une r\u00e9sistance aux temp\u00e9ratures \u00e9lev\u00e9es et des propri\u00e9t\u00e9s optiques, qui a des applications importantes dans les domaines des pigments, des c\u00e9ramiques et des mat\u00e9riaux optiques.<\/p>\n","protected":false},"featured_media":1002149,"comment_status":"open","ping_status":"closed","template":"","meta":{"_acf_changed":false},"product_brand":[],"product_cat":[244],"product_tag":[],"class_list":{"0":"post-1014667","1":"product","2":"type-product","3":"status-publish","4":"has-post-thumbnail","6":"product_cat-autres-materiaux","8":"first","9":"instock","10":"shipping-taxable","11":"product-type-variable"},"acf":[],"_links":{"self":[{"href":"https:\/\/vimaterial.de\/fr\/wp-json\/wp\/v2\/product\/1014667","targetHints":{"allow":["GET"]}}],"collection":[{"href":"https:\/\/vimaterial.de\/fr\/wp-json\/wp\/v2\/product"}],"about":[{"href":"https:\/\/vimaterial.de\/fr\/wp-json\/wp\/v2\/types\/product"}],"replies":[{"embeddable":true,"href":"https:\/\/vimaterial.de\/fr\/wp-json\/wp\/v2\/comments?post=1014667"}],"wp:featuredmedia":[{"embeddable":true,"href":"https:\/\/vimaterial.de\/fr\/wp-json\/wp\/v2\/media\/1002149"}],"wp:attachment":[{"href":"https:\/\/vimaterial.de\/fr\/wp-json\/wp\/v2\/media?parent=1014667"}],"wp:term":[{"taxonomy":"product_brand","embeddable":true,"href":"https:\/\/vimaterial.de\/fr\/wp-json\/wp\/v2\/product_brand?post=1014667"},{"taxonomy":"product_cat","embeddable":true,"href":"https:\/\/vimaterial.de\/fr\/wp-json\/wp\/v2\/product_cat?post=1014667"},{"taxonomy":"product_tag","embeddable":true,"href":"https:\/\/vimaterial.de\/fr\/wp-json\/wp\/v2\/product_tag?post=1014667"}],"curies":[{"name":"wp","href":"https:\/\/api.w.org\/{rel}","templated":true}]}}