{"id":1014657,"date":"2024-06-17T14:45:43","date_gmt":"2024-06-17T06:45:43","guid":{"rendered":"https:\/\/vimaterial.de\/product\/alliage-de-cobalt-et-de-chrome\/"},"modified":"2025-04-16T13:29:45","modified_gmt":"2025-04-16T05:29:45","slug":"alliage-de-cobalt-et-de-chrome","status":"publish","type":"product","link":"https:\/\/vimaterial.de\/fr\/product\/alliage-de-cobalt-et-de-chrome\/","title":{"rendered":"Alliage de chrome cobalt"},"content":{"rendered":"<p>La cible de pulv\u00e9risation cathodique en <span style=\"color: #0000ff;\"><a style=\"color: #0000ff;\" href=\"https:\/\/vimaterial.de\/en\/search\/?type=name&amp;keyword=Cobalt+Chromium+Oxide\">alliage de chrome cobalt<\/a><\/span> est une sorte de mat\u00e9riau d\u2019alliage principalement compos\u00e9 de cobalt et de chrome, avec une duret\u00e9 \u00e9lev\u00e9e, une bonne r\u00e9sistance \u00e0 la corrosion et une r\u00e9sistance \u00e0 l\u2019oxydation, adapt\u00e9e au d\u00e9p\u00f4t physique en phase vapeur, peut \u00eatre d\u00e9pos\u00e9e sur le substrat avec d\u2019excellentes performances du film mince, qui est largement utilis\u00e9 dans le domaine de l\u2019\u00e9lectronique, du m\u00e9dical, des machines, etc.<\/p>\n<p>VIMATERIAL fournit des cibles de pulv\u00e9risation en alliage de chrome cobalt. Nos cibles de pulv\u00e9risation en alliage de chrome-cobalt pr\u00e9sentent les avantages d\u2019une grande puret\u00e9, d\u2019une bonne densit\u00e9, d\u2019une bonne structure cristalline, d\u2019excellentes propri\u00e9t\u00e9s de film mince, d\u2019une pr\u00e9cision dimensionnelle \u00e9lev\u00e9e et d\u2019une efficacit\u00e9 de pulv\u00e9risation \u00e9lev\u00e9e, et nous pouvons \u00e9galement fournir le service de liaison. <span style=\"color: #0000ff;\"><a style=\"color: #0000ff;\" href=\"https:\/\/vimaterial.de\/en\/contact-us\/\">Contactez-nous<\/a><\/span> d\u00e8s maintenant. <\/p>\n<h2><span style=\"font-size: 14pt;\">Propri\u00e9t\u00e9s physiques<\/span><\/h2>\n<p>Formule mol\u00e9culaire : CoCr<\/p>\n<p>Poids mol\u00e9culaire : environ 55,5<\/p>\n<p>Apparence&nbsp;: Cibles m\u00e9talliques g\u00e9n\u00e9ralement gris argent\u00e9<\/p>\n<p>Densit\u00e9 : environ 8 \u00e0 9 g\/cm\u00b3.<\/p>\n<p>Point de fusion : environ 1300 &#8211; 1500\u00b0C<\/p>\n<p>Structure cristalline&nbsp;: Structure cristalline cubique centr\u00e9e sur la face (FCC), les atomes sont \u00e9troitement dispos\u00e9s, l\u2019alliage fait que les atomes forment des liaisons m\u00e9talliques \u00e9troites.<\/p>\n<h2><span style=\"font-size: 14pt;\">Applications<\/span><\/h2>\n<p>\u00c9lectronique&nbsp;: Les cibles de pulv\u00e9risation en alliage cobalt-chrome sont utilis\u00e9es pour fabriquer des \u00e9lectrodes et des interconnexions dans les composants \u00e9lectroniques, etc. Avec sa bonne conductivit\u00e9 et sa stabilit\u00e9, il assure le fonctionnement efficace des \u00e9quipements \u00e9lectroniques et la fiabilit\u00e9 de la transmission du signal. <\/p>\n<p>Domaine m\u00e9dical : Dans les dispositifs m\u00e9dicaux, tels que les articulations artificielles, les implants dentaires, etc., la pulv\u00e9risation est utilis\u00e9e pour former des rev\u00eatements biocompatibles, r\u00e9sistants \u00e0 l\u2019usure et \u00e0 la corrosion afin d\u2019am\u00e9liorer la dur\u00e9e de vie et la s\u00e9curit\u00e9 des implants et de r\u00e9duire le risque de rejet.<\/p>\n<p>Domaine de la fabrication m\u00e9canique : appliqu\u00e9 au traitement de renforcement de surface des pi\u00e8ces m\u00e9caniques, telles que les composants cl\u00e9s des moteurs automobiles, les outils de coupe, etc., apr\u00e8s pulv\u00e9risation cathodique pour am\u00e9liorer leur duret\u00e9, leur r\u00e9sistance \u00e0 l\u2019usure et leur r\u00e9sistance \u00e0 la corrosion, pour prolonger la dur\u00e9e de vie et la stabilit\u00e9 des performances des pi\u00e8ces m\u00e9caniques.<\/p>\n<p>Domaine a\u00e9rospatial : Utilis\u00e9 dans la pr\u00e9paration de rev\u00eatements protecteurs pour les aubes de moteurs d\u2019avion, les composants structurels d\u2019avions, etc., pour am\u00e9liorer la fiabilit\u00e9 des mat\u00e9riaux dans des environnements extr\u00eames en utilisant leurs caract\u00e9ristiques de r\u00e9sistance aux hautes temp\u00e9ratures, de r\u00e9sistance \u00e0 l\u2019oxydation et de haute r\u00e9sistance, et pour assurer la s\u00e9curit\u00e9 des vols et les performances de l\u2019\u00e9quipement.<\/p>\n<h2><span style=\"font-size: 14pt;\">Contr\u00f4le qualit\u00e9<\/span><\/h2>\n<p><span style=\"color: #0000ff;\"><a style=\"color: #0000ff;\" href=\"https:\/\/vimaterial.de\/en\/quality-control\/\">Le contr\u00f4le de la qualit\u00e9<\/a> <\/span>de nos produits est tr\u00e8s strict, de la s\u00e9lection de mati\u00e8res premi\u00e8res de haute puret\u00e9 et stables, \u00e0 l\u2019utilisation d\u2019\u00e9quipements de pr\u00e9cision avanc\u00e9s et d\u2019une technologie rigoureuse tout au long du contr\u00f4le pr\u00e9cis du processus de production, \u00e0 l\u2019utilisation de m\u00e9thodes d\u2019essai professionnelles sur les propri\u00e9t\u00e9s physiques, chimiques, microstructurelles et autres du produit de la gamme compl\u00e8te d\u2019essais approfondis,  Chaque maillon est strictement suivi des normes internationales \u00e9lev\u00e9es, afin de garantir que chaque lot de mat\u00e9riaux livr\u00e9 avec une excellente qualit\u00e9 et stabilit\u00e9, afin de fournir aux clients une assurance qualit\u00e9 solide et fiable. Nous nous engageons \u00e0 ce que chaque lot de mat\u00e9riaux livr\u00e9s ait une excellente qualit\u00e9 et stabilit\u00e9, offrant ainsi aux clients une assurance qualit\u00e9 solide et fiable. <\/p>\n<h2><span style=\"font-size: 14pt;\">Emballage et stockage<\/span><\/h2>\n<p>Les cibles de pulv\u00e9risation en alliage de chrome-cobalt sont emball\u00e9es dans des sacs et des bo\u00eetes sous vide \u00e0 double couche, et l\u2019ext\u00e9rieur est emball\u00e9 dans des cartons.<\/p>\n<p>Les cibles de pulv\u00e9risation en alliage de chrome-cobalt doivent \u00eatre stock\u00e9es dans un environnement sec et bien ventil\u00e9 avec une temp\u00e9rature et une humidit\u00e9 relativement stables, prot\u00e9g\u00e9es de l\u2019humidit\u00e9, de l\u2019oxydation et des chocs physiques, et tenues \u00e0 l\u2019\u00e9cart des substances corrosives et des sources de champs magn\u00e9tiques puissants.<\/p>\n","protected":false},"excerpt":{"rendered":"<p>La cible de pulv\u00e9risation cathodique en <span style=\"color: #0000ff;\"><a style=\"color: #0000ff;\" href=\"https:\/\/vimaterial.de\/en\/search\/?type=name&amp;keyword=Cobalt+Chromium+Oxide\">alliage de chrome cobalt<\/a><\/span> est une sorte de mat\u00e9riau d\u2019alliage principalement compos\u00e9 de cobalt et de chrome, avec une duret\u00e9 \u00e9lev\u00e9e, une bonne r\u00e9sistance \u00e0 la corrosion et une r\u00e9sistance \u00e0 l\u2019oxydation, adapt\u00e9e au d\u00e9p\u00f4t physique en phase vapeur, peut \u00eatre d\u00e9pos\u00e9e sur le substrat avec d\u2019excellentes performances du film mince, qui est largement utilis\u00e9 dans le domaine de l\u2019\u00e9lectronique, du m\u00e9dical, des machines, etc.<\/p>\n","protected":false},"featured_media":1002171,"comment_status":"open","ping_status":"closed","template":"","meta":{"_acf_changed":false},"product_brand":[],"product_cat":[235],"product_tag":[],"class_list":{"0":"post-1014657","1":"product","2":"type-product","3":"status-publish","4":"has-post-thumbnail","6":"product_cat-cibles-de-pulverisation-planaire","8":"first","9":"instock","10":"shipping-taxable","11":"product-type-variable"},"acf":[],"_links":{"self":[{"href":"https:\/\/vimaterial.de\/fr\/wp-json\/wp\/v2\/product\/1014657","targetHints":{"allow":["GET"]}}],"collection":[{"href":"https:\/\/vimaterial.de\/fr\/wp-json\/wp\/v2\/product"}],"about":[{"href":"https:\/\/vimaterial.de\/fr\/wp-json\/wp\/v2\/types\/product"}],"replies":[{"embeddable":true,"href":"https:\/\/vimaterial.de\/fr\/wp-json\/wp\/v2\/comments?post=1014657"}],"wp:featuredmedia":[{"embeddable":true,"href":"https:\/\/vimaterial.de\/fr\/wp-json\/wp\/v2\/media\/1002171"}],"wp:attachment":[{"href":"https:\/\/vimaterial.de\/fr\/wp-json\/wp\/v2\/media?parent=1014657"}],"wp:term":[{"taxonomy":"product_brand","embeddable":true,"href":"https:\/\/vimaterial.de\/fr\/wp-json\/wp\/v2\/product_brand?post=1014657"},{"taxonomy":"product_cat","embeddable":true,"href":"https:\/\/vimaterial.de\/fr\/wp-json\/wp\/v2\/product_cat?post=1014657"},{"taxonomy":"product_tag","embeddable":true,"href":"https:\/\/vimaterial.de\/fr\/wp-json\/wp\/v2\/product_tag?post=1014657"}],"curies":[{"name":"wp","href":"https:\/\/api.w.org\/{rel}","templated":true}]}}