{"id":1014618,"date":"2024-06-17T14:46:26","date_gmt":"2024-06-17T06:46:26","guid":{"rendered":"https:\/\/vimaterial.de\/product\/oxyde-de-cobalt-et-de-chrome\/"},"modified":"2025-04-16T13:25:54","modified_gmt":"2025-04-16T05:25:54","slug":"oxyde-de-cobalt-et-de-chrome","status":"publish","type":"product","link":"https:\/\/vimaterial.de\/fr\/product\/oxyde-de-cobalt-et-de-chrome\/","title":{"rendered":"Oxyde de chrome cobalt"},"content":{"rendered":"<p>La cible <span style=\"color: #0000ff;\"><a style=\"color: #0000ff;\" href=\"https:\/\/vimaterial.de\/en\/product\/cobalt-chromium-oxide\/\">de pulv\u00e9risation d\u2019oxyde de chrome cobalt<\/a><\/span> est un mat\u00e9riau utilis\u00e9 dans la technologie de d\u00e9p\u00f4t physique en phase vapeur (PVD), qui se compose principalement d\u2019\u00e9l\u00e9ments de cobalt, de chrome et d\u2019oxyg\u00e8ne, dans le processus de pulv\u00e9risation, ses atomes ou mol\u00e9cules sont bombard\u00e9s par des particules \u00e0 haute \u00e9nergie, puis d\u00e9pos\u00e9s \u00e0 la surface du substrat, qui est utilis\u00e9 pour la pr\u00e9paration de films minces aux propri\u00e9t\u00e9s sp\u00e9ciales,  tels qu\u2019une duret\u00e9 \u00e9lev\u00e9e, une bonne r\u00e9sistance \u00e0 l\u2019abrasion et \u00e0 la corrosion, et joue un r\u00f4le cl\u00e9 dans de nombreux domaines, tels que l\u2019\u00e9lectronique, l\u2019optique et la m\u00e9canique. Il joue un r\u00f4le cl\u00e9 dans de nombreux domaines tels que l\u2019\u00e9lectronique, l\u2019optique, la m\u00e9canique, etc. <\/p>\n<p>VIMATERIAL fournit des cibles de pulv\u00e9risation d\u2019oxyde de chrome cobalt, nos cibles de pulv\u00e9risation d\u2019oxyde de chrome cobalt ont les avantages d\u2019une grande puret\u00e9, d\u2019une bonne densit\u00e9, d\u2019une bonne structure cristalline, d\u2019excellentes propri\u00e9t\u00e9s de couche mince, d\u2019une pr\u00e9cision dimensionnelle \u00e9lev\u00e9e et d\u2019une efficacit\u00e9 de pulv\u00e9risation \u00e9lev\u00e9e, et nous pouvons fournir le service de liaison, alors veuillez <span style=\"color: #0000ff;\"><a style=\"color: #0000ff;\" href=\"https:\/\/vimaterial.de\/en\/contact-us\/\">nous contacter<\/a><\/span> bient\u00f4t.<\/p>\n<h2><span style=\"font-size: 14pt;\">Propri\u00e9t\u00e9s physiques<\/span><\/h2>\n<p>Formule mol\u00e9culaire : CoCr2O4<\/p>\n<p>Poids mol\u00e9culaire : 226,9214 g\/mol<\/p>\n<p>Apparence&nbsp;: g\u00e9n\u00e9ralement des cibles de pulv\u00e9risation solides noires ou gris fonc\u00e9<\/p>\n<p>Densit\u00e9 : 5-6g\/cm3<\/p>\n<p>Point de fusion : environ 1900-2100\u00b0C<\/p>\n<p>Structure cristalline : G\u00e9n\u00e9ralement structure en spinelle<\/p>\n<h2><span style=\"font-size: 14pt;\">Applications<\/span><\/h2>\n<p>Domaine \u00e9lectronique : utilis\u00e9 dans la fabrication de composants \u00e9lectroniques, il peut former une couche mince avec des propri\u00e9t\u00e9s \u00e9lectriques sp\u00e9cifiques, pour aider \u00e0 miniaturiser les produits \u00e9lectroniques et am\u00e9liorer les performances.<\/p>\n<p>Champ optique&nbsp;: utilis\u00e9 dans les lentilles optiques, le rev\u00eatement, etc., peut r\u00e9duire efficacement la r\u00e9flexion de la lumi\u00e8re, am\u00e9liorer la transmission de la lumi\u00e8re et am\u00e9liorer les performances des syst\u00e8mes optiques.<\/p>\n<p>Domaine des semi-conducteurs : en tant que mat\u00e9riau cl\u00e9 utilis\u00e9 dans la fabrication des puces \u00e0 semi-conducteurs, pour fournir des propri\u00e9t\u00e9s physiques et chimiques stables \u00e0 la puce afin d\u2019assurer le d\u00e9veloppement de la technologie des semi-conducteurs.<\/p>\n<p>Domaine de l\u2019\u00e9quipement m\u00e9dical&nbsp;: appliqu\u00e9 au rev\u00eatement de l\u2019\u00e9quipement m\u00e9dical, non seulement pour assurer une bonne biocompatibilit\u00e9, mais \u00e9galement avoir certaines propri\u00e9t\u00e9s m\u00e9caniques pour r\u00e9pondre aux besoins d\u2019un usage m\u00e9dical.<\/p>\n<p>Domaine de la construction automobile : il peut \u00eatre utilis\u00e9 dans le traitement de surface de pi\u00e8ces de moteurs automobiles, etc., pour am\u00e9liorer sa r\u00e9sistance aux hautes temp\u00e9ratures et \u00e0 l\u2019usure, et optimiser les performances et la fiabilit\u00e9 des automobiles.<\/p>\n<h2><span style=\"font-size: 14pt;\">Contr\u00f4le qualit\u00e9<\/span><\/h2>\n<p><span style=\"color: #0000ff;\"><a style=\"color: #0000ff;\" href=\"https:\/\/vimaterial.de\/en\/quality-control\/\">Le contr\u00f4le de la qualit\u00e9<\/a> <\/span>de nos produits est tr\u00e8s strict, de la s\u00e9lection de mati\u00e8res premi\u00e8res de haute puret\u00e9 et stables, \u00e0 l\u2019utilisation d\u2019\u00e9quipements de pr\u00e9cision avanc\u00e9s et d\u2019une technologie rigoureuse tout au long du contr\u00f4le pr\u00e9cis du processus de production, \u00e0 l\u2019utilisation de m\u00e9thodes d\u2019essai professionnelles sur les propri\u00e9t\u00e9s physiques, chimiques, microstructurelles et autres du produit de la gamme compl\u00e8te d\u2019essais approfondis,  Chaque maillon est strictement suivi des normes internationales \u00e9lev\u00e9es, afin de garantir que chaque lot de mat\u00e9riaux livr\u00e9 avec une excellente qualit\u00e9 et stabilit\u00e9, afin de fournir aux clients une assurance qualit\u00e9 solide et fiable. Nous nous engageons \u00e0 ce que chaque lot de mat\u00e9riaux livr\u00e9s ait une excellente qualit\u00e9 et stabilit\u00e9, offrant ainsi aux clients une assurance qualit\u00e9 solide et fiable. <\/p>\n<h2><span style=\"font-size: 14pt;\">Emballage et stockage<\/span><\/h2>\n<p>Les cibles de pulv\u00e9risation \u00e0 l\u2019oxyde de chrome-cobalt sont emball\u00e9es dans des sacs et des bo\u00eetes sous vide \u00e0 double couche, et l\u2019ext\u00e9rieur est emball\u00e9 dans des cartons.<\/p>\n<p>Les cibles de pulv\u00e9risation d\u2019oxyde de chrome-cobalt doivent \u00eatre stock\u00e9es dans un environnement sec et bien ventil\u00e9 avec une temp\u00e9rature et une humidit\u00e9 relativement stables, prot\u00e9g\u00e9es de l\u2019humidit\u00e9, de l\u2019oxydation et des chocs physiques, et tenues \u00e0 l\u2019\u00e9cart des substances corrosives et des sources de champs magn\u00e9tiques puissants.<\/p>\n","protected":false},"excerpt":{"rendered":"<p>La cible <span style=\"color: #0000ff;\"><a style=\"color: #0000ff;\" href=\"https:\/\/vimaterial.de\/en\/product\/cobalt-chromium-oxide\/\">de pulv\u00e9risation d\u2019oxyde de chrome cobalt<\/a><\/span> est un mat\u00e9riau utilis\u00e9 dans la technologie de d\u00e9p\u00f4t physique en phase vapeur (PVD), qui se compose principalement d\u2019\u00e9l\u00e9ments de cobalt, de chrome et d\u2019oxyg\u00e8ne, dans le processus de pulv\u00e9risation, ses atomes ou mol\u00e9cules sont bombard\u00e9s par des particules \u00e0 haute \u00e9nergie, puis d\u00e9pos\u00e9s \u00e0 la surface du substrat, qui est utilis\u00e9 pour la pr\u00e9paration de films minces aux propri\u00e9t\u00e9s sp\u00e9ciales,  tels qu\u2019une duret\u00e9 \u00e9lev\u00e9e, une bonne r\u00e9sistance \u00e0 l\u2019abrasion et \u00e0 la corrosion, et joue un r\u00f4le cl\u00e9 dans de nombreux domaines, tels que l\u2019\u00e9lectronique, l\u2019optique et la m\u00e9canique. Il joue un r\u00f4le cl\u00e9 dans de nombreux domaines tels que l\u2019\u00e9lectronique, l\u2019optique, la m\u00e9canique, etc. <\/p>\n","protected":false},"featured_media":1002179,"comment_status":"open","ping_status":"closed","template":"","meta":{"_acf_changed":false},"product_brand":[],"product_cat":[235],"product_tag":[],"class_list":{"0":"post-1014618","1":"product","2":"type-product","3":"status-publish","4":"has-post-thumbnail","6":"product_cat-cibles-de-pulverisation-planaire","8":"first","9":"instock","10":"shipping-taxable","11":"product-type-variable"},"acf":[],"_links":{"self":[{"href":"https:\/\/vimaterial.de\/fr\/wp-json\/wp\/v2\/product\/1014618","targetHints":{"allow":["GET"]}}],"collection":[{"href":"https:\/\/vimaterial.de\/fr\/wp-json\/wp\/v2\/product"}],"about":[{"href":"https:\/\/vimaterial.de\/fr\/wp-json\/wp\/v2\/types\/product"}],"replies":[{"embeddable":true,"href":"https:\/\/vimaterial.de\/fr\/wp-json\/wp\/v2\/comments?post=1014618"}],"wp:featuredmedia":[{"embeddable":true,"href":"https:\/\/vimaterial.de\/fr\/wp-json\/wp\/v2\/media\/1002179"}],"wp:attachment":[{"href":"https:\/\/vimaterial.de\/fr\/wp-json\/wp\/v2\/media?parent=1014618"}],"wp:term":[{"taxonomy":"product_brand","embeddable":true,"href":"https:\/\/vimaterial.de\/fr\/wp-json\/wp\/v2\/product_brand?post=1014618"},{"taxonomy":"product_cat","embeddable":true,"href":"https:\/\/vimaterial.de\/fr\/wp-json\/wp\/v2\/product_cat?post=1014618"},{"taxonomy":"product_tag","embeddable":true,"href":"https:\/\/vimaterial.de\/fr\/wp-json\/wp\/v2\/product_tag?post=1014618"}],"curies":[{"name":"wp","href":"https:\/\/api.w.org\/{rel}","templated":true}]}}