{"id":1014607,"date":"2024-06-17T14:46:27","date_gmt":"2024-06-17T06:46:27","guid":{"rendered":"https:\/\/vimaterial.de\/product\/cobalt-chrome-fer-nickel\/"},"modified":"2025-04-16T13:22:14","modified_gmt":"2025-04-16T05:22:14","slug":"cobalt-chrome-fer-nickel","status":"publish","type":"product","link":"https:\/\/vimaterial.de\/fr\/product\/cobalt-chrome-fer-nickel\/","title":{"rendered":"Cobalt Chrome Fer Nickel"},"content":{"rendered":"<p>La poudre de <span style=\"color: #0000ff;\"><a style=\"color: #0000ff;\" href=\"https:\/\/vimaterial.de\/en\/search\/?type=name&amp;keyword=Cobalt+Chromium+Iron+Nickel\">cobalt chrome fer nickel<\/a> <\/span>est une poudre d\u2019alliage t\u00e9tram\u00e8re, g\u00e9n\u00e9ralement de couleur gris argent\u00e9, avec une r\u00e9sistance \u00e9lev\u00e9e, une bonne t\u00e9nacit\u00e9, une r\u00e9sistance \u00e0 la corrosion et une r\u00e9sistance \u00e0 l\u2019oxydation, qui a des applications prometteuses dans les environnements \u00e0 haute temp\u00e9rature, les \u00e9quipements chimiques, le g\u00e9nie maritime et les applications biom\u00e9dicales.<\/p>\n<p>VIAMTERIAL fournit de la poudre de cobalt, de chrome, de fer et de nickel, notre poudre pr\u00e9sente les caract\u00e9ristiques d\u2019une grande puret\u00e9, d\u2019une taille de particule uniforme, d\u2019une bonne fluidit\u00e9, d\u2019un bon compactage, de propri\u00e9t\u00e9s chimiques stables, etc. Nous prenons \u00e9galement en charge l\u2019emballage et la commande de petits lots. Nous avons une \u00e9quipe technique professionnelle de recherche et d\u00e9veloppement, acceptons la personnalisation et l\u2019exp\u00e9rimentation du produit, veuillez <span style=\"color: #0000ff;\"><a style=\"color: #0000ff;\" href=\"https:\/\/vimaterial.de\/en\/contact-us\/\">nous contacter.<\/a><\/span>  <\/p>\n<h2><span style=\"font-size: 14pt;\">Propri\u00e9t\u00e9s physiques<\/span><\/h2>\n<p>Formule mol\u00e9culaire : CoCrFeNi<\/p>\n<p>Apparence&nbsp;: g\u00e9n\u00e9ralement gris argent\u00e9 poudr\u00e9<\/p>\n<p>Densit\u00e9 : environ entre 7,7 et 8,4 g\/cm\u00b3.<\/p>\n<p>Point de fusion : dans la plage de 1300 \u00e0 1400\u00b0C environ<\/p>\n<p>Structure cristalline : Structure cubique principalement centr\u00e9e sur la face (FCC), cette structure conf\u00e8re \u00e0 l\u2019alliage une bonne t\u00e9nacit\u00e9 et ductilit\u00e9 ainsi que d\u2019autres propri\u00e9t\u00e9s physiques.<\/p>\n<h2><span style=\"font-size: 14pt;\">Applications<\/span><\/h2>\n<p>A\u00e9rospatiale : Utilis\u00e9 dans la fabrication de pi\u00e8ces \u00e0 haute temp\u00e9rature de moteurs d\u2019avion, avec son excellente r\u00e9sistance aux hautes temp\u00e9ratures et \u00e0 l\u2019usure, pour assurer un fonctionnement stable du moteur dans des conditions extr\u00eames et am\u00e9liorer les performances et la fiabilit\u00e9 de l\u2019avion.<\/p>\n<p>Dispositifs m\u00e9dicaux&nbsp;: Dans les dispositifs m\u00e9dicaux, tels que les implants orthop\u00e9diques, l\u2019alliage de poudre de cobalt, de chrome et de fer et de nickel a une bonne biocompatibilit\u00e9 et des propri\u00e9t\u00e9s m\u00e9caniques, et peut jouer un r\u00f4le dans la stabilit\u00e9 \u00e0 long terme du corps humain pour favoriser la cicatrisation et le soutien osseux.<\/p>\n<p>Domaine de l\u2019ing\u00e9nierie marine&nbsp;: appliqu\u00e9e \u00e0 la fabrication d\u2019\u00e9quipements d\u2019ing\u00e9nierie marine, la poudre de cobalt chrome fer nickel compos\u00e9e de mat\u00e9riaux en raison de l\u2019excellente r\u00e9sistance \u00e0 la corrosion de l\u2019eau de mer, peut r\u00e9sister efficacement \u00e0 l\u2019\u00e9rosion de l\u2019environnement marin, pour prolonger la dur\u00e9e de vie des installations marines.<\/p>\n<p>\u00c9nergie : Utilis\u00e9e dans la fabrication de composants cl\u00e9s pour les centrales nucl\u00e9aires, la poudre de cobalt, de chrome, de fer et de nickel peut garantir le fonctionnement s\u00fbr et efficace des centrales nucl\u00e9aires dans des conditions de travail complexes et maintenir un approvisionnement stable en \u00e9nergie.<\/p>\n<h2><span style=\"font-size: 14pt;\">Contr\u00f4le de la qualit\u00e9<\/span><\/h2>\n<p><span style=\"color: #0000ff;\"><a style=\"color: #0000ff;\" href=\"https:\/\/vimaterial.de\/en\/quality-control\/\">Le contr\u00f4le de la qualit\u00e9<\/a><\/span> de chaque lot de produits est effectu\u00e9 tout au long du processus d\u2019approvisionnement en mati\u00e8res premi\u00e8res, de production et de traitement, de test et d\u2019inspection, et d\u2019emballage, en suivant strictement les normes internationales et les normes industrielles. Nous disposons d\u2019un \u00e9quipement de test avanc\u00e9, d\u2019une \u00e9quipe de contr\u00f4le qualit\u00e9 professionnelle et d\u2019un syst\u00e8me de contr\u00f4le de qualit\u00e9 strict pour garantir la qualit\u00e9 du produit. <\/p>\n<h2><span style=\"font-size: 14pt;\">Emballage et stockage<\/span><\/h2>\n<p>La poudre de cobalt, de chrome, de fer et de nickel est emball\u00e9e dans des sacs sous vide \u00e0 double couche ou des bouteilles sous vide \u00e0 double couche avec des cartons ext\u00e9rieurs.<\/p>\n<p>La poudre de cobalt, de chrome, de fer et de nickel doit \u00eatre stock\u00e9e dans un environnement sec, frais et bien ventil\u00e9, scell\u00e9e pour \u00e9viter l\u2019humidit\u00e9, l\u2019oxydation et en m\u00eame temps \u00e0 l\u2019abri des acides, des alcalis et autres substances corrosives et des oxydants forts, des sources d\u2019inflammation, et conform\u00e9ment aux exigences du stockage des poudres d\u2019alliage correctement stock\u00e9es.<\/p>\n","protected":false},"excerpt":{"rendered":"<p>La poudre de <span style=\"color: #0000ff;\"><a style=\"color: #0000ff;\" href=\"https:\/\/vimaterial.de\/en\/search\/?type=name&amp;keyword=Cobalt+Chromium+Iron+Nickel\">cobalt chrome fer nickel<\/a> <\/span>est une poudre d\u2019alliage t\u00e9tram\u00e8re, g\u00e9n\u00e9ralement de couleur gris argent\u00e9, avec une r\u00e9sistance \u00e9lev\u00e9e, une bonne t\u00e9nacit\u00e9, une r\u00e9sistance \u00e0 la corrosion et une r\u00e9sistance \u00e0 l\u2019oxydation, qui a des applications prometteuses dans les environnements \u00e0 haute temp\u00e9rature, les \u00e9quipements chimiques, le g\u00e9nie maritime et les applications biom\u00e9dicales.<\/p>\n","protected":false},"featured_media":1002195,"comment_status":"open","ping_status":"closed","template":"","meta":{"_acf_changed":false},"product_brand":[],"product_cat":[250],"product_tag":[],"class_list":{"0":"post-1014607","1":"product","2":"type-product","3":"status-publish","4":"has-post-thumbnail","6":"product_cat-poudre-de-metal-pur-et-dalliage","8":"first","9":"instock","10":"shipping-taxable","11":"product-type-variable"},"acf":[],"_links":{"self":[{"href":"https:\/\/vimaterial.de\/fr\/wp-json\/wp\/v2\/product\/1014607","targetHints":{"allow":["GET"]}}],"collection":[{"href":"https:\/\/vimaterial.de\/fr\/wp-json\/wp\/v2\/product"}],"about":[{"href":"https:\/\/vimaterial.de\/fr\/wp-json\/wp\/v2\/types\/product"}],"replies":[{"embeddable":true,"href":"https:\/\/vimaterial.de\/fr\/wp-json\/wp\/v2\/comments?post=1014607"}],"wp:featuredmedia":[{"embeddable":true,"href":"https:\/\/vimaterial.de\/fr\/wp-json\/wp\/v2\/media\/1002195"}],"wp:attachment":[{"href":"https:\/\/vimaterial.de\/fr\/wp-json\/wp\/v2\/media?parent=1014607"}],"wp:term":[{"taxonomy":"product_brand","embeddable":true,"href":"https:\/\/vimaterial.de\/fr\/wp-json\/wp\/v2\/product_brand?post=1014607"},{"taxonomy":"product_cat","embeddable":true,"href":"https:\/\/vimaterial.de\/fr\/wp-json\/wp\/v2\/product_cat?post=1014607"},{"taxonomy":"product_tag","embeddable":true,"href":"https:\/\/vimaterial.de\/fr\/wp-json\/wp\/v2\/product_tag?post=1014607"}],"curies":[{"name":"wp","href":"https:\/\/api.w.org\/{rel}","templated":true}]}}