{"id":1014574,"date":"2024-06-17T14:46:28","date_gmt":"2024-06-17T06:46:28","guid":{"rendered":"https:\/\/vimaterial.de\/product\/fluorure-de-cobaltii\/"},"modified":"2025-04-16T13:15:32","modified_gmt":"2025-04-16T05:15:32","slug":"fluorure-de-cobaltii","status":"publish","type":"product","link":"https:\/\/vimaterial.de\/fr\/product\/fluorure-de-cobaltii\/","title":{"rendered":"Fluorure de cobalt(II)"},"content":{"rendered":"<p>La poudre de fluorure de cobalt (II) est une poudre compos\u00e9e d\u2019\u00e9l\u00e9ments de cobalt et de fluor, la couleur est g\u00e9n\u00e9ralement rouge clair, avec une certaine hygroscopicit\u00e9, stabilit\u00e9 chimique et conductivit\u00e9 ionique, qui a des applications potentielles dans le domaine des mat\u00e9riaux de batterie, des mat\u00e9riaux optiques, des catalyseurs, etc.<\/p>\n<p>VIAMTERIAL fournit de la poudre de fluorure de cobalt (II), notre poudre pr\u00e9sente les caract\u00e9ristiques d\u2019une puret\u00e9 \u00e9lev\u00e9e, d\u2019une taille de particule uniforme, d\u2019une bonne fluidit\u00e9, d\u2019un bon compactage, de propri\u00e9t\u00e9s chimiques stables, etc. Nous prenons \u00e9galement en charge l\u2019emballage et la commande de petits lots. Nous avons une \u00e9quipe technique professionnelle de recherche et d\u00e9veloppement, acceptons la personnalisation et l\u2019exp\u00e9rimentation du produit, veuillez <span style=\"color: #0000ff;\"><a style=\"color: #0000ff;\" href=\"https:\/\/vimaterial.de\/en\/contact-us\/\">nous contacter.<\/a><\/span>  <\/p>\n<h2><span style=\"font-size: 14pt;\">Propri\u00e9t\u00e9s physiques<\/span><\/h2>\n<p>Formule mol\u00e9culaire : CoF\u2082<\/p>\n<p>Poids mol\u00e9culaire : environ 96,93<\/p>\n<p>Apparence&nbsp;: poudre rouge clair<\/p>\n<p>Densit\u00e9 : environ 4,43 g\/cm\u00b3.<\/p>\n<p>Point de fusion : environ 1200 &#8211; 1250\u00b0C<\/p>\n<p>Point d\u2019\u00e9bullition : environ 2200 &#8211; 2300\u00b0C<\/p>\n<p>Structure cristalline : Structure cristalline t\u00e9tragonale du rutile, dans laquelle les ions cobalt et les ions fluorure sont distribu\u00e9s de mani\u00e8re ordonn\u00e9e selon une disposition spatiale sp\u00e9cifique, ce qui a un effet sur ses propri\u00e9t\u00e9s physiques et chimiques.<\/p>\n<h2><span style=\"font-size: 14pt;\">Applications<\/span><\/h2>\n<p>Mat\u00e9riaux de la batterie&nbsp;: Il peut \u00eatre utilis\u00e9 comme additif pour les mat\u00e9riaux de cathode de batterie, et avec les propri\u00e9t\u00e9s chimiques sp\u00e9ciales des ions fluorure, il peut am\u00e9liorer la densit\u00e9 \u00e9nerg\u00e9tique et la stabilit\u00e9 du cycle des batteries, et est utilis\u00e9 dans les batteries au lithium haute performance et d\u2019autres domaines.<\/p>\n<p>Mat\u00e9riaux optiques : Dans la production de mat\u00e9riaux optiques, il peut \u00eatre utilis\u00e9 pour ajuster l\u2019indice de r\u00e9fraction du mat\u00e9riau, et ses propri\u00e9t\u00e9s optiques peuvent \u00eatre utilis\u00e9es pour fabriquer des lentilles optiques, des fibres optiques, etc., afin d\u2019am\u00e9liorer les performances optiques des composants optiques.<\/p>\n<p>Champ catalytique : En tant que catalyseur, la poudre de fluorure de cobalt (II) joue un r\u00f4le dans certaines r\u00e9actions de synth\u00e8se organique, en modifiant l\u2019\u00e9nergie d\u2019activation de la r\u00e9action, elle am\u00e9liore efficacement la vitesse de r\u00e9action et la s\u00e9lectivit\u00e9, et aide la production chimique.<\/p>\n<h2><span style=\"font-size: 14pt;\">Contr\u00f4le de la qualit\u00e9<\/span><\/h2>\n<p><span style=\"color: #0000ff;\"><a style=\"color: #0000ff;\" href=\"https:\/\/vimaterial.de\/en\/quality-control\/\">Le contr\u00f4le de la qualit\u00e9<\/a> <\/span>de chaque lot de produits est effectu\u00e9 tout au long du processus d\u2019approvisionnement en mati\u00e8res premi\u00e8res, de production et de traitement, de test et d\u2019inspection, et d\u2019emballage, en suivant strictement les normes internationales et les normes industrielles. Nous disposons d\u2019un \u00e9quipement de test avanc\u00e9, d\u2019une \u00e9quipe de contr\u00f4le qualit\u00e9 professionnelle et d\u2019un syst\u00e8me de contr\u00f4le de qualit\u00e9 strict pour garantir la qualit\u00e9 du produit. <\/p>\n<h2><span style=\"font-size: 14pt;\">Emballage et stockage<\/span><\/h2>\n<p>La poudre de fluorure de cobalt (II) est emball\u00e9e dans des sacs sous vide \u00e0 double couche ou des bouteilles sous vide \u00e0 double couche avec des cartons ext\u00e9rieurs.<\/p>\n<p>La poudre de fluorure de cobalt (II) doit \u00eatre stock\u00e9e dans un environnement sec, frais et bien ventil\u00e9, scell\u00e9e, \u00e0 l\u2019abri de l\u2019eau, des acides et des alcalis, et \u00e9viter tout contact avec des substances inflammables et explosives, et correctement plac\u00e9e conform\u00e9ment aux dispositions du stockage des r\u00e9actifs chimiques.<\/p>\n<p>&nbsp;<\/p>\n","protected":false},"excerpt":{"rendered":"<p>La poudre de fluorure de cobalt (II) est une poudre compos\u00e9e d\u2019\u00e9l\u00e9ments de cobalt et de fluor, la couleur est g\u00e9n\u00e9ralement rouge clair, avec une certaine hygroscopicit\u00e9, stabilit\u00e9 chimique et conductivit\u00e9 ionique, qui a des applications potentielles dans le domaine des mat\u00e9riaux de batterie, des mat\u00e9riaux optiques, des catalyseurs, etc.<\/p>\n","protected":false},"featured_media":1002217,"comment_status":"open","ping_status":"closed","template":"","meta":{"_acf_changed":false},"product_brand":[],"product_cat":[239],"product_tag":[],"class_list":{"0":"post-1014574","1":"product","2":"type-product","3":"status-publish","4":"has-post-thumbnail","6":"product_cat-materiaux-halogenes","8":"first","9":"instock","10":"shipping-taxable","11":"purchasable","12":"product-type-variable"},"acf":[],"_links":{"self":[{"href":"https:\/\/vimaterial.de\/fr\/wp-json\/wp\/v2\/product\/1014574","targetHints":{"allow":["GET"]}}],"collection":[{"href":"https:\/\/vimaterial.de\/fr\/wp-json\/wp\/v2\/product"}],"about":[{"href":"https:\/\/vimaterial.de\/fr\/wp-json\/wp\/v2\/types\/product"}],"replies":[{"embeddable":true,"href":"https:\/\/vimaterial.de\/fr\/wp-json\/wp\/v2\/comments?post=1014574"}],"wp:featuredmedia":[{"embeddable":true,"href":"https:\/\/vimaterial.de\/fr\/wp-json\/wp\/v2\/media\/1002217"}],"wp:attachment":[{"href":"https:\/\/vimaterial.de\/fr\/wp-json\/wp\/v2\/media?parent=1014574"}],"wp:term":[{"taxonomy":"product_brand","embeddable":true,"href":"https:\/\/vimaterial.de\/fr\/wp-json\/wp\/v2\/product_brand?post=1014574"},{"taxonomy":"product_cat","embeddable":true,"href":"https:\/\/vimaterial.de\/fr\/wp-json\/wp\/v2\/product_cat?post=1014574"},{"taxonomy":"product_tag","embeddable":true,"href":"https:\/\/vimaterial.de\/fr\/wp-json\/wp\/v2\/product_tag?post=1014574"}],"curies":[{"name":"wp","href":"https:\/\/api.w.org\/{rel}","templated":true}]}}