{"id":1014568,"date":"2024-06-17T14:46:29","date_gmt":"2024-06-17T06:46:29","guid":{"rendered":"https:\/\/vimaterial.de\/product\/alliage-de-cobalt-et-de-fer-3\/"},"modified":"2025-04-16T11:26:43","modified_gmt":"2025-04-16T03:26:43","slug":"alliage-de-cobalt-et-de-fer-3","status":"publish","type":"product","link":"https:\/\/vimaterial.de\/fr\/product\/alliage-de-cobalt-et-de-fer-3\/","title":{"rendered":"Alliage cobalt-fer"},"content":{"rendered":"<p><span style=\"color: #0000ff;\"><a style=\"color: #0000ff;\" href=\"https:\/\/vimaterial.de\/en\/product\/cobalt-iron-alloy-3\/\">La poudre d\u2019alliage cobalt-fer<\/a><\/span> est un alliage de cobalt et de fer, principalement de couleur gris argent\u00e9, avec de bonnes propri\u00e9t\u00e9s magn\u00e9tiques, une r\u00e9sistance \u00e9lev\u00e9e et une r\u00e9sistance \u00e0 la corrosion, qui joue un r\u00f4le important dans le domaine des mat\u00e9riaux magn\u00e9tiques, de l\u2019a\u00e9rospatiale, de la fabrication de machines, etc.<\/p>\n<p>VIAMTERIAL fournit de la poudre d\u2019alliage de cobalt-fer, nos poudres ont une puret\u00e9 \u00e9lev\u00e9e, une taille de particule uniforme, une bonne fluidit\u00e9, un bon compactage, des propri\u00e9t\u00e9s chimiques stables, etc. Nous prenons \u00e9galement en charge l\u2019emballage et la commande en petits lots. Nous avons une \u00e9quipe technique professionnelle de recherche et d\u00e9veloppement, acceptons la personnalisation et l\u2019exp\u00e9rimentation du produit, veuillez <span style=\"color: #0000ff;\"><a style=\"color: #0000ff;\" href=\"https:\/\/vimaterial.de\/en\/contact-us\/\">nous contacter.<\/a><\/span>  <\/p>\n<h2><span style=\"font-size: 14pt;\">Propri\u00e9t\u00e9s physiques<\/span><\/h2>\n<p>Formule mol\u00e9culaire : CoFe<\/p>\n<p>Poids mol\u00e9culaire : environ 57,39<\/p>\n<p>Apparence&nbsp;: Poudre gris argent\u00e9<\/p>\n<p>Densit\u00e9 : environ 7,7 &#8211; 8,3 g\/cm\u00b3.<\/p>\n<p>Point de fusion : environ 1495 &#8211; 1538\u00b0C<\/p>\n<p>Structure cristalline : cubique \u00e0 face centr\u00e9e (FCC)<\/p>\n<h2><span style=\"font-size: 14pt;\">Applications<\/span><\/h2>\n<p>Mat\u00e9riaux magn\u00e9tiques&nbsp;: utilis\u00e9s dans la fabrication de mat\u00e9riaux magn\u00e9tiques haute performance, avec leurs excellentes propri\u00e9t\u00e9s magn\u00e9tiques, peuvent \u00eatre utilis\u00e9s pour obtenir une perm\u00e9abilit\u00e9 \u00e9lev\u00e9e, une force d\u2019aimantation \u00e9lev\u00e9e de saturation du noyau, utilis\u00e9s dans les transformateurs, les inductances et autres composants \u00e9lectroniques, pour am\u00e9liorer l\u2019efficacit\u00e9 de la conversion \u00e9lectromagn\u00e9tique.<\/p>\n<p>A\u00e9rospatiale : Dans la fabrication de composants a\u00e9rospatiaux, les poudres d\u2019alliage de cobalt et de fer peuvent \u00eatre transform\u00e9es en pi\u00e8ces \u00e0 haute r\u00e9sistance, r\u00e9sistance \u00e0 l\u2019usure et r\u00e9sistance \u00e0 la corrosion par m\u00e9tallurgie des poudres et autres processus, afin de r\u00e9pondre aux exigences strictes de performance des mat\u00e9riaux dans des domaines cl\u00e9s tels que les moteurs d\u2019avion et les trains d\u2019atterrissage.<\/p>\n<p>Domaine de la fabrication m\u00e9canique : en tant que mati\u00e8res premi\u00e8res d\u2019alliage, utilis\u00e9es dans la fabrication de pi\u00e8ces m\u00e9caniques, sa bonne r\u00e9sistance et sa t\u00e9nacit\u00e9 peuvent faire en sorte que les engrenages, les roulements et autres composants avec une meilleure capacit\u00e9 de charge et une meilleure dur\u00e9e de vie, am\u00e9liorent la fiabilit\u00e9 des syst\u00e8mes m\u00e9caniques.<\/p>\n<h2><span style=\"font-size: 14pt;\">Contr\u00f4le de la qualit\u00e9<\/span><\/h2>\n<p><span style=\"color: #0000ff;\"><a style=\"color: #0000ff;\" href=\"https:\/\/vimaterial.de\/en\/quality-control\/\">Le contr\u00f4le de la qualit\u00e9<\/a><\/span> de chaque lot de produits est effectu\u00e9 tout au long du processus d\u2019approvisionnement en mati\u00e8res premi\u00e8res, de production et de traitement, de test et d\u2019inspection, et d\u2019emballage, en suivant strictement les normes internationales et les normes industrielles. Nous disposons d\u2019un \u00e9quipement de test avanc\u00e9, d\u2019une \u00e9quipe de contr\u00f4le qualit\u00e9 professionnelle et d\u2019un syst\u00e8me de contr\u00f4le de qualit\u00e9 strict pour garantir la qualit\u00e9 du produit. <\/p>\n<h2><span style=\"font-size: 14pt;\">Emballage et stockage<\/span><\/h2>\n<p>La poudre d\u2019alliage de cobalt et de fer est emball\u00e9e dans un sac sous vide \u00e0 double couche ou une bouteille sous vide \u00e0 double couche avec carton ext\u00e9rieur.<\/p>\n<p>Cobalt &#8211; La poudre d\u2019alliage de fer doit \u00eatre stock\u00e9e dans un environnement sec, frais et bien ventil\u00e9, scell\u00e9e pour \u00e9viter l\u2019humidit\u00e9 et l\u2019oxydation, et doit \u00eatre tenue \u00e0 l\u2019\u00e9cart des substances corrosives telles que les acides, les alcalis, les sources d\u2019inflammation et les agents oxydants puissants, et plac\u00e9e conform\u00e9ment aux sp\u00e9cifications de stockage des produits chimiques.<\/p>\n","protected":false},"excerpt":{"rendered":"<p><span style=\"color: #0000ff;\"><a style=\"color: #0000ff;\" href=\"https:\/\/vimaterial.de\/en\/product\/cobalt-iron-alloy-3\/\">La poudre d\u2019alliage cobalt-fer<\/a><\/span> est un alliage de cobalt et de fer, principalement de couleur gris argent\u00e9, avec de bonnes propri\u00e9t\u00e9s magn\u00e9tiques, une r\u00e9sistance \u00e9lev\u00e9e et une r\u00e9sistance \u00e0 la corrosion, qui joue un r\u00f4le important dans le domaine des mat\u00e9riaux magn\u00e9tiques, de l\u2019a\u00e9rospatiale, de la fabrication de machines, etc.<\/p>\n","protected":false},"featured_media":1002233,"comment_status":"open","ping_status":"closed","template":"","meta":{"_acf_changed":false},"product_brand":[],"product_cat":[250],"product_tag":[],"class_list":{"0":"post-1014568","1":"product","2":"type-product","3":"status-publish","4":"has-post-thumbnail","6":"product_cat-poudre-de-metal-pur-et-dalliage","8":"first","9":"instock","10":"shipping-taxable","11":"product-type-variable"},"acf":[],"_links":{"self":[{"href":"https:\/\/vimaterial.de\/fr\/wp-json\/wp\/v2\/product\/1014568","targetHints":{"allow":["GET"]}}],"collection":[{"href":"https:\/\/vimaterial.de\/fr\/wp-json\/wp\/v2\/product"}],"about":[{"href":"https:\/\/vimaterial.de\/fr\/wp-json\/wp\/v2\/types\/product"}],"replies":[{"embeddable":true,"href":"https:\/\/vimaterial.de\/fr\/wp-json\/wp\/v2\/comments?post=1014568"}],"wp:featuredmedia":[{"embeddable":true,"href":"https:\/\/vimaterial.de\/fr\/wp-json\/wp\/v2\/media\/1002233"}],"wp:attachment":[{"href":"https:\/\/vimaterial.de\/fr\/wp-json\/wp\/v2\/media?parent=1014568"}],"wp:term":[{"taxonomy":"product_brand","embeddable":true,"href":"https:\/\/vimaterial.de\/fr\/wp-json\/wp\/v2\/product_brand?post=1014568"},{"taxonomy":"product_cat","embeddable":true,"href":"https:\/\/vimaterial.de\/fr\/wp-json\/wp\/v2\/product_cat?post=1014568"},{"taxonomy":"product_tag","embeddable":true,"href":"https:\/\/vimaterial.de\/fr\/wp-json\/wp\/v2\/product_tag?post=1014568"}],"curies":[{"name":"wp","href":"https:\/\/api.w.org\/{rel}","templated":true}]}}