{"id":1014562,"date":"2024-06-17T14:46:29","date_gmt":"2024-06-17T06:46:29","guid":{"rendered":"https:\/\/vimaterial.de\/product\/alliage-de-cobalt-et-de-fer-2\/"},"modified":"2025-04-16T11:37:08","modified_gmt":"2025-04-16T03:37:08","slug":"alliage-de-cobalt-et-de-fer-2","status":"publish","type":"product","link":"https:\/\/vimaterial.de\/fr\/product\/alliage-de-cobalt-et-de-fer-2\/","title":{"rendered":"Alliage cobalt-fer"},"content":{"rendered":"<p><span style=\"color: #0000ff;\"><a style=\"color: #0000ff;\" href=\"https:\/\/vimaterial.de\/en\/product\/cobalt-iron-alloy-3\/\">Les particules d\u2019alliage cobalt-fer<\/a><\/span> sont une sorte de particules d\u2019alliage compos\u00e9es de deux \u00e9l\u00e9ments m\u00e9talliques, le cobalt et le fer, avec des propri\u00e9t\u00e9s physiques, chimiques et magn\u00e9tiques uniques, a un large \u00e9ventail d\u2019applications dans les mat\u00e9riaux magn\u00e9tiques, les dispositifs \u00e9lectroniques, les catalyseurs et d\u2019autres domaines.<\/p>\n<p>VIMATERIAL fournit des particules de monoxyde de cobalt, nos particules sont uniformes et stables en composition, haute puret\u00e9, forte duret\u00e9, taille des particules contr\u00f4lable, etc. Et nous pouvons accepter des produits et des exp\u00e9riences personnalis\u00e9s, nous avons une \u00e9quipe technique professionnelle de recherche et d\u00e9veloppement, <span style=\"color: #0000ff;\"><a style=\"color: #0000ff;\" href=\"https:\/\/vimaterial.de\/en\/contact-us\/\">contactez-nous.<\/a><\/span> <\/p>\n<h2><span style=\"font-size: 14pt;\">Propri\u00e9t\u00e9s physiques<\/span><\/h2>\n<p>Formule mol\u00e9culaire : CoFe<\/p>\n<p>Apparence&nbsp;: G\u00e9n\u00e9ralement des particules poudreuses grises ou noires avec un \u00e9clat m\u00e9tallique.<\/p>\n<p>Densit\u00e9 : g\u00e9n\u00e9ralement autour de 7,7-8,3 g\/cm\u00b3.<\/p>\n<p>Point de fusion : environ entre 1400\u00b0C et 1500\u00b0C.<\/p>\n<p>Point d\u2019\u00e9bullition : g\u00e9n\u00e9ralement autour de 3000\u00b0C<\/p>\n<p>Structure cristalline : Principalement cubique centr\u00e9 sur la face (FCC) et cubique centr\u00e9 sur le corps (BCC).<\/p>\n<h2><span style=\"font-size: 14pt;\">Applications<\/span><\/h2>\n<p>Champ de mat\u00e9riau magn\u00e9tique&nbsp;: Les particules d\u2019alliage de cobalt-fer ont une force d\u2019aimantation de saturation \u00e9lev\u00e9e et une bonne perm\u00e9abilit\u00e9 magn\u00e9tique, qui peuvent \u00eatre utilis\u00e9es pour fabriquer des aimants permanents haute performance et des mat\u00e9riaux magn\u00e9tiques doux, tels que dans les moteurs \u00e9lectriques, les transformateurs et autres \u00e9quipements \u00e9lectriques, ce qui peut am\u00e9liorer efficacement les performances et l\u2019efficacit\u00e9 de l\u2019\u00e9quipement.<\/p>\n<p>Champ des dispositifs \u00e9lectroniques : en raison de sa bonne conductivit\u00e9 et de ses propri\u00e9t\u00e9s de blindage \u00e9lectromagn\u00e9tique, il peut \u00eatre utilis\u00e9 pour pr\u00e9parer des mat\u00e9riaux d\u2019\u00e9lectrode et des mat\u00e9riaux de blindage \u00e9lectromagn\u00e9tique pour les composants \u00e9lectroniques, afin d\u2019assurer le fonctionnement normal et la stabilit\u00e9 des \u00e9quipements \u00e9lectroniques et de r\u00e9duire les interf\u00e9rences \u00e9lectromagn\u00e9tiques.<\/p>\n<p>Champ catalytique : avec des propri\u00e9t\u00e9s de surface et une activit\u00e9 catalytique uniques, il peut \u00eatre utilis\u00e9 comme catalyseur dans une vari\u00e9t\u00e9 de r\u00e9actions chimiques, telles que dans la r\u00e9action de synth\u00e8se Fischer-Tropsch, qui peut favoriser efficacement la conversion du monoxyde de carbone et de l\u2019hydrog\u00e8ne en hydrocarbures liquides pour am\u00e9liorer l\u2019efficacit\u00e9 de la r\u00e9action et la s\u00e9lectivit\u00e9 du produit.<\/p>\n<p>Domaine biom\u00e9dical : avec une bonne biocompatibilit\u00e9 et certaines propri\u00e9t\u00e9s magn\u00e9tiques, il peut \u00eatre utilis\u00e9 pour pr\u00e9parer des mat\u00e9riaux biom\u00e9dicaux, tels que des supports de m\u00e9dicaments et des agents de contraste d\u2019imagerie par r\u00e9sonance magn\u00e9tique (IRM), afin d\u2019obtenir une administration cibl\u00e9e de m\u00e9dicaments et un diagnostic pr\u00e9cis des maladies.<\/p>\n<h2><span style=\"font-size: 14pt;\">Contr\u00f4le de la qualit\u00e9<\/span><\/h2>\n<p><span style=\"color: #0000ff;\"><a style=\"color: #0000ff;\" href=\"https:\/\/vimaterial.de\/en\/quality-control\/\">Chaque lot<\/a><\/span> de produits garantit strictement la qualit\u00e9, de la s\u00e9lection des fournisseurs de mati\u00e8res premi\u00e8res \u00e0 l\u2019utilisation d\u2019\u00e9quipements de test avanc\u00e9s pour surveiller avec pr\u00e9cision l\u2019ensemble du processus de production, jusqu\u2019au produit fini \u00e0 travers de nombreuses s\u00e9ries d\u2019\u00e9chantillonnage rigoureux et de certification par une tierce partie faisant autorit\u00e9, jusqu\u2019\u00e0 un syst\u00e8me de contr\u00f4le de la qualit\u00e9 complet et \u00e0 tol\u00e9rance z\u00e9ro pour garantir que chaque lot de produits respecte et d\u00e9passe les normes \u00e9lev\u00e9es de l\u2019industrie.  Fournir \u00e0 nos clients la meilleure qualit\u00e9 et les produits les plus stables.<\/p>\n<h2><span style=\"font-size: 14pt;\">Emballage et stockage<\/span><\/h2>\n<p>Les granul\u00e9s d\u2019alliage cobalt-fer sont emball\u00e9s dans des sacs sous vide ou des bouteilles sous vide dans des cartons ext\u00e9rieurs.<\/p>\n<p>Les granul\u00e9s d\u2019alliage de cobalt et de fer doivent \u00eatre stock\u00e9s dans des r\u00e9cipients secs, frais, bien ventil\u00e9s et herm\u00e9tiquement ferm\u00e9s, \u00e0 l\u2019abri de l\u2019humidit\u00e9, de l\u2019oxydation et d\u2019autres produits chimiques, et \u00e0 l\u2019abri des sources d\u2019inflammation et de chaleur.<\/p>\n","protected":false},"excerpt":{"rendered":"<p><span style=\"color: #0000ff;\"><a style=\"color: #0000ff;\" href=\"https:\/\/vimaterial.de\/en\/product\/cobalt-iron-alloy-3\/\">Les particules d\u2019alliage cobalt-fer<\/a><\/span> sont une sorte de particules d\u2019alliage compos\u00e9es de deux \u00e9l\u00e9ments m\u00e9talliques, le cobalt et le fer, avec des propri\u00e9t\u00e9s physiques, chimiques et magn\u00e9tiques uniques, a un large \u00e9ventail d\u2019applications dans les mat\u00e9riaux magn\u00e9tiques, les dispositifs \u00e9lectroniques, les catalyseurs et d\u2019autres domaines.<\/p>\n","protected":false},"featured_media":1030094,"comment_status":"open","ping_status":"closed","template":"","meta":{"_acf_changed":false},"product_brand":[],"product_cat":[236],"product_tag":[],"class_list":{"0":"post-1014562","1":"product","2":"type-product","3":"status-publish","4":"has-post-thumbnail","6":"product_cat-materiaux-devaporation","8":"first","9":"instock","10":"shipping-taxable","11":"product-type-variable"},"acf":[],"_links":{"self":[{"href":"https:\/\/vimaterial.de\/fr\/wp-json\/wp\/v2\/product\/1014562","targetHints":{"allow":["GET"]}}],"collection":[{"href":"https:\/\/vimaterial.de\/fr\/wp-json\/wp\/v2\/product"}],"about":[{"href":"https:\/\/vimaterial.de\/fr\/wp-json\/wp\/v2\/types\/product"}],"replies":[{"embeddable":true,"href":"https:\/\/vimaterial.de\/fr\/wp-json\/wp\/v2\/comments?post=1014562"}],"wp:featuredmedia":[{"embeddable":true,"href":"https:\/\/vimaterial.de\/fr\/wp-json\/wp\/v2\/media\/1030094"}],"wp:attachment":[{"href":"https:\/\/vimaterial.de\/fr\/wp-json\/wp\/v2\/media?parent=1014562"}],"wp:term":[{"taxonomy":"product_brand","embeddable":true,"href":"https:\/\/vimaterial.de\/fr\/wp-json\/wp\/v2\/product_brand?post=1014562"},{"taxonomy":"product_cat","embeddable":true,"href":"https:\/\/vimaterial.de\/fr\/wp-json\/wp\/v2\/product_cat?post=1014562"},{"taxonomy":"product_tag","embeddable":true,"href":"https:\/\/vimaterial.de\/fr\/wp-json\/wp\/v2\/product_tag?post=1014562"}],"curies":[{"name":"wp","href":"https:\/\/api.w.org\/{rel}","templated":true}]}}