{"id":1014516,"date":"2024-06-17T14:46:30","date_gmt":"2024-06-17T06:46:30","guid":{"rendered":"https:\/\/vimaterial.de\/product\/oxyde-de-fer-et-de-cobalt\/"},"modified":"2025-04-16T11:23:18","modified_gmt":"2025-04-16T03:23:18","slug":"oxyde-de-fer-et-de-cobalt","status":"publish","type":"product","link":"https:\/\/vimaterial.de\/fr\/product\/oxyde-de-fer-et-de-cobalt\/","title":{"rendered":"Oxyde de fer cobalt"},"content":{"rendered":"<p>La cible <span style=\"color: #0000ff;\"><a style=\"color: #0000ff;\" href=\"https:\/\/vimaterial.de\/en\/product\/cobalt-iron-boron\/\">de pulv\u00e9risation d\u2019oxyde de fer cobalt<\/a> <\/span>est une sorte de mat\u00e9riau c\u00e9ramique magn\u00e9tique \u00e0 structure de spinelle compos\u00e9 de cobalt, de fer et d\u2019oxyg\u00e8ne, g\u00e9n\u00e9ralement d\u2019apparence noire ou brun-noir, avec une force d\u2019aimantation de saturation \u00e9lev\u00e9e, une coercivit\u00e9 \u00e9lev\u00e9e et une bonne stabilit\u00e9 chimique. Il est principalement utilis\u00e9 dans le processus de rev\u00eatement par pulv\u00e9risation cathodique, qui est capable de d\u00e9poser des films minces magn\u00e9tiques haute performance sur le substrat adapt\u00e9 aux champs d\u2019enregistrement magn\u00e9tique, aux capteurs magn\u00e9tiques et aux appareils \u00e0 micro-ondes. <\/p>\n<p>VIMATERIAL fournit des cibles de pulv\u00e9risation \u00e0 l\u2019oxyde de fer cobalt. Nos cibles de pulv\u00e9risation \u00e0 l\u2019oxyde de fer cobalt se caract\u00e9risent par une excellente homog\u00e9n\u00e9it\u00e9 de composition, une puret\u00e9 ultra-\u00e9lev\u00e9e et une excellente stabilit\u00e9 de pulv\u00e9risation, et nous pouvons \u00e9galement fournir des services de liaison de cibles. Nous avons une \u00e9quipe de R &amp; D professionnelle et pouvons accepter la personnalisation et les exp\u00e9riences, veuillez <span style=\"color: #0000ff;\"><a style=\"color: #0000ff;\" href=\"https:\/\/vimaterial.de\/en\/contact-us\/\">nous contacter.<\/a><\/span>  <\/p>\n<h2><span style=\"font-size: 14pt;\">Propri\u00e9t\u00e9s physiques<\/span><\/h2>\n<p>Formule mol\u00e9culaire : CoFe\u2082O\u2084<\/p>\n<p>Poids mol\u00e9culaire : environ 234,63 g\/mol<\/p>\n<p>Apparence&nbsp;: G\u00e9n\u00e9ralement noir ou noir-brun brillant mat\u00e9riau cible.<\/p>\n<p>Densit\u00e9 : environ 5,3 g\/cm\u00b3 environ.<\/p>\n<p>Structure cristalline : Il appartient \u00e0 la structure du spinelle du syst\u00e8me cristallin cubique. Dans le cristal, les ions oxyg\u00e8ne sont cubiques centr\u00e9s sur la face et \u00e9troitement emball\u00e9s, les ions Co\u00b2\u207a et Fe\u00b3\u207a occupent respectivement les positions interstitielles t\u00e9tra\u00e9driques et octa\u00e9driques, et cette structure lui conf\u00e8re de bonnes propri\u00e9t\u00e9s magn\u00e9tiques et une stabilit\u00e9 chimique. <\/p>\n<h2><span style=\"font-size: 14pt;\">Applications<\/span><\/h2>\n<p>Champ d\u2019enregistrement magn\u00e9tique : des films magn\u00e9tiques \u00e0 haute coercivit\u00e9 peuvent \u00eatre d\u00e9pos\u00e9s dans la fabrication de supports d\u2019enregistrement magn\u00e9tiques, am\u00e9liorant efficacement la densit\u00e9 et la stabilit\u00e9 du stockage des donn\u00e9es.<\/p>\n<p>Capteurs magn\u00e9tiques : Utilis\u00e9 dans la pr\u00e9paration des capteurs magn\u00e9tiques, le film mince d\u00e9pos\u00e9 peut d\u00e9tecter avec pr\u00e9cision les changements dans le champ magn\u00e9tique et r\u00e9aliser une d\u00e9tection de haute pr\u00e9cision des quantit\u00e9s physiques et de la conversion du signal.<\/p>\n<p>Appareils \u00e0 micro-ondes : Dans les appareils \u00e0 micro-ondes, les films fabriqu\u00e9s \u00e0 partir de cette cible peuvent ajuster les caract\u00e9ristiques \u00e9lectromagn\u00e9tiques et optimiser la transmission, la r\u00e9flexion et l\u2019absorption des micro-ondes.<\/p>\n<p>Dans le domaine des appareils \u00e9lectroniques, les couches minces peuvent fournir des propri\u00e9t\u00e9s magn\u00e9tiques sp\u00e9ciales pour les appareils \u00e9lectroniques, ce qui peut aider \u00e0 am\u00e9liorer les performances et la miniaturisation de composants tels que les inductances et les transformateurs.<\/p>\n<h2><span style=\"font-size: 14pt;\">Contr\u00f4le de la qualit\u00e9<\/span><\/h2>\n<p><span style=\"color: #0000ff;\"><a style=\"color: #0000ff;\" href=\"https:\/\/vimaterial.de\/en\/quality-control\/\">Nos produits<\/a><\/span> sont mis en \u0153uvre le syst\u00e8me de gestion de la qualit\u00e9 le plus strict, les mat\u00e9riaux entrants, le processus, l\u2019inspection finale, l\u2019inspection d\u2019usine ont des normes d\u2019inspection strictes, pour le traitement non qualifi\u00e9 utilisera des mesures d\u2019isolation strictes pour \u00e9viter le flux de produits non conformes dans le processus suivant, selon les exigences du client fournira aux clients des \u00e9chantillons pour que les clients puissent les r\u00e9inspecter.<\/p>\n<h2><span style=\"font-size: 14pt;\">Emballage et stockage<\/span><\/h2>\n<p>Les cibles de pulv\u00e9risation \u00e0 l\u2019oxyde de fer cobalt sont emball\u00e9es dans des sacs et des cartons sous vide doubles.<\/p>\n<p>Les cibles de pulv\u00e9risation d\u2019oxyde de fer cobalt doivent \u00eatre stock\u00e9es dans un environnement sec, frais et bien ventil\u00e9, en \u00e9vitant tout contact avec des produits chimiques corrosifs tels que les acides et les alcalis, en pr\u00e9venant l\u2019humidit\u00e9, l\u2019oxydation et la contamination par des impuret\u00e9s, et en \u00e9vitant les collisions physiques, les frottements et les fortes pressions pour maintenir sa stabilit\u00e9 chimique et ses propri\u00e9t\u00e9s physiques.<\/p>\n","protected":false},"excerpt":{"rendered":"<p>La cible <span style=\"color: #0000ff;\"><a style=\"color: #0000ff;\" href=\"https:\/\/vimaterial.de\/en\/product\/cobalt-iron-boron\/\">de pulv\u00e9risation d\u2019oxyde de fer cobalt<\/a> <\/span>est une sorte de mat\u00e9riau c\u00e9ramique magn\u00e9tique \u00e0 structure de spinelle compos\u00e9 de cobalt, de fer et d\u2019oxyg\u00e8ne, g\u00e9n\u00e9ralement d\u2019apparence noire ou brun-noir, avec une force d\u2019aimantation de saturation \u00e9lev\u00e9e, une coercivit\u00e9 \u00e9lev\u00e9e et une bonne stabilit\u00e9 chimique. Il est principalement utilis\u00e9 dans le processus de rev\u00eatement par pulv\u00e9risation cathodique, qui est capable de d\u00e9poser des films minces magn\u00e9tiques haute performance sur le substrat adapt\u00e9 aux champs d\u2019enregistrement magn\u00e9tique, aux capteurs magn\u00e9tiques et aux appareils \u00e0 micro-ondes. <\/p>\n","protected":false},"featured_media":1002251,"comment_status":"open","ping_status":"closed","template":"","meta":{"_acf_changed":false},"product_brand":[],"product_cat":[235],"product_tag":[],"class_list":{"0":"post-1014516","1":"product","2":"type-product","3":"status-publish","4":"has-post-thumbnail","6":"product_cat-cibles-de-pulverisation-planaire","8":"first","9":"instock","10":"shipping-taxable","11":"product-type-variable"},"acf":[],"_links":{"self":[{"href":"https:\/\/vimaterial.de\/fr\/wp-json\/wp\/v2\/product\/1014516","targetHints":{"allow":["GET"]}}],"collection":[{"href":"https:\/\/vimaterial.de\/fr\/wp-json\/wp\/v2\/product"}],"about":[{"href":"https:\/\/vimaterial.de\/fr\/wp-json\/wp\/v2\/types\/product"}],"replies":[{"embeddable":true,"href":"https:\/\/vimaterial.de\/fr\/wp-json\/wp\/v2\/comments?post=1014516"}],"wp:featuredmedia":[{"embeddable":true,"href":"https:\/\/vimaterial.de\/fr\/wp-json\/wp\/v2\/media\/1002251"}],"wp:attachment":[{"href":"https:\/\/vimaterial.de\/fr\/wp-json\/wp\/v2\/media?parent=1014516"}],"wp:term":[{"taxonomy":"product_brand","embeddable":true,"href":"https:\/\/vimaterial.de\/fr\/wp-json\/wp\/v2\/product_brand?post=1014516"},{"taxonomy":"product_cat","embeddable":true,"href":"https:\/\/vimaterial.de\/fr\/wp-json\/wp\/v2\/product_cat?post=1014516"},{"taxonomy":"product_tag","embeddable":true,"href":"https:\/\/vimaterial.de\/fr\/wp-json\/wp\/v2\/product_tag?post=1014516"}],"curies":[{"name":"wp","href":"https:\/\/api.w.org\/{rel}","templated":true}]}}