{"id":1014500,"date":"2024-06-17T14:45:37","date_gmt":"2024-06-17T06:45:37","guid":{"rendered":"https:\/\/vimaterial.de\/product\/nitrure-de-cobalt\/"},"modified":"2025-04-16T13:40:24","modified_gmt":"2025-04-16T05:40:24","slug":"nitrure-de-cobalt","status":"publish","type":"product","link":"https:\/\/vimaterial.de\/fr\/product\/nitrure-de-cobalt\/","title":{"rendered":"T\u00e9troxyde de tricobalt (oxyde de cobalt)"},"content":{"rendered":"<p><span style=\"color: #0000ff;\"><a style=\"color: #0000ff;\" href=\"https:\/\/vimaterial.de\/en\/product\/tricobalt-tetroxide-cobalt-oxide-3\/\">T\u00e9troxyde de tricobalt<\/a> <\/span>La poudre est une poudre d\u2019oxyde noir compos\u00e9e de cobalt \u00e9l\u00e9mentaire, qui poss\u00e8de de bonnes propri\u00e9t\u00e9s catalytiques, \u00e9lectrochimiques et magn\u00e9tiques, et joue un r\u00f4le important dans la catalyse, les batteries, les mat\u00e9riaux magn\u00e9tiques et de nombreux autres domaines.<\/p>\n<p>VIAMTERIAL fournit du t\u00e9troxyde de tricobalt dans de nombreuses puret\u00e9s, nos poudres ont les caract\u00e9ristiques d\u2019une grande puret\u00e9, d\u2019une taille de particule uniforme, d\u2019une bonne fluidit\u00e9, d\u2019un bon compactage, de propri\u00e9t\u00e9s chimiques stables, etc. Nous prenons \u00e9galement en charge l\u2019emballage et la commande de petits lots. Nous avons une \u00e9quipe technique professionnelle de recherche et d\u00e9veloppement, acceptons la personnalisation et l\u2019exp\u00e9rimentation du produit, veuillez <span style=\"color: #0000ff;\"><a style=\"color: #0000ff;\" href=\"https:\/\/vimaterial.de\/en\/contact-us\/\">nous contacter.<\/a><\/span>  <\/p>\n<h2><span style=\"font-size: 14pt;\">Propri\u00e9t\u00e9s physiques<\/span><\/h2>\n<p>Formule mol\u00e9culaire : Co\u2083O\u2084<\/p>\n<p>Poids mol\u00e9culaire : environ 240,798<\/p>\n<p>Apparence&nbsp;: poudre noire<\/p>\n<p>Densit\u00e9 : environ 6,11 g\/cm\u00b3.<\/p>\n<p>Point de fusion : environ 895\u00b0C<\/p>\n<p>Point d\u2019\u00e9bullition : environ 3800\u00b0C<\/p>\n<p>Structure cristalline : Il appartient \u00e0 la structure du spinelle, dans laquelle les ions cobalt existent dans deux \u00e9tats de valence diff\u00e9rents (+2 et +3), et cette structure sp\u00e9ciale lui conf\u00e8re de nombreuses propri\u00e9t\u00e9s physiques et chimiques sp\u00e9ciales, telles qu\u2019une bonne activit\u00e9 catalytique et des propri\u00e9t\u00e9s magn\u00e9tiques.<\/p>\n<h2><span style=\"font-size: 14pt;\">Applications<\/span><\/h2>\n<p>Champ catalytique : En raison de son activit\u00e9 catalytique \u00e9lev\u00e9e et de sa s\u00e9lectivit\u00e9, la poudre de t\u00e9troxyde de tricobalt est largement utilis\u00e9e dans la r\u00e9action catalytique de la purification des gaz d\u2019\u00e9chappement automobiles, ce qui peut convertir efficacement les gaz nocifs, r\u00e9duire les \u00e9missions polluantes et aider la cause de la protection de l\u2019environnement.<\/p>\n<p>Champ de batterie : Dans les mat\u00e9riaux d\u2019\u00e9lectrode de batterie lithium-ion, la poudre de t\u00e9troxyde de tricobalt peut am\u00e9liorer la capacit\u00e9 de charge et de d\u00e9charge et la stabilit\u00e9 cyclique de la batterie en raison de ses propri\u00e9t\u00e9s \u00e9lectrochimiques uniques, fournissant un support d\u2019alimentation plus durable pour divers appareils \u00e9lectroniques.<\/p>\n<p>Champ de d\u00e9tection de gaz : en tant que mat\u00e9riau sensible, la poudre Co\u2083O\u2084 poss\u00e8de de bonnes propri\u00e9t\u00e9s d\u2019adsorption et de r\u00e9action pour certains gaz, appliqu\u00e9e dans les capteurs de gaz, elle peut d\u00e9tecter rapidement et avec pr\u00e9cision la concentration de gaz sp\u00e9cifiques, et assurer la surveillance de la s\u00e9curit\u00e9 de la production industrielle et de l\u2019environnement de vie.<\/p>\n<h2><span style=\"font-size: 14pt;\">Contr\u00f4le de la qualit\u00e9<\/span><\/h2>\n<p><span style=\"color: #0000ff;\"><a style=\"color: #0000ff;\" href=\"https:\/\/vimaterial.de\/en\/quality-control\/\">Le contr\u00f4le de la qualit\u00e9<\/a><\/span> de chaque lot de produits est effectu\u00e9 tout au long du processus d\u2019approvisionnement en mati\u00e8res premi\u00e8res, de production et de traitement, de test et d\u2019inspection, et d\u2019emballage, en suivant strictement les normes internationales et les normes industrielles. Nous disposons d\u2019un \u00e9quipement de test avanc\u00e9, d\u2019une \u00e9quipe de contr\u00f4le qualit\u00e9 professionnelle et d\u2019un syst\u00e8me de contr\u00f4le de qualit\u00e9 strict pour garantir la qualit\u00e9 du produit. <\/p>\n<h2><span style=\"font-size: 14pt;\">Emballage et stockage<\/span><\/h2>\n<p>La poudre de t\u00e9troxyde de tricobalt est emball\u00e9e dans un sac sous vide \u00e0 double couche ou une bouteille sous vide \u00e0 double couche, et l\u2019emballage ext\u00e9rieur est emball\u00e9 dans une bo\u00eete en carton.<\/p>\n<p>La poudre de t\u00e9troxyde de tricobalt doit \u00eatre stock\u00e9e dans un environnement sec, frais et bien ventil\u00e9, scell\u00e9e et conserv\u00e9e \u00e0 l\u2019abri de l\u2019humidit\u00e9, du contact avec des substances acides ou alcalines, \u00e0 l\u2019\u00e9cart des sources d\u2019inflammation et des agents oxydants puissants, et en m\u00eame temps doit \u00eatre correctement plac\u00e9e conform\u00e9ment aux exigences de stockage des poudres d\u2019oxydes.<\/p>\n","protected":false},"excerpt":{"rendered":"<p><span style=\"color: #0000ff;\"><a style=\"color: #0000ff;\" href=\"https:\/\/vimaterial.de\/en\/product\/tricobalt-tetroxide-cobalt-oxide-3\/\">T\u00e9troxyde de tricobalt<\/a> <\/span>La poudre est une poudre d\u2019oxyde noir compos\u00e9e de cobalt \u00e9l\u00e9mentaire, qui poss\u00e8de de bonnes propri\u00e9t\u00e9s catalytiques, \u00e9lectrochimiques et magn\u00e9tiques, et joue un r\u00f4le important dans la catalyse, les batteries, les mat\u00e9riaux magn\u00e9tiques et de nombreux autres domaines.<\/p>\n","protected":false},"featured_media":1040684,"comment_status":"open","ping_status":"closed","template":"","meta":{"_acf_changed":false},"product_brand":[],"product_cat":[243],"product_tag":[],"class_list":{"0":"post-1014500","1":"product","2":"type-product","3":"status-publish","4":"has-post-thumbnail","6":"product_cat-materiaux-oxydes-hydroxydes","8":"first","9":"instock","10":"shipping-taxable","11":"purchasable","12":"product-type-variable"},"acf":[],"_links":{"self":[{"href":"https:\/\/vimaterial.de\/fr\/wp-json\/wp\/v2\/product\/1014500","targetHints":{"allow":["GET"]}}],"collection":[{"href":"https:\/\/vimaterial.de\/fr\/wp-json\/wp\/v2\/product"}],"about":[{"href":"https:\/\/vimaterial.de\/fr\/wp-json\/wp\/v2\/types\/product"}],"replies":[{"embeddable":true,"href":"https:\/\/vimaterial.de\/fr\/wp-json\/wp\/v2\/comments?post=1014500"}],"wp:featuredmedia":[{"embeddable":true,"href":"https:\/\/vimaterial.de\/fr\/wp-json\/wp\/v2\/media\/1040684"}],"wp:attachment":[{"href":"https:\/\/vimaterial.de\/fr\/wp-json\/wp\/v2\/media?parent=1014500"}],"wp:term":[{"taxonomy":"product_brand","embeddable":true,"href":"https:\/\/vimaterial.de\/fr\/wp-json\/wp\/v2\/product_brand?post=1014500"},{"taxonomy":"product_cat","embeddable":true,"href":"https:\/\/vimaterial.de\/fr\/wp-json\/wp\/v2\/product_cat?post=1014500"},{"taxonomy":"product_tag","embeddable":true,"href":"https:\/\/vimaterial.de\/fr\/wp-json\/wp\/v2\/product_tag?post=1014500"}],"curies":[{"name":"wp","href":"https:\/\/api.w.org\/{rel}","templated":true}]}}