{"id":1014473,"date":"2024-06-17T14:47:39","date_gmt":"2024-06-17T06:47:39","guid":{"rendered":"https:\/\/vimaterial.de\/product\/monoxyde-de-cobalt-oxyde-de-cobalt-2\/"},"modified":"2025-04-16T11:18:15","modified_gmt":"2025-04-16T03:18:15","slug":"monoxyde-de-cobalt-oxyde-de-cobalt-2","status":"publish","type":"product","link":"https:\/\/vimaterial.de\/fr\/product\/monoxyde-de-cobalt-oxyde-de-cobalt-2\/","title":{"rendered":"Monoxyde de cobalt (oxyde de cobalt)"},"content":{"rendered":"<p><span style=\"color: #0000ff;\"><a style=\"color: #0000ff;\" href=\"https:\/\/vimaterial.de\/en\/product\/cobalt-monoxide-cobalt-oxide-3\/\">La poudre de monoxyde de cobalt<\/a> <\/span>est une poudre compos\u00e9e principalement de cobalt et d\u2019oxyg\u00e8ne, g\u00e9n\u00e9ralement de couleur gris-noir, avec une certaine stabilit\u00e9 chimique, des propri\u00e9t\u00e9s semi-conductrices et une activit\u00e9 catalytique, elle a un large \u00e9ventail d\u2019applications dans les mat\u00e9riaux magn\u00e9tiques, les pigments c\u00e9ramiques, les catalyseurs et de nombreux autres domaines.<\/p>\n<p>VIAMTERIAL fournit de la poudre de monoxyde de cobalt, nos poudres ont les caract\u00e9ristiques d\u2019une puret\u00e9 \u00e9lev\u00e9e, d\u2019une taille de particule uniforme, d\u2019une bonne fluidit\u00e9, d\u2019un bon compactage, d\u2019une stabilit\u00e9 chimique, etc. Nous prenons \u00e9galement en charge l\u2019emballage et la commande de petits lots. Nous avons une \u00e9quipe technique professionnelle de recherche et d\u00e9veloppement, acceptons la personnalisation et l\u2019exp\u00e9rimentation du produit, veuillez<span style=\"color: #0000ff;\"><a style=\"color: #0000ff;\" href=\"https:\/\/vimaterial.de\/en\/contact-us\/\"> nous contacter.<\/a><\/span>  <\/p>\n<h2><span style=\"font-size: 14pt;\">Propri\u00e9t\u00e9s physiques<\/span><\/h2>\n<p>Formule mol\u00e9culaire : CoO<\/p>\n<p>Poids mol\u00e9culaire : environ 74,93<\/p>\n<p>Apparence&nbsp;: Poudre gris-noir<\/p>\n<p>Densit\u00e9 : environ 6,45 g\/cm\u00b3.<\/p>\n<p>Point de fusion : environ 1935\u00b0C<\/p>\n<p>Point d\u2019\u00e9bullition : environ 3800\u00b0C<\/p>\n<p>Structure cristalline : Syst\u00e8me cristallin cubique, dans lequel les ions cobalt et les ions oxyg\u00e8ne constituent la structure cristalline ionique selon une disposition spatiale sp\u00e9cifique, et cette structure a une influence importante sur ses propri\u00e9t\u00e9s physiques et chimiques.<\/p>\n<h2><span style=\"font-size: 14pt;\">Applications<\/span><\/h2>\n<p>Champ des mat\u00e9riaux magn\u00e9tiques&nbsp;: utilis\u00e9 dans la fabrication de mat\u00e9riaux magn\u00e9tiques, avec ses propri\u00e9t\u00e9s magn\u00e9tiques uniques, peut am\u00e9liorer la perm\u00e9abilit\u00e9 et la coercivit\u00e9 du mat\u00e9riau, utilis\u00e9 dans la production d\u2019aimants permanents haute performance et de mat\u00e9riaux magn\u00e9tiques doux, utilis\u00e9s dans les \u00e9quipements \u00e9lectroniques et les moteurs et d\u2019autres domaines.<\/p>\n<p>Pigments c\u00e9ramiques : Les poudres de monoxyde de cobalt sont utilis\u00e9es comme pigments dans la c\u00e9ramique pour fournir une teinte bleue vibrante et stable afin de rehausser la valeur d\u00e9corative et artistique de la c\u00e9ramique et de r\u00e9pondre aux besoins des arts et de l\u2019artisanat et de la c\u00e9ramique pour un usage quotidien.<\/p>\n<p>Catalyseurs : Utilis\u00e9s comme catalyseurs dans les r\u00e9actions chimiques, telles que la synth\u00e8se de Fischer-Tropsch, ils jouent un r\u00f4le cl\u00e9 dans les secteurs de la chimie et de l\u2019\u00e9nergie en am\u00e9liorant la r\u00e9activit\u00e9 et la s\u00e9lectivit\u00e9 et en acc\u00e9l\u00e9rant le processus de r\u00e9action.<\/p>\n<h2><span style=\"font-size: 14pt;\">Contr\u00f4le de la qualit\u00e9<\/span><\/h2>\n<p><span style=\"color: #0000ff;\"><a style=\"color: #0000ff;\" href=\"https:\/\/vimaterial.de\/en\/quality-control\/\">Le contr\u00f4le de la qualit\u00e9<\/a> <\/span>de chaque lot de produits est effectu\u00e9 tout au long du processus d\u2019approvisionnement en mati\u00e8res premi\u00e8res, de production et de traitement, de test et d\u2019inspection, et d\u2019emballage, en suivant strictement les normes internationales et les normes industrielles. Nous disposons d\u2019un \u00e9quipement de test avanc\u00e9, d\u2019une \u00e9quipe de contr\u00f4le qualit\u00e9 professionnelle et d\u2019un syst\u00e8me de contr\u00f4le de qualit\u00e9 strict pour garantir la qualit\u00e9 du produit. <\/p>\n<h2><span style=\"font-size: 14pt;\">Emballage et stockage<\/span><\/h2>\n<p>Les poudres de monoxyde de cobalt sont emball\u00e9es dans des sacs sous vide doubles ou des bouteilles sous vide avec des cartons ext\u00e9rieurs.<\/p>\n<p>Les poudres de monoxyde de cobalt doivent \u00eatre stock\u00e9es dans un endroit sec, frais et bien ventil\u00e9, scell\u00e9 et \u00e0 l\u2019abri de l\u2019humidit\u00e9, des substances corrosives telles que les acides et les alcalis, et \u00e0 l\u2019\u00e9cart des sources d\u2019inflammation et des agents oxydants puissants, conform\u00e9ment aux exigences relatives au stockage des produits chimiques.<\/p>\n","protected":false},"excerpt":{"rendered":"<p><span style=\"color: #0000ff;\"><a style=\"color: #0000ff;\" href=\"https:\/\/vimaterial.de\/en\/product\/cobalt-monoxide-cobalt-oxide-3\/\">La poudre de monoxyde de cobalt<\/a> <\/span>est une poudre compos\u00e9e principalement de cobalt et d\u2019oxyg\u00e8ne, g\u00e9n\u00e9ralement de couleur gris-noir, avec une certaine stabilit\u00e9 chimique, des propri\u00e9t\u00e9s semi-conductrices et une activit\u00e9 catalytique, elle a un large \u00e9ventail d\u2019applications dans les mat\u00e9riaux magn\u00e9tiques, les pigments c\u00e9ramiques, les catalyseurs et de nombreux autres domaines.<\/p>\n","protected":false},"featured_media":1042217,"comment_status":"open","ping_status":"closed","template":"","meta":{"_acf_changed":false},"product_brand":[],"product_cat":[243],"product_tag":[],"class_list":{"0":"post-1014473","1":"product","2":"type-product","3":"status-publish","4":"has-post-thumbnail","6":"product_cat-materiaux-oxydes-hydroxydes","8":"first","9":"instock","10":"shipping-taxable","11":"product-type-variable"},"acf":[],"_links":{"self":[{"href":"https:\/\/vimaterial.de\/fr\/wp-json\/wp\/v2\/product\/1014473","targetHints":{"allow":["GET"]}}],"collection":[{"href":"https:\/\/vimaterial.de\/fr\/wp-json\/wp\/v2\/product"}],"about":[{"href":"https:\/\/vimaterial.de\/fr\/wp-json\/wp\/v2\/types\/product"}],"replies":[{"embeddable":true,"href":"https:\/\/vimaterial.de\/fr\/wp-json\/wp\/v2\/comments?post=1014473"}],"wp:featuredmedia":[{"embeddable":true,"href":"https:\/\/vimaterial.de\/fr\/wp-json\/wp\/v2\/media\/1042217"}],"wp:attachment":[{"href":"https:\/\/vimaterial.de\/fr\/wp-json\/wp\/v2\/media?parent=1014473"}],"wp:term":[{"taxonomy":"product_brand","embeddable":true,"href":"https:\/\/vimaterial.de\/fr\/wp-json\/wp\/v2\/product_brand?post=1014473"},{"taxonomy":"product_cat","embeddable":true,"href":"https:\/\/vimaterial.de\/fr\/wp-json\/wp\/v2\/product_cat?post=1014473"},{"taxonomy":"product_tag","embeddable":true,"href":"https:\/\/vimaterial.de\/fr\/wp-json\/wp\/v2\/product_tag?post=1014473"}],"curies":[{"name":"wp","href":"https:\/\/api.w.org\/{rel}","templated":true}]}}