{"id":1014448,"date":"2024-06-17T14:47:40","date_gmt":"2024-06-17T06:47:40","guid":{"rendered":"https:\/\/vimaterial.de\/product\/sulfure-de-cobalt\/"},"modified":"2024-10-12T11:34:40","modified_gmt":"2024-10-12T03:34:40","slug":"sulfure-de-cobalt","status":"publish","type":"product","link":"https:\/\/vimaterial.de\/fr\/product\/sulfure-de-cobalt\/","title":{"rendered":"Sulfure de cobalt"},"content":{"rendered":"<p>La poudre de disulfure de cobalt est un compos\u00e9 inorganique important.<\/p>\n<p>&nbsp;<\/p>\n<p>Informations de base :<\/p>\n<p>&nbsp;<\/p>\n<p>Formule chimique : CoS\u2082.<\/p>\n<p>Poids mol\u00e9culaire : 123,06.<\/p>\n<p>Num\u00e9ro CAS : 12013-10-4.<\/p>\n<p>Apparence\u00a0: G\u00e9n\u00e9ralement poudre cristalline noire.<\/p>\n<p>Densit\u00e9 : La densit\u00e9 relative est d\u2019environ 4,3 g\/cm\u00b3.<\/p>\n<p>Point de fusion : Point de fusion \u00e9lev\u00e9, environ 1182\u00b0C.<\/p>\n<p>Conductivit\u00e9 \u00e9lectrique : Avoir la conductivit\u00e9 \u00e9lectrique d\u2019un m\u00e9tal.<\/p>\n<p>Magn\u00e9tique : Il est ferromagn\u00e9tique en dessous de 120K et paramagn\u00e9tique au-dessus de cette temp\u00e9rature.<\/p>\n<p>&nbsp;<\/p>\n<p>M\u00e9thode de pr\u00e9paration :<\/p>\n<p>&nbsp;<\/p>\n<p>M\u00e9thode de la phase solide \u00e0 haute temp\u00e9rature : la source de cobalt (telle que la poudre de cobalt, l\u2019oxyde de cobalt, etc.) et la source de soufre (telle que la poudre de soufre, le sulfure d\u2019hydrog\u00e8ne, etc.) sont m\u00e9lang\u00e9es dans une certaine proportion, et la r\u00e9action en phase solide est effectu\u00e9e \u00e0 haute temp\u00e9rature pour pr\u00e9parer la poudre de disulfure de cobalt.<\/p>\n<p>&nbsp;<\/p>\n<p>M\u00e9thode de d\u00e9p\u00f4t en phase vapeur : L\u2019utilisation de compos\u00e9s organiques de cobalt et de gaz contenant du soufre dans la phase gazeuse dans des conditions de r\u00e9action biochimique, d\u00e9pos\u00e9s sur le substrat d\u2019un film ou d\u2019une poudre de disulfure de cobalt.<\/p>\n<p>&nbsp;<\/p>\n<p>Applications:<\/p>\n<p>&nbsp;<\/p>\n<p>Mat\u00e9riau de la batterie : Le sulfure de cobalt peut \u00eatre utilis\u00e9 comme mat\u00e9riau d\u2019\u00e9lectrode pour les batteries secondaires telles que les batteries lithium-ion, et sa structure unique et ses propri\u00e9t\u00e9s chimiques contribuent \u00e0 am\u00e9liorer les performances \u00e9lectrochimiques des batteries.<\/p>\n<p>&nbsp;<\/p>\n<p>Mat\u00e9riaux semi-conducteurs : Le sulfure de cobalt a certaines applications dans le domaine des semi-conducteurs et peut \u00eatre utilis\u00e9 pour pr\u00e9parer des dispositifs semi-conducteurs ou comme dopant pour les mat\u00e9riaux semi-conducteurs.<\/p>\n<p>&nbsp;<\/p>\n<p>Catalyseur : Le sulfure de cobalt peut \u00eatre utilis\u00e9 comme catalyseur dans certaines r\u00e9actions chimiques, telles que l\u2019hydrog\u00e9nation, la d\u00e9sulfuration et d\u2019autres r\u00e9actions qui peuvent avoir un effet catalytique.<\/p>\n","protected":false},"excerpt":{"rendered":"<p>La poudre de disulfure de cobalt est un compos\u00e9 inorganique important.<\/p>\n<p>Mat\u00e9riau de la batterie : Le sulfure de cobalt peut \u00eatre utilis\u00e9 comme mat\u00e9riau d\u2019\u00e9lectrode pour les batteries secondaires telles que les batteries lithium-ion, et sa structure unique et ses propri\u00e9t\u00e9s chimiques contribuent \u00e0 am\u00e9liorer les performances \u00e9lectrochimiques des batteries.<\/p>\n<p>Mat\u00e9riaux semi-conducteurs : Ils ont certaines applications dans le domaine des semi-conducteurs et peuvent \u00eatre utilis\u00e9s pour pr\u00e9parer des dispositifs semi-conducteurs ou comme dopants pour les mat\u00e9riaux semi-conducteurs.<\/p>\n<p>&nbsp;<\/p>\n","protected":false},"featured_media":1002298,"comment_status":"open","ping_status":"closed","template":"","meta":{"_acf_changed":false},"product_brand":[],"product_cat":[238],"product_tag":[],"class_list":{"0":"post-1014448","1":"product","2":"type-product","3":"status-publish","4":"has-post-thumbnail","6":"product_cat-materiaux-de-chalcogenure","8":"first","9":"instock","10":"shipping-taxable","11":"product-type-variable"},"acf":[],"_links":{"self":[{"href":"https:\/\/vimaterial.de\/fr\/wp-json\/wp\/v2\/product\/1014448","targetHints":{"allow":["GET"]}}],"collection":[{"href":"https:\/\/vimaterial.de\/fr\/wp-json\/wp\/v2\/product"}],"about":[{"href":"https:\/\/vimaterial.de\/fr\/wp-json\/wp\/v2\/types\/product"}],"replies":[{"embeddable":true,"href":"https:\/\/vimaterial.de\/fr\/wp-json\/wp\/v2\/comments?post=1014448"}],"wp:featuredmedia":[{"embeddable":true,"href":"https:\/\/vimaterial.de\/fr\/wp-json\/wp\/v2\/media\/1002298"}],"wp:attachment":[{"href":"https:\/\/vimaterial.de\/fr\/wp-json\/wp\/v2\/media?parent=1014448"}],"wp:term":[{"taxonomy":"product_brand","embeddable":true,"href":"https:\/\/vimaterial.de\/fr\/wp-json\/wp\/v2\/product_brand?post=1014448"},{"taxonomy":"product_cat","embeddable":true,"href":"https:\/\/vimaterial.de\/fr\/wp-json\/wp\/v2\/product_cat?post=1014448"},{"taxonomy":"product_tag","embeddable":true,"href":"https:\/\/vimaterial.de\/fr\/wp-json\/wp\/v2\/product_tag?post=1014448"}],"curies":[{"name":"wp","href":"https:\/\/api.w.org\/{rel}","templated":true}]}}