{"id":1014441,"date":"2024-06-17T14:47:40","date_gmt":"2024-06-17T06:47:40","guid":{"rendered":"https:\/\/vimaterial.de\/product\/monoxyde-de-cobalt-oxyde-de-cobalt\/"},"modified":"2025-04-16T11:16:29","modified_gmt":"2025-04-16T03:16:29","slug":"monoxyde-de-cobalt-oxyde-de-cobalt","status":"publish","type":"product","link":"https:\/\/vimaterial.de\/fr\/product\/monoxyde-de-cobalt-oxyde-de-cobalt\/","title":{"rendered":"Monoxyde de cobalt (oxyde de cobalt)"},"content":{"rendered":"<p>La cible de pulv\u00e9risation de <span style=\"color: #0000ff;\"><a style=\"color: #0000ff;\" href=\"https:\/\/vimaterial.de\/en\/product\/cobalt-monoxide-cobalt-oxide\/\">monoxyde de cobalt<\/a><\/span> est un mat\u00e9riau principalement compos\u00e9 d\u2019oxyde de cobalt, g\u00e9n\u00e9ralement d\u2019apparence noire ou gris-noir, avec une bonne stabilit\u00e9 chimique et un certain degr\u00e9 de conductivit\u00e9 \u00e9lectrique, principalement utilis\u00e9 dans le processus de rev\u00eatement par pulv\u00e9risation, capable de d\u00e9poser sur le substrat des films minces d\u2019oxyde de cobalt qui peuvent \u00eatre utilis\u00e9s dans le domaine de l\u2019\u00e9lectronique, catalytique,  et les mat\u00e9riaux magn\u00e9tiques et ainsi de suite.<\/p>\n<p>VIMATERIAL propose une large gamme de cibles de pulv\u00e9risation au monoxyde de cobalt. Nos cibles de pulv\u00e9risation au monoxyde de cobalt se caract\u00e9risent par une excellente homog\u00e9n\u00e9it\u00e9 de composition, une puret\u00e9 ultra-\u00e9lev\u00e9e et une excellente stabilit\u00e9 de pulv\u00e9risation, et nous pouvons \u00e9galement fournir des services de liaison de cibles. Nous avons une \u00e9quipe de R &amp; D professionnelle et pouvons accepter la personnalisation et les exp\u00e9riences, veuillez <span style=\"color: #0000ff;\"><a style=\"color: #0000ff;\" href=\"https:\/\/vimaterial.de\/en\/contact-us\/\">nous contacter.<\/a><\/span>  <\/p>\n<h2><span style=\"font-size: 14pt;\">Propri\u00e9t\u00e9s physiques<\/span><\/h2>\n<p>Formule mol\u00e9culaire : CoO<\/p>\n<p>Poids mol\u00e9culaire : 74,93<\/p>\n<p>Apparence&nbsp;: Noir ou uni gris-noir avec un \u00e9clat m\u00e9tallique.<\/p>\n<p>Densit\u00e9 : environ 6,45 g\/cm\u00b3.<\/p>\n<p>Point de fusion : environ 1935\u00b0C<\/p>\n<p>Point d\u2019\u00e9bullition : environ 3800\u00b0C<\/p>\n<p>Structure cristalline : syst\u00e8me cristallin cubique, les ions cobalt sont situ\u00e9s au centre de l\u2019apex et de la face de la cellule cristalline cubique, les ions oxyg\u00e8ne sont situ\u00e9s au centre du corps de la cellule cristalline.<\/p>\n<h2><span style=\"font-size: 14pt;\">Applications<\/span><\/h2>\n<p>\u00c9lectronique&nbsp;: Les cibles de pulv\u00e9risation de monoxyde de cobalt peuvent \u00eatre utilis\u00e9es dans la fabrication de dispositifs \u00e9lectroniques pour d\u00e9poser des films minces avec des propri\u00e9t\u00e9s \u00e9lectriques sp\u00e9cifiques, qui sont utilis\u00e9s pour r\u00e9guler les propri\u00e9t\u00e9s conductrices et la stabilit\u00e9 des composants \u00e9lectroniques.<\/p>\n<p>Catalyse&nbsp;: Dans les syst\u00e8mes de r\u00e9action catalytique, les films minces fabriqu\u00e9s \u00e0 partir de cette cible peuvent \u00eatre utilis\u00e9s comme catalyseurs ou supports de catalyseur pour augmenter efficacement la vitesse et la s\u00e9lectivit\u00e9 des r\u00e9actions chimiques.<\/p>\n<p>Mat\u00e9riaux magn\u00e9tiques : utilis\u00e9 dans la pr\u00e9paration de mat\u00e9riaux magn\u00e9tiques, le film d\u00e9pos\u00e9 peut donner au mat\u00e9riau des propri\u00e9t\u00e9s magn\u00e9tiques uniques, aider au d\u00e9veloppement de la technologie de stockage et de d\u00e9tection magn\u00e9tique.<\/p>\n<p>Domaine des mat\u00e9riaux c\u00e9ramiques : peut \u00eatre rev\u00eatu \u00e0 la surface de la c\u00e9ramique pour am\u00e9liorer la duret\u00e9, la couleur et la r\u00e9sistance \u00e0 la corrosion de la c\u00e9ramique, \u00e9largissant ainsi l\u2019application de la c\u00e9ramique dans les mat\u00e9riaux d\u00e9coratifs et fonctionnels.<\/p>\n<h2><span style=\"font-size: 14pt;\">Contr\u00f4le de la qualit\u00e9<\/span><\/h2>\n<p><span style=\"color: #0000ff;\"><a style=\"color: #0000ff;\" href=\"https:\/\/vimaterial.de\/en\/quality-control\/\">Nos produits<\/a><\/span> sont mis en \u0153uvre le syst\u00e8me de gestion de la qualit\u00e9 le plus strict, les mat\u00e9riaux entrants, le processus, l\u2019inspection finale, l\u2019inspection d\u2019usine ont des normes d\u2019inspection strictes, pour le traitement non qualifi\u00e9 utilisera des mesures d\u2019isolation strictes pour \u00e9viter le flux de produits non conformes dans le processus suivant, selon les exigences du client fournira aux clients des \u00e9chantillons pour que les clients puissent les r\u00e9inspecter.<\/p>\n<h2><span style=\"font-size: 14pt;\">Emballage et stockage<\/span><\/h2>\n<p>Les cibles de pulv\u00e9risation au monoxyde de cobalt sont emball\u00e9es dans des sacs sous vide doubles et des cartons.<\/p>\n<p>Les cibles de pulv\u00e9risation de monoxyde de cobalt doivent \u00eatre stock\u00e9es dans un environnement sec, frais et bien ventil\u00e9, en \u00e9vitant le contact avec des substances acides, alcalines et autres substances corrosives, en pr\u00e9venant l\u2019humidit\u00e9 et l\u2019oxydation, et en m\u00eame temps en faisant attention \u00e0 \u00e9viter les collisions physiques et l\u2019extrusion, pour s\u2019assurer que les performances et la structure du mat\u00e9riau cible ne seront pas endommag\u00e9es.<\/p>\n","protected":false},"excerpt":{"rendered":"<p>La cible de pulv\u00e9risation de monoxyde de cobalt est un mat\u00e9riau principalement compos\u00e9 d\u2019oxyde de cobalt, g\u00e9n\u00e9ralement d\u2019apparence noire ou gris-noir, avec une bonne stabilit\u00e9 chimique et un certain degr\u00e9 de conductivit\u00e9 \u00e9lectrique, principalement utilis\u00e9 dans le processus de rev\u00eatement par pulv\u00e9risation, capable de d\u00e9poser sur le substrat des films minces d\u2019oxyde de cobalt qui [&hellip;]<\/p>\n","protected":false},"featured_media":1002286,"comment_status":"open","ping_status":"closed","template":"","meta":{"_acf_changed":false},"product_brand":[],"product_cat":[235],"product_tag":[],"class_list":{"0":"post-1014441","1":"product","2":"type-product","3":"status-publish","4":"has-post-thumbnail","6":"product_cat-cibles-de-pulverisation-planaire","8":"first","9":"instock","10":"shipping-taxable","11":"product-type-variable"},"acf":[],"_links":{"self":[{"href":"https:\/\/vimaterial.de\/fr\/wp-json\/wp\/v2\/product\/1014441","targetHints":{"allow":["GET"]}}],"collection":[{"href":"https:\/\/vimaterial.de\/fr\/wp-json\/wp\/v2\/product"}],"about":[{"href":"https:\/\/vimaterial.de\/fr\/wp-json\/wp\/v2\/types\/product"}],"replies":[{"embeddable":true,"href":"https:\/\/vimaterial.de\/fr\/wp-json\/wp\/v2\/comments?post=1014441"}],"wp:featuredmedia":[{"embeddable":true,"href":"https:\/\/vimaterial.de\/fr\/wp-json\/wp\/v2\/media\/1002286"}],"wp:attachment":[{"href":"https:\/\/vimaterial.de\/fr\/wp-json\/wp\/v2\/media?parent=1014441"}],"wp:term":[{"taxonomy":"product_brand","embeddable":true,"href":"https:\/\/vimaterial.de\/fr\/wp-json\/wp\/v2\/product_brand?post=1014441"},{"taxonomy":"product_cat","embeddable":true,"href":"https:\/\/vimaterial.de\/fr\/wp-json\/wp\/v2\/product_cat?post=1014441"},{"taxonomy":"product_tag","embeddable":true,"href":"https:\/\/vimaterial.de\/fr\/wp-json\/wp\/v2\/product_tag?post=1014441"}],"curies":[{"name":"wp","href":"https:\/\/api.w.org\/{rel}","templated":true}]}}