{"id":1014374,"date":"2024-06-17T14:33:50","date_gmt":"2024-06-17T06:33:50","guid":{"rendered":"https:\/\/vimaterial.de\/product\/nitrure-de-chrome-2\/"},"modified":"2025-04-17T15:13:17","modified_gmt":"2025-04-17T07:13:17","slug":"nitrure-de-chrome-2","status":"publish","type":"product","link":"https:\/\/vimaterial.de\/fr\/product\/nitrure-de-chrome-2\/","title":{"rendered":"Nitrure de chrome"},"content":{"rendered":"<p><span style=\"color: #0000ff;\"><a style=\"color: #0000ff;\" href=\"https:\/\/vimaterial.de\/en\/product\/chromium-nitride-2\/\">La poudre de nitrure de chrome<\/a> <\/span>est une poudre compos\u00e9e inorganique de haute duret\u00e9, de bonne r\u00e9sistance \u00e0 l\u2019abrasion, de r\u00e9sistance \u00e0 la corrosion et de stabilit\u00e9 \u00e0 haute temp\u00e9rature, g\u00e9n\u00e9ralement de couleur grise ou noire, qui joue un r\u00f4le important dans de nombreux domaines industriels, tels que le rev\u00eatement de surface m\u00e9tallique et la fabrication d\u2019outils de coupe.<\/p>\n<p>VIMATERIAL fournit de la poudre de nitrure de chrome, notre poudre de nitrure de chrome pr\u00e9sente les caract\u00e9ristiques d\u2019une duret\u00e9 \u00e9lev\u00e9e, d\u2019une bonne r\u00e9sistance \u00e0 l\u2019abrasion et \u00e0 la corrosion, d\u2019un point de fusion \u00e9lev\u00e9 et d\u2019une stabilit\u00e9 \u00e0 haute temp\u00e9rature. Nous nous consacrons \u00e0 la recherche de mati\u00e8res premi\u00e8res chimiques inorganiques depuis de nombreuses ann\u00e9es, nous avons une \u00e9quipe de professionnels avec une riche exp\u00e9rience, acceptons la personnalisation et les exp\u00e9riences, veuillez <span style=\"color: #0000ff;\"><a style=\"color: #0000ff;\" href=\"https:\/\/vimaterial.de\/en\/contact-us\/\">nous contacter<\/a><\/span> si vous en avez besoin. <\/p>\n<h2><span style=\"font-size: 14pt;\">Propri\u00e9t\u00e9s physiques<\/span><\/h2>\n<p>Formule mol\u00e9culaire : Cr\u2082N<\/p>\n<p>Poids mol\u00e9culaire : 118,0056<\/p>\n<p>Aspect : poudre noire ou gris fonc\u00e9<\/p>\n<p>Densit\u00e9 : environ 6,5 &#8211; 7,0 g\/cm\u00b3.<\/p>\n<p>Structure cristalline&nbsp;: Syst\u00e8me cristallin hexagonal, sa structure cristalline pr\u00e9sente des caract\u00e9ristiques hexagonales compactes typiques, cette structure rend Cr\u2082N a une meilleure stabilit\u00e9 et certaines propri\u00e9t\u00e9s physicochimiques sp\u00e9ciales.<\/p>\n<h2><span style=\"font-size: 14pt;\">Application<\/span><\/h2>\n<p>Domaine de l\u2019outil de coupe&nbsp;: La poudre de nitrure de chrome est utilis\u00e9e dans la fabrication d\u2019outils de coupe rev\u00eatus, rev\u00eatus \u00e0 la surface de l\u2019outil, en raison de sa duret\u00e9 \u00e9lev\u00e9e et de sa r\u00e9sistance \u00e0 l\u2019usure, am\u00e9liorent consid\u00e9rablement les performances de coupe de l\u2019outil, prolongent la dur\u00e9e de vie de l\u2019outil et traitent efficacement divers types de mat\u00e9riaux m\u00e9talliques.<\/p>\n<p>Domaine de fabrication de moules : l\u2019application du rev\u00eatement en poudre sur les moules d\u2019injection, les moules de moulage sous pression et d\u2019autres moules peut rendre la surface du moule avec une bonne r\u00e9sistance \u00e0 l\u2019usure et \u00e0 la corrosion, r\u00e9duire la fr\u00e9quence des r\u00e9parations ou des remplacements fr\u00e9quents des moules et assurer la production de haute pr\u00e9cision de produits en plastique et de pi\u00e8ces moul\u00e9es sous pression.<\/p>\n<p>Domaine des pi\u00e8ces automobiles&nbsp;: La poudre de nitrure de chrome est ajout\u00e9e aux segments de piston, aux soupapes et \u00e0 d\u2019autres parties du moteur automobile pour renforcer la surface, qui peut r\u00e9sister aux temp\u00e9ratures \u00e9lev\u00e9es, au frottement et \u00e0 la corrosion du carburant, assurer le fonctionnement stable et efficace du moteur et am\u00e9liorer les performances globales de la voiture.<\/p>\n<p>A\u00e9rospatiale : Les rev\u00eatements en poudre de nitrure de chrome sont utilis\u00e9s dans des pi\u00e8ces cl\u00e9s telles que les pales et les chambres de combustion des moteurs a\u00e9rospatiaux pour aider les composants \u00e0 faire face \u00e0 des temp\u00e9ratures extr\u00eamement \u00e9lev\u00e9es et \u00e0 des impacts de flux d\u2019air \u00e0 grande vitesse gr\u00e2ce \u00e0 ses excellentes propri\u00e9t\u00e9s de r\u00e9sistance aux hautes temp\u00e9ratures et au frottement, assurant ainsi la s\u00e9curit\u00e9 des vols.<\/p>\n<p>\u00c9quipement \u00e9lectronique : Les rev\u00eatements en poudre de nitrure de chrome sont utilis\u00e9s \u00e0 la surface des dissipateurs thermiques des puces \u00e9lectroniques pour am\u00e9liorer la fiabilit\u00e9 des \u00e9quipements \u00e9lectroniques en tirant parti de son excellente conductivit\u00e9 thermique et de sa stabilit\u00e9 chimique, ce qui acc\u00e9l\u00e8re non seulement la dissipation de la chaleur, mais emp\u00eache \u00e9galement l\u2019appareil de l\u2019\u00e9rosion environnementale.<\/p>\n<h2><span style=\"font-size: 14pt;\">Contr\u00f4le de la qualit\u00e9<\/span><\/h2>\n<p><span style=\"color: #0000ff;\"><a style=\"color: #0000ff;\" href=\"https:\/\/vimaterial.de\/en\/quality-control\/\">Chaque lot<\/a><\/span> de produits suit des principes stricts de contr\u00f4le de la qualit\u00e9, tout autour pour garantir que chaque lot de mat\u00e9riaux de l\u2019approvisionnement en mati\u00e8res premi\u00e8res, de la transformation, des produits finis hors de l\u2019entrep\u00f4t dispose d\u2019instruments avanc\u00e9s, de normes d\u2019inspection strictes, de registres d\u2019inspection parfaits pour assurer le contr\u00f4le de la qualit\u00e9 du produit et la tra\u00e7abilit\u00e9 des produits, chaque lot de produits est accompagn\u00e9 d\u2019une fiche signal\u00e9tique, d\u2019un certificat d\u2019authenticit\u00e9, d\u2019un certificat d\u2019authenticit\u00e9,  Rapports TDS, PSD, XRD, etc., chaque lot de produits sera remis au client pour fournir des \u00e9chantillons, aider \u00e9galement le client \u00e0 demander des organismes d\u2019inspection tiers. Nous fournirons des \u00e9chantillons aux clients pour chaque lot de produits et aiderons \u00e9galement les clients \u00e0 demander aux organismes d\u2019inspection tiers d\u2019inspecter les produits. <\/p>\n<h2><span style=\"font-size: 14pt;\">Emballage et stockage<\/span><\/h2>\n<p>La poudre de nitrure de chrome est emball\u00e9e dans des bouteilles \u00e0 double vide ou des sacs sous vide doubles, puis emball\u00e9e dans des cartons.<\/p>\n<p>La poudre de nitrure de chrome doit \u00eatre stock\u00e9e dans un environnement sec, frais et bien ventil\u00e9, et doit \u00eatre scell\u00e9e pour \u00e9viter l\u2019humidit\u00e9, l\u2019oxydation et le contact avec des substances corrosives.<\/p>\n","protected":false},"excerpt":{"rendered":"<p><span style=\"color: #0000ff;\"><a style=\"color: #0000ff;\" href=\"https:\/\/vimaterial.de\/en\/product\/chromium-nitride-2\/\">La poudre de nitrure de chrome<\/a> <\/span>est une poudre compos\u00e9e inorganique de haute duret\u00e9, de bonne r\u00e9sistance \u00e0 l\u2019abrasion, de r\u00e9sistance \u00e0 la corrosion et de stabilit\u00e9 \u00e0 haute temp\u00e9rature, g\u00e9n\u00e9ralement de couleur grise ou noire, qui joue un r\u00f4le important dans de nombreux domaines industriels, tels que le rev\u00eatement de surface m\u00e9tallique et la fabrication d\u2019outils de coupe.<\/p>\n","protected":false},"featured_media":1001272,"comment_status":"open","ping_status":"closed","template":"","meta":{"_acf_changed":false},"product_brand":[],"product_cat":[240],"product_tag":[],"class_list":{"0":"post-1014374","1":"product","2":"type-product","3":"status-publish","4":"has-post-thumbnail","6":"product_cat-materiaux-c-n-b-si","8":"first","9":"instock","10":"shipping-taxable","11":"purchasable","12":"product-type-variable"},"acf":[],"_links":{"self":[{"href":"https:\/\/vimaterial.de\/fr\/wp-json\/wp\/v2\/product\/1014374","targetHints":{"allow":["GET"]}}],"collection":[{"href":"https:\/\/vimaterial.de\/fr\/wp-json\/wp\/v2\/product"}],"about":[{"href":"https:\/\/vimaterial.de\/fr\/wp-json\/wp\/v2\/types\/product"}],"replies":[{"embeddable":true,"href":"https:\/\/vimaterial.de\/fr\/wp-json\/wp\/v2\/comments?post=1014374"}],"wp:featuredmedia":[{"embeddable":true,"href":"https:\/\/vimaterial.de\/fr\/wp-json\/wp\/v2\/media\/1001272"}],"wp:attachment":[{"href":"https:\/\/vimaterial.de\/fr\/wp-json\/wp\/v2\/media?parent=1014374"}],"wp:term":[{"taxonomy":"product_brand","embeddable":true,"href":"https:\/\/vimaterial.de\/fr\/wp-json\/wp\/v2\/product_brand?post=1014374"},{"taxonomy":"product_cat","embeddable":true,"href":"https:\/\/vimaterial.de\/fr\/wp-json\/wp\/v2\/product_cat?post=1014374"},{"taxonomy":"product_tag","embeddable":true,"href":"https:\/\/vimaterial.de\/fr\/wp-json\/wp\/v2\/product_tag?post=1014374"}],"curies":[{"name":"wp","href":"https:\/\/api.w.org\/{rel}","templated":true}]}}