{"id":1014372,"date":"2024-06-17T14:33:49","date_gmt":"2024-06-17T06:33:49","guid":{"rendered":"https:\/\/vimaterial.de\/product\/carbure-de-chrome-3\/"},"modified":"2025-04-17T15:15:07","modified_gmt":"2025-04-17T07:15:07","slug":"carbure-de-chrome-3","status":"publish","type":"product","link":"https:\/\/vimaterial.de\/fr\/product\/carbure-de-chrome-3\/","title":{"rendered":"Carbure de chrome"},"content":{"rendered":"<p>La poudre de carbure de chrome est une sorte de poudre compos\u00e9e inorganique compos\u00e9e de chrome et de carbone, avec une duret\u00e9 \u00e9lev\u00e9e, une bonne r\u00e9sistance \u00e0 l\u2019usure, une r\u00e9sistance \u00e0 la corrosion et une stabilit\u00e9 \u00e0 haute temp\u00e9rature, etc. Il joue un r\u00f4le important dans les c\u00e9ramiques m\u00e9talliques, les rev\u00eatements r\u00e9sistants \u00e0 l\u2019usure et de nombreux autres domaines industriels. <\/p>\n<p>VIMATERIAL fournit de la poudre de carbure de chrome, notre poudre de carbure de chrome pr\u00e9sente les avantages d\u2019une duret\u00e9 \u00e9lev\u00e9e, d\u2019une r\u00e9sistance \u00e9lev\u00e9e \u00e0 l\u2019abrasion, d\u2019une bonne r\u00e9sistance \u00e0 la corrosion, d\u2019une excellente stabilit\u00e9 \u00e0 haute temp\u00e9rature et d\u2019une taille de particule uniforme. Nous nous consacrons \u00e0 la recherche de mati\u00e8res premi\u00e8res chimiques inorganiques depuis de nombreuses ann\u00e9es, nous avons une \u00e9quipe de professionnels avec une riche exp\u00e9rience, acceptons la personnalisation et les exp\u00e9riences, veuillez <span style=\"color: #0000ff;\"><a style=\"color: #0000ff;\" href=\"https:\/\/vimaterial.de\/en\/contact-us\/\">nous contacter<\/a><\/span> si vous en avez besoin. <\/p>\n<h2><span style=\"font-size: 14pt;\">Propri\u00e9t\u00e9s physiques<\/span><\/h2>\n<p>Formule mol\u00e9culaire : Cr\u2082\u2083C\u2086<\/p>\n<p>Poids mol\u00e9culaire : 1267.97<\/p>\n<p>Apparence&nbsp;: poudre grise<\/p>\n<p>Point de fusion : environ 1550 \u00b0C<\/p>\n<p>Structure cristalline : syst\u00e8me cristallin cubique, groupe d\u2019espace Fm3m, a\u2080=10.650, 4Cr in (a)(000), 8Cr in (c)(1\/41\/4&nbsp;:}), 48Cr in (h)(oxx), x=0.1699, 32Cr in (f)(xxx), x=0.3809, 24C in (e)(x00), x=0- 2765. <\/p>\n<h2><span style=\"font-size: 14pt;\">Application<\/span><\/h2>\n<p>C\u00e9ramique m\u00e9tallique : Les poudres de carbure de chrome sont utilis\u00e9es dans la fabrication de c\u00e9ramiques m\u00e9talliques. En m\u00e9langeant et en frittant avec des poudres m\u00e9talliques, la duret\u00e9 et la r\u00e9sistance \u00e0 l\u2019abrasion du mat\u00e9riau peuvent \u00eatre consid\u00e9rablement am\u00e9lior\u00e9es pour produire des outils de coupe de haute qualit\u00e9 et des pi\u00e8ces r\u00e9sistantes \u00e0 l\u2019usure. <\/p>\n<p>Rev\u00eatements : Dans l\u2019industrie des rev\u00eatements, la poudre peut \u00eatre utilis\u00e9e pour pr\u00e9parer des rev\u00eatements r\u00e9sistants \u00e0 l\u2019usure qui peuvent \u00eatre appliqu\u00e9s \u00e0 la surface des composants m\u00e9caniques, tels que les pi\u00e8ces de moteur, afin de r\u00e9duire le coefficient de frottement et de prolonger la dur\u00e9e de vie des composants.<\/p>\n<p>A\u00e9rospatiale : Les poudres de carbure de chrome sont utilis\u00e9es dans la fabrication et le traitement de surface des composants a\u00e9rospatiaux, o\u00f9 leur r\u00e9sistance aux temp\u00e9ratures \u00e9lev\u00e9es et \u00e0 l\u2019abrasion aide les composants critiques tels que les pales de moteur d\u2019avion \u00e0 r\u00e9sister aux complexit\u00e9s des temp\u00e9ratures \u00e9lev\u00e9es, des courants d\u2019air \u00e0 grande vitesse et de la poussi\u00e8re.<\/p>\n<p>Industrie automobile : dans la construction automobile, il est utilis\u00e9 dans les soupapes de moteur, les segments de piston et d\u2019autres pi\u00e8ces, en utilisant ses propri\u00e9t\u00e9s de r\u00e9sistance \u00e0 l\u2019usure et \u00e0 la corrosion pour r\u00e9duire l\u2019usure et la corrosion des pi\u00e8ces et am\u00e9liorer les performances et la fiabilit\u00e9 des moteurs automobiles.<\/p>\n<h2><span style=\"font-size: 14pt;\">Contr\u00f4le de la qualit\u00e9<\/span><\/h2>\n<p><span style=\"color: #0000ff;\"><a style=\"color: #0000ff;\" href=\"https:\/\/vimaterial.de\/en\/quality-control\/\">Chaque lot<\/a><\/span> de produits suit des principes stricts de contr\u00f4le de la qualit\u00e9, tout autour pour garantir que chaque lot de mat\u00e9riaux de l\u2019approvisionnement en mati\u00e8res premi\u00e8res, de la transformation, des produits finis hors de l\u2019entrep\u00f4t dispose d\u2019instruments avanc\u00e9s, de normes d\u2019inspection strictes, de registres d\u2019inspection parfaits pour assurer le contr\u00f4le de la qualit\u00e9 du produit et la tra\u00e7abilit\u00e9 des produits, chaque lot de produits est accompagn\u00e9 d\u2019une fiche signal\u00e9tique, d\u2019un certificat d\u2019authenticit\u00e9, d\u2019un certificat d\u2019authenticit\u00e9,  Rapports TDS, PSD, XRD, etc., chaque lot de produits sera remis au client pour fournir des \u00e9chantillons, aider \u00e9galement le client \u00e0 demander des organismes d\u2019inspection tiers. Nous fournirons des \u00e9chantillons aux clients pour chaque lot de produits et aiderons \u00e9galement les clients \u00e0 demander aux organismes d\u2019inspection tiers d\u2019inspecter les produits. <\/p>\n<h2><span style=\"font-size: 14pt;\">Emballage et stockage<\/span><\/h2>\n<p>La poudre de carbure de chrome est emball\u00e9e dans des bouteilles ou des sacs sous vide doubles, puis emball\u00e9e dans des cartons.<\/p>\n<p>La poudre de carbure de chrome doit \u00eatre stock\u00e9e dans un environnement sec et bien ventil\u00e9, en \u00e9vitant l\u2019humidit\u00e9 et le contact avec des substances corrosives, et \u00e0 l\u2019abri du feu et des sources de chaleur, et la zone de stockage doit \u00eatre bien scell\u00e9e pour emp\u00eacher la poudre de se disperser.<\/p>\n","protected":false},"excerpt":{"rendered":"<p>La poudre de carbure de chrome est une sorte de poudre compos\u00e9e inorganique compos\u00e9e de chrome et de carbone, avec une duret\u00e9 \u00e9lev\u00e9e, une bonne r\u00e9sistance \u00e0 l\u2019usure, une r\u00e9sistance \u00e0 la corrosion et une stabilit\u00e9 \u00e0 haute temp\u00e9rature, etc. Il joue un r\u00f4le important dans les c\u00e9ramiques m\u00e9talliques, les rev\u00eatements r\u00e9sistants \u00e0 l\u2019usure et de nombreux autres domaines industriels. <\/p>\n","protected":false},"featured_media":1001265,"comment_status":"open","ping_status":"closed","template":"","meta":{"_acf_changed":false},"product_brand":[],"product_cat":[240],"product_tag":[],"class_list":{"0":"post-1014372","1":"product","2":"type-product","3":"status-publish","4":"has-post-thumbnail","6":"product_cat-materiaux-c-n-b-si","8":"first","9":"instock","10":"shipping-taxable","11":"purchasable","12":"product-type-variable"},"acf":[],"_links":{"self":[{"href":"https:\/\/vimaterial.de\/fr\/wp-json\/wp\/v2\/product\/1014372","targetHints":{"allow":["GET"]}}],"collection":[{"href":"https:\/\/vimaterial.de\/fr\/wp-json\/wp\/v2\/product"}],"about":[{"href":"https:\/\/vimaterial.de\/fr\/wp-json\/wp\/v2\/types\/product"}],"replies":[{"embeddable":true,"href":"https:\/\/vimaterial.de\/fr\/wp-json\/wp\/v2\/comments?post=1014372"}],"wp:featuredmedia":[{"embeddable":true,"href":"https:\/\/vimaterial.de\/fr\/wp-json\/wp\/v2\/media\/1001265"}],"wp:attachment":[{"href":"https:\/\/vimaterial.de\/fr\/wp-json\/wp\/v2\/media?parent=1014372"}],"wp:term":[{"taxonomy":"product_brand","embeddable":true,"href":"https:\/\/vimaterial.de\/fr\/wp-json\/wp\/v2\/product_brand?post=1014372"},{"taxonomy":"product_cat","embeddable":true,"href":"https:\/\/vimaterial.de\/fr\/wp-json\/wp\/v2\/product_cat?post=1014372"},{"taxonomy":"product_tag","embeddable":true,"href":"https:\/\/vimaterial.de\/fr\/wp-json\/wp\/v2\/product_tag?post=1014372"}],"curies":[{"name":"wp","href":"https:\/\/api.w.org\/{rel}","templated":true}]}}