{"id":1014361,"date":"2024-06-17T14:33:50","date_gmt":"2024-06-17T06:33:50","guid":{"rendered":"https:\/\/vimaterial.de\/product\/oxyde-de-chrome-3\/"},"modified":"2025-04-17T15:10:50","modified_gmt":"2025-04-17T07:10:50","slug":"oxyde-de-chrome-3","status":"publish","type":"product","link":"https:\/\/vimaterial.de\/fr\/product\/oxyde-de-chrome-3\/","title":{"rendered":"Oxyde de chrome"},"content":{"rendered":"<p>Les granul\u00e9s <span style=\"color: #0000ff;\"><a style=\"color: #0000ff;\" href=\"https:\/\/vimaterial.de\/en\/product\/chromium-oxide-2\/\">d\u2019oxyde de chrome sont des<\/a><\/span> compos\u00e9s inorganiques g\u00e9n\u00e9ralement sous forme de granul\u00e9s verts \u00e0 haute duret\u00e9, \u00e0 point de fusion \u00e9lev\u00e9 et \u00e0 bonne stabilit\u00e9 chimique, qui sont largement utilis\u00e9s dans la m\u00e9tallurgie, la c\u00e9ramique, les pigments, les peintures et d\u2019autres domaines.<\/p>\n<p>VIMATERIAL fournit des granul\u00e9s d\u2019oxyde de chrome, nos granul\u00e9s ont une grande puret\u00e9, de faibles impuret\u00e9s, des particules uniformes, une taille de particule contr\u00f4lable et une bonne stabilit\u00e9 chimique. Nous nous consacrons \u00e0 la recherche de mati\u00e8res premi\u00e8res chimiques inorganiques depuis de nombreuses ann\u00e9es, nous avons une \u00e9quipe de professionnels avec une riche exp\u00e9rience, acceptons la personnalisation et les exp\u00e9riences, veuillez <span style=\"color: #0000ff;\"><a style=\"color: #0000ff;\" href=\"https:\/\/vimaterial.de\/en\/contact-us\/\">nous contacter<\/a><\/span> si vous en avez besoin. <\/p>\n<h2><span style=\"font-size: 14pt;\">Propri\u00e9t\u00e9s physiques<\/span><\/h2>\n<p>Formule mol\u00e9culaire : Cr\u2082O\u2083<\/p>\n<p>Poids mol\u00e9culaire : 151,99<\/p>\n<p>Aspect : granuleux vert, avec un \u00e9clat m\u00e9tallique<\/p>\n<p>Densit\u00e9 : 5,22 g\/cm\u00b3<\/p>\n<p>Point de fusion : 2435\u00b0C<\/p>\n<p>Point d\u2019\u00e9bullition : 4000\u00b0C<\/p>\n<p>Structure cristalline : structure de type corindon, appartient au syst\u00e8me cristallin tripartite, groupe d\u2019espace R3c, se compose de r\u00e9seaux d\u2019ions oxyg\u00e8ne hexagonaux dens\u00e9ment empil\u00e9s et d\u2019ions chrome occupant les deux tiers des vides octa\u00e9driques.<\/p>\n<h2><span style=\"font-size: 14pt;\">Application<\/span><\/h2>\n<p>M\u00e9tallurgie : Les particules d\u2019oxyde de chrome sont utilis\u00e9es comme additif d\u2019alliage dans le processus de fabrication de l\u2019acier pour am\u00e9liorer la duret\u00e9, la r\u00e9sistance \u00e0 l\u2019usure et la r\u00e9sistance \u00e0 l\u2019oxydation de l\u2019acier, contribuant ainsi \u00e0 cr\u00e9er des pi\u00e8ces m\u00e9caniques \u00e0 haute r\u00e9sistance et de l\u2019acier de construction durable.<\/p>\n<p>C\u00e9ramique&nbsp;: Dans la c\u00e9ramique, il est incorpor\u00e9 dans la formulation des \u00e9bauches et, gr\u00e2ce \u00e0 sa r\u00e9sistance aux hautes temp\u00e9ratures et \u00e0 sa stabilit\u00e9 chimique, il permet non seulement \u00e0 la c\u00e9ramique de r\u00e9sister \u00e0 des temp\u00e9ratures de cuisson \u00e9lev\u00e9es, mais donne \u00e9galement au produit fini une couleur brillante et durable, qui est utilis\u00e9e dans la fabrication de c\u00e9ramiques artistiques et de vaisselle haut de gamme.<\/p>\n<p>Pigments : En tant que composant cl\u00e9 des pigments verts, les granules d\u2019oxyde de chrome sont utilis\u00e9s dans les pigments de peinture, les colorants plastiques et les rev\u00eatements architecturaux pour leur saturation exceptionnelle des couleurs, leur r\u00e9sistance \u00e0 la lumi\u00e8re et leur inertie chimique, garantissant des couleurs brillantes et durables.<\/p>\n<p>Abrasifs&nbsp;: Avec leur duret\u00e9 \u00e9lev\u00e9e, les granul\u00e9s d\u2019oxyde de chrome sont utilis\u00e9s pour fabriquer des abrasifs fins pour polir les lentilles optiques de pr\u00e9cision et les bijoux en pierres pr\u00e9cieuses, obtenant une finition miroir tr\u00e8s efficace sans endommager le mat\u00e9riau.<\/p>\n<h2><span style=\"font-size: 14pt;\">Contr\u00f4le de la qualit\u00e9<\/span><\/h2>\n<p><span style=\"color: #0000ff;\"><a style=\"color: #0000ff;\" href=\"https:\/\/vimaterial.de\/en\/quality-control\/\">Chaque lot<\/a><\/span> de produits suit des principes stricts de contr\u00f4le de la qualit\u00e9, tout autour pour garantir que chaque lot de mat\u00e9riaux de l\u2019approvisionnement en mati\u00e8res premi\u00e8res, de la transformation, des produits finis hors de l\u2019entrep\u00f4t dispose d\u2019instruments avanc\u00e9s, de normes d\u2019inspection strictes, de registres d\u2019inspection parfaits pour assurer le contr\u00f4le de la qualit\u00e9 du produit et la tra\u00e7abilit\u00e9 des produits, chaque lot de produits est accompagn\u00e9 d\u2019une fiche signal\u00e9tique, d\u2019un certificat d\u2019authenticit\u00e9, d\u2019un certificat d\u2019authenticit\u00e9,  Rapports TDS, PSD, XRD, etc., chaque lot de produits sera remis au client pour fournir des \u00e9chantillons, aider \u00e9galement le client \u00e0 demander des organismes d\u2019inspection tiers. Nous fournirons des \u00e9chantillons aux clients pour chaque lot de produits et aiderons \u00e9galement les clients \u00e0 demander aux organismes d\u2019inspection tiers d\u2019inspecter les produits. <\/p>\n<h2><span style=\"font-size: 14pt;\">Emballage et stockage<\/span><\/h2>\n<p>Les granul\u00e9s d\u2019oxyde de chrome sont emball\u00e9s dans un sac sous vide \u00e0 double couche ou une bouteille sous vide \u00e0 double couche, puis emball\u00e9s dans une bo\u00eete en carton.<\/p>\n<p>Les granul\u00e9s d\u2019oxyde de chrome doivent \u00eatre stock\u00e9s dans un environnement sec et bien ventil\u00e9, \u00e0 l\u2019abri du feu et des agents oxydants puissants, pour \u00e9viter l\u2019humidit\u00e9, et doivent \u00eatre conserv\u00e9s dans des r\u00e9cipients scell\u00e9s pour emp\u00eacher les impuret\u00e9s de se m\u00e9langer, afin de s\u2019assurer que leur stabilit\u00e9 chimique et leurs propri\u00e9t\u00e9s physiques ne sont pas affect\u00e9es.<\/p>\n","protected":false},"excerpt":{"rendered":"<p>Les granul\u00e9s <span style=\"color: #0000ff;\"><a style=\"color: #0000ff;\" href=\"https:\/\/vimaterial.de\/en\/product\/chromium-oxide-2\/\">d\u2019oxyde de chrome sont des<\/a><\/span> compos\u00e9s inorganiques g\u00e9n\u00e9ralement sous forme de granul\u00e9s verts \u00e0 haute duret\u00e9, \u00e0 point de fusion \u00e9lev\u00e9 et \u00e0 bonne stabilit\u00e9 chimique, qui sont largement utilis\u00e9s dans la m\u00e9tallurgie, la c\u00e9ramique, les pigments, les peintures et d\u2019autres domaines.<\/p>\n","protected":false},"featured_media":1038890,"comment_status":"open","ping_status":"closed","template":"","meta":{"_acf_changed":false},"product_brand":[],"product_cat":[236],"product_tag":[],"class_list":{"0":"post-1014361","1":"product","2":"type-product","3":"status-publish","4":"has-post-thumbnail","6":"product_cat-materiaux-devaporation","8":"first","9":"instock","10":"shipping-taxable","11":"product-type-variable"},"acf":[],"_links":{"self":[{"href":"https:\/\/vimaterial.de\/fr\/wp-json\/wp\/v2\/product\/1014361","targetHints":{"allow":["GET"]}}],"collection":[{"href":"https:\/\/vimaterial.de\/fr\/wp-json\/wp\/v2\/product"}],"about":[{"href":"https:\/\/vimaterial.de\/fr\/wp-json\/wp\/v2\/types\/product"}],"replies":[{"embeddable":true,"href":"https:\/\/vimaterial.de\/fr\/wp-json\/wp\/v2\/comments?post=1014361"}],"wp:featuredmedia":[{"embeddable":true,"href":"https:\/\/vimaterial.de\/fr\/wp-json\/wp\/v2\/media\/1038890"}],"wp:attachment":[{"href":"https:\/\/vimaterial.de\/fr\/wp-json\/wp\/v2\/media?parent=1014361"}],"wp:term":[{"taxonomy":"product_brand","embeddable":true,"href":"https:\/\/vimaterial.de\/fr\/wp-json\/wp\/v2\/product_brand?post=1014361"},{"taxonomy":"product_cat","embeddable":true,"href":"https:\/\/vimaterial.de\/fr\/wp-json\/wp\/v2\/product_cat?post=1014361"},{"taxonomy":"product_tag","embeddable":true,"href":"https:\/\/vimaterial.de\/fr\/wp-json\/wp\/v2\/product_tag?post=1014361"}],"curies":[{"name":"wp","href":"https:\/\/api.w.org\/{rel}","templated":true}]}}