{"id":1014354,"date":"2024-06-17T14:33:50","date_gmt":"2024-06-17T06:33:50","guid":{"rendered":"https:\/\/vimaterial.de\/product\/nitrure-de-chrome\/"},"modified":"2025-04-17T15:11:40","modified_gmt":"2025-04-17T07:11:40","slug":"nitrure-de-chrome","status":"publish","type":"product","link":"https:\/\/vimaterial.de\/fr\/product\/nitrure-de-chrome\/","title":{"rendered":"Nitrure de chrome"},"content":{"rendered":"<p>La cible de pulv\u00e9risation au <span style=\"color: #0000ff;\"><a style=\"color: #0000ff;\" href=\"https:\/\/vimaterial.de\/en\/product\/chromium-nitride-powder\/\">nitrure de chrome<\/a><\/span> est une sorte de cible compos\u00e9e en c\u00e9ramique utilis\u00e9e dans la technologie de rev\u00eatement de pulv\u00e9risation cathodique magn\u00e9tron, qui peut d\u00e9poser un film mince de nitrure de chrome avec une duret\u00e9 \u00e9lev\u00e9e, une bonne r\u00e9sistance \u00e0 l\u2019abrasion et une stabilit\u00e9 \u00e0 haute temp\u00e9rature sur une vari\u00e9t\u00e9 de surfaces de substrat, ce qui est largement utilis\u00e9 dans l\u2019\u00e9lectronique, les machines et d\u2019autres domaines.<\/p>\n<p>VIMATERIAL fournit des cibles de pulv\u00e9risation en nitrure de chrome. Nos cibles de pulv\u00e9risation au nitrure de chrome se caract\u00e9risent par une grande puret\u00e9, une densit\u00e9 \u00e9lev\u00e9e, une duret\u00e9 \u00e9lev\u00e9e, une bonne r\u00e9sistance \u00e0 l\u2019abrasion et une stabilit\u00e9 chimique. Nous nous consacrons \u00e0 la recherche de mat\u00e9riaux chimiques inorganiques depuis de nombreuses ann\u00e9es et fournissons \u00e9galement le service de liaison de cibles de pulv\u00e9risation. Nous avons une \u00e9quipe exp\u00e9riment\u00e9e et professionnelle pour accepter la personnalisation et les exp\u00e9riences, veuillez <span style=\"color: #0000ff;\"><a style=\"color: #0000ff;\" href=\"https:\/\/vimaterial.de\/en\/contact-us\/\">nous contacter<\/a><\/span> si vous en avez besoin.   <\/p>\n<h2><span style=\"font-size: 14pt;\">Propri\u00e9t\u00e9s physiques<\/span><\/h2>\n<p>Formule mol\u00e9culaire : Cr\u2082N<\/p>\n<p>Poids mol\u00e9culaire : environ 118.<\/p>\n<p>Aspect : cible gris-brun ou gris clair<\/p>\n<p>Densit\u00e9 : Densit\u00e9 environ 6,14 g\/cm\u00b3.<\/p>\n<p>Point de fusion&nbsp;: le point de fusion est sup\u00e9rieur \u00e0 1650 \u00b0 C, sous vide, il se d\u00e9composera \u00e0 700-1200 \u00b0 C.<\/p>\n<p>Structure cristalline&nbsp;: Syst\u00e8me cristallin hexagonal, constante de r\u00e9seau a = 0,4150 nm, stable \u00e0 temp\u00e9rature et pression ambiantes, a = 0,274 nm, c = 0,445 nm.<\/p>\n<h2><span style=\"font-size: 14pt;\">Applications<\/span><\/h2>\n<p>Champ \u00e9lectronique&nbsp;: La cible de pulv\u00e9risation Cr2N est utilis\u00e9e dans la fabrication de puces \u00e0 semi-conducteurs, qui peuvent \u00eatre recouvertes d\u2019une couche de film de nitrure de chrome r\u00e9sistant \u00e0 l\u2019abrasion, r\u00e9sistant \u00e0 la corrosion et conducteur sur la surface de la puce pour am\u00e9liorer la fiabilit\u00e9 et la stabilit\u00e9 de la puce et aider les hautes performances des \u00e9quipements \u00e9lectroniques.<\/p>\n<p>Champ d\u2019instruments optiques&nbsp;: Dans le processus de rev\u00eatement de la lentille optique de pr\u00e9cision, la cible de pulv\u00e9risation Cr2N peut d\u00e9poser un film de haute duret\u00e9 et de faible coefficient de frottement, ce qui prot\u00e8ge efficacement la surface de la lentille, r\u00e9duit les rayures et l\u2019abrasion, prolonge la dur\u00e9e de vie de l\u2019instrument optique et assure une imagerie claire.<\/p>\n<p>Domaine de la construction automobile&nbsp;: Une fois que les pistons, les soupapes et d\u2019autres pi\u00e8ces des moteurs automobiles sont recouverts de cibles de pulv\u00e9risation Cr2N, le film de nitrure de chrome form\u00e9 \u00e0 la surface am\u00e9liore consid\u00e9rablement la r\u00e9sistance \u00e0 l\u2019usure et la r\u00e9sistance \u00e0 l\u2019oxydation \u00e0 haute temp\u00e9rature des pi\u00e8ces, de sorte que les performances du moteur sont plus excellentes \u00e0 des temp\u00e9ratures \u00e9lev\u00e9es et \u00e0 des vitesses \u00e9lev\u00e9es, et la fr\u00e9quence de l\u2019entretien est r\u00e9duite.<\/p>\n<p>Industrie a\u00e9rospatiale : Utilis\u00e9es dans le traitement de surface des aubes de moteur et des pi\u00e8ces structurelles du fuselage des avions, les cibles de pulv\u00e9risation Cr2N conf\u00e8rent \u00e0 ces pi\u00e8ces cl\u00e9s une excellente r\u00e9sistance \u00e0 la fatigue et \u00e0 la corrosion, leur permettant de r\u00e9sister \u00e0 des environnements extr\u00eames et garantissant la s\u00e9curit\u00e9 des vols.<\/p>\n<h2><span style=\"font-size: 14pt;\">Contr\u00f4le de la qualit\u00e9<\/span><\/h2>\n<p><span style=\"color: #0000ff;\"><a style=\"color: #0000ff;\" href=\"https:\/\/vimaterial.de\/en\/quality-control\/\">Chaque lot<\/a><\/span> de produits suit des principes stricts de contr\u00f4le de la qualit\u00e9, tout autour pour s\u2019assurer que chaque lot de mat\u00e9riaux de l\u2019approvisionnement en mati\u00e8res premi\u00e8res, du traitement, des produits finis hors de l\u2019entrep\u00f4t dispose d\u2019instruments avanc\u00e9s, de normes d\u2019inspection strictes, de registres d\u2019inspection parfaits, pour garantir que la qualit\u00e9 du produit peut \u00eatre contr\u00f4l\u00e9e et la tra\u00e7abilit\u00e9 du produit, chaque lot de produits est accompagn\u00e9 de fiches signal\u00e9tiques,  COA, TDS, PSD, XRD rapports, etc., et chaque lot de produits sera fourni avec des \u00e9chantillons au client, nous aidons \u00e9galement les clients \u00e0 demander \u00e0 des organismes d\u2019inspection tiers d\u2019inspecter les produits. Nous fournirons aux clients des \u00e9chantillons de chaque lot de produits, et nous aiderons \u00e9galement les clients \u00e0 demander \u00e0 des organismes d\u2019inspection tiers d\u2019inspecter les produits. <\/p>\n<h2><span style=\"font-size: 14pt;\">Emballage et stockage<\/span><\/h2>\n<p>Les cibles de pulv\u00e9risation au nitrure de chrome sont emball\u00e9es dans des sacs sous vide doubles, puis emball\u00e9es dans des cartons.<\/p>\n<p>Les cibles de pulv\u00e9risation au nitrure de chrome doivent \u00eatre stock\u00e9es dans un environnement sec, frais et bien ventil\u00e9 pour \u00e9viter l\u2019humidit\u00e9 et l\u2019oxydation, pour \u00e9viter que la cible ne soit heurt\u00e9e et comprim\u00e9e, et \u00e0 l\u2019abri des substances corrosives.<\/p>\n","protected":false},"excerpt":{"rendered":"<p>La cible de pulv\u00e9risation au <span style=\"color: #0000ff;\"><a style=\"color: #0000ff;\" href=\"https:\/\/vimaterial.de\/en\/product\/chromium-nitride-powder\/\">nitrure de chrome<\/a><\/span> est une sorte de cible compos\u00e9e en c\u00e9ramique utilis\u00e9e dans la technologie de rev\u00eatement de pulv\u00e9risation cathodique magn\u00e9tron, qui peut d\u00e9poser un film mince de nitrure de chrome avec une duret\u00e9 \u00e9lev\u00e9e, une bonne r\u00e9sistance \u00e0 l\u2019abrasion et une stabilit\u00e9 \u00e0 haute temp\u00e9rature sur une vari\u00e9t\u00e9 de surfaces de substrat, ce qui est largement utilis\u00e9 dans l\u2019\u00e9lectronique, les machines et d\u2019autres domaines.<\/p>\n","protected":false},"featured_media":1030072,"comment_status":"open","ping_status":"closed","template":"","meta":{"_acf_changed":false},"product_brand":[],"product_cat":[235],"product_tag":[],"class_list":{"0":"post-1014354","1":"product","2":"type-product","3":"status-publish","4":"has-post-thumbnail","6":"product_cat-cibles-de-pulverisation-planaire","8":"first","9":"instock","10":"shipping-taxable","11":"product-type-variable"},"acf":[],"_links":{"self":[{"href":"https:\/\/vimaterial.de\/fr\/wp-json\/wp\/v2\/product\/1014354","targetHints":{"allow":["GET"]}}],"collection":[{"href":"https:\/\/vimaterial.de\/fr\/wp-json\/wp\/v2\/product"}],"about":[{"href":"https:\/\/vimaterial.de\/fr\/wp-json\/wp\/v2\/types\/product"}],"replies":[{"embeddable":true,"href":"https:\/\/vimaterial.de\/fr\/wp-json\/wp\/v2\/comments?post=1014354"}],"wp:featuredmedia":[{"embeddable":true,"href":"https:\/\/vimaterial.de\/fr\/wp-json\/wp\/v2\/media\/1030072"}],"wp:attachment":[{"href":"https:\/\/vimaterial.de\/fr\/wp-json\/wp\/v2\/media?parent=1014354"}],"wp:term":[{"taxonomy":"product_brand","embeddable":true,"href":"https:\/\/vimaterial.de\/fr\/wp-json\/wp\/v2\/product_brand?post=1014354"},{"taxonomy":"product_cat","embeddable":true,"href":"https:\/\/vimaterial.de\/fr\/wp-json\/wp\/v2\/product_cat?post=1014354"},{"taxonomy":"product_tag","embeddable":true,"href":"https:\/\/vimaterial.de\/fr\/wp-json\/wp\/v2\/product_tag?post=1014354"}],"curies":[{"name":"wp","href":"https:\/\/api.w.org\/{rel}","templated":true}]}}