{"id":1014320,"date":"2024-06-17T14:33:51","date_gmt":"2024-06-17T06:33:51","guid":{"rendered":"https:\/\/vimaterial.de\/product\/oxyde-de-chrome-2\/"},"modified":"2025-04-17T15:07:03","modified_gmt":"2025-04-17T07:07:03","slug":"oxyde-de-chrome-2","status":"publish","type":"product","link":"https:\/\/vimaterial.de\/fr\/product\/oxyde-de-chrome-2\/","title":{"rendered":"Oxyde de chrome"},"content":{"rendered":"<p><span style=\"color: #0000ff;\"><a style=\"color: #0000ff;\" href=\"https:\/\/vimaterial.de\/en\/product\/chromium-oxide-sputtering-target\/\">Oxyde de chrome<\/a><\/span> La poudre est une poudre verte, insoluble dans l\u2019eau, les solvants acides et organiques, avec des propri\u00e9t\u00e9s magn\u00e9tiques, un fort pouvoir couvrant, une r\u00e9sistance aux hautes temp\u00e9ratures, une r\u00e9sistance \u00e0 la lumi\u00e8re du soleil, une bonne stabilit\u00e9 chimique, etc. Il a un large \u00e9ventail d\u2019applications dans les domaines des pigments, de la c\u00e9ramique, du verre, des rev\u00eatements, des batteries, des catalyseurs, etc. <\/p>\n<p>VIMATERIAL fournit de la poudre d\u2019oxyde de chrome, notre poudre de nitrure de chrome a une grande puret\u00e9, de faibles impuret\u00e9s, une taille de particule uniforme, de bonnes propri\u00e9t\u00e9s magn\u00e9tiques et une bonne stabilit\u00e9 chimique. Nous nous consacrons \u00e0 la recherche de mati\u00e8res premi\u00e8res chimiques inorganiques depuis de nombreuses ann\u00e9es, nous avons une \u00e9quipe de professionnels avec une riche exp\u00e9rience, acceptons la personnalisation et les exp\u00e9riences, veuillez <span style=\"color: #0000ff;\"><a style=\"color: #0000ff;\" href=\"https:\/\/vimaterial.de\/en\/contact-us\/\">nous contacter<\/a><\/span> si vous en avez besoin. <\/p>\n<h2><span style=\"font-size: 14pt;\">Propri\u00e9t\u00e9s physiques<\/span><\/h2>\n<p>Formule mol\u00e9culaire : Cr\u2082O\u2083<\/p>\n<p>Poids mol\u00e9culaire : 151,99<\/p>\n<p>Apparence&nbsp;: poudre verte<\/p>\n<p>Densit\u00e9 : environ 5,21 g\/cm\u00b3.<\/p>\n<p>Point de fusion : environ 2266\u00b0C<\/p>\n<p>Point d\u2019\u00e9bullition : environ 4000\u00b0C<\/p>\n<p>Structure cristalline : appartient au syst\u00e8me cristallin hexagonal<\/p>\n<h2><span style=\"font-size: 14pt;\">Application<\/span><\/h2>\n<p>Fabrication du verre&nbsp;: Il peut \u00eatre utilis\u00e9 comme agent colorant pour le verre pour donner au verre une couleur verte, et en m\u00eame temps, il peut am\u00e9liorer la r\u00e9sistance aux intemp\u00e9ries du verre, et utilis\u00e9 dans la production de produits en verre color\u00e9 tels que les bouteilles de vin et le verre d\u00e9coratif.<\/p>\n<p>Traitement de surface m\u00e9tallique&nbsp;: Il peut \u00eatre utilis\u00e9 dans le placage et le rev\u00eatement des m\u00e9taux pour fournir un film protecteur dur et r\u00e9sistant \u00e0 la corrosion pour les surfaces m\u00e9talliques et prolonger la dur\u00e9e de vie des produits m\u00e9talliques, tels que les pi\u00e8ces automobiles et le mat\u00e9riel sanitaire.<\/p>\n<p>Mat\u00e9riaux r\u00e9fractaires : en raison de sa r\u00e9sistance aux temp\u00e9ratures \u00e9lev\u00e9es et de sa bonne stabilit\u00e9 chimique, il est utilis\u00e9 dans la fabrication de briques r\u00e9fractaires, de rev\u00eatements r\u00e9fractaires et d\u2019autres mat\u00e9riaux r\u00e9fractaires, qui peuvent r\u00e9sister efficacement aux flammes \u00e0 haute temp\u00e9rature et \u00e0 l\u2019\u00e9rosion des scories, et assurer le fonctionnement stable des fours et des fours industriels.<\/p>\n<p>\u00c9lectronique : Les poudres d\u2019oxyde de chrome ont une r\u00e9sistivit\u00e9 \u00e9lev\u00e9e et peuvent \u00eatre utilis\u00e9es pour fabriquer des r\u00e9sistances et des composants \u00e9lectriques et des appareils \u00e9lectroniques de haute pr\u00e9cision.<\/p>\n<p>M\u00e9dical : Les poudres d\u2019oxyde de chrome sont biocompatibles, r\u00e9sistantes \u00e0 l\u2019usure et ont une bonne r\u00e9sistance \u00e0 la corrosion, et peuvent \u00eatre utilis\u00e9es dans la production d\u2019os et d\u2019articulations artificiels.<\/p>\n<h2><span style=\"font-size: 14pt;\">Contr\u00f4le de la qualit\u00e9<\/span><\/h2>\n<p><span style=\"color: #0000ff;\"><a style=\"color: #0000ff;\" href=\"https:\/\/vimaterial.de\/en\/quality-control\/\">Chaque lot<\/a> <\/span>de produits suit des principes stricts de contr\u00f4le de la qualit\u00e9, tout autour pour garantir que chaque lot de mat\u00e9riaux de l\u2019approvisionnement en mati\u00e8res premi\u00e8res, de la transformation, des produits finis hors de l\u2019entrep\u00f4t dispose d\u2019instruments avanc\u00e9s, de normes d\u2019inspection strictes, de registres d\u2019inspection parfaits pour assurer le contr\u00f4le de la qualit\u00e9 du produit et la tra\u00e7abilit\u00e9 des produits, chaque lot de produits est accompagn\u00e9 d\u2019une fiche signal\u00e9tique, d\u2019un certificat d\u2019authenticit\u00e9, d\u2019un certificat d\u2019authenticit\u00e9,  Rapports TDS, PSD, XRD, etc., chaque lot de produits sera remis au client pour fournir des \u00e9chantillons, aider \u00e9galement le client \u00e0 demander des organismes d\u2019inspection tiers. Nous fournirons des \u00e9chantillons aux clients pour chaque lot de produits et aiderons \u00e9galement les clients \u00e0 demander aux organismes d\u2019inspection tiers d\u2019inspecter les produits. <\/p>\n<h2><span style=\"font-size: 14pt;\">Emballage et stockage<\/span><\/h2>\n<p>La poudre d\u2019oxyde de chrome est emball\u00e9e dans des bouteilles ou des sacs sous vide doubles, puis emball\u00e9e dans des cartons.<\/p>\n<p>Les poudres d\u2019oxyde de chrome doivent \u00eatre stock\u00e9es dans un environnement sec et bien ventil\u00e9, scell\u00e9es et prot\u00e9g\u00e9es de l\u2019humidit\u00e9, des substances corrosives telles que les acides ou les alcalis, et \u00e0 l\u2019\u00e9cart des sources d\u2019inflammation et de chaleur.<\/p>\n","protected":false},"excerpt":{"rendered":"<p>Oxyde de chrome La poudre est une poudre verte, insoluble dans l\u2019eau, les solvants acides et organiques, avec des propri\u00e9t\u00e9s magn\u00e9tiques, un fort pouvoir couvrant, une r\u00e9sistance aux hautes temp\u00e9ratures, une r\u00e9sistance \u00e0 la lumi\u00e8re du soleil, une bonne stabilit\u00e9 chimique, etc. Il a un large \u00e9ventail d\u2019applications dans les domaines des pigments, de la [&hellip;]<\/p>\n","protected":false},"featured_media":1041050,"comment_status":"open","ping_status":"closed","template":"","meta":{"_acf_changed":false},"product_brand":[],"product_cat":[243],"product_tag":[],"class_list":{"0":"post-1014320","1":"product","2":"type-product","3":"status-publish","4":"has-post-thumbnail","6":"product_cat-materiaux-oxydes-hydroxydes","8":"first","9":"instock","10":"shipping-taxable","11":"purchasable","12":"product-type-variable"},"acf":[],"_links":{"self":[{"href":"https:\/\/vimaterial.de\/fr\/wp-json\/wp\/v2\/product\/1014320","targetHints":{"allow":["GET"]}}],"collection":[{"href":"https:\/\/vimaterial.de\/fr\/wp-json\/wp\/v2\/product"}],"about":[{"href":"https:\/\/vimaterial.de\/fr\/wp-json\/wp\/v2\/types\/product"}],"replies":[{"embeddable":true,"href":"https:\/\/vimaterial.de\/fr\/wp-json\/wp\/v2\/comments?post=1014320"}],"wp:featuredmedia":[{"embeddable":true,"href":"https:\/\/vimaterial.de\/fr\/wp-json\/wp\/v2\/media\/1041050"}],"wp:attachment":[{"href":"https:\/\/vimaterial.de\/fr\/wp-json\/wp\/v2\/media?parent=1014320"}],"wp:term":[{"taxonomy":"product_brand","embeddable":true,"href":"https:\/\/vimaterial.de\/fr\/wp-json\/wp\/v2\/product_brand?post=1014320"},{"taxonomy":"product_cat","embeddable":true,"href":"https:\/\/vimaterial.de\/fr\/wp-json\/wp\/v2\/product_cat?post=1014320"},{"taxonomy":"product_tag","embeddable":true,"href":"https:\/\/vimaterial.de\/fr\/wp-json\/wp\/v2\/product_tag?post=1014320"}],"curies":[{"name":"wp","href":"https:\/\/api.w.org\/{rel}","templated":true}]}}