{"id":1014283,"date":"2024-06-17T14:33:52","date_gmt":"2024-06-17T06:33:52","guid":{"rendered":"https:\/\/vimaterial.de\/product\/sulfure-de-chrome\/"},"modified":"2025-04-17T15:01:35","modified_gmt":"2025-04-17T07:01:35","slug":"sulfure-de-chrome","status":"publish","type":"product","link":"https:\/\/vimaterial.de\/fr\/product\/sulfure-de-chrome\/","title":{"rendered":"Sulfure de chrome"},"content":{"rendered":"<p>La cible de pulv\u00e9risation de sulfure de chrome est une cible compos\u00e9e de c\u00e9ramique avec du sulfure de chrome comme composant principal, de haute puret\u00e9 et de haute densit\u00e9, qui peut \u00eatre utilis\u00e9e dans la technologie de rev\u00eatement de pulv\u00e9risation magn\u00e9tron pour d\u00e9poser des films minces avec des propri\u00e9t\u00e9s sp\u00e9ciales sur une vari\u00e9t\u00e9 de substrats.<\/p>\n<p>VIMATERIAL fournit des cibles de pulv\u00e9risation de sulfure de chrome. Nos cibles de pulv\u00e9risation au sulfure de chrome se caract\u00e9risent par une grande puret\u00e9, une structure dense et homog\u00e8ne et une bonne stabilit\u00e9 chimique. Nous pouvons fournir un service de reliure cible et nous avons une \u00e9quipe professionnelle de recherche et d\u00e9veloppement technologique, acceptons toute personnalisation de produit et exp\u00e9rience, si vous en avez besoin, veuillez<span style=\"color: #0000ff;\"><a style=\"color: #0000ff;\" href=\"https:\/\/vimaterial.de\/en\/contact-us\/\"> nous contacter<\/a>.<\/span>  <\/p>\n<h2><span style=\"font-size: 14pt;\">Propri\u00e9t\u00e9s physiques<\/span><\/h2>\n<p>Formule mol\u00e9culaire : Cr\u2082S\u2083.<\/p>\n<p>Poids mol\u00e9culaire : 200.1872<\/p>\n<p>Aspect : cible brune \u00e0 noire<\/p>\n<p>Densit\u00e9 : 3,77 g\/cm\u00b3<\/p>\n<p>Point de fusion : 1350\u00b0C.<\/p>\n<p>Structure cristalline : Il existe deux types de syst\u00e8me cristallin : le syst\u00e8me cristallin tripartite et le syst\u00e8me cristallin rhombo\u00e9drique.<\/p>\n<h2><span style=\"font-size: 14pt;\">Applications<\/span><\/h2>\n<p>Domaine des semi-conducteurs : La cible de pulv\u00e9risation au sulfure de chrome est utilis\u00e9e dans la fabrication de puces semi-conductrices, elle peut \u00eatre utilis\u00e9e pour d\u00e9poser un film mince sur la couche de passivation de la puce afin de r\u00e9sister \u00e0 l\u2019\u00e9rosion des impuret\u00e9s externes en raison de sa stabilit\u00e9 chimique et de garantir la stabilit\u00e9 des performances \u00e9lectriques de la puce.<\/p>\n<p>Champ du dispositif optique&nbsp;: Dans le processus de rev\u00eatement de la lentille optique, la cible de pulv\u00e9risation peut d\u00e9poser un film avec un indice de r\u00e9fraction r\u00e9glable avec pr\u00e9cision, r\u00e9duisant efficacement la lumi\u00e8re r\u00e9fl\u00e9chie sur la surface de la lentille et am\u00e9liorant la clart\u00e9 de l\u2019imagerie optique.<\/p>\n<p>Champ d\u2019affichage \u00e9lectronique&nbsp;: Appliqu\u00e9 au syst\u00e8me de r\u00e9tro\u00e9clairage de l\u2019affichage \u00e0 cristaux liquides, le film mince d\u00e9pos\u00e9 par la cible de pulv\u00e9risation de sulfure de chrome peut absorber la lumi\u00e8re parasite, optimiser le contraste de l\u2019affichage et rendre l\u2019image plus vive et plus claire.<\/p>\n<p>Nouveau champ d\u2019\u00e9nergie : Dans la production de cellules solaires, il est utilis\u00e9 pour rev\u00eatir les \u00e9lectrodes des cellules afin d\u2019am\u00e9liorer la conductivit\u00e9 et la r\u00e9sistance \u00e0 la corrosion des \u00e9lectrodes, ce qui contribue \u00e0 am\u00e9liorer l\u2019efficacit\u00e9 de la conversion photo\u00e9lectrique et \u00e0 promouvoir le d\u00e9veloppement de nouvelles \u00e9nergies.<\/p>\n<h2><span style=\"font-size: 14pt;\">Contr\u00f4le de la qualit\u00e9<\/span><\/h2>\n<p><span style=\"color: #0000ff;\"><a style=\"color: #0000ff;\" href=\"https:\/\/vimaterial.de\/en\/quality-control\/\">VI HALBLEITERMATERIAL GmbH<\/a><\/span> s\u2019engage \u00e0 un contr\u00f4le de qualit\u00e9 \u00e9lev\u00e9 et \u00e0 une coh\u00e9rence des lots \u00e0 l\u2019appui des objectifs globaux de REACH gr\u00e2ce \u00e0 l\u2019adoption d\u2019un syst\u00e8me d\u2019assurance qualit\u00e9 rigoureux, \u00e0 un contr\u00f4le qualit\u00e9 strict \u00e0 toutes les \u00e9tapes de la cha\u00eene de production, \u00e0 l\u2019adh\u00e9sion au principe de retraitement et de reconditionnement des produits d\u00e9fectueux, \u00e0 l\u2019essai et \u00e0 la lib\u00e9ration des lots conform\u00e9ment aux sp\u00e9cifications d\u00e9taill\u00e9es,  respect des normes les plus \u00e9lev\u00e9es dans tous les domaines, traitement des probl\u00e8mes conform\u00e9ment \u00e0 la 8D processus, conformit\u00e9 \u00e0 REACH et respect des normes associ\u00e9es.<\/p>\n<p>Nous nous engageons \u00e0 r\u00e9aliser un contr\u00f4le de qualit\u00e9 \u00e9lev\u00e9 et une coh\u00e9rence des lots \u00e0 l\u2019appui des objectifs globaux de REACH, ainsi qu\u2019\u00e0 maintenir la documentation et la tra\u00e7abilit\u00e9 des lots pour cr\u00e9er une cha\u00eene d\u2019approvisionnement socialement responsable qui garantit la livraison de produits et de services de haute qualit\u00e9.<\/p>\n<h2><span style=\"font-size: 14pt;\">Emballage et stockage<\/span><\/h2>\n<p>Les cibles de pulv\u00e9risation au sulfure de chrome sont emball\u00e9es dans des sacs sous vide doubles, puis emball\u00e9es dans des cartons.<\/p>\n<p>Les cibles de pulv\u00e9risation de sulfure de chrome doivent \u00eatre stock\u00e9es dans un environnement sec, frais et bien ventil\u00e9, en \u00e9vitant l\u2019humidit\u00e9, les temp\u00e9ratures \u00e9lev\u00e9es, la lumi\u00e8re directe et le contact avec des substances corrosives telles que les agents oxydants forts et les acides, ainsi qu\u2019en \u00e9vitant d\u2019\u00eatre soumises \u00e0 des chocs violents.<\/p>\n","protected":false},"excerpt":{"rendered":"<p>La cible de pulv\u00e9risation de sulfure de chrome est une cible compos\u00e9e de c\u00e9ramique avec du sulfure de chrome comme composant principal, de haute puret\u00e9 et de haute densit\u00e9, qui peut \u00eatre utilis\u00e9e dans la technologie de rev\u00eatement de pulv\u00e9risation magn\u00e9tron pour d\u00e9poser des films minces avec des propri\u00e9t\u00e9s sp\u00e9ciales sur une vari\u00e9t\u00e9 de substrats.<\/p>\n","protected":false},"featured_media":1001319,"comment_status":"open","ping_status":"closed","template":"","meta":{"_acf_changed":false},"product_brand":[],"product_cat":[235],"product_tag":[],"class_list":{"0":"post-1014283","1":"product","2":"type-product","3":"status-publish","4":"has-post-thumbnail","6":"product_cat-cibles-de-pulverisation-planaire","8":"first","9":"instock","10":"shipping-taxable","11":"product-type-variable"},"acf":[],"_links":{"self":[{"href":"https:\/\/vimaterial.de\/fr\/wp-json\/wp\/v2\/product\/1014283","targetHints":{"allow":["GET"]}}],"collection":[{"href":"https:\/\/vimaterial.de\/fr\/wp-json\/wp\/v2\/product"}],"about":[{"href":"https:\/\/vimaterial.de\/fr\/wp-json\/wp\/v2\/types\/product"}],"replies":[{"embeddable":true,"href":"https:\/\/vimaterial.de\/fr\/wp-json\/wp\/v2\/comments?post=1014283"}],"wp:featuredmedia":[{"embeddable":true,"href":"https:\/\/vimaterial.de\/fr\/wp-json\/wp\/v2\/media\/1001319"}],"wp:attachment":[{"href":"https:\/\/vimaterial.de\/fr\/wp-json\/wp\/v2\/media?parent=1014283"}],"wp:term":[{"taxonomy":"product_brand","embeddable":true,"href":"https:\/\/vimaterial.de\/fr\/wp-json\/wp\/v2\/product_brand?post=1014283"},{"taxonomy":"product_cat","embeddable":true,"href":"https:\/\/vimaterial.de\/fr\/wp-json\/wp\/v2\/product_cat?post=1014283"},{"taxonomy":"product_tag","embeddable":true,"href":"https:\/\/vimaterial.de\/fr\/wp-json\/wp\/v2\/product_tag?post=1014283"}],"curies":[{"name":"wp","href":"https:\/\/api.w.org\/{rel}","templated":true}]}}