{"id":1014272,"date":"2024-06-17T14:33:51","date_gmt":"2024-06-17T06:33:51","guid":{"rendered":"https:\/\/vimaterial.de\/product\/oxyde-de-chrome\/"},"modified":"2025-04-17T15:03:49","modified_gmt":"2025-04-17T07:03:49","slug":"oxyde-de-chrome","status":"publish","type":"product","link":"https:\/\/vimaterial.de\/fr\/product\/oxyde-de-chrome\/","title":{"rendered":"Oxyde de chrome"},"content":{"rendered":"<p><span style=\"color: #0000ff;\"><a style=\"color: #0000ff;\" href=\"https:\/\/vimaterial.de\/en\/product\/chromium-oxide-2\/\">La cible de pulv\u00e9risation d\u2019oxyde de chrome<\/a><\/span> est une sorte de cible de pulv\u00e9risation en c\u00e9ramique avec un point de fusion \u00e9lev\u00e9, une duret\u00e9 \u00e9lev\u00e9e et une bonne stabilit\u00e9 chimique, qui peut \u00eatre largement utilis\u00e9e dans les semi-conducteurs, l\u2019optique, l\u2019affichage et d\u2019autres domaines, et elle peut d\u00e9poser un film d\u2019oxyde de chrome de haute qualit\u00e9.<\/p>\n<p>VIMATERIAL propose des cibles de pulv\u00e9risation \u00e0 l\u2019oxyde de chrome. Nos cibles de pulv\u00e9risation \u00e0 l\u2019oxyde de chrome se caract\u00e9risent par une grande puret\u00e9, une bonne stabilit\u00e9 chimique, une duret\u00e9 \u00e9lev\u00e9e et une r\u00e9flectivit\u00e9 \u00e9lev\u00e9e dans la plage de la lumi\u00e8re rouge visible. Nous pouvons fournir un service de reliure cible et nous avons une \u00e9quipe professionnelle de recherche et d\u00e9veloppement technologique, acceptons toute personnalisation de produit et exp\u00e9rience, si vous en avez besoin, veuillez <span style=\"color: #0000ff;\"><a style=\"color: #0000ff;\" href=\"https:\/\/vimaterial.de\/en\/contact-us\/\">nous contacter<\/a><\/span>.  <\/p>\n<h2><span style=\"font-size: 14pt;\">Propri\u00e9t\u00e9s physiques<\/span><\/h2>\n<p>Formule mol\u00e9culaire : Cr\u2082O\u2083<\/p>\n<p>Poids mol\u00e9culaire : 151,99<\/p>\n<p>Apparence : cible verte<\/p>\n<p>Densit\u00e9 : 5,22 g\/cm\u00b3<\/p>\n<p>Point de fusion : environ 2266\u00b0C<\/p>\n<p>Point d\u2019\u00e9bullition : environ 4000\u00b0C<\/p>\n<p>Structure cristalline : g\u00e9n\u00e9ralement hexagonale<\/p>\n<h2><span style=\"font-size: 14pt;\">Applications<\/span><\/h2>\n<p>Semi-conducteur : Les cibles de pulv\u00e9risation d\u2019oxyde de chrome sont utilis\u00e9es dans la fabrication de puces pour d\u00e9poser une couche isolante afin de pr\u00e9server les propri\u00e9t\u00e9s \u00e9lectriques et d\u2019am\u00e9liorer la fiabilit\u00e9 des puces.<\/p>\n<p>Optique&nbsp;: Dans le rev\u00eatement optique, il peut produire un film d\u2019oxyde de chrome de haute duret\u00e9 et d\u2019indice de r\u00e9fraction \u00e9lev\u00e9, ce qui aide \u00e0 cr\u00e9er des lentilles optiques et des miroirs laser de haute qualit\u00e9.<\/p>\n<p>Affichage : Dans la production d\u2019\u00e9crans plats, le film d\u00e9pos\u00e9 agit comme une matrice noire ou une couche d\u2019ombrage, ce qui permet au contraste de l\u2019affichage et \u00e0 la saturation des couleurs de sauter.<\/p>\n<p>\u00c9nergie&nbsp;: Dans la fabrication des cellules solaires, il est utilis\u00e9 pour enrober les \u00e9lectrodes, renforcer la conductivit\u00e9 et la stabilit\u00e9, et aider l\u2019efficacit\u00e9 de la conversion photo\u00e9lectrique \u00e0 grimper haut.<\/p>\n<h2><span style=\"font-size: 14pt;\">Contr\u00f4le de la qualit\u00e9<\/span><\/h2>\n<p><span style=\"color: #0000ff;\"><a style=\"color: #0000ff;\" href=\"https:\/\/vimaterial.de\/en\/quality-control\/\">VI HALBLEITERMATERIAL GmbH<\/a><\/span> s\u2019engage \u00e0 un contr\u00f4le de qualit\u00e9 \u00e9lev\u00e9 et \u00e0 une coh\u00e9rence des lots \u00e0 l\u2019appui des objectifs globaux de REACH gr\u00e2ce \u00e0 l\u2019adoption d\u2019un syst\u00e8me d\u2019assurance qualit\u00e9 rigoureux, \u00e0 un contr\u00f4le qualit\u00e9 strict \u00e0 toutes les \u00e9tapes de la cha\u00eene de production, \u00e0 l\u2019adh\u00e9sion au principe de retraitement et de reconditionnement des produits d\u00e9fectueux, \u00e0 l\u2019essai et \u00e0 la lib\u00e9ration des lots conform\u00e9ment aux sp\u00e9cifications d\u00e9taill\u00e9es,  respect des normes les plus \u00e9lev\u00e9es dans tous les domaines, traitement des probl\u00e8mes conform\u00e9ment \u00e0 la 8D processus, conformit\u00e9 \u00e0 REACH et respect des normes associ\u00e9es.<\/p>\n<p>Nous nous engageons \u00e0 r\u00e9aliser un contr\u00f4le de qualit\u00e9 \u00e9lev\u00e9 et une coh\u00e9rence des lots \u00e0 l\u2019appui des objectifs globaux de REACH, ainsi qu\u2019\u00e0 maintenir la documentation et la tra\u00e7abilit\u00e9 des lots pour cr\u00e9er une cha\u00eene d\u2019approvisionnement socialement responsable qui garantit la livraison de produits et de services de haute qualit\u00e9.<\/p>\n<h2><span style=\"font-size: 14pt;\">Emballage et stockage<\/span><\/h2>\n<p>Les cibles de pulv\u00e9risation \u00e0 l\u2019oxyde de chrome sont emball\u00e9es dans des sacs sous vide doubles, puis emball\u00e9es dans des cartons.<\/p>\n<p>Les cibles de pulv\u00e9risation d\u2019oxyde de chrome doivent \u00eatre stock\u00e9es dans un environnement sec, frais et bien ventil\u00e9, en \u00e9vitant l\u2019humidit\u00e9, les temp\u00e9ratures \u00e9lev\u00e9es, la lumi\u00e8re forte et le contact avec des substances corrosives, et en m\u00eame temps en \u00e9vitant les collisions et les vibrations violentes pour garantir que l\u2019int\u00e9grit\u00e9 et les performances de la cible ne sont pas endommag\u00e9es.<\/p>\n","protected":false},"excerpt":{"rendered":"<p><span style=\"color: #0000ff;\"><a style=\"color: #0000ff;\" href=\"https:\/\/vimaterial.de\/en\/product\/chromium-oxide-2\/\">La cible de pulv\u00e9risation d\u2019oxyde de chrome<\/a><\/span> est une sorte de cible de pulv\u00e9risation en c\u00e9ramique avec un point de fusion \u00e9lev\u00e9, une duret\u00e9 \u00e9lev\u00e9e et une bonne stabilit\u00e9 chimique, qui peut \u00eatre largement utilis\u00e9e dans les semi-conducteurs, l\u2019optique, l\u2019affichage et d\u2019autres domaines, et elle peut d\u00e9poser un film d\u2019oxyde de chrome de haute qualit\u00e9.<\/p>\n","protected":false},"featured_media":1041036,"comment_status":"open","ping_status":"closed","template":"","meta":{"_acf_changed":false},"product_brand":[],"product_cat":[235],"product_tag":[],"class_list":{"0":"post-1014272","1":"product","2":"type-product","3":"status-publish","4":"has-post-thumbnail","6":"product_cat-cibles-de-pulverisation-planaire","8":"first","9":"instock","10":"shipping-taxable","11":"product-type-variable"},"acf":[],"_links":{"self":[{"href":"https:\/\/vimaterial.de\/fr\/wp-json\/wp\/v2\/product\/1014272","targetHints":{"allow":["GET"]}}],"collection":[{"href":"https:\/\/vimaterial.de\/fr\/wp-json\/wp\/v2\/product"}],"about":[{"href":"https:\/\/vimaterial.de\/fr\/wp-json\/wp\/v2\/types\/product"}],"replies":[{"embeddable":true,"href":"https:\/\/vimaterial.de\/fr\/wp-json\/wp\/v2\/comments?post=1014272"}],"wp:featuredmedia":[{"embeddable":true,"href":"https:\/\/vimaterial.de\/fr\/wp-json\/wp\/v2\/media\/1041036"}],"wp:attachment":[{"href":"https:\/\/vimaterial.de\/fr\/wp-json\/wp\/v2\/media?parent=1014272"}],"wp:term":[{"taxonomy":"product_brand","embeddable":true,"href":"https:\/\/vimaterial.de\/fr\/wp-json\/wp\/v2\/product_brand?post=1014272"},{"taxonomy":"product_cat","embeddable":true,"href":"https:\/\/vimaterial.de\/fr\/wp-json\/wp\/v2\/product_cat?post=1014272"},{"taxonomy":"product_tag","embeddable":true,"href":"https:\/\/vimaterial.de\/fr\/wp-json\/wp\/v2\/product_tag?post=1014272"}],"curies":[{"name":"wp","href":"https:\/\/api.w.org\/{rel}","templated":true}]}}