{"id":1014250,"date":"2024-06-17T14:33:56","date_gmt":"2024-06-17T06:33:56","guid":{"rendered":"https:\/\/vimaterial.de\/product\/carbure-de-chrome-2\/"},"modified":"2025-04-17T14:56:51","modified_gmt":"2025-04-17T06:56:51","slug":"carbure-de-chrome-2","status":"publish","type":"product","link":"https:\/\/vimaterial.de\/fr\/product\/carbure-de-chrome-2\/","title":{"rendered":"Carbure de chrome"},"content":{"rendered":"<p>Les cibles de pulv\u00e9risation en <span style=\"color: #0000ff;\"><a style=\"color: #0000ff;\" href=\"https:\/\/vimaterial.de\/en\/product\/chromium-carbide-2\/\">carbure de chrome<\/a><\/span> sont des cibles en c\u00e9ramique m\u00e9tallique noire ou grise avec un \u00e9clat m\u00e9tallique. Ils sont couramment utilis\u00e9s dans les proc\u00e9d\u00e9s de rev\u00eatement par pulv\u00e9risation cathodique magn\u00e9tron pour la pr\u00e9paration de films minces r\u00e9sistants \u00e0 l\u2019usure, \u00e0 la corrosion et \u00e0 l\u2019oxydation \u00e0 des temp\u00e9ratures \u00e9lev\u00e9es pour les applications a\u00e9rospatiales et d\u2019ing\u00e9nierie m\u00e9canique. <\/p>\n<p>VIMATERIAL propose une cible de pulv\u00e9risation en carbure de chrome. Nos cibles de pulv\u00e9risation en carbure de chrome se caract\u00e9risent par une grande puret\u00e9, une densit\u00e9 \u00e9lev\u00e9e, une granulom\u00e9trie fine et uniforme, une duret\u00e9 \u00e9lev\u00e9e, une r\u00e9sistance \u00e9lev\u00e9e \u00e0 l\u2019abrasion et \u00e0 la corrosion. Nous pouvons fournir un service de reliure cible et nous avons une \u00e9quipe professionnelle de recherche et d\u00e9veloppement technologique, acceptons toute personnalisation de produit et exp\u00e9rience, si vous en avez besoin, veuillez <span style=\"color: #0000ff;\"><a style=\"color: #0000ff;\" href=\"https:\/\/vimaterial.de\/en\/contact-us\/\">nous contacter<\/a><\/span>.  <\/p>\n<h2><span style=\"font-size: 14pt;\">Propri\u00e9t\u00e9s physiques<\/span><\/h2>\n<p>Formule mol\u00e9culaire : Cr\u2083C\u2082<\/p>\n<p>Poids mol\u00e9culaire : 180,01<\/p>\n<p>Apparence&nbsp;: Appara\u00eet g\u00e9n\u00e9ralement comme une cible grise ou noire avec un \u00e9clat m\u00e9tallique.<\/p>\n<p>Densit\u00e9 : environ 6,68 g\/cm\u00b3.<\/p>\n<p>Point de fusion : environ 1890\u00b0C<\/p>\n<p>Structure cristalline&nbsp;: Appartient au syst\u00e8me cristallin rhombo\u00e9drique, avec une structure d\u2019arrangement atomique complexe, dans laquelle les atomes de chrome et les atomes de carbone sont combin\u00e9s ensemble dans une liaison chimique sp\u00e9cifique et un arrangement spatial, qui assure la stabilit\u00e9 du mat\u00e9riau et des propri\u00e9t\u00e9s physicochimiques particuli\u00e8res.<\/p>\n<h2><span style=\"font-size: 14pt;\">Applications<\/span><\/h2>\n<p>A\u00e9rospatiale : Les cibles de pulv\u00e9risation en carbure de chrome sont utilis\u00e9es dans la pr\u00e9paration des rev\u00eatements d\u2019aubes de moteurs a\u00e9rospatiaux, ce qui prolonge efficacement la dur\u00e9e de vie des pales et assure la s\u00e9curit\u00e9 du vol gr\u00e2ce \u00e0 son excellente r\u00e9sistance aux hautes temp\u00e9ratures et \u00e0 ses propri\u00e9t\u00e9s anti-usure.<\/p>\n<p>Dans le domaine de la construction automobile : la cible de pulv\u00e9risation peut d\u00e9poser des films durs et r\u00e9sistants \u00e0 l\u2019usure sur les segments de piston, les soupapes et d\u2019autres pi\u00e8ces des moteurs automobiles, r\u00e9duisant ainsi la perte de friction des pi\u00e8ces et am\u00e9liorant les performances globales et l\u2019efficacit\u00e9 \u00e9nerg\u00e9tique du moteur.<\/p>\n<p>Domaine de traitement m\u00e9canique : utilis\u00e9 pour le rev\u00eatement de surface de l\u2019outil de coupe m\u00e9tallique, de sorte que l\u2019outil obtienne une super r\u00e9sistance \u00e0 l\u2019usure et une r\u00e9sistance \u00e0 la corrosion, dans les op\u00e9rations de coupe \u00e0 haute intensit\u00e9 pour maintenir la nettet\u00e9 et am\u00e9liorer consid\u00e9rablement la pr\u00e9cision et l\u2019efficacit\u00e9 du traitement.<\/p>\n<p>Dans le domaine de l\u2019industrie \u00e9lectronique&nbsp;: Dans la structure de dissipation thermique de la fabrication de puces \u00e0 semi-conducteurs, la cible de pulv\u00e9risation en carbure de chrome peut aider \u00e0 construire un film mince avec une bonne conduction thermique et une bonne stabilit\u00e9, ce qui peut aider \u00e0 dissiper la chaleur de la puce et \u00e0 maintenir un fonctionnement efficace.<\/p>\n<h2><span style=\"font-size: 14pt;\">Contr\u00f4le de la qualit\u00e9<\/span><\/h2>\n<p>VI HALBLEITERMATERIAL GmbH s\u2019engage \u00e0 un contr\u00f4le de qualit\u00e9 \u00e9lev\u00e9 et \u00e0 une coh\u00e9rence des lots \u00e0 l\u2019appui des objectifs globaux de REACH gr\u00e2ce \u00e0 l\u2019adoption d\u2019un syst\u00e8me d\u2019assurance qualit\u00e9 rigoureux, \u00e0 un contr\u00f4le qualit\u00e9 strict \u00e0 toutes les \u00e9tapes de la cha\u00eene de production, \u00e0 l\u2019adh\u00e9sion au principe de retraitement et de reconditionnement des produits d\u00e9fectueux, \u00e0 l\u2019essai et \u00e0 la lib\u00e9ration des lots conform\u00e9ment aux sp\u00e9cifications d\u00e9taill\u00e9es,  respect des normes les plus \u00e9lev\u00e9es dans tous les domaines, traitement des probl\u00e8mes conform\u00e9ment \u00e0 la 8D processus, conformit\u00e9 \u00e0 REACH et respect des normes associ\u00e9es.<\/p>\n<p>Nous nous engageons \u00e0 r\u00e9aliser un contr\u00f4le de qualit\u00e9 \u00e9lev\u00e9 et une coh\u00e9rence des lots \u00e0 l\u2019appui des objectifs globaux de REACH, ainsi qu\u2019\u00e0 maintenir la documentation et la tra\u00e7abilit\u00e9 des lots pour cr\u00e9er une cha\u00eene d\u2019approvisionnement socialement responsable qui garantit la livraison de produits et de services de haute qualit\u00e9.<\/p>\n<h2><span style=\"font-size: 14pt;\">Emballage et stockage<\/span><\/h2>\n<p>Les cibles de pulv\u00e9risation en carbure de chrome sont emball\u00e9es dans des bo\u00eetes \u00e0 double sac sous vide avec une bo\u00eete ext\u00e9rieure en carton.<\/p>\n<p>La cible de pulv\u00e9risation en carbure de chrome doit \u00eatre stock\u00e9e dans un environnement sec, bien ventil\u00e9 et stable \u00e0 la temp\u00e9rature stable, \u00e0 l\u2019abri de la lumi\u00e8re directe du soleil et des substances corrosives, et doit \u00eatre prot\u00e9g\u00e9e des chocs violents afin de pr\u00e9server leurs propri\u00e9t\u00e9s physiques et chimiques.<\/p>\n","protected":false},"excerpt":{"rendered":"<p>Les cibles de pulv\u00e9risation en carbure de chrome sont des cibles en c\u00e9ramique m\u00e9tallique noire ou grise avec un \u00e9clat m\u00e9tallique. Ils sont couramment utilis\u00e9s dans les proc\u00e9d\u00e9s de rev\u00eatement par pulv\u00e9risation cathodique magn\u00e9tron pour la pr\u00e9paration de films minces r\u00e9sistants \u00e0 l\u2019usure, \u00e0 la corrosion et \u00e0 l\u2019oxydation \u00e0 des temp\u00e9ratures \u00e9lev\u00e9es pour les applications a\u00e9rospatiales et d\u2019ing\u00e9nierie m\u00e9canique. <\/p>\n","protected":false},"featured_media":1041030,"comment_status":"open","ping_status":"closed","template":"","meta":{"_acf_changed":false},"product_brand":[],"product_cat":[235],"product_tag":[],"class_list":{"0":"post-1014250","1":"product","2":"type-product","3":"status-publish","4":"has-post-thumbnail","6":"product_cat-cibles-de-pulverisation-planaire","8":"first","9":"outofstock","10":"shipping-taxable","11":"product-type-variable"},"acf":[],"_links":{"self":[{"href":"https:\/\/vimaterial.de\/fr\/wp-json\/wp\/v2\/product\/1014250","targetHints":{"allow":["GET"]}}],"collection":[{"href":"https:\/\/vimaterial.de\/fr\/wp-json\/wp\/v2\/product"}],"about":[{"href":"https:\/\/vimaterial.de\/fr\/wp-json\/wp\/v2\/types\/product"}],"replies":[{"embeddable":true,"href":"https:\/\/vimaterial.de\/fr\/wp-json\/wp\/v2\/comments?post=1014250"}],"wp:featuredmedia":[{"embeddable":true,"href":"https:\/\/vimaterial.de\/fr\/wp-json\/wp\/v2\/media\/1041030"}],"wp:attachment":[{"href":"https:\/\/vimaterial.de\/fr\/wp-json\/wp\/v2\/media?parent=1014250"}],"wp:term":[{"taxonomy":"product_brand","embeddable":true,"href":"https:\/\/vimaterial.de\/fr\/wp-json\/wp\/v2\/product_brand?post=1014250"},{"taxonomy":"product_cat","embeddable":true,"href":"https:\/\/vimaterial.de\/fr\/wp-json\/wp\/v2\/product_cat?post=1014250"},{"taxonomy":"product_tag","embeddable":true,"href":"https:\/\/vimaterial.de\/fr\/wp-json\/wp\/v2\/product_tag?post=1014250"}],"curies":[{"name":"wp","href":"https:\/\/api.w.org\/{rel}","templated":true}]}}