{"id":1014235,"date":"2024-06-17T14:33:56","date_gmt":"2024-06-17T06:33:56","guid":{"rendered":"https:\/\/vimaterial.de\/product\/carbure-de-chrome\/"},"modified":"2025-04-17T14:59:05","modified_gmt":"2025-04-17T06:59:05","slug":"carbure-de-chrome","status":"publish","type":"product","link":"https:\/\/vimaterial.de\/fr\/product\/carbure-de-chrome\/","title":{"rendered":"Carbure de chrome"},"content":{"rendered":"<p><span style=\"color: #0000ff;\"><a style=\"color: #0000ff;\" href=\"https:\/\/vimaterial.de\/en\/product\/chromium-carbide-sputtering-target\/\">Carbure de chrome<\/a> <\/span>La poudre est une poudre de couleur grise avec une duret\u00e9 \u00e9lev\u00e9e, une excellente r\u00e9sistance \u00e0 l\u2019abrasion et aux hautes temp\u00e9ratures, largement utilis\u00e9e dans les c\u00e9ramiques m\u00e9talliques, les rev\u00eatements de surface, l\u2019a\u00e9rospatiale, la construction automobile et de nombreuses autres applications industrielles.<\/p>\n<p>VIMATERIAL fournit de la poudre de carbure de chrome, notre poudre de carbure de chrome pr\u00e9sente les caract\u00e9ristiques d\u2019une grande puret\u00e9, d\u2019une granulom\u00e9trie fine, d\u2019une duret\u00e9 \u00e9lev\u00e9e, d\u2019une superbe r\u00e9sistance \u00e0 l\u2019abrasion et d\u2019une excellente r\u00e9sistance aux hautes temp\u00e9ratures, et d\u2019une bonne stabilit\u00e9 chimique. Nous nous consacrons \u00e0 la recherche de mati\u00e8res premi\u00e8res chimiques inorganiques depuis de nombreuses ann\u00e9es, nous avons une \u00e9quipe de professionnels avec une riche exp\u00e9rience, acceptons la personnalisation et les exp\u00e9riences, veuillez<span style=\"color: #0000ff;\"><a style=\"color: #0000ff;\" href=\"https:\/\/vimaterial.de\/en\/contact-us\/\"> nous contacter<\/a><\/span> si vous en avez besoin. <\/p>\n<p>Propri\u00e9t\u00e9s physiques<\/p>\n<p>Formule mol\u00e9culaire : Cr3C2<\/p>\n<p>Poids mol\u00e9culaire : 180,01<\/p>\n<p>Aspect : poudre grise avec un \u00e9clat m\u00e9tallique.<\/p>\n<p>Densit\u00e9 : 6,68 g\/mL \u00e0 25 \u00b0C<\/p>\n<p>Point de fusion : 1890\u00b0C<\/p>\n<p>Point d\u2019\u00e9bullition : 3800\u00b0C<\/p>\n<p>Structure cristalline : syst\u00e8me cristallin rhombo\u00e9drique, param\u00e8tres cellulaires a=2,821, b=5,52, c=11,46<\/p>\n<p>Application<\/p>\n<p>Domaine a\u00e9rospatial&nbsp;: Utilis\u00e9 dans le rev\u00eatement de barri\u00e8re thermique du moteur d\u2019aviation, avec une excellente r\u00e9sistance \u00e0 haute temp\u00e9rature et des propri\u00e9t\u00e9s d\u2019isolation thermique, il peut prot\u00e9ger les pi\u00e8ces du moteur contre le lavage des gaz \u00e0 haute temp\u00e9rature et assurer le fonctionnement s\u00fbr et stable de l\u2019avion dans des conditions de travail extr\u00eames.<\/p>\n<p>Fabrication automobile&nbsp;: Dans le turbocompresseur et le syst\u00e8me d\u2019\u00e9chappement des moteurs automobiles, le rev\u00eatement en poudre Cr3C2 peut am\u00e9liorer consid\u00e9rablement la r\u00e9sistance \u00e0 la chaleur, \u00e0 l\u2019usure et \u00e0 la corrosion des pi\u00e8ces, prolonger efficacement la dur\u00e9e de vie des composants automobiles cl\u00e9s et am\u00e9liorer les performances de l\u2019ensemble du v\u00e9hicule.<\/p>\n<p>Dans le domaine de l\u2019\u00e9nergie et de l\u2019\u00e9nergie \u00e9lectrique&nbsp;: Utilis\u00e9e dans le rev\u00eatement des pipelines de chaudi\u00e8res de centrales \u00e9lectriques, la poudre Cr3C2 conf\u00e8re au pipeline une excellente r\u00e9sistance \u00e0 la corrosion et \u00e0 l\u2019\u00e9rosion \u00e0 haute temp\u00e9rature, lui permettant de maintenir un bon \u00e9tat dans l\u2019environnement difficile des gaz de combustion \u00e0 haute temp\u00e9rature, haute pression et sulfureux, et assurant la stabilit\u00e9 de l\u2019alimentation \u00e9lectrique.<\/p>\n<p>Champ de coupe du m\u00e9tal&nbsp;: La poudre Cr3C2 est ajout\u00e9e au mat\u00e9riau de l\u2019outil de coupe, l\u2019outil est de haute duret\u00e9, de r\u00e9sistance \u00e0 l\u2019usure, dans la coupe du m\u00e9tal de haute duret\u00e9, peut r\u00e9duire l\u2019usure de l\u2019outil, am\u00e9liorer l\u2019efficacit\u00e9 de la coupe, r\u00e9duire les co\u00fbts de production.<\/p>\n<p>Contr\u00f4le de la qualit\u00e9<\/p>\n<p><a href=\"https:\/\/vimaterial.de\/en\/quality-control\/\"><span style=\"color: #0000ff;\">Chaque lot <\/span><\/a>de produits suit des principes stricts de contr\u00f4le de la qualit\u00e9, tout autour pour garantir que chaque lot de mat\u00e9riaux de l\u2019approvisionnement en mati\u00e8res premi\u00e8res, de la transformation, des produits finis hors de l\u2019entrep\u00f4t dispose d\u2019instruments avanc\u00e9s, de normes d\u2019inspection strictes, de registres d\u2019inspection parfaits pour assurer le contr\u00f4le de la qualit\u00e9 du produit et la tra\u00e7abilit\u00e9 des produits, chaque lot de produits est accompagn\u00e9 d\u2019une fiche signal\u00e9tique, d\u2019un certificat d\u2019authenticit\u00e9, d\u2019un certificat d\u2019authenticit\u00e9,  Rapports TDS, PSD, XRD, etc., chaque lot de produits sera remis au client pour fournir des \u00e9chantillons, aider \u00e9galement le client \u00e0 demander des organismes d\u2019inspection tiers. Nous fournirons des \u00e9chantillons aux clients pour chaque lot de produits et aiderons \u00e9galement les clients \u00e0 demander aux organismes d\u2019inspection tiers d\u2019inspecter les produits. <\/p>\n<p>Emballage et stockage<\/p>\n<p>La poudre de carbure de chrome est emball\u00e9e dans des bouteilles ou des sacs sous vide doubles, puis emball\u00e9e dans des cartons.<\/p>\n<p>La poudre de carbure de chrome doit \u00eatre stock\u00e9e dans un environnement sec, frais et bien ventil\u00e9, et scell\u00e9e pour \u00e9viter l\u2019humidit\u00e9, l\u2019oxydation et le contact avec des substances corrosives.<\/p>\n","protected":false},"excerpt":{"rendered":"<p><span style=\"color: #0000ff;\"><a style=\"color: #0000ff;\" href=\"https:\/\/vimaterial.de\/en\/product\/chromium-carbide-sputtering-target\/\">Carbure de chrome<\/a> <\/span>La poudre est une poudre de couleur grise avec une duret\u00e9 \u00e9lev\u00e9e, une excellente r\u00e9sistance \u00e0 l\u2019abrasion et aux hautes temp\u00e9ratures, largement utilis\u00e9e dans les c\u00e9ramiques m\u00e9talliques, les rev\u00eatements de surface, l\u2019a\u00e9rospatiale, la construction automobile et de nombreuses autres applications industrielles.<\/p>\n","protected":false},"featured_media":1001327,"comment_status":"open","ping_status":"closed","template":"","meta":{"_acf_changed":false},"product_brand":[],"product_cat":[240],"product_tag":[],"class_list":{"0":"post-1014235","1":"product","2":"type-product","3":"status-publish","4":"has-post-thumbnail","6":"product_cat-materiaux-c-n-b-si","8":"first","9":"instock","10":"shipping-taxable","11":"purchasable","12":"product-type-variable"},"acf":[],"_links":{"self":[{"href":"https:\/\/vimaterial.de\/fr\/wp-json\/wp\/v2\/product\/1014235","targetHints":{"allow":["GET"]}}],"collection":[{"href":"https:\/\/vimaterial.de\/fr\/wp-json\/wp\/v2\/product"}],"about":[{"href":"https:\/\/vimaterial.de\/fr\/wp-json\/wp\/v2\/types\/product"}],"replies":[{"embeddable":true,"href":"https:\/\/vimaterial.de\/fr\/wp-json\/wp\/v2\/comments?post=1014235"}],"wp:featuredmedia":[{"embeddable":true,"href":"https:\/\/vimaterial.de\/fr\/wp-json\/wp\/v2\/media\/1001327"}],"wp:attachment":[{"href":"https:\/\/vimaterial.de\/fr\/wp-json\/wp\/v2\/media?parent=1014235"}],"wp:term":[{"taxonomy":"product_brand","embeddable":true,"href":"https:\/\/vimaterial.de\/fr\/wp-json\/wp\/v2\/product_brand?post=1014235"},{"taxonomy":"product_cat","embeddable":true,"href":"https:\/\/vimaterial.de\/fr\/wp-json\/wp\/v2\/product_cat?post=1014235"},{"taxonomy":"product_tag","embeddable":true,"href":"https:\/\/vimaterial.de\/fr\/wp-json\/wp\/v2\/product_tag?post=1014235"}],"curies":[{"name":"wp","href":"https:\/\/api.w.org\/{rel}","templated":true}]}}