{"id":1014202,"date":"2024-06-17T14:34:51","date_gmt":"2024-06-17T06:34:51","guid":{"rendered":"https:\/\/vimaterial.de\/product\/borure-de-chrome\/"},"modified":"2025-04-17T14:37:13","modified_gmt":"2025-04-17T06:37:13","slug":"borure-de-chrome","status":"publish","type":"product","link":"https:\/\/vimaterial.de\/fr\/product\/borure-de-chrome\/","title":{"rendered":"Borure de chrome"},"content":{"rendered":"<p>La poudre de borure de chrome est un type de poudre dont les principaux composants sont le chrome et le bore, souvent d\u2019apparence grise ou noire, avec une duret\u00e9 \u00e9lev\u00e9e, une bonne r\u00e9sistance \u00e0 l\u2019usure, une certaine r\u00e9sistance aux hautes temp\u00e9ratures, et a des applications potentielles dans la m\u00e9tallurgie, les mat\u00e9riaux r\u00e9sistants \u00e0 l\u2019usure et la c\u00e9ramique.<\/p>\n<p>VIMATERIAL fournit de la poudre de borure de chrome, notre poudre de borure de chrome se caract\u00e9rise par une grande puret\u00e9, une distribution granulom\u00e9trique uniforme, une duret\u00e9 \u00e9lev\u00e9e, une r\u00e9sistance \u00e9lev\u00e9e \u00e0 l\u2019usure, une bonne stabilit\u00e9 chimique et une bonne stabilit\u00e9 thermique. Nous nous consacrons \u00e0 la recherche de mati\u00e8res premi\u00e8res chimiques inorganiques depuis de nombreuses ann\u00e9es, nous avons une \u00e9quipe de professionnels avec une riche exp\u00e9rience, acceptons la personnalisation et les exp\u00e9riences, veuillez <span style=\"color: #0000ff;\"><a style=\"color: #0000ff;\" href=\"https:\/\/vimaterial.de\/en\/contact-us\/\">nous contacter<\/a><\/span> si vous en avez besoin. <\/p>\n<h2><span style=\"font-size: 14pt;\">Propri\u00e9t\u00e9s physiques<\/span><\/h2>\n<p>Formule mol\u00e9culaire : CrB<\/p>\n<p>Poids mol\u00e9culaire : 62,81 g\/mol<\/p>\n<p>Apparence&nbsp;: poudre d\u2019argent<\/p>\n<p>Densit\u00e9 : 6,17 g\/cm\u00b3<\/p>\n<p>Structure cristalline : syst\u00e8me cristallin orthorhombique, groupe d\u2019espace Cmcm<\/p>\n<h2><span style=\"font-size: 14pt;\">Application<\/span><\/h2>\n<p>Industrie m\u00e9tallurgique : La poudre de borure de chrome est incorpor\u00e9e dans la matrice m\u00e9tallique en tant qu\u2019additif d\u2019alliage cl\u00e9, ce qui am\u00e9liore consid\u00e9rablement la duret\u00e9 et la r\u00e9sistance \u00e0 l\u2019usure de l\u2019acier et d\u2019autres alliages, et contribue \u00e0 cr\u00e9er des pi\u00e8ces m\u00e9caniques et des moules industriels durables.<\/p>\n<p>C\u00e9ramique : Dans la pr\u00e9paration des c\u00e9ramiques, l\u2019ajout de poudre de borure de chrome am\u00e9liore la r\u00e9sistance m\u00e9canique et la r\u00e9sistance aux hautes temp\u00e9ratures des \u00e9bauches en c\u00e9ramique, ce qui les rend adapt\u00e9es \u00e0 une utilisation dans des environnements difficiles tels que les rev\u00eatements de four \u00e0 haute temp\u00e9rature.<\/p>\n<p>Rev\u00eatements r\u00e9sistants \u00e0 l\u2019usure : La poudre de borure de chrome est utilis\u00e9e pour former des rev\u00eatements fins pour la pulv\u00e9risation sur les surfaces des pi\u00e8ces sujettes \u00e0 l\u2019usure, ce qui prolonge efficacement la dur\u00e9e de vie des \u00e9quipements m\u00e9caniques, tels que les aubes et les engrenages des turbines de moteur, gr\u00e2ce \u00e0 ses excellentes propri\u00e9t\u00e9s de r\u00e9sistance \u00e0 l\u2019usure.<\/p>\n<p>Fabrication d\u2019outils de coupe : utilis\u00e9e pour fabriquer des rev\u00eatements d\u2019outils de coupe ou directement dans le cadre du mat\u00e9riau de l\u2019outil de coupe, la poudre de borure de chrome conf\u00e8re \u00e0 l\u2019outil une duret\u00e9 et une stabilit\u00e9 de coupe sup\u00e9rieures, permettant un usinage efficace de divers types de mat\u00e9riaux difficiles \u00e0 couper.<\/p>\n<p>Mat\u00e9riaux \u00e9lectroniques : gr\u00e2ce \u00e0 ses propri\u00e9t\u00e9s \u00e9lectriques uniques, la poudre de chrome borure est impliqu\u00e9e dans le d\u00e9veloppement de composants \u00e9lectroniques, fournissant un support fiable pour des circuits sp\u00e9ciaux n\u00e9cessitant une r\u00e9sistance \u00e0 haute temp\u00e9rature et une r\u00e9sistance \u00e0 l\u2019\u00e9lectromigration.<\/p>\n<h2><span style=\"font-size: 14pt;\">Contr\u00f4le de la qualit\u00e9<\/span><\/h2>\n<p><span style=\"color: #0000ff;\"><a style=\"color: #0000ff;\" href=\"https:\/\/vimaterial.de\/en\/quality-control\/\">Chaque lot<\/a> <\/span>de produits suit des principes stricts de contr\u00f4le de la qualit\u00e9, tout autour pour garantir que chaque lot de mat\u00e9riaux de l\u2019approvisionnement en mati\u00e8res premi\u00e8res, de la transformation, des produits finis hors de l\u2019entrep\u00f4t dispose d\u2019instruments avanc\u00e9s, de normes d\u2019inspection strictes, de registres d\u2019inspection parfaits pour assurer le contr\u00f4le de la qualit\u00e9 du produit et la tra\u00e7abilit\u00e9 des produits, chaque lot de produits est accompagn\u00e9 d\u2019une fiche signal\u00e9tique, d\u2019un certificat d\u2019authenticit\u00e9, d\u2019un certificat d\u2019authenticit\u00e9,  Rapports TDS, PSD, XRD, etc., chaque lot de produits sera remis au client pour fournir des \u00e9chantillons, aider \u00e9galement le client \u00e0 demander des organismes d\u2019inspection tiers. Nous fournirons des \u00e9chantillons aux clients pour chaque lot de produits et aiderons \u00e9galement les clients \u00e0 demander aux organismes d\u2019inspection tiers d\u2019inspecter les produits. <\/p>\n<h2><span style=\"font-size: 14pt;\">Emballage et stockage<\/span><\/h2>\n<p>La poudre de borure de chrome est emball\u00e9e dans des sacs ou des bouteilles sous vide doubles, puis emball\u00e9e dans des cartons.<\/p>\n<p>La poudre de borure de chrome doit \u00eatre stock\u00e9e dans un environnement sec, frais et bien ventil\u00e9, dans un emballage scell\u00e9, \u00e9viter tout contact avec l\u2019eau, les acides forts, les oxydants forts et d\u2019autres substances pouvant \u00eatre chimiquement r\u00e9actives, afin de maintenir la stabilit\u00e9 de ses propri\u00e9t\u00e9s chimiques et physiques.<\/p>\n","protected":false},"excerpt":{"rendered":"<p>La poudre de borure de chrome est un type de poudre dont les principaux composants sont le chrome et le bore, souvent d\u2019apparence grise ou noire, avec une duret\u00e9 \u00e9lev\u00e9e, une bonne r\u00e9sistance \u00e0 l\u2019usure, une certaine r\u00e9sistance aux hautes temp\u00e9ratures, et a des applications potentielles dans la m\u00e9tallurgie, les mat\u00e9riaux r\u00e9sistants \u00e0 l\u2019usure et la c\u00e9ramique.<\/p>\n","protected":false},"featured_media":1001357,"comment_status":"open","ping_status":"closed","template":"","meta":{"_acf_changed":false},"product_brand":[],"product_cat":[240],"product_tag":[],"class_list":{"0":"post-1014202","1":"product","2":"type-product","3":"status-publish","4":"has-post-thumbnail","6":"product_cat-materiaux-c-n-b-si","8":"first","9":"instock","10":"shipping-taxable","11":"purchasable","12":"product-type-variable"},"acf":[],"_links":{"self":[{"href":"https:\/\/vimaterial.de\/fr\/wp-json\/wp\/v2\/product\/1014202","targetHints":{"allow":["GET"]}}],"collection":[{"href":"https:\/\/vimaterial.de\/fr\/wp-json\/wp\/v2\/product"}],"about":[{"href":"https:\/\/vimaterial.de\/fr\/wp-json\/wp\/v2\/types\/product"}],"replies":[{"embeddable":true,"href":"https:\/\/vimaterial.de\/fr\/wp-json\/wp\/v2\/comments?post=1014202"}],"wp:featuredmedia":[{"embeddable":true,"href":"https:\/\/vimaterial.de\/fr\/wp-json\/wp\/v2\/media\/1001357"}],"wp:attachment":[{"href":"https:\/\/vimaterial.de\/fr\/wp-json\/wp\/v2\/media?parent=1014202"}],"wp:term":[{"taxonomy":"product_brand","embeddable":true,"href":"https:\/\/vimaterial.de\/fr\/wp-json\/wp\/v2\/product_brand?post=1014202"},{"taxonomy":"product_cat","embeddable":true,"href":"https:\/\/vimaterial.de\/fr\/wp-json\/wp\/v2\/product_cat?post=1014202"},{"taxonomy":"product_tag","embeddable":true,"href":"https:\/\/vimaterial.de\/fr\/wp-json\/wp\/v2\/product_tag?post=1014202"}],"curies":[{"name":"wp","href":"https:\/\/api.w.org\/{rel}","templated":true}]}}