{"id":1014181,"date":"2024-06-17T14:34:55","date_gmt":"2024-06-17T06:34:55","guid":{"rendered":"https:\/\/vimaterial.de\/product\/diborure-de-chrome-2\/"},"modified":"2025-04-17T14:28:11","modified_gmt":"2025-04-17T06:28:11","slug":"diborure-de-chrome-2","status":"publish","type":"product","link":"https:\/\/vimaterial.de\/fr\/product\/diborure-de-chrome-2\/","title":{"rendered":"Diborure de chrome"},"content":{"rendered":"<p>La cible au <span style=\"color: #0000ff;\"><a style=\"color: #0000ff;\" href=\"https:\/\/vimaterial.de\/en\/product\/chromium-diboride\/\">diborure de chrome<\/a> <\/span>est une sorte de cible compos\u00e9e de chrome et de bore, g\u00e9n\u00e9ralement d\u2019apparence grise, avec une duret\u00e9 \u00e9lev\u00e9e, un point de fusion \u00e9lev\u00e9, une bonne conductivit\u00e9 \u00e9lectrique et une stabilit\u00e9 chimique, principalement utilis\u00e9e dans le processus de d\u00e9p\u00f4t physique en phase vapeur pour former des films minces \u00e0 la surface du mat\u00e9riau avec une r\u00e9sistance \u00e0 l\u2019abrasion, une r\u00e9sistance \u00e0 la corrosion, etc.<\/p>\n<p>VIMATERIAL fournit des cibles de diborure de chrome, nos cibles de diborure de chrome se caract\u00e9risent par une duret\u00e9 \u00e9lev\u00e9e, un point de fusion \u00e9lev\u00e9, une bonne stabilit\u00e9 chimique, une r\u00e9sistance \u00e9lev\u00e9e \u00e0 l\u2019oxydation et une bonne conductivit\u00e9 \u00e9lectrique. Nous pouvons fournir un service de reliure cible et nous avons une \u00e9quipe professionnelle de recherche et d\u00e9veloppement technologique, acceptons toute personnalisation de produit et exp\u00e9rience, si vous en avez besoin, veuillez <span style=\"color: #0000ff;\"><a style=\"color: #0000ff;\" href=\"https:\/\/vimaterial.de\/en\/contact-us\/\">nous contacter<\/a><\/span>. <\/p>\n<h2><span style=\"font-size: 14pt;\">Propri\u00e9t\u00e9s physiques<\/span><\/h2>\n<p>Formule mol\u00e9culaire : CrB2<\/p>\n<p>Poids mol\u00e9culaire : 73,62<\/p>\n<p>Apparence&nbsp;: cible gris noir<\/p>\n<p>Densit\u00e9 : 5,15<\/p>\n<p>Point de fusion : 1550\u00b0C<\/p>\n<p>Structure cristalline : Syst\u00e8me cristallin hexagonal<\/p>\n<h2><span style=\"font-size: 14pt;\">Applications<\/span><\/h2>\n<p>Les cibles de diborure de chrome peuvent \u00eatre utilis\u00e9es dans les dispositifs \u00e9lectroniques pour d\u00e9poser des couches minces \u00e0 la surface des \u00e9lectrodes ou interconnecter des lignes de puces afin d\u2019am\u00e9liorer les performances et la fiabilit\u00e9 des composants \u00e9lectroniques en raison de sa bonne conductivit\u00e9 \u00e9lectrique et de sa stabilit\u00e9 chimique.<\/p>\n<p>Outils de coupe&nbsp;: Le film de diborure de chrome est d\u00e9pos\u00e9 \u00e0 la surface des outils de coupe, et sa duret\u00e9 \u00e9lev\u00e9e peut am\u00e9liorer efficacement la r\u00e9sistance \u00e0 l\u2019usure des outils de coupe, prolonger la dur\u00e9e de vie des outils de coupe et am\u00e9liorer les performances de coupe.<\/p>\n<p>Mat\u00e9riaux c\u00e9ramiques : utilis\u00e9s dans la modification de surface des mat\u00e9riaux c\u00e9ramiques, par le d\u00e9p\u00f4t d\u2019un film de diborure de chrome pour am\u00e9liorer la duret\u00e9 de surface, la t\u00e9nacit\u00e9 et la r\u00e9sistance \u00e0 l\u2019usure des c\u00e9ramiques, afin que les mat\u00e9riaux c\u00e9ramiques puissent \u00eatre mieux utilis\u00e9s dans des environnements difficiles.<\/p>\n<p>Domaine a\u00e9rospatial : Le d\u00e9p\u00f4t du film cible sur les composants a\u00e9rospatiaux, son point de fusion \u00e9lev\u00e9 et sa bonne stabilit\u00e9 chimique peuvent aider les composants \u00e0 r\u00e9sister aux temp\u00e9ratures \u00e9lev\u00e9es et aux environnements corrosifs, et am\u00e9liorer la r\u00e9sistance et la s\u00e9curit\u00e9 des composants.<\/p>\n<p>Nouveau domaine \u00e9nerg\u00e9tique : dans la pr\u00e9paration des mat\u00e9riaux d\u2019\u00e9lectrode pour les batteries \u00e0 \u00e9nergie nouvelle, les cibles de diborure de chrome peuvent d\u00e9poser des films minces \u00e0 haute conductivit\u00e9 \u00e9lectrique et stabilit\u00e9, am\u00e9liorant ainsi les performances et la dur\u00e9e de vie de la batterie.<\/p>\n<h2><span style=\"font-size: 14pt;\">Contr\u00f4le de la qualit\u00e9<\/span><\/h2>\n<p><span style=\"color: #0000ff;\"><a style=\"color: #0000ff;\" href=\"https:\/\/vimaterial.de\/en\/quality-control\/\">VI HALBLEITERMATERIAL GmbH<\/a> <\/span>s\u2019engage \u00e0 un contr\u00f4le de qualit\u00e9 \u00e9lev\u00e9 et \u00e0 une coh\u00e9rence des lots \u00e0 l\u2019appui des objectifs globaux de REACH gr\u00e2ce \u00e0 l\u2019adoption d\u2019un syst\u00e8me d\u2019assurance qualit\u00e9 rigoureux, \u00e0 un contr\u00f4le qualit\u00e9 strict \u00e0 toutes les \u00e9tapes de la cha\u00eene de production, \u00e0 l\u2019adh\u00e9sion au principe de retraitement et de reconditionnement des produits d\u00e9fectueux, \u00e0 l\u2019essai et \u00e0 la lib\u00e9ration des lots conform\u00e9ment aux sp\u00e9cifications d\u00e9taill\u00e9es,  respect des normes les plus \u00e9lev\u00e9es dans tous les domaines, traitement des probl\u00e8mes conform\u00e9ment \u00e0 la 8D processus, conformit\u00e9 \u00e0 REACH et respect des normes associ\u00e9es.<\/p>\n<p>Nous nous engageons \u00e0 r\u00e9aliser un contr\u00f4le de qualit\u00e9 \u00e9lev\u00e9 et une coh\u00e9rence des lots \u00e0 l\u2019appui des objectifs globaux de REACH, ainsi qu\u2019\u00e0 maintenir la documentation et la tra\u00e7abilit\u00e9 des lots pour cr\u00e9er une cha\u00eene d\u2019approvisionnement socialement responsable qui garantit la livraison de produits et de services de haute qualit\u00e9.<\/p>\n<h2><span style=\"font-size: 14pt;\">Emballage et stockage<\/span><\/h2>\n<p>Les cibles de diborure de chrome sont emball\u00e9es dans des bo\u00eetes doubles emball\u00e9es sous vide avec des cartons ext\u00e9rieurs.<\/p>\n<p>Les cibles de diborure de chrome doivent \u00eatre stock\u00e9es dans un environnement sec, frais et bien ventil\u00e9 pour \u00e9viter l\u2019humidit\u00e9, l\u2019oxydation et pour \u00e9viter le contact avec des agents oxydants puissants, des acides et d\u2019autres substances susceptibles d\u2019avoir des r\u00e9actions chimiques, tout en veillant \u00e0 \u00e9viter les collisions violentes et l\u2019extrusion.<\/p>\n","protected":false},"excerpt":{"rendered":"<p>La cible au <span style=\"color: #0000ff;\"><a style=\"color: #0000ff;\" href=\"https:\/\/vimaterial.de\/en\/product\/chromium-diboride\/\">diborure de chrome<\/a> <\/span>est une sorte de cible compos\u00e9e de chrome et de bore, g\u00e9n\u00e9ralement d\u2019apparence grise, avec une duret\u00e9 \u00e9lev\u00e9e, un point de fusion \u00e9lev\u00e9, une bonne conductivit\u00e9 \u00e9lectrique et une stabilit\u00e9 chimique, principalement utilis\u00e9e dans le processus de d\u00e9p\u00f4t physique en phase vapeur pour former des films minces \u00e0 la surface du mat\u00e9riau avec une r\u00e9sistance \u00e0 l\u2019abrasion, une r\u00e9sistance \u00e0 la corrosion, etc.<\/p>\n","protected":false},"featured_media":1000617,"comment_status":"open","ping_status":"closed","template":"","meta":{"_acf_changed":false},"product_brand":[],"product_cat":[235],"product_tag":[],"class_list":{"0":"post-1014181","1":"product","2":"type-product","3":"status-publish","4":"has-post-thumbnail","6":"product_cat-cibles-de-pulverisation-planaire","8":"first","9":"instock","10":"shipping-taxable","11":"product-type-variable"},"acf":[],"_links":{"self":[{"href":"https:\/\/vimaterial.de\/fr\/wp-json\/wp\/v2\/product\/1014181","targetHints":{"allow":["GET"]}}],"collection":[{"href":"https:\/\/vimaterial.de\/fr\/wp-json\/wp\/v2\/product"}],"about":[{"href":"https:\/\/vimaterial.de\/fr\/wp-json\/wp\/v2\/types\/product"}],"replies":[{"embeddable":true,"href":"https:\/\/vimaterial.de\/fr\/wp-json\/wp\/v2\/comments?post=1014181"}],"wp:featuredmedia":[{"embeddable":true,"href":"https:\/\/vimaterial.de\/fr\/wp-json\/wp\/v2\/media\/1000617"}],"wp:attachment":[{"href":"https:\/\/vimaterial.de\/fr\/wp-json\/wp\/v2\/media?parent=1014181"}],"wp:term":[{"taxonomy":"product_brand","embeddable":true,"href":"https:\/\/vimaterial.de\/fr\/wp-json\/wp\/v2\/product_brand?post=1014181"},{"taxonomy":"product_cat","embeddable":true,"href":"https:\/\/vimaterial.de\/fr\/wp-json\/wp\/v2\/product_cat?post=1014181"},{"taxonomy":"product_tag","embeddable":true,"href":"https:\/\/vimaterial.de\/fr\/wp-json\/wp\/v2\/product_tag?post=1014181"}],"curies":[{"name":"wp","href":"https:\/\/api.w.org\/{rel}","templated":true}]}}