{"id":1014171,"date":"2024-06-17T14:34:54","date_gmt":"2024-06-17T06:34:54","guid":{"rendered":"https:\/\/vimaterial.de\/product\/diborure-de-chrome\/"},"modified":"2025-04-17T14:34:29","modified_gmt":"2025-04-17T06:34:29","slug":"diborure-de-chrome","status":"publish","type":"product","link":"https:\/\/vimaterial.de\/fr\/product\/diborure-de-chrome\/","title":{"rendered":"Diborure de chrome"},"content":{"rendered":"<p><span style=\"color: #0000ff;\"><a style=\"color: #0000ff;\" href=\"https:\/\/vimaterial.de\/en\/product\/chromium-diboride-2\/\">Diborure de chrome<\/a><\/span> La poudre est une poudre inorganique gris argent\u00e9 avec une duret\u00e9 \u00e9lev\u00e9e, un point de fusion \u00e9lev\u00e9, une bonne conductivit\u00e9 \u00e9lectrique et une stabilit\u00e9 chimique, qui a des applications importantes dans les mat\u00e9riaux r\u00e9sistants \u00e0 l\u2019usure, les mat\u00e9riaux c\u00e9ramiques, les mat\u00e9riaux \u00e0 haute temp\u00e9rature et la m\u00e9tallurgie.<\/p>\n<p>VIMATERIAL fournit des poudres de diborure de chrome. Nos poudres de diborure de chrome se caract\u00e9risent par une duret\u00e9 \u00e9lev\u00e9e, un point de fusion \u00e9lev\u00e9, une bonne conductivit\u00e9 \u00e9lectrique et une stabilit\u00e9 chimique. Nous nous consacrons \u00e0 la recherche de mati\u00e8res premi\u00e8res chimiques inorganiques depuis de nombreuses ann\u00e9es, nous avons une \u00e9quipe de professionnels avec une riche exp\u00e9rience, acceptons la personnalisation et les exp\u00e9riences, veuillez <span style=\"color: #0000ff;\"><a style=\"color: #0000ff;\" href=\"https:\/\/vimaterial.de\/en\/contact-us\/\">nous contacter<\/a><\/span> si vous en avez besoin.  <\/p>\n<h2><span style=\"font-size: 14pt;\">Propri\u00e9t\u00e9s physiques<\/span><\/h2>\n<p>Formule mol\u00e9culaire : CrB\u2082<\/p>\n<p>Poids mol\u00e9culaire : 73,62<\/p>\n<p>Apparence&nbsp;: poudre gris noir<\/p>\n<p>Densit\u00e9 : environ 5,22 g\/cm\u00b3.<\/p>\n<p>Point de fusion : environ 2200\u00b0C<\/p>\n<p>Structure cristalline : Syst\u00e8me cristallin hexagonal<\/p>\n<h2><span style=\"font-size: 14pt;\">Application<\/span><\/h2>\n<p>Outils de coupe&nbsp;: La poudre de diborure de chrome peut \u00eatre utilis\u00e9e comme rev\u00eatement pour les outils de coupe. Gr\u00e2ce \u00e0 sa duret\u00e9 \u00e9lev\u00e9e et \u00e0 sa r\u00e9sistance \u00e0 l\u2019abrasion, il peut am\u00e9liorer efficacement la dur\u00e9e de vie des outils de coupe et les garder aff\u00fbt\u00e9s lors de la coupe de m\u00e9taux et d\u2019autres mat\u00e9riaux \u00e0 grande vitesse. <\/p>\n<p>C\u00e9ramique&nbsp;: L\u2019ajout de poudres de diborure de chrome aux c\u00e9ramiques am\u00e9liore les propri\u00e9t\u00e9s m\u00e9caniques des c\u00e9ramiques, en particulier la duret\u00e9 et la t\u00e9nacit\u00e9, ce qui leur permet d\u2019\u00eatre utilis\u00e9es dans la fabrication de composants structurels c\u00e9ramiques haute performance, tels que des pi\u00e8ces de moteur en c\u00e9ramique.<\/p>\n<p>M\u00e9tallurgie : La poudre est utilis\u00e9e comme additif d\u2019alliage dans l\u2019industrie m\u00e9tallurgique pour am\u00e9liorer la microstructure de l\u2019alliage, augmenter la r\u00e9sistance aux hautes temp\u00e9ratures et la r\u00e9sistance \u00e0 la corrosion de l\u2019alliage, ce qui permet de produire des mat\u00e9riaux d\u2019alliage sp\u00e9ciaux pour une utilisation dans des environnements \u00e0 haute temp\u00e9rature et fortement corrosifs.<\/p>\n<h2><span style=\"font-size: 14pt;\">Contr\u00f4le de la qualit\u00e9<\/span><\/h2>\n<p><span style=\"color: #0000ff;\"><a style=\"color: #0000ff;\" href=\"https:\/\/vimaterial.de\/en\/quality-control\/\">Chaque lot<\/a><\/span> de produits suit des principes stricts de contr\u00f4le de la qualit\u00e9, tout autour pour garantir que chaque lot de mat\u00e9riaux de l\u2019approvisionnement en mati\u00e8res premi\u00e8res, de la transformation, des produits finis hors de l\u2019entrep\u00f4t dispose d\u2019instruments avanc\u00e9s, de normes d\u2019inspection strictes, de registres d\u2019inspection parfaits pour assurer le contr\u00f4le de la qualit\u00e9 du produit et la tra\u00e7abilit\u00e9 des produits, chaque lot de produits est accompagn\u00e9 d\u2019une fiche signal\u00e9tique, d\u2019un certificat d\u2019authenticit\u00e9, d\u2019un certificat d\u2019authenticit\u00e9,  Rapports TDS, PSD, XRD, etc., chaque lot de produits sera remis au client pour fournir des \u00e9chantillons, aider \u00e9galement le client \u00e0 demander des organismes d\u2019inspection tiers. Nous fournirons des \u00e9chantillons aux clients pour chaque lot de produits et aiderons \u00e9galement les clients \u00e0 demander aux organismes d\u2019inspection tiers d\u2019inspecter les produits. <\/p>\n<h2><span style=\"font-size: 14pt;\">Emballage et stockage<\/span><\/h2>\n<p>La poudre de diborure de chrome est emball\u00e9e dans des sacs ou des bouteilles sous vide doubles, puis emball\u00e9e dans des cartons.<\/p>\n<p>La poudre de diborure de chrome doit \u00eatre stock\u00e9e dans un environnement sec, frais et bien ventil\u00e9, scell\u00e9 et prot\u00e9g\u00e9 de l\u2019humidit\u00e9 et des agents oxydants puissants, des acides et d\u2019autres substances chimiques pour \u00e9viter les modifications des propri\u00e9t\u00e9s physiques et chimiques.<\/p>\n","protected":false},"excerpt":{"rendered":"<p><span style=\"color: #0000ff;\"><a style=\"color: #0000ff;\" href=\"https:\/\/vimaterial.de\/en\/product\/chromium-diboride-2\/\">Diborure de chrome<\/a><\/span> La poudre est une poudre inorganique gris argent\u00e9 avec une duret\u00e9 \u00e9lev\u00e9e, un point de fusion \u00e9lev\u00e9, une bonne conductivit\u00e9 \u00e9lectrique et une stabilit\u00e9 chimique, qui a des applications importantes dans les mat\u00e9riaux r\u00e9sistants \u00e0 l\u2019usure, les mat\u00e9riaux c\u00e9ramiques, les mat\u00e9riaux \u00e0 haute temp\u00e9rature et la m\u00e9tallurgie.<\/p>\n","protected":false},"featured_media":1001364,"comment_status":"open","ping_status":"closed","template":"","meta":{"_acf_changed":false},"product_brand":[],"product_cat":[240],"product_tag":[],"class_list":{"0":"post-1014171","1":"product","2":"type-product","3":"status-publish","4":"has-post-thumbnail","6":"product_cat-materiaux-c-n-b-si","8":"first","9":"instock","10":"shipping-taxable","11":"purchasable","12":"product-type-variable"},"acf":[],"_links":{"self":[{"href":"https:\/\/vimaterial.de\/fr\/wp-json\/wp\/v2\/product\/1014171","targetHints":{"allow":["GET"]}}],"collection":[{"href":"https:\/\/vimaterial.de\/fr\/wp-json\/wp\/v2\/product"}],"about":[{"href":"https:\/\/vimaterial.de\/fr\/wp-json\/wp\/v2\/types\/product"}],"replies":[{"embeddable":true,"href":"https:\/\/vimaterial.de\/fr\/wp-json\/wp\/v2\/comments?post=1014171"}],"wp:featuredmedia":[{"embeddable":true,"href":"https:\/\/vimaterial.de\/fr\/wp-json\/wp\/v2\/media\/1001364"}],"wp:attachment":[{"href":"https:\/\/vimaterial.de\/fr\/wp-json\/wp\/v2\/media?parent=1014171"}],"wp:term":[{"taxonomy":"product_brand","embeddable":true,"href":"https:\/\/vimaterial.de\/fr\/wp-json\/wp\/v2\/product_brand?post=1014171"},{"taxonomy":"product_cat","embeddable":true,"href":"https:\/\/vimaterial.de\/fr\/wp-json\/wp\/v2\/product_cat?post=1014171"},{"taxonomy":"product_tag","embeddable":true,"href":"https:\/\/vimaterial.de\/fr\/wp-json\/wp\/v2\/product_tag?post=1014171"}],"curies":[{"name":"wp","href":"https:\/\/api.w.org\/{rel}","templated":true}]}}