{"id":1014108,"date":"2024-06-17T14:48:30","date_gmt":"2024-06-17T06:48:30","guid":{"rendered":"https:\/\/vimaterial.de\/product\/nickel-metal-6\/"},"modified":"2025-04-16T10:33:58","modified_gmt":"2025-04-16T02:33:58","slug":"nickel-metal-6","status":"publish","type":"product","link":"https:\/\/vimaterial.de\/fr\/product\/nickel-metal-6\/","title":{"rendered":"Nickel m\u00e9tal"},"content":{"rendered":"<p>Les pastilles de <span style=\"color: #0000ff;\"><a style=\"color: #0000ff;\" href=\"https:\/\/vimaterial.de\/en\/product\/nickel-metal-2\/\">nickel m\u00e9tal<\/a><\/span> sont une sorte de particules m\u00e9talliques avec un \u00e9clat m\u00e9tallique, une texture dure, une bonne conductivit\u00e9 \u00e9lectrique, une conductivit\u00e9 thermique et une r\u00e9sistance \u00e0 la corrosion, qui est largement utilis\u00e9e dans l\u2019industrie, l\u2019\u00e9lectronique et d\u2019autres domaines.<\/p>\n<p>VIMATERIAL propose une large gamme de granul\u00e9s de nickel m\u00e9tallique, nos particules sont uniformes et stables dans leur composition, haute puret\u00e9, haute duret\u00e9, contr\u00f4lables en taille de particules, etc. Et nous pouvons accepter des produits et des exp\u00e9riences personnalis\u00e9s, nous avons une \u00e9quipe professionnelle de recherche et d\u00e9veloppement technique, <span style=\"color: #0000ff;\"><a style=\"color: #0000ff;\" href=\"https:\/\/vimaterial.de\/en\/contact-us\/\">contactez-nous<\/a><\/span> bient\u00f4t. <\/p>\n<h2><span style=\"font-size: 14pt;\">Propri\u00e9t\u00e9s physiques<\/span><\/h2>\n<p>Formule mol\u00e9culaire : Ni<\/p>\n<p>Poids mol\u00e9culaire : 58,6934<\/p>\n<p>Apparence : particules de lustre m\u00e9tallique gris argent\u00e9<\/p>\n<p>Densit\u00e9 : 8,908 g\/cm\u00b3.<\/p>\n<p>Point de fusion : 1453\u00b0C<\/p>\n<p>Point d\u2019\u00e9bullition : 2732\u00b0C<\/p>\n<p>Structure cristalline : structure en treillis cubique centr\u00e9e sur la face<\/p>\n<h2><span style=\"font-size: 14pt;\">Applications<\/span><\/h2>\n<p>Industrie sid\u00e9rurgique : en tant qu\u2019\u00e9l\u00e9ment d\u2019alliage important ajout\u00e9 \u00e0 l\u2019acier, pour am\u00e9liorer la r\u00e9sistance et la r\u00e9sistance \u00e0 la corrosion de l\u2019acier, utilis\u00e9 dans la construction, la fabrication de machines, etc.<\/p>\n<p>Domaine de fabrication de batteries : C\u2019est la mati\u00e8re premi\u00e8re cl\u00e9 pour les batteries NiMH et NiCd, ce qui garantit des performances stables de la batterie et r\u00e9pond aux exigences d\u2019alimentation des \u00e9quipements \u00e9lectroniques.<\/p>\n<p>Industrie de la galvanoplastie&nbsp;: utilis\u00e9 dans le placage de surface m\u00e9tallique, formant une couche protectrice et d\u00e9corative, pour am\u00e9liorer la r\u00e9sistance \u00e0 l\u2019usure et l\u2019esth\u00e9tique des articles, comme dans l\u2019application d\u2019appareils de quincaillerie.<\/p>\n<p>Industrie a\u00e9rospatiale : fabriqu\u00e9 en composants en alliage \u00e0 haute temp\u00e9rature pour maintenir les performances structurelles dans des environnements difficiles et aider les avions \u00e0 fonctionner de mani\u00e8re fiable.<\/p>\n<p>Industrie chimique&nbsp;: utilis\u00e9 comme catalyseur ou rev\u00eatement de r\u00e9cipient de r\u00e9action, acc\u00e9l\u00e8re la r\u00e9action chimique et r\u00e9siste \u00e0 la corrosion, joue un r\u00f4le dans la synth\u00e8se chimique.<\/p>\n<h2><span style=\"font-size: 14pt;\">Contr\u00f4le de la qualit\u00e9<\/span><\/h2>\n<p><span style=\"color: #0000ff;\"><a style=\"color: #0000ff;\" href=\"https:\/\/vimaterial.de\/en\/quality-control\/\">Chaque lot<\/a><\/span> de produits garantit strictement la qualit\u00e9, de la s\u00e9lection des fournisseurs de mati\u00e8res premi\u00e8res \u00e0 l\u2019utilisation d\u2019\u00e9quipements de test avanc\u00e9s pour surveiller avec pr\u00e9cision l\u2019ensemble du processus de production, jusqu\u2019au produit fini \u00e0 travers de nombreuses s\u00e9ries d\u2019\u00e9chantillonnage rigoureux et de certification par une tierce partie faisant autorit\u00e9, jusqu\u2019\u00e0 un syst\u00e8me de contr\u00f4le de la qualit\u00e9 complet et \u00e0 tol\u00e9rance z\u00e9ro pour garantir que chaque lot de produits respecte et d\u00e9passe les normes \u00e9lev\u00e9es de l\u2019industrie.  Fournir \u00e0 nos clients la meilleure qualit\u00e9 et les produits les plus stables.<\/p>\n<h2><span style=\"font-size: 14pt;\">Emballage et stockage<\/span><\/h2>\n<p>Les granul\u00e9s de nickel m\u00e9tal sont emball\u00e9s dans des sacs sous vide ou des bouteilles sous vide dans une bo\u00eete en carton.<\/p>\n<p>Les granul\u00e9s de nickel m\u00e9tal doivent \u00eatre stock\u00e9s dans un endroit sec, bien ventil\u00e9 et frais, \u00e0 l\u2019abri de l\u2019humidit\u00e9, de l\u2019oxydation et du contact avec des substances corrosives, et bien scell\u00e9s pour \u00e9viter qu\u2019ils ne r\u00e9agissent avec l\u2019air et l\u2019humidit\u00e9.<\/p>\n","protected":false},"excerpt":{"rendered":"<p>Les pastilles de <span style=\"color: #0000ff;\"><a style=\"color: #0000ff;\" href=\"https:\/\/vimaterial.de\/en\/product\/nickel-metal-2\/\">nickel m\u00e9tal<\/a><\/span> sont une sorte de particules m\u00e9talliques avec un \u00e9clat m\u00e9tallique, une texture dure, une bonne conductivit\u00e9 \u00e9lectrique, une conductivit\u00e9 thermique et une r\u00e9sistance \u00e0 la corrosion, qui est largement utilis\u00e9e dans l\u2019industrie, l\u2019\u00e9lectronique et d\u2019autres domaines.<\/p>\n<p>VIMATERIAL propose une large gamme de granul\u00e9s de nickel m\u00e9tallique, nos particules sont uniformes et stables dans leur composition, haute puret\u00e9, haute duret\u00e9, contr\u00f4lables en taille de particules, etc. Et nous pouvons accepter des produits et des exp\u00e9riences personnalis\u00e9s, nous avons une \u00e9quipe professionnelle de recherche et d\u00e9veloppement technique, <span style=\"color: #0000ff;\"><a style=\"color: #0000ff;\" href=\"https:\/\/vimaterial.de\/en\/contact-us\/\">contactez-nous<\/a><\/span> bient\u00f4t. <\/p>\n","protected":false},"featured_media":1002345,"comment_status":"open","ping_status":"closed","template":"","meta":{"_acf_changed":false},"product_brand":[],"product_cat":[236],"product_tag":[],"class_list":{"0":"post-1014108","1":"product","2":"type-product","3":"status-publish","4":"has-post-thumbnail","6":"product_cat-materiaux-devaporation","8":"first","9":"instock","10":"shipping-taxable","11":"purchasable","12":"product-type-variable"},"acf":[],"_links":{"self":[{"href":"https:\/\/vimaterial.de\/fr\/wp-json\/wp\/v2\/product\/1014108","targetHints":{"allow":["GET"]}}],"collection":[{"href":"https:\/\/vimaterial.de\/fr\/wp-json\/wp\/v2\/product"}],"about":[{"href":"https:\/\/vimaterial.de\/fr\/wp-json\/wp\/v2\/types\/product"}],"replies":[{"embeddable":true,"href":"https:\/\/vimaterial.de\/fr\/wp-json\/wp\/v2\/comments?post=1014108"}],"wp:featuredmedia":[{"embeddable":true,"href":"https:\/\/vimaterial.de\/fr\/wp-json\/wp\/v2\/media\/1002345"}],"wp:attachment":[{"href":"https:\/\/vimaterial.de\/fr\/wp-json\/wp\/v2\/media?parent=1014108"}],"wp:term":[{"taxonomy":"product_brand","embeddable":true,"href":"https:\/\/vimaterial.de\/fr\/wp-json\/wp\/v2\/product_brand?post=1014108"},{"taxonomy":"product_cat","embeddable":true,"href":"https:\/\/vimaterial.de\/fr\/wp-json\/wp\/v2\/product_cat?post=1014108"},{"taxonomy":"product_tag","embeddable":true,"href":"https:\/\/vimaterial.de\/fr\/wp-json\/wp\/v2\/product_tag?post=1014108"}],"curies":[{"name":"wp","href":"https:\/\/api.w.org\/{rel}","templated":true}]}}