{"id":1014081,"date":"2024-06-17T14:48:31","date_gmt":"2024-06-17T06:48:31","guid":{"rendered":"https:\/\/vimaterial.de\/product\/nickel-metal-5\/"},"modified":"2025-04-15T18:18:42","modified_gmt":"2025-04-15T10:18:42","slug":"nickel-metal-5","status":"publish","type":"product","link":"https:\/\/vimaterial.de\/fr\/product\/nickel-metal-5\/","title":{"rendered":"Nickel m\u00e9tal"},"content":{"rendered":"<p><span style=\"color: #0000ff;\"><a style=\"color: #0000ff;\" href=\"https:\/\/vimaterial.de\/fr\/product\/nickel-metal-3\/\">La poudre de nickel m\u00e9tal<\/a> <\/span>est une poudre de m\u00e9tal gris argent\u00e9 avec une bonne conductivit\u00e9 \u00e9lectrique et thermique, une stabilit\u00e9 chimique et certaines propri\u00e9t\u00e9s magn\u00e9tiques, qui joue un r\u00f4le important dans la galvanoplastie, les batteries, les catalyseurs et la m\u00e9tallurgie des poudres et de nombreux autres domaines.<\/p>\n<p>VIAMTERIAL fournit des poudres de nickel m\u00e9tallique. Nos poudres se caract\u00e9risent par une grande puret\u00e9, une granulom\u00e9trie homog\u00e8ne, une bonne fluidit\u00e9, un bon compactage, une stabilit\u00e9 chimique, etc. Nous prenons \u00e9galement en charge l\u2019emballage et la commande en petits lots. Nous avons une \u00e9quipe technique professionnelle de recherche et d\u00e9veloppement, acceptons la personnalisation et l\u2019exp\u00e9rimentation du produit, veuillez<span style=\"color: #0000ff;\"><a style=\"color: #0000ff;\" href=\"https:\/\/vimaterial.de\/fr\/contact\/\"> nous contacter.<\/a><\/span>   <\/p>\n<h2><span style=\"font-size: 14pt;\">Propri\u00e9t\u00e9s physiques<\/span><\/h2>\n<p>Formule mol\u00e9culaire : Ni<\/p>\n<p>Poids mol\u00e9culaire : environ 58,69<\/p>\n<p>Apparence&nbsp;: g\u00e9n\u00e9ralement gris argent\u00e9 poudr\u00e9<\/p>\n<p>Densit\u00e9 : environ 8,908 g\/cm\u00b3.<\/p>\n<p>Point de fusion : 1453\u00b0C<\/p>\n<p>Point d\u2019\u00e9bullition : 2732\u00b0C<\/p>\n<p>Structure cristalline&nbsp;: structure cristalline cubique centr\u00e9e sur la face, les atomes de nickel sont situ\u00e9s au sommet et la position centr\u00e9e sur la face du cube, cette structure fait que la poudre de nickel m\u00e9tallique a de bonnes propri\u00e9t\u00e9s physiques et chimiques.<\/p>\n<h2><span style=\"font-size: 14pt;\">Applications<\/span><\/h2>\n<p>Domaine de galvanoplastie&nbsp;: La poudre de nickel m\u00e9tal est utilis\u00e9e dans la pr\u00e9paration de la solution de galvanoplastie, qui peut former une couche de nickelage uniforme, brillante et bonne r\u00e9sistance \u00e0 la corrosion sur la surface de l\u2019objet, am\u00e9liorer l\u2019apparence et les propri\u00e9t\u00e9s protectrices de l\u2019objet, largement utilis\u00e9 dans la d\u00e9coration mat\u00e9rielle et la pr\u00e9vention de la corrosion industrielle.<\/p>\n<p>Batteries : En tant que mati\u00e8re premi\u00e8re cl\u00e9 pour les batteries NiMH et les batteries NiCd, les poudres de nickel m\u00e9tal sont impliqu\u00e9es dans la pr\u00e9paration des \u00e9lectrodes, qui, en vertu de leurs caract\u00e9ristiques, r\u00e9alisent les fonctions de charge et de d\u00e9charge des batteries et fournissent un support d\u2019alimentation stable pour les produits \u00e9lectroniques et les v\u00e9hicules \u00e0 \u00e9nergie nouvelle.<\/p>\n<p>M\u00e9tallurgie des poudres : Gr\u00e2ce au processus de m\u00e9tallurgie des poudres, une vari\u00e9t\u00e9 de pi\u00e8ces aux formes complexes et aux excellentes performances peuvent \u00eatre fabriqu\u00e9es pour r\u00e9pondre aux exigences strictes de r\u00e9sistance, de t\u00e9nacit\u00e9 et de r\u00e9sistance \u00e0 la temp\u00e9rature dans l\u2019a\u00e9rospatiale, la fabrication de machines et d\u2019autres domaines haut de gamme, et pour am\u00e9liorer les performances globales et la fiabilit\u00e9 des pi\u00e8ces.<\/p>\n<p>Champ catalytique&nbsp;: souvent utilis\u00e9 comme catalyseur dans la r\u00e9action de synth\u00e8se organique, peut acc\u00e9l\u00e9rer efficacement le processus de r\u00e9action chimique, am\u00e9liorer le rendement et la s\u00e9lectivit\u00e9 de la r\u00e9action, r\u00e9duire le co\u00fbt de production chimique et la consommation d\u2019\u00e9nergie, et promouvoir le d\u00e9veloppement de l\u2019industrie chimique.<\/p>\n<h2><span style=\"font-size: 14pt;\">Contr\u00f4le de la qualit\u00e9<\/span><\/h2>\n<p><span style=\"color: #0000ff;\"><a style=\"color: #0000ff;\" href=\"https:\/\/vimaterial.de\/fr\/le-controle-de-la-qualite\/\">Le contr\u00f4le de la qualit\u00e9<\/a> <\/span>de chaque lot de produits est effectu\u00e9 tout au long du processus d\u2019approvisionnement en mati\u00e8res premi\u00e8res, de production et de traitement, de test et d\u2019inspection, et d\u2019emballage, en suivant strictement les normes internationales et les normes industrielles. Nous disposons d\u2019un \u00e9quipement de test avanc\u00e9, d\u2019une \u00e9quipe de contr\u00f4le qualit\u00e9 professionnelle et d\u2019un syst\u00e8me de contr\u00f4le de qualit\u00e9 strict pour garantir la qualit\u00e9 du produit. <\/p>\n<h2><span style=\"font-size: 14pt;\">Emballage et stockage<\/span><\/h2>\n<p>Les poudres de nickel m\u00e9tal sont emball\u00e9es dans des sacs \u00e0 double vide ou des bouteilles \u00e0 double vide dans des cartons.<\/p>\n<p>Les poudres de nickel m\u00e9tal doivent \u00eatre stock\u00e9es dans un environnement sec, frais et bien ventil\u00e9, scell\u00e9es pour \u00e9viter l\u2019humidit\u00e9 et l\u2019oxydation, \u00e0 l\u2019abri des substances corrosives telles que les acides, les alcalis, les sources d\u2019incendie et les agents oxydants puissants, et stock\u00e9es correctement conform\u00e9ment aux r\u00e9glementations applicables en mati\u00e8re de stockage des produits chimiques.<\/p>\n","protected":false},"excerpt":{"rendered":"<p><span style=\"color: #0000ff;\"><a style=\"color: #0000ff;\" href=\"https:\/\/vimaterial.de\/fr\/product\/nickel-metal-3\/\">La poudre de nickel m\u00e9tal<\/a> <\/span>est une poudre de m\u00e9tal gris argent\u00e9 avec une bonne conductivit\u00e9 \u00e9lectrique et thermique, une stabilit\u00e9 chimique et certaines propri\u00e9t\u00e9s magn\u00e9tiques, qui joue un r\u00f4le important dans la galvanoplastie, les batteries, les catalyseurs et la m\u00e9tallurgie des poudres et de nombreux autres domaines.<\/p>\n","protected":false},"featured_media":1002364,"comment_status":"open","ping_status":"closed","template":"","meta":{"_acf_changed":false},"product_brand":[],"product_cat":[250],"product_tag":[],"class_list":{"0":"post-1014081","1":"product","2":"type-product","3":"status-publish","4":"has-post-thumbnail","6":"product_cat-poudre-de-metal-pur-et-dalliage","8":"first","9":"instock","10":"shipping-taxable","11":"purchasable","12":"product-type-variable"},"acf":[],"_links":{"self":[{"href":"https:\/\/vimaterial.de\/fr\/wp-json\/wp\/v2\/product\/1014081","targetHints":{"allow":["GET"]}}],"collection":[{"href":"https:\/\/vimaterial.de\/fr\/wp-json\/wp\/v2\/product"}],"about":[{"href":"https:\/\/vimaterial.de\/fr\/wp-json\/wp\/v2\/types\/product"}],"replies":[{"embeddable":true,"href":"https:\/\/vimaterial.de\/fr\/wp-json\/wp\/v2\/comments?post=1014081"}],"wp:featuredmedia":[{"embeddable":true,"href":"https:\/\/vimaterial.de\/fr\/wp-json\/wp\/v2\/media\/1002364"}],"wp:attachment":[{"href":"https:\/\/vimaterial.de\/fr\/wp-json\/wp\/v2\/media?parent=1014081"}],"wp:term":[{"taxonomy":"product_brand","embeddable":true,"href":"https:\/\/vimaterial.de\/fr\/wp-json\/wp\/v2\/product_brand?post=1014081"},{"taxonomy":"product_cat","embeddable":true,"href":"https:\/\/vimaterial.de\/fr\/wp-json\/wp\/v2\/product_cat?post=1014081"},{"taxonomy":"product_tag","embeddable":true,"href":"https:\/\/vimaterial.de\/fr\/wp-json\/wp\/v2\/product_tag?post=1014081"}],"curies":[{"name":"wp","href":"https:\/\/api.w.org\/{rel}","templated":true}]}}