{"id":1014065,"date":"2024-06-17T14:48:30","date_gmt":"2024-06-17T06:48:30","guid":{"rendered":"https:\/\/vimaterial.de\/product\/nickel-metal-4\/"},"modified":"2025-04-15T18:20:57","modified_gmt":"2025-04-15T10:20:57","slug":"nickel-metal-4","status":"publish","type":"product","link":"https:\/\/vimaterial.de\/fr\/product\/nickel-metal-4\/","title":{"rendered":"Nickel m\u00e9tal"},"content":{"rendered":"<p><span style=\"color: #0000ff;\"><a style=\"color: #0000ff;\" href=\"https:\/\/vimaterial.de\/en\/product\/nickel-metal-2\/\">Nickel m\u00e9tal<\/a> <\/span>L\u2019insert conique fait g\u00e9n\u00e9ralement r\u00e9f\u00e9rence \u00e0 un insert conique en nickel, qui peut \u00eatre utilis\u00e9 pour la connexion m\u00e9canique, l\u2019\u00e9tanch\u00e9it\u00e9, le contact \u00e9lectrique ou comme pi\u00e8ce sp\u00e9cifique d\u2019un appareil, etc.<\/p>\n<p>VIMATERIAL propose des inserts coniques en nickel m\u00e9tallique, notre soci\u00e9t\u00e9 dispose d\u2019une \u00e9quipe professionnelle de recherche et d\u00e9veloppement technique, acceptant la personnalisation et les exp\u00e9riences, veuillez <span style=\"color: #0000ff;\"><a style=\"color: #0000ff;\" href=\"https:\/\/vimaterial.de\/en\/contact-us\/\">nous contacter.<\/a><\/span><\/p>\n<h2><span style=\"font-size: 14pt;\">Propri\u00e9t\u00e9s physiques<\/span><\/h2>\n<p>Formule mol\u00e9culaire : Ni<\/p>\n<p>Poids mol\u00e9culaire : 58,6934<\/p>\n<p>Apparence&nbsp;: G\u00e9n\u00e9ralement sous la forme de flocons de lustre m\u00e9tallique blanc argent\u00e9, avec une surface plane et lisse, sans d\u00e9fauts \u00e9vidents.<\/p>\n<p>Densit\u00e9 : 8,908 g\/cm\u00b3.<\/p>\n<p>Point de fusion : 1453\u00b0C<\/p>\n<p>Point d\u2019\u00e9bullition : 2732\u00b0C.<\/p>\n<p>Structure cristalline : structure en treillis cubique centr\u00e9e sur la face. Cette structure cristalline conf\u00e8re \u00e0 la feuille de Ni de bonnes propri\u00e9t\u00e9s m\u00e9caniques, une conductivit\u00e9 \u00e9lectrique et une r\u00e9sistance \u00e0 la corrosion, ce qui la rend utile dans les applications \u00e9lectroniques et chimiques. <\/p>\n<h2><span style=\"font-size: 14pt;\">Application<\/span><\/h2>\n<p>A\u00e9rospatiale : L\u2019insert conique Ni est utilis\u00e9 dans la connexion des composants cl\u00e9s des moteurs d\u2019avion. Avec sa bonne r\u00e9sistance aux temp\u00e9ratures \u00e9lev\u00e9es et \u00e0 la fatigue, il assure le fonctionnement stable du moteur dans des conditions de travail extr\u00eames et assure la s\u00e9curit\u00e9 des vols. <\/p>\n<p>Domaine de la fabrication automobile&nbsp;: L\u2019insert conique en nickel est utilis\u00e9 dans la partie de connexion du bloc-cylindres et de la culasse des moteurs automobiles, en utilisant sa haute r\u00e9sistance et sa r\u00e9sistance \u00e0 la corrosion pour am\u00e9liorer efficacement l\u2019\u00e9tanch\u00e9it\u00e9 et la fiabilit\u00e9 de la connexion, et am\u00e9liorer les performances globales et la dur\u00e9e de vie du moteur.<\/p>\n<p>Domaine \u00e9lectronique et \u00e9lectrique : en tant que plug-in de connexion pour les composants \u00e9lectroniques, l\u2019insert conique en nickel, avec son excellente conductivit\u00e9 et sa r\u00e9sistance \u00e0 l\u2019oxydation, assure la transmission stable du courant, r\u00e9duit la perte de signal et garantit le fonctionnement efficace et stable des \u00e9quipements \u00e9lectroniques.<\/p>\n<p>Industrie p\u00e9trochimique&nbsp;: L\u2019insert conique en nickel est install\u00e9 dans les pi\u00e8ces de connexion des pipelines chimiques pour \u00e9viter les fuites de pipeline gr\u00e2ce \u00e0 son excellente r\u00e9sistance \u00e0 la corrosion et \u00e0 ses propri\u00e9t\u00e9s d\u2019\u00e9tanch\u00e9it\u00e9, assurant la continuit\u00e9 et la s\u00e9curit\u00e9 du processus de production chimique et r\u00e9duisant les risques de s\u00e9curit\u00e9 et les pertes \u00e9conomiques caus\u00e9s par les fuites.<\/p>\n<h2><span style=\"font-size: 14pt;\">Contr\u00f4le qualit\u00e9<\/span><\/h2>\n<p><span style=\"color: #0000ff;\"><a style=\"color: #0000ff;\" href=\"https:\/\/vimaterial.de\/en\/quality-control\/\">Chaque lot<\/a><\/span> de produits garantit strictement la qualit\u00e9, de la s\u00e9lection des fournisseurs de mati\u00e8res premi\u00e8res \u00e0 l\u2019utilisation d\u2019\u00e9quipements de test avanc\u00e9s pour surveiller avec pr\u00e9cision l\u2019ensemble du processus de production, jusqu\u2019au produit fini \u00e0 travers de nombreuses s\u00e9ries d\u2019\u00e9chantillonnage rigoureux et une certification faisant autorit\u00e9 par une tierce partie, pour garantir que chaque lot de produits respecte et d\u00e9passe les normes \u00e9lev\u00e9es de l\u2019industrie avec une approche globale,  Syst\u00e8me de contr\u00f4le de qualit\u00e9 \u00e0 tol\u00e9rance z\u00e9ro, pour fournir \u00e0 nos clients la meilleure qualit\u00e9 et les produits les plus stables.<\/p>\n<h2><span style=\"font-size: 14pt;\">Emballage et stockage<\/span><\/h2>\n<p>L\u2019insert conique en m\u00e9tal nickel est emball\u00e9 dans un sac sous vide avec un carton ext\u00e9rieur ou une bo\u00eete en bois.<\/p>\n<p>L\u2019insert conique en nickel m\u00e9tallique doit \u00eatre stock\u00e9 dans un environnement gazeux sec, bien ventil\u00e9 et non corrosif pour \u00e9viter l\u2019humidit\u00e9, l\u2019oxydation et le contact avec d\u2019autres produits chimiques, tout en \u00e9vitant les dommages m\u00e9caniques et la d\u00e9formation, et les conteneurs de stockage appropri\u00e9s et les m\u00e9thodes de stockage peuvent \u00eatre s\u00e9lectionn\u00e9s en fonction de sa taille et de sa quantit\u00e9.<\/p>\n","protected":false},"excerpt":{"rendered":"<p><span style=\"color: #0000ff;\"><a style=\"color: #0000ff;\" href=\"https:\/\/vimaterial.de\/en\/product\/nickel-metal-2\/\">Nickel m\u00e9tal<\/a> <\/span>L\u2019insert conique fait g\u00e9n\u00e9ralement r\u00e9f\u00e9rence \u00e0 un insert conique en nickel, qui peut \u00eatre utilis\u00e9 pour la connexion m\u00e9canique, l\u2019\u00e9tanch\u00e9it\u00e9, le contact \u00e9lectrique ou comme pi\u00e8ce sp\u00e9cifique d\u2019un appareil, etc.<\/p>\n","protected":false},"featured_media":1002356,"comment_status":"open","ping_status":"closed","template":"","meta":{"_acf_changed":false},"product_brand":[],"product_cat":[236],"product_tag":[],"class_list":{"0":"post-1014065","1":"product","2":"type-product","3":"status-publish","4":"has-post-thumbnail","6":"product_cat-materiaux-devaporation","8":"first","9":"instock","10":"shipping-taxable","11":"product-type-variable"},"acf":[],"_links":{"self":[{"href":"https:\/\/vimaterial.de\/fr\/wp-json\/wp\/v2\/product\/1014065","targetHints":{"allow":["GET"]}}],"collection":[{"href":"https:\/\/vimaterial.de\/fr\/wp-json\/wp\/v2\/product"}],"about":[{"href":"https:\/\/vimaterial.de\/fr\/wp-json\/wp\/v2\/types\/product"}],"replies":[{"embeddable":true,"href":"https:\/\/vimaterial.de\/fr\/wp-json\/wp\/v2\/comments?post=1014065"}],"wp:featuredmedia":[{"embeddable":true,"href":"https:\/\/vimaterial.de\/fr\/wp-json\/wp\/v2\/media\/1002356"}],"wp:attachment":[{"href":"https:\/\/vimaterial.de\/fr\/wp-json\/wp\/v2\/media?parent=1014065"}],"wp:term":[{"taxonomy":"product_brand","embeddable":true,"href":"https:\/\/vimaterial.de\/fr\/wp-json\/wp\/v2\/product_brand?post=1014065"},{"taxonomy":"product_cat","embeddable":true,"href":"https:\/\/vimaterial.de\/fr\/wp-json\/wp\/v2\/product_cat?post=1014065"},{"taxonomy":"product_tag","embeddable":true,"href":"https:\/\/vimaterial.de\/fr\/wp-json\/wp\/v2\/product_tag?post=1014065"}],"curies":[{"name":"wp","href":"https:\/\/api.w.org\/{rel}","templated":true}]}}