{"id":1014044,"date":"2024-06-17T14:49:21","date_gmt":"2024-06-17T06:49:21","guid":{"rendered":"https:\/\/vimaterial.de\/product\/nickel-metal-3\/"},"modified":"2025-04-15T18:14:59","modified_gmt":"2025-04-15T10:14:59","slug":"nickel-metal-3","status":"publish","type":"product","link":"https:\/\/vimaterial.de\/fr\/product\/nickel-metal-3\/","title":{"rendered":"Nickel m\u00e9tal"},"content":{"rendered":"<p><span style=\"color: #0000ff;\"><a style=\"color: #0000ff;\" href=\"https:\/\/vimaterial.de\/en\/product\/titanium-metal-3\/\">La feuille m\u00e9tallique de nickel<\/a><\/span> est une sorte de fil m\u00e9tallique avec du nickel comme composant principal, qui a une bonne conductivit\u00e9 \u00e9lectrique, une r\u00e9sistance \u00e0 la corrosion, une ductilit\u00e9 et une stabilit\u00e9 \u00e0 haute temp\u00e9rature, et est largement utilis\u00e9 dans l\u2019\u00e9lectronique, l\u2019industrie chimique, l\u2019a\u00e9rospatiale et d\u2019autres domaines.<\/p>\n<p>VIMATERIAL fournit des fils m\u00e9talliques en nickel. Nos fils m\u00e9talliques en nickel sont d\u2019une grande puret\u00e9, d\u2019une faible teneur en impuret\u00e9s, d\u2019un diam\u00e8tre uniforme et stable, d\u2019une r\u00e9sistance \u00e9lev\u00e9e \u00e0 la corrosion, d\u2019une bonne conductivit\u00e9 \u00e9lectrique, d\u2019excellentes propri\u00e9t\u00e9s m\u00e9caniques et d\u2019un prix raisonnable, qui peuvent \u00eatre utilis\u00e9s dans une large gamme d\u2019applications. Notre soci\u00e9t\u00e9 dispose d\u2019une \u00e9quipe professionnelle de recherche et de d\u00e9veloppement technologique, acceptez la personnalisation et les exp\u00e9riences, veuillez <span style=\"color: #0000ff;\"><a style=\"color: #0000ff;\" href=\"https:\/\/vimaterial.de\/en\/contact-us\/\">nous contacter<\/a><\/span>.  <\/p>\n<h2><span style=\"font-size: 14pt;\">Propri\u00e9t\u00e9s physiques<\/span><\/h2>\n<p>Formule mol\u00e9culaire : Ni<\/p>\n<p>Poids mol\u00e9culaire : 58,6934<\/p>\n<p>Apparence&nbsp;: G\u00e9n\u00e9ralement sous la forme de flocons de lustre m\u00e9tallique blanc argent\u00e9, avec une surface plane et lisse, sans d\u00e9fauts \u00e9vidents.<\/p>\n<p>Densit\u00e9 : 8,908 g\/cm\u00b3.<\/p>\n<p>Point de fusion : 1453\u00b0C<\/p>\n<p>Point d\u2019\u00e9bullition : 2732\u00b0C.<\/p>\n<p>Structure cristalline : structure en treillis cubique centr\u00e9e sur la face. Cette structure cristalline conf\u00e8re \u00e0 la feuille de Ni de bonnes propri\u00e9t\u00e9s m\u00e9caniques, une conductivit\u00e9 \u00e9lectrique et une r\u00e9sistance \u00e0 la corrosion, ce qui la rend utile dans les applications \u00e9lectroniques et chimiques. <\/p>\n<h2><span style=\"font-size: 14pt;\">Applications<\/span><\/h2>\n<p>Appareils \u00e9lectroniques et \u00e9lectriques&nbsp;: Utilis\u00e9s comme fils de r\u00e9sistance, \u00e9l\u00e9ments chauffants, etc. pour profiter de leur bonne conductivit\u00e9 \u00e9lectrique et de leur r\u00e9sistance \u00e0 la chaleur, tels que les fils chauffants des fours \u00e9lectriques.<\/p>\n<p>Industrie des batteries&nbsp;: Utilis\u00e9 comme mat\u00e9riau d\u2019\u00e9lectrode pour les batteries nickel-hydrure m\u00e9tallique, les batteries nickel-cadmium, etc., participant au processus de charge et de d\u00e9charge des batteries, telles que les batteries rechargeables nickel-hydrure m\u00e9tallique courantes.<\/p>\n<p>Industrie a\u00e9rospatiale : utilis\u00e9 comme mat\u00e9riau de liaison dans certains composants, en raison de sa haute r\u00e9sistance et de sa r\u00e9sistance \u00e0 la corrosion, pour assurer le fonctionnement fiable des \u00e9quipements a\u00e9ronautiques dans des environnements complexes.<\/p>\n<p>Industrie chimique : utilis\u00e9 dans les dispositifs de r\u00e9action r\u00e9sistants \u00e0 la corrosion comme \u00e9crans, agitateurs et autres composants pouvant r\u00e9sister \u00e0 l\u2019\u00e9rosion d\u2019un large \u00e9ventail de substances chimiques, telles que les \u00e9crans dans les r\u00e9acteurs chimiques.<\/p>\n<h2><span style=\"font-size: 14pt;\">Contr\u00f4le qualit\u00e9<\/span><\/h2>\n<p>Chaque lot de produits garantit strictement la qualit\u00e9, de la s\u00e9lection des fournisseurs de mati\u00e8res premi\u00e8res \u00e0 l\u2019utilisation d\u2019\u00e9quipements de test avanc\u00e9s pour surveiller avec pr\u00e9cision l\u2019ensemble du processus de production, jusqu\u2019au produit fini \u00e0 travers de nombreuses s\u00e9ries d\u2019\u00e9chantillonnage rigoureux et une certification faisant autorit\u00e9 par une tierce partie, pour garantir que chaque lot de produits respecte et d\u00e9passe les normes \u00e9lev\u00e9es de l\u2019industrie avec une approche globale,  Syst\u00e8me de contr\u00f4le de qualit\u00e9 \u00e0 tol\u00e9rance z\u00e9ro, pour fournir \u00e0 nos clients la meilleure qualit\u00e9 et les produits les plus stables.<\/p>\n<h2><span style=\"font-size: 14pt;\">Emballage et stockage<\/span><\/h2>\n<p>La feuille de nickel est emball\u00e9e en paquets, puis envelopp\u00e9e dans un film ext\u00e9rieur et enfin emball\u00e9e dans des cartons.<\/p>\n<p>Le fil de nickel doit \u00eatre stock\u00e9 dans un endroit sec, ventil\u00e9 et frais, en \u00e9vitant tout contact avec l\u2019air humide, les acides et les alcalis forts et les agents oxydants puissants, et peut \u00eatre emball\u00e9 dans des emballages scell\u00e9s ou plac\u00e9 sur des \u00e9tag\u00e8res avec des mesures de protection pour \u00e9viter l\u2019oxydation et la corrosion.<\/p>\n","protected":false},"excerpt":{"rendered":"<p><span style=\"color: #0000ff;\"><a style=\"color: #0000ff;\" href=\"https:\/\/vimaterial.de\/en\/product\/titanium-metal-3\/\">La feuille m\u00e9tallique de nickel<\/a><\/span> est une sorte de fil m\u00e9tallique avec du nickel comme composant principal, qui a une bonne conductivit\u00e9 \u00e9lectrique, une r\u00e9sistance \u00e0 la corrosion, une ductilit\u00e9 et une stabilit\u00e9 \u00e0 haute temp\u00e9rature, et est largement utilis\u00e9 dans l\u2019\u00e9lectronique, l\u2019industrie chimique, l\u2019a\u00e9rospatiale et d\u2019autres domaines.<\/p>\n","protected":false},"featured_media":1002386,"comment_status":"open","ping_status":"closed","template":"","meta":{"_acf_changed":false},"product_brand":[],"product_cat":[245],"product_tag":[],"class_list":{"0":"post-1014044","1":"product","2":"type-product","3":"status-publish","4":"has-post-thumbnail","6":"product_cat-profil-fr","8":"first","9":"instock","10":"shipping-taxable","11":"purchasable","12":"product-type-variable"},"acf":[],"_links":{"self":[{"href":"https:\/\/vimaterial.de\/fr\/wp-json\/wp\/v2\/product\/1014044","targetHints":{"allow":["GET"]}}],"collection":[{"href":"https:\/\/vimaterial.de\/fr\/wp-json\/wp\/v2\/product"}],"about":[{"href":"https:\/\/vimaterial.de\/fr\/wp-json\/wp\/v2\/types\/product"}],"replies":[{"embeddable":true,"href":"https:\/\/vimaterial.de\/fr\/wp-json\/wp\/v2\/comments?post=1014044"}],"wp:featuredmedia":[{"embeddable":true,"href":"https:\/\/vimaterial.de\/fr\/wp-json\/wp\/v2\/media\/1002386"}],"wp:attachment":[{"href":"https:\/\/vimaterial.de\/fr\/wp-json\/wp\/v2\/media?parent=1014044"}],"wp:term":[{"taxonomy":"product_brand","embeddable":true,"href":"https:\/\/vimaterial.de\/fr\/wp-json\/wp\/v2\/product_brand?post=1014044"},{"taxonomy":"product_cat","embeddable":true,"href":"https:\/\/vimaterial.de\/fr\/wp-json\/wp\/v2\/product_cat?post=1014044"},{"taxonomy":"product_tag","embeddable":true,"href":"https:\/\/vimaterial.de\/fr\/wp-json\/wp\/v2\/product_tag?post=1014044"}],"curies":[{"name":"wp","href":"https:\/\/api.w.org\/{rel}","templated":true}]}}