{"id":1014039,"date":"2024-06-17T14:48:31","date_gmt":"2024-06-17T06:48:31","guid":{"rendered":"https:\/\/vimaterial.de\/product\/nickel-metal-2\/"},"modified":"2025-04-15T18:16:59","modified_gmt":"2025-04-15T10:16:59","slug":"nickel-metal-2","status":"publish","type":"product","link":"https:\/\/vimaterial.de\/fr\/product\/nickel-metal-2\/","title":{"rendered":"Nickel m\u00e9tal"},"content":{"rendered":"<p><span style=\"color: #0000ff;\"><a style=\"color: #0000ff;\" href=\"https:\/\/vimaterial.de\/en\/product\/nickel-metal-4\/\">La tige de nickel m\u00e9ta<\/a><\/span>l est un objet cylindrique solide en nickel m\u00e9tallique, qui est connu pour sa bonne r\u00e9sistance \u00e0 la corrosion, sa haute r\u00e9sistance et son excellente tige de nickel m\u00e9tallique est un objet cylindrique solide en nickel m\u00e9tallique, qui est connu pour sa bonne r\u00e9sistance \u00e0 la corrosion, sa haute r\u00e9sistance et son excellente conductivit\u00e9 \u00e9lectrique et thermique, et est largement utilis\u00e9 dans divers domaines industriels tels que l\u2019\u00e9lectronique,  m\u00e9tallurgie et a\u00e9rospatiale.<\/p>\n<p>VIMATERIAL propose des tiges m\u00e9talliques en nickel. Les tiges de nickel de notre soci\u00e9t\u00e9 sont r\u00e9sistantes \u00e0 la corrosion, solides et dimensionnellement pr\u00e9cises pour r\u00e9pondre aux besoins de plusieurs industries. Notre soci\u00e9t\u00e9 dispose d\u2019une \u00e9quipe professionnelle de recherche et de d\u00e9veloppement technologique, acceptez la personnalisation et les exp\u00e9riences, veuillez <span style=\"color: #0000ff;\"><a style=\"color: #0000ff;\" href=\"https:\/\/vimaterial.de\/en\/contact-us\/\">nous contacter<\/a><\/span>.  <\/p>\n<h2><span style=\"font-size: 14pt;\">Propri\u00e9t\u00e9s physiques<\/span><\/h2>\n<p>Formule mol\u00e9culaire : Ni<\/p>\n<p>Poids mol\u00e9culaire : 58,6934<\/p>\n<p>Apparence&nbsp;: G\u00e9n\u00e9ralement sous la forme de flocons de lustre m\u00e9tallique blanc argent\u00e9, avec une surface plane et lisse, sans d\u00e9fauts \u00e9vidents.<\/p>\n<p>Densit\u00e9 : 8,908 g\/cm\u00b3.<\/p>\n<p>Point de fusion : 1453\u00b0C<\/p>\n<p>Point d\u2019\u00e9bullition : 2732\u00b0C.<\/p>\n<p>Structure cristalline : structure en treillis cubique centr\u00e9e sur la face. Cette structure cristalline conf\u00e8re \u00e0 la feuille de Ni de bonnes propri\u00e9t\u00e9s m\u00e9caniques, une conductivit\u00e9 \u00e9lectrique et une r\u00e9sistance \u00e0 la corrosion, ce qui la rend utile dans les applications \u00e9lectroniques et chimiques. <\/p>\n<h2><span style=\"font-size: 14pt;\">Application<\/span><\/h2>\n<p>A\u00e9rospatiale : Le foil Ni est utilis\u00e9 dans la fabrication de composants de moteurs pour assurer le fonctionnement fiable des avions dans des conditions extr\u00eames gr\u00e2ce \u00e0 sa r\u00e9sistance aux temp\u00e9ratures \u00e9lev\u00e9es et \u00e0 sa grande r\u00e9sistance.<\/p>\n<p>Industrie \u00e9lectrique et \u00e9lectronique : en tant que mat\u00e9riaux d\u2019\u00e9lectrode, les tiges de nickel fournissent une conductivit\u00e9 stable pour les \u00e9quipements \u00e9lectroniques, couramment utilis\u00e9s dans les batteries et les composants \u00e9lectroniques.<\/p>\n<p>Industrie chimique&nbsp;: Dans le dispositif d\u2019agitation du r\u00e9acteur, la r\u00e9sistance \u00e0 la corrosion des tiges de nickel leur permet de r\u00e9sister efficacement \u00e0 l\u2019\u00e9rosion de divers r\u00e9actifs chimiques, assurant ainsi le bon d\u00e9roulement de la production chimique.<\/p>\n<p>G\u00e9nie maritime : les tiges de nickel sont utilis\u00e9es dans la construction d\u2019\u00e9quipements de dessalement de l\u2019eau de mer, en s\u2019appuyant sur leur r\u00e9sistance \u00e0 la corrosion de l\u2019eau de mer, afin de garantir une production d\u2019eau douce stable \u00e0 long terme.<\/p>\n<h2><span style=\"font-size: 14pt;\">Contr\u00f4le qualit\u00e9<\/span><\/h2>\n<p><span style=\"color: #0000ff;\"><a style=\"color: #0000ff;\" href=\"https:\/\/vimaterial.de\/en\/quality-control\/\">Chaque lot<\/a> <\/span>de produits garantit strictement la qualit\u00e9, de la s\u00e9lection des fournisseurs de mati\u00e8res premi\u00e8res \u00e0 l\u2019utilisation d\u2019\u00e9quipements de test avanc\u00e9s pour surveiller avec pr\u00e9cision l\u2019ensemble du processus de production, jusqu\u2019au produit fini \u00e0 travers de nombreuses s\u00e9ries d\u2019\u00e9chantillonnage rigoureux et une certification faisant autorit\u00e9 par une tierce partie, pour garantir que chaque lot de produits respecte et d\u00e9passe les normes \u00e9lev\u00e9es de l\u2019industrie avec une approche globale,  Syst\u00e8me de contr\u00f4le de qualit\u00e9 \u00e0 tol\u00e9rance z\u00e9ro, pour fournir \u00e0 nos clients la meilleure qualit\u00e9 et les produits les plus stables.<\/p>\n<h2><span style=\"font-size: 14pt;\">Emballage et stockage<\/span><\/h2>\n<p>Les tiges m\u00e9talliques en nickel sont emball\u00e9es dans des sacs sous vide et emball\u00e9es dans des cartons ou des caisses en bois \u00e0 l\u2019ext\u00e9rieur.<\/p>\n<p>Les tiges de nickel m\u00e9tallique doivent \u00eatre stock\u00e9es dans un environnement sec et bien ventil\u00e9, exempt de substances corrosives telles que les acides et les alcalis, en \u00e9vitant l\u2019humidit\u00e9, l\u2019oxydation et le contact avec d\u2019autres m\u00e9taux, et peuvent \u00eatre emball\u00e9es dans des emballages scell\u00e9s ou plac\u00e9es sur des \u00e9tag\u00e8res pour garantir leurs performances stables.<\/p>\n","protected":false},"excerpt":{"rendered":"<p><span style=\"color: #0000ff;\"><a style=\"color: #0000ff;\" href=\"https:\/\/vimaterial.de\/en\/product\/nickel-metal-4\/\">La tige de nickel m\u00e9ta<\/a><\/span>l est un objet cylindrique solide en nickel m\u00e9tallique, qui est connu pour sa bonne r\u00e9sistance \u00e0 la corrosion, sa haute r\u00e9sistance et son excellente tige de nickel m\u00e9tallique est un objet cylindrique solide en nickel m\u00e9tallique, qui est connu pour sa bonne r\u00e9sistance \u00e0 la corrosion, sa haute r\u00e9sistance et son excellente conductivit\u00e9 \u00e9lectrique et thermique, et est largement utilis\u00e9 dans divers domaines industriels tels que l\u2019\u00e9lectronique,  m\u00e9tallurgie et a\u00e9rospatiale.<\/p>\n","protected":false},"featured_media":1002376,"comment_status":"open","ping_status":"closed","template":"","meta":{"_acf_changed":false},"product_brand":[],"product_cat":[245],"product_tag":[],"class_list":{"0":"post-1014039","1":"product","2":"type-product","3":"status-publish","4":"has-post-thumbnail","6":"product_cat-profil-fr","8":"first","9":"instock","10":"shipping-taxable","11":"purchasable","12":"product-type-variable"},"acf":[],"_links":{"self":[{"href":"https:\/\/vimaterial.de\/fr\/wp-json\/wp\/v2\/product\/1014039","targetHints":{"allow":["GET"]}}],"collection":[{"href":"https:\/\/vimaterial.de\/fr\/wp-json\/wp\/v2\/product"}],"about":[{"href":"https:\/\/vimaterial.de\/fr\/wp-json\/wp\/v2\/types\/product"}],"replies":[{"embeddable":true,"href":"https:\/\/vimaterial.de\/fr\/wp-json\/wp\/v2\/comments?post=1014039"}],"wp:featuredmedia":[{"embeddable":true,"href":"https:\/\/vimaterial.de\/fr\/wp-json\/wp\/v2\/media\/1002376"}],"wp:attachment":[{"href":"https:\/\/vimaterial.de\/fr\/wp-json\/wp\/v2\/media?parent=1014039"}],"wp:term":[{"taxonomy":"product_brand","embeddable":true,"href":"https:\/\/vimaterial.de\/fr\/wp-json\/wp\/v2\/product_brand?post=1014039"},{"taxonomy":"product_cat","embeddable":true,"href":"https:\/\/vimaterial.de\/fr\/wp-json\/wp\/v2\/product_cat?post=1014039"},{"taxonomy":"product_tag","embeddable":true,"href":"https:\/\/vimaterial.de\/fr\/wp-json\/wp\/v2\/product_tag?post=1014039"}],"curies":[{"name":"wp","href":"https:\/\/api.w.org\/{rel}","templated":true}]}}