{"id":1014007,"date":"2024-06-17T14:49:22","date_gmt":"2024-06-17T06:49:22","guid":{"rendered":"https:\/\/vimaterial.de\/product\/nickel-metal\/"},"modified":"2025-04-15T18:12:49","modified_gmt":"2025-04-15T10:12:49","slug":"nickel-metal","status":"publish","type":"product","link":"https:\/\/vimaterial.de\/fr\/product\/nickel-metal\/","title":{"rendered":"Nickel m\u00e9tal"},"content":{"rendered":"<p><span style=\"color: #0000ff;\"><a style=\"color: #0000ff;\" href=\"https:\/\/vimaterial.de\/en\/product\/nickel-metal\/\">La feuille de nickel m\u00e9tallique<\/a> <\/span>est une fine feuille de nickel m\u00e9tallique avec une excellente ductilit\u00e9, conductivit\u00e9 et r\u00e9sistance \u00e0 la corrosion, couramment utilis\u00e9e dans l\u2019\u00e9lectronique, les batteries et la galvanoplastie en raison de sa bonne formabilit\u00e9 et de sa stabilit\u00e9. batteries, et la galvanoplastie en raison de sa bonne formabilit\u00e9 et stabilit\u00e9. <\/p>\n<p>VIMATERIAL fournit une feuille de nickel m\u00e9tallique, notre feuille de nickel a une grande puret\u00e9, une \u00e9paisseur uniforme, une bonne qualit\u00e9 de surface, une excellente ductilit\u00e9, d\u2019excellentes performances dans l\u2019\u00e9lectronique, les nouvelles \u00e9nergies et d\u2019autres applications, confiance des clients, qualit\u00e9 stable et fiable. Notre soci\u00e9t\u00e9 dispose d\u2019une \u00e9quipe professionnelle de recherche et de d\u00e9veloppement technologique, acceptez la personnalisation et les exp\u00e9riences, veuillez <span style=\"color: #0000ff;\"><a style=\"color: #0000ff;\" href=\"https:\/\/vimaterial.de\/en\/contact-us\/\">nous contacter<\/a><\/span>. <\/p>\n<h2><span style=\"font-size: 14pt;\">Propri\u00e9t\u00e9s physiques<\/span><\/h2>\n<p>Formule mol\u00e9culaire : Ni<\/p>\n<p>Poids mol\u00e9culaire : 58,6934<\/p>\n<p>Apparence&nbsp;: G\u00e9n\u00e9ralement sous la forme de flocons de lustre m\u00e9tallique blanc argent\u00e9, avec une surface plane et lisse, sans d\u00e9fauts \u00e9vidents.<\/p>\n<p>Densit\u00e9 : 8,908 g\/cm\u00b3.<\/p>\n<p>Point de fusion : 1453\u00b0C<\/p>\n<p>Point d\u2019\u00e9bullition : 2732\u00b0C.<\/p>\n<p>Structure cristalline : structure en treillis cubique centr\u00e9e sur la face. Cette structure cristalline conf\u00e8re \u00e0 la feuille de Ni de bonnes propri\u00e9t\u00e9s m\u00e9caniques, une conductivit\u00e9 \u00e9lectrique et une r\u00e9sistance \u00e0 la corrosion, ce qui la rend utile dans les applications \u00e9lectroniques et chimiques. <\/p>\n<h2><span style=\"font-size: 14pt;\">Applications<\/span><\/h2>\n<p>\u00c9lectronique&nbsp;: La feuille de nickel est utilis\u00e9e dans la fabrication d\u2019\u00e9lectrodes et de boucliers pour les composants \u00e9lectroniques et de cadres de connexion pour les circuits int\u00e9gr\u00e9s, o\u00f9 sa bonne conductivit\u00e9 \u00e9lectrique assure la transmission efficace et le fonctionnement stable des signaux \u00e9lectroniques.<\/p>\n<p>Batteries : En tant que collecteur de courant dans les batteries au lithium, la feuille de Ni collecte et conduit efficacement le courant, assurant des processus de charge et de d\u00e9charge fluides et am\u00e9liorant les performances globales de la batterie.<\/p>\n<p>Industrie chimique : La feuille de nickel est utilis\u00e9e dans le rev\u00eatement des r\u00e9acteurs chimiques et \u00e0 l\u2019int\u00e9rieur des pipelines pour fournir une r\u00e9sistance \u00e0 la corrosion contre une large gamme de milieux chimiques, prolongeant la dur\u00e9e de vie des \u00e9quipements et r\u00e9duisant les co\u00fbts de maintenance.<\/p>\n<p>A\u00e9rospatiale : La feuille de nickel est utilis\u00e9e dans le rev\u00eatement des pales de moteurs d\u2019avion et dans les syst\u00e8mes de protection thermique des engins spatiaux, o\u00f9 sa r\u00e9sistance aux temp\u00e9ratures \u00e9lev\u00e9es et ses propri\u00e9t\u00e9s m\u00e9caniques garantissent le fonctionnement stable des composants cl\u00e9s dans des environnements extr\u00eames.<\/p>\n<p>D\u00e9coration&nbsp;: La feuille Ni est utilis\u00e9e pour la d\u00e9coration de surface des bijoux et de l\u2019artisanat gr\u00e2ce \u00e0 un processus sp\u00e9cial, ajoutant une apparence exquise et magnifique avec son lustre m\u00e9tallique unique et sa bonne aptitude au traitement.<\/p>\n<h2><span style=\"font-size: 14pt;\">Contr\u00f4le qualit\u00e9<\/span><\/h2>\n<p><span style=\"color: #0000ff;\"><a style=\"color: #0000ff;\" href=\"https:\/\/vimaterial.de\/en\/quality-control\/\">Chaque lot<\/a> <\/span>de produits garantit strictement la qualit\u00e9, de la s\u00e9lection des fournisseurs de mati\u00e8res premi\u00e8res \u00e0 l\u2019utilisation d\u2019\u00e9quipements de test avanc\u00e9s pour surveiller avec pr\u00e9cision l\u2019ensemble du processus de production, jusqu\u2019au produit fini \u00e0 travers de nombreuses s\u00e9ries d\u2019\u00e9chantillonnage rigoureux et une certification faisant autorit\u00e9 par une tierce partie, pour garantir que chaque lot de produits respecte et d\u00e9passe les normes \u00e9lev\u00e9es de l\u2019industrie avec une approche globale,  Syst\u00e8me de contr\u00f4le de qualit\u00e9 \u00e0 tol\u00e9rance z\u00e9ro, pour fournir \u00e0 nos clients la meilleure qualit\u00e9 et les produits les plus stables.<\/p>\n<h2><span style=\"font-size: 14pt;\">Emballage et stockage<\/span><\/h2>\n<p>La feuille m\u00e9tallique de nickel est emball\u00e9e dans des bo\u00eetes, puis emball\u00e9e sous vide et enfin emball\u00e9e dans des cartons.<\/p>\n<p>La feuille de nickel m\u00e9tallique doit \u00eatre stock\u00e9e dans un environnement sec, propre et frais, \u00e0 l\u2019abri des substances corrosives et de l\u2019humidit\u00e9, de pr\u00e9f\u00e9rence scell\u00e9e et emball\u00e9e pour \u00e9viter l\u2019oxydation et la contamination.<\/p>\n","protected":false},"excerpt":{"rendered":"<p><span style=\"color: #0000ff;\"><a style=\"color: #0000ff;\" href=\"https:\/\/vimaterial.de\/en\/product\/nickel-metal\/\">La feuille de nickel m\u00e9tallique<\/a> <\/span>est une fine feuille de nickel m\u00e9tallique avec une excellente ductilit\u00e9, conductivit\u00e9 et r\u00e9sistance \u00e0 la corrosion, couramment utilis\u00e9e dans l\u2019\u00e9lectronique, les batteries et la galvanoplastie en raison de sa bonne formabilit\u00e9 et de sa stabilit\u00e9. batteries, et la galvanoplastie en raison de sa bonne formabilit\u00e9 et stabilit\u00e9. <\/p>\n","protected":false},"featured_media":1002037,"comment_status":"open","ping_status":"closed","template":"","meta":{"_acf_changed":false},"product_brand":[],"product_cat":[245],"product_tag":[],"class_list":{"0":"post-1014007","1":"product","2":"type-product","3":"status-publish","4":"has-post-thumbnail","6":"product_cat-profil-fr","8":"first","9":"instock","10":"shipping-taxable","11":"purchasable","12":"product-type-variable"},"acf":[],"_links":{"self":[{"href":"https:\/\/vimaterial.de\/fr\/wp-json\/wp\/v2\/product\/1014007","targetHints":{"allow":["GET"]}}],"collection":[{"href":"https:\/\/vimaterial.de\/fr\/wp-json\/wp\/v2\/product"}],"about":[{"href":"https:\/\/vimaterial.de\/fr\/wp-json\/wp\/v2\/types\/product"}],"replies":[{"embeddable":true,"href":"https:\/\/vimaterial.de\/fr\/wp-json\/wp\/v2\/comments?post=1014007"}],"wp:featuredmedia":[{"embeddable":true,"href":"https:\/\/vimaterial.de\/fr\/wp-json\/wp\/v2\/media\/1002037"}],"wp:attachment":[{"href":"https:\/\/vimaterial.de\/fr\/wp-json\/wp\/v2\/media?parent=1014007"}],"wp:term":[{"taxonomy":"product_brand","embeddable":true,"href":"https:\/\/vimaterial.de\/fr\/wp-json\/wp\/v2\/product_brand?post=1014007"},{"taxonomy":"product_cat","embeddable":true,"href":"https:\/\/vimaterial.de\/fr\/wp-json\/wp\/v2\/product_cat?post=1014007"},{"taxonomy":"product_tag","embeddable":true,"href":"https:\/\/vimaterial.de\/fr\/wp-json\/wp\/v2\/product_tag?post=1014007"}],"curies":[{"name":"wp","href":"https:\/\/api.w.org\/{rel}","templated":true}]}}