{"id":1014005,"date":"2024-06-17T14:34:57","date_gmt":"2024-06-17T06:34:57","guid":{"rendered":"https:\/\/vimaterial.de\/product\/alliage-de-chrome-et-de-fer-2\/"},"modified":"2025-04-17T14:19:39","modified_gmt":"2025-04-17T06:19:39","slug":"alliage-de-chrome-et-de-fer-2","status":"publish","type":"product","link":"https:\/\/vimaterial.de\/fr\/product\/alliage-de-chrome-et-de-fer-2\/","title":{"rendered":"Alliage de fer et de chrome"},"content":{"rendered":"<p>La tige de <span style=\"color: #0000ff;\"><a style=\"color: #0000ff;\" href=\"https:\/\/vimaterial.de\/en\/product\/chromium-iron-alloy\/\">fer au chrome<\/a> <\/span>est une sorte de tige principalement compos\u00e9e de chrome et de fer, de couleur gris argent\u00e9, avec une r\u00e9sistance \u00e9lev\u00e9e, une duret\u00e9, une excellente r\u00e9sistance \u00e0 la corrosion, peut maintenir des propri\u00e9t\u00e9s physiques et chimiques stables \u00e0 haute temp\u00e9rature et dans d\u2019autres environnements complexes, et est largement utilis\u00e9e dans la fabrication de machines, la m\u00e9tallurgie et les industries chimiques.<\/p>\n<p>VIMATERIAL propose des barres en fer chrom\u00e9, nos tiges en fer chrom\u00e9 ont une r\u00e9sistance \u00e9lev\u00e9e et une excellente r\u00e9sistance \u00e0 la corrosion, les tiges ont une surface lisse, des dimensions pr\u00e9cises et une organisation interne uniforme et dense. Nous nous engageons \u00e0 utiliser des mati\u00e8res premi\u00e8res m\u00e9talliques inorganiques depuis de nombreuses ann\u00e9es, avec une \u00e9quipe professionnelle de recherche et de d\u00e9veloppement technologique, acceptons la personnalisation du produit et les exp\u00e9riences, veuillez <span style=\"color: #0000ff;\"><a style=\"color: #0000ff;\" href=\"https:\/\/vimaterial.de\/en\/contact-us\/\">nous contacter<\/a><\/span> si vous en avez besoin. <\/p>\n<h2><span style=\"font-size: 14pt;\">Propri\u00e9t\u00e9s physiques<\/span><\/h2>\n<p>Formule mol\u00e9culaire : CrFe<\/p>\n<p>Apparence&nbsp;: appara\u00eet g\u00e9n\u00e9ralement comme une barre avec un \u00e9clat m\u00e9tallique gris argent\u00e9, surface lisse<\/p>\n<p>Structure cristalline : bas\u00e9e sur une structure cubique centr\u00e9e sur le corps.<\/p>\n<h2><span style=\"font-size: 14pt;\">Applications<\/span><\/h2>\n<p>M\u00e9tallurgie du fer et de l\u2019acier : La tige CrFe est utilis\u00e9e comme mati\u00e8re premi\u00e8re cl\u00e9 dans le processus de fabrication de l\u2019acier, r\u00e9gulant avec pr\u00e9cision la composition de l\u2019acier liquide, am\u00e9liorant la r\u00e9sistance, la t\u00e9nacit\u00e9 et la r\u00e9sistance \u00e0 la corrosion de l\u2019acier et aidant \u00e0 la production d\u2019acier sp\u00e9cial de haute qualit\u00e9.<\/p>\n<p>Dans le domaine de la fabrication de machines, la tige CrFe est utilis\u00e9e dans la fabrication de diverses pi\u00e8ces m\u00e9caniques, telles que des engrenages, des arbres et des connecteurs, pour donner aux produits une duret\u00e9 et une r\u00e9sistance \u00e0 l\u2019abrasion \u00e9lev\u00e9es, leur permettant de r\u00e9sister \u00e0 un fonctionnement intensif et de prolonger leur dur\u00e9e de vie.<\/p>\n<p>Dans le domaine de l\u2019industrie automobile, la tige CrFe est utilis\u00e9e dans la fabrication de composants de base de moteurs automobiles et de pi\u00e8ces de transmission de ch\u00e2ssis, s\u2019appuyant sur ses bonnes performances \u00e0 haute temp\u00e9rature et ses caract\u00e9ristiques anti-fatigue pour assurer une puissance \u00e9lev\u00e9e et un fonctionnement stable des automobiles.<\/p>\n<p>Domaine a\u00e9rospatial : fabriqu\u00e9 en pales de moteur d\u2019avion, cadres de fuselage et autres structures cl\u00e9s, avec un excellent rapport r\u00e9sistance\/poids et une r\u00e9sistance aux hautes temp\u00e9ratures, pour assurer la s\u00e9curit\u00e9 des avions volant dans des environnements extr\u00eames \u00e0 haute altitude.<\/p>\n<p>Dans le domaine de l\u2019\u00e9nergie et de l\u2019\u00e9nergie : appliqu\u00e9 aux tubes de chaudi\u00e8re, aux rotors de turbine et \u00e0 d\u2019autres pi\u00e8ces d\u2019\u00e9quipements de production d\u2019\u00e9nergie pour r\u00e9sister aux temp\u00e9ratures \u00e9lev\u00e9es, aux pressions \u00e9lev\u00e9es et \u00e0 la corrosion et maintenir un fonctionnement efficace et fiable des syst\u00e8mes de conversion d\u2019\u00e9nergie.<\/p>\n<h2><span style=\"font-size: 14pt;\">Contr\u00f4le de la qualit\u00e9<\/span><\/h2>\n<p><span style=\"color: #0000ff;\"><a style=\"color: #0000ff;\" href=\"https:\/\/vimaterial.de\/en\/quality-control\/\">VI HALBLEITERMATERIAL GmbH<\/a> <\/span>s\u2019engage \u00e0 un contr\u00f4le de qualit\u00e9 \u00e9lev\u00e9 et \u00e0 une coh\u00e9rence des lots gr\u00e2ce \u00e0 un syst\u00e8me d\u2019assurance qualit\u00e9 rigoureux, \u00e0 un contr\u00f4le de qualit\u00e9 rigoureux \u00e0 toutes les \u00e9tapes de la cha\u00eene de production, au respect du principe de retouche et de reconditionnement des produits d\u00e9fectueux, \u00e0 des tests et \u00e0 une lib\u00e9ration des lots conform\u00e9ment \u00e0 des sp\u00e9cifications d\u00e9taill\u00e9es, au respect des normes les plus \u00e9lev\u00e9es \u00e0 tous \u00e9gards,  documentation et tra\u00e7abilit\u00e9 des lots pour garantir que nous fournissons des produits et des services de haute qualit\u00e9.<\/p>\n<h2><span style=\"font-size: 14pt;\">Emballage et stockage<\/span><\/h2>\n<p>La tige de fer au chrome est emball\u00e9e dans des sacs sous vide doubles avec des cartons ext\u00e9rieurs ou des caisses en bois.<\/p>\n<p>La tige de fer au chrome doit \u00eatre stock\u00e9e dans un environnement int\u00e9rieur sec et bien ventil\u00e9, en \u00e9vitant l\u2019humidit\u00e9 et la pluie, en \u00e9vitant le contact avec des substances acides, alcalines et autres substances corrosives, et \u00e0 l\u2019abri des temp\u00e9ratures \u00e9lev\u00e9es et des sources de champs magn\u00e9tiques puissants, de pr\u00e9f\u00e9rence envelopp\u00e9e dans des mat\u00e9riaux d\u2019emballage appropri\u00e9s pour garantir que ses propri\u00e9t\u00e9s physiques et chimiques ne sont pas affect\u00e9es par des facteurs externes.<\/p>\n","protected":false},"excerpt":{"rendered":"<p>La tige de <span style=\"color: #0000ff;\"><a style=\"color: #0000ff;\" href=\"https:\/\/vimaterial.de\/en\/product\/chromium-iron-alloy\/\">fer au chrome<\/a> <\/span>est une sorte de tige principalement compos\u00e9e de chrome et de fer, de couleur gris argent\u00e9, avec une r\u00e9sistance \u00e9lev\u00e9e, une duret\u00e9, une excellente r\u00e9sistance \u00e0 la corrosion, peut maintenir des propri\u00e9t\u00e9s physiques et chimiques stables \u00e0 haute temp\u00e9rature et dans d\u2019autres environnements complexes, et est largement utilis\u00e9e dans la fabrication de machines, la m\u00e9tallurgie et les industries chimiques.<\/p>\n","protected":false},"featured_media":1001405,"comment_status":"open","ping_status":"closed","template":"","meta":{"_acf_changed":false},"product_brand":[],"product_cat":[245],"product_tag":[],"class_list":{"0":"post-1014005","1":"product","2":"type-product","3":"status-publish","4":"has-post-thumbnail","6":"product_cat-profil-fr","8":"first","9":"instock","10":"shipping-taxable","11":"product-type-variable"},"acf":[],"_links":{"self":[{"href":"https:\/\/vimaterial.de\/fr\/wp-json\/wp\/v2\/product\/1014005","targetHints":{"allow":["GET"]}}],"collection":[{"href":"https:\/\/vimaterial.de\/fr\/wp-json\/wp\/v2\/product"}],"about":[{"href":"https:\/\/vimaterial.de\/fr\/wp-json\/wp\/v2\/types\/product"}],"replies":[{"embeddable":true,"href":"https:\/\/vimaterial.de\/fr\/wp-json\/wp\/v2\/comments?post=1014005"}],"wp:featuredmedia":[{"embeddable":true,"href":"https:\/\/vimaterial.de\/fr\/wp-json\/wp\/v2\/media\/1001405"}],"wp:attachment":[{"href":"https:\/\/vimaterial.de\/fr\/wp-json\/wp\/v2\/media?parent=1014005"}],"wp:term":[{"taxonomy":"product_brand","embeddable":true,"href":"https:\/\/vimaterial.de\/fr\/wp-json\/wp\/v2\/product_brand?post=1014005"},{"taxonomy":"product_cat","embeddable":true,"href":"https:\/\/vimaterial.de\/fr\/wp-json\/wp\/v2\/product_cat?post=1014005"},{"taxonomy":"product_tag","embeddable":true,"href":"https:\/\/vimaterial.de\/fr\/wp-json\/wp\/v2\/product_tag?post=1014005"}],"curies":[{"name":"wp","href":"https:\/\/api.w.org\/{rel}","templated":true}]}}