{"id":1013987,"date":"2024-06-17T14:34:58","date_gmt":"2024-06-17T06:34:58","guid":{"rendered":"https:\/\/vimaterial.de\/product\/alliage-chrome-molybdene-2\/"},"modified":"2025-04-17T14:17:25","modified_gmt":"2025-04-17T06:17:25","slug":"alliage-chrome-molybdene-2","status":"publish","type":"product","link":"https:\/\/vimaterial.de\/fr\/product\/alliage-chrome-molybdene-2\/","title":{"rendered":"Alliage de chrome-molybd\u00e8ne"},"content":{"rendered":"<p>La poudre d\u2019alliage de <a href=\"https:\/\/vimaterial.de\/en\/product\/chromium-molybdenum-alloy-2\/\"><span style=\"color: #0000ff;\">chrome-molybd\u00e8ne<\/span><\/a> est un alliage de chrome et de molybd\u00e8ne, qui a une r\u00e9sistance \u00e9lev\u00e9e, une bonne r\u00e9sistance \u00e0 la corrosion et une r\u00e9sistance aux temp\u00e9ratures \u00e9lev\u00e9es, et joue un r\u00f4le important dans l\u2019a\u00e9rospatiale, la fabrication de machines et de nombreux autres domaines.<\/p>\n<p>VIMATERIAL fournit un alliage de chrome-molybd\u00e8ne, notre poudre a une grande puret\u00e9, une taille de particule uniforme, une bonne activit\u00e9 chimique et une grande stabilit\u00e9. Nous nous consacrons aux mati\u00e8res premi\u00e8res m\u00e9talliques inorganiques depuis de nombreuses ann\u00e9es, avec une \u00e9quipe de recherche et de d\u00e9veloppement technologique professionnelle, acceptons la personnalisation du produit et les exp\u00e9riences, veuillez<span style=\"color: #0000ff;\"><a style=\"color: #0000ff;\" href=\"https:\/\/vimaterial.de\/en\/contact-us\/\"> nous contacter<\/a><\/span> si vous en avez besoin. <\/p>\n<h2><span style=\"font-size: 14pt;\">Propri\u00e9t\u00e9s physiques<\/span><\/h2>\n<p>Formule mol\u00e9culaire : CrMo<\/p>\n<p>Poids mol\u00e9culaire : environ 147,9 g\/mol<\/p>\n<p>Aspect : g\u00e9n\u00e9ralement gris argent\u00e9 ou blanc cass\u00e9.<\/p>\n<p>Structure cristalline : La structure cristalline des poudres d\u2019alliage CrMo est g\u00e9n\u00e9ralement une structure en r\u00e9seau cubique centr\u00e9e sur le corps. Cette structure cristalline conf\u00e8re \u00e0 l\u2019alliage de bonnes propri\u00e9t\u00e9s telles que la r\u00e9sistance et la t\u00e9nacit\u00e9. <\/p>\n<h2><span style=\"font-size: 14pt;\">Applications<\/span><\/h2>\n<p>A\u00e9rospatiale : Utilis\u00e9 dans la fabrication de composants \u00e0 haute temp\u00e9rature pour les moteurs d\u2019avion, afin d\u2019am\u00e9liorer la r\u00e9sistance et la r\u00e9sistance des composants dans des environnements \u00e0 haute temp\u00e9rature et \u00e0 haute pression.<\/p>\n<p>Fabrication automobile : utilis\u00e9 dans les composants cl\u00e9s des moteurs automobiles et des syst\u00e8mes de turbocompression pour am\u00e9liorer la capacit\u00e9 des composants \u00e0 r\u00e9sister aux temp\u00e9ratures \u00e9lev\u00e9es et \u00e0 l\u2019usure.<\/p>\n<p>Domaine de l\u2019\u00e9nergie et de la puissance : Utilis\u00e9 dans la production de composants \u00e0 haute temp\u00e9rature pour les \u00e9quipements de production d\u2019\u00e9nergie afin d\u2019assurer un fonctionnement stable dans des environnements de vapeur \u00e0 haute temp\u00e9rature et \u00e0 haute pression.<\/p>\n<p>Domaine de la fabrication m\u00e9canique : Utilis\u00e9 dans la fabrication de pi\u00e8ces m\u00e9caniques soumises \u00e0 de lourdes charges, en utilisant sa haute r\u00e9sistance et sa t\u00e9nacit\u00e9 pour garantir des propri\u00e9t\u00e9s m\u00e9caniques.<\/p>\n<p>Domaine p\u00e9trochimique&nbsp;: Utilis\u00e9 dans la fabrication d\u2019\u00e9quipements p\u00e9trochimiques, r\u00e9sistant aux hautes temp\u00e9ratures et aux milieux corrosifs, prolongeant la dur\u00e9e de vie de l\u2019\u00e9quipement.<\/p>\n<h2><span style=\"font-size: 14pt;\">Contr\u00f4le de la qualit\u00e9<\/span><\/h2>\n<p><span style=\"color: #0000ff;\"><a style=\"color: #0000ff;\" href=\"https:\/\/vimaterial.de\/en\/quality-control\/\">VI HALBLEITERMATERIAL GmbH<\/a><\/span> s\u2019engage \u00e0 un contr\u00f4le de qualit\u00e9 \u00e9lev\u00e9 et \u00e0 une coh\u00e9rence des lots gr\u00e2ce \u00e0 un syst\u00e8me d\u2019assurance qualit\u00e9 rigoureux, \u00e0 un contr\u00f4le de qualit\u00e9 rigoureux \u00e0 toutes les \u00e9tapes de la cha\u00eene de production, au respect du principe de retouche et de reconditionnement des produits d\u00e9fectueux, \u00e0 des tests et \u00e0 une lib\u00e9ration des lots conform\u00e9ment \u00e0 des sp\u00e9cifications d\u00e9taill\u00e9es, au respect des normes les plus \u00e9lev\u00e9es \u00e0 tous \u00e9gards,  documentation et tra\u00e7abilit\u00e9 des lots pour garantir que nous fournissons des produits et des services de haute qualit\u00e9.<\/p>\n<h2><span style=\"font-size: 14pt;\">Emballage et stockage<\/span><\/h2>\n<p>Les poudres d\u2019alliage de chrome-molybd\u00e8ne sont emball\u00e9es dans des sacs \u00e0 double vide ou des bouteilles \u00e0 double vide dans des cartons.<\/p>\n<p>Les poudres d\u2019alliage de chrome-molybd\u00e8ne doivent \u00eatre stock\u00e9es dans un environnement sec, frais et bien ventil\u00e9 pour \u00e9viter l\u2019humidit\u00e9 et l\u2019oxydation, et \u00e0 l\u2019abri du feu, de la chaleur, des substances inflammables, explosives et corrosives, et dans des emballages scell\u00e9s pour emp\u00eacher la poudre de voler et les impuret\u00e9s de se m\u00e9langer.<\/p>\n","protected":false},"excerpt":{"rendered":"<p>La poudre d\u2019alliage de <a href=\"https:\/\/vimaterial.de\/en\/product\/chromium-molybdenum-alloy-2\/\"><span style=\"color: #0000ff;\">chrome-molybd\u00e8ne<\/span><\/a> est un alliage de chrome et de molybd\u00e8ne, qui a une r\u00e9sistance \u00e9lev\u00e9e, une bonne r\u00e9sistance \u00e0 la corrosion et une r\u00e9sistance aux temp\u00e9ratures \u00e9lev\u00e9es, et joue un r\u00f4le important dans l\u2019a\u00e9rospatiale, la fabrication de machines et de nombreux autres domaines.<\/p>\n","protected":false},"featured_media":1001412,"comment_status":"open","ping_status":"closed","template":"","meta":{"_acf_changed":false},"product_brand":[],"product_cat":[250],"product_tag":[],"class_list":{"0":"post-1013987","1":"product","2":"type-product","3":"status-publish","4":"has-post-thumbnail","6":"product_cat-poudre-de-metal-pur-et-dalliage","8":"first","9":"instock","10":"shipping-taxable","11":"product-type-variable"},"acf":[],"_links":{"self":[{"href":"https:\/\/vimaterial.de\/fr\/wp-json\/wp\/v2\/product\/1013987","targetHints":{"allow":["GET"]}}],"collection":[{"href":"https:\/\/vimaterial.de\/fr\/wp-json\/wp\/v2\/product"}],"about":[{"href":"https:\/\/vimaterial.de\/fr\/wp-json\/wp\/v2\/types\/product"}],"replies":[{"embeddable":true,"href":"https:\/\/vimaterial.de\/fr\/wp-json\/wp\/v2\/comments?post=1013987"}],"wp:featuredmedia":[{"embeddable":true,"href":"https:\/\/vimaterial.de\/fr\/wp-json\/wp\/v2\/media\/1001412"}],"wp:attachment":[{"href":"https:\/\/vimaterial.de\/fr\/wp-json\/wp\/v2\/media?parent=1013987"}],"wp:term":[{"taxonomy":"product_brand","embeddable":true,"href":"https:\/\/vimaterial.de\/fr\/wp-json\/wp\/v2\/product_brand?post=1013987"},{"taxonomy":"product_cat","embeddable":true,"href":"https:\/\/vimaterial.de\/fr\/wp-json\/wp\/v2\/product_cat?post=1013987"},{"taxonomy":"product_tag","embeddable":true,"href":"https:\/\/vimaterial.de\/fr\/wp-json\/wp\/v2\/product_tag?post=1013987"}],"curies":[{"name":"wp","href":"https:\/\/api.w.org\/{rel}","templated":true}]}}